{"id":810,"date":"2026-04-16T14:20:18","date_gmt":"2026-04-16T06:20:18","guid":{"rendered":"https:\/\/www.chunghwashop.com\/?post_type=product&#038;p=810"},"modified":"2026-04-16T14:54:32","modified_gmt":"2026-04-16T06:54:32","slug":"airmez-matrix-30k","status":"publish","type":"product","link":"https:\/\/www.chunghwashop.com\/pt\/produto\/airmez-matrix-30k","title":{"rendered":"Airmez Matrix 30K"},"content":{"rendered":"<p data-start=\"153\" data-end=\"424\"><strong data-start=\"153\" data-end=\"174\">Airmez Matrix 30K<\/strong> \u00e9 um vape descart\u00e1vel de alta capacidade concebido para utilizadores que pretendem um forte desempenho, carater\u00edsticas modernas e uma vasta gama de sabores populares. Com a sua configura\u00e7\u00e3o avan\u00e7ada e design elegante, \u00e9 uma boa escolha tanto para clientes retalhistas como grossistas.<\/p>\n<p data-start=\"426\" data-end=\"824\">Este modelo \u00e9 fornecido com <strong data-start=\"448\" data-end=\"463\">5% nicotina<\/strong>, <strong data-start=\"465\" data-end=\"485\">22ML de e-l\u00edquido<\/strong>, <strong data-start=\"487\" data-end=\"509\">caudal de ar regul\u00e1vel<\/strong>, e um <strong data-start=\"518\" data-end=\"549\">Bateria recarreg\u00e1vel de 800mAh<\/strong> para uma experi\u00eancia de vaporiza\u00e7\u00e3o suave e duradoura. Tamb\u00e9m possui um <strong data-start=\"618\" data-end=\"641\">Ecr\u00e3 grande de 2,1 polegadas<\/strong>, <strong data-start=\"643\" data-end=\"667\">painel t\u00e1til reativo<\/strong>, <strong data-start=\"669\" data-end=\"687\">Bobina de malha de 1,2\u03a9<\/strong>, <strong data-start=\"689\" data-end=\"702\">malha dupla<\/strong>, e <strong data-start=\"708\" data-end=\"727\">Carregamento tipo C<\/strong>, O seu design \u00e9 muito pr\u00e1tico, o que o torna uma op\u00e7\u00e3o pr\u00e1tica para os utilizadores que pretendem comodidade e desempenho num \u00fanico dispositivo.<\/p>\n<h3 data-section-id=\"bfe9be\" data-start=\"826\" data-end=\"846\">Carater\u00edsticas do produto<\/h3>\n<ul data-start=\"848\" data-end=\"1223\">\n<li data-section-id=\"1vm47np\" data-start=\"848\" data-end=\"883\">Nome do produto: Airmez Matrix 30K<\/li>\n<li data-section-id=\"143z8wq\" data-start=\"884\" data-end=\"909\">Intensidade da nicotina: 5%<\/li>\n<li data-section-id=\"o52k5f\" data-start=\"910\" data-end=\"937\">Capacidade do E-l\u00edquido: 22ML<\/li>\n<li data-section-id=\"16elqd\" data-start=\"938\" data-end=\"969\">Fluxo de ar: Fluxo de ar ajust\u00e1vel<\/li>\n<li data-section-id=\"1wnjlof\" data-start=\"970\" data-end=\"1001\">Ecr\u00e3: Ecr\u00e3 grande de 2,1 polegadas<\/li>\n<li data-section-id=\"1tsg2kc\" data-start=\"1002\" data-end=\"1041\">Controlo t\u00e1til: Painel t\u00e1til de resposta r\u00e1pida<\/li>\n<li data-section-id=\"lc3anl\" data-start=\"1042\" data-end=\"1072\">Tipo de bobina: Bobina de malha, 1.2\u03a9<\/li>\n<li data-section-id=\"edjbv\" data-start=\"1073\" data-end=\"1102\">Estrutura da malha: Malha dupla<\/li>\n<li data-section-id=\"znchb6\" data-start=\"1103\" data-end=\"1128\">Porta de carregamento: Tipo C<\/li>\n<li data-section-id=\"sy48qf\" data-start=\"1129\" data-end=\"1157\">Capacidade da bateria: 800mAh<\/li>\n<li data-section-id=\"8nblp3\" data-start=\"1158\" data-end=\"1192\">Embalagem: 5 unidades numa caixa de exposi\u00e7\u00e3o<\/li>\n<li data-section-id=\"w65gnj\" data-start=\"1193\" data-end=\"1223\">Caixa: 200 unidades por caixa<\/li>\n<\/ul>\n<h3 data-section-id=\"10ynmgm\" data-start=\"1225\" data-end=\"1243\">Op\u00e7\u00f5es de sabor<\/h3>\n<ol data-start=\"1245\" data-end=\"1495\">\n<li data-section-id=\"pt49fp\" data-start=\"1245\" data-end=\"1264\">Gelo de melancia<\/li>\n<li data-section-id=\"ttb2yf\" data-start=\"1265\" data-end=\"1286\">Mirtilo no gelo<\/li>\n<li data-section-id=\"1536zp2\" data-start=\"1287\" data-end=\"1311\">Mirtilo Framboesa<\/li>\n<li data-section-id=\"1rwhy4t\" data-start=\"1312\" data-end=\"1331\">Gelo de morango<\/li>\n<li data-section-id=\"1jyp4b4\" data-start=\"1332\" data-end=\"1346\">Gelo de uva<\/li>\n<li data-section-id=\"l61m9q\" data-start=\"1347\" data-end=\"1363\">Baga mista<\/li>\n<li data-section-id=\"1q6bpo1\" data-start=\"1364\" data-end=\"1381\">Frutos do drag\u00e3o<\/li>\n<li data-section-id=\"mjlscy\" data-start=\"1382\" data-end=\"1402\">Morango Kiwi<\/li>\n<li data-section-id=\"8bupgv\" data-start=\"1403\" data-end=\"1432\">Kiwi Maracuj\u00e1 Goiaba<\/li>\n<li data-section-id=\"lgtytd\" data-start=\"1433\" data-end=\"1458\">Framboesa azeda azul<\/li>\n<li data-section-id=\"1mlhdq5\" data-start=\"1459\" data-end=\"1476\">Cola de cereja<\/li>\n<li data-section-id=\"iwpzmu\" data-start=\"1477\" data-end=\"1495\">Lim\u00e3o e lima<\/li>\n<\/ol>\n<h3 data-section-id=\"md2tja\" data-start=\"1497\" data-end=\"1529\">Porqu\u00ea escolher o Airmez Matrix 30K<\/h3>\n<ul data-start=\"1531\" data-end=\"1870\">\n<li data-section-id=\"126jtc8\" data-start=\"1531\" data-end=\"1570\">Design de elevada capacidade para uma utiliza\u00e7\u00e3o mais prolongada<\/li>\n<li data-section-id=\"1g7fj2a\" data-start=\"1571\" data-end=\"1605\">22ML e-liquid com 5% nicotina<\/li>\n<li data-section-id=\"1fun8lk\" data-start=\"1606\" data-end=\"1656\">Vapor suave com bobina de malha de 1,2\u03a9 e malha dupla<\/li>\n<li data-section-id=\"ywezxg\" data-start=\"1657\" data-end=\"1710\">Fluxo de ar ajust\u00e1vel para uma melhor experi\u00eancia de vaporiza\u00e7\u00e3o<\/li>\n<li data-section-id=\"1oju6m6\" data-start=\"1711\" data-end=\"1771\">Ecr\u00e3 grande e painel t\u00e1til de resposta r\u00e1pida para um funcionamento moderno<\/li>\n<li data-section-id=\"1g8zwq1\" data-start=\"1772\" data-end=\"1817\">Bateria recarreg\u00e1vel com carregamento Tipo C<\/li>\n<li data-section-id=\"uqqhx\" data-start=\"1818\" data-end=\"1870\">Adequado para exposi\u00e7\u00e3o a retalho e fornecimento por grosso<\/li>\n<\/ul>\n<h3 data-section-id=\"hwjiak\" data-start=\"1872\" data-end=\"1882\">Aviso<\/h3>\n<p data-start=\"1884\" data-end=\"1949\">O pre\u00e7o de <strong data-start=\"1897\" data-end=\"1918\">Airmez Matrix 30K<\/strong> depende da quantidade da encomenda:<\/p>\n<ul data-start=\"1951\" data-end=\"2057\">\n<li data-section-id=\"l2x9i5\" data-start=\"1951\" data-end=\"1986\"><strong data-start=\"1953\" data-end=\"1966\">1-15 pe\u00e7as:<\/strong> <strong data-start=\"1967\" data-end=\"1984\">US$28,99 cada<\/strong><\/li>\n<li data-section-id=\"1r9nuet\" data-start=\"1987\" data-end=\"2024\"><strong data-start=\"1989\" data-end=\"2004\">16-199 pe\u00e7as:<\/strong> <strong data-start=\"2005\" data-end=\"2022\">US$10,99 cada<\/strong><\/li>\n<li data-section-id=\"1vgu9w0\" data-start=\"2025\" data-end=\"2057\"><strong data-start=\"2027\" data-end=\"2040\">Mais de 200 unidades:<\/strong> <strong data-start=\"2041\" data-end=\"2057\">US$8,99 cada<\/strong><\/li>\n<\/ul>\n<p data-start=\"2059\" data-end=\"2165\"><strong data-start=\"2059\" data-end=\"2165\">O pre\u00e7o varia consoante a quantidade encomendada. Confirme a quantidade antes de efetuar a sua encomenda.<\/strong><\/p>","protected":false},"excerpt":{"rendered":"<h3>Especifica\u00e7\u00f5es do produto<\/h3>\n<p>\u2611 5% Nicotina<br \/>\n22ML de E-l\u00edquido.<br \/>\nFluxo de ar ajust\u00e1vel.<br \/>\nSala da sorte para jogar<br \/>\nEcr\u00e3 grande de 2,1 polegadas<br \/>\nPainel t\u00e1til reativo<br \/>\n\u2611 Bobina de malha, 1,2\u03a9.<br \/>\nMalha dupla<br \/>\nBateria recarreg\u00e1vel tipo C<br \/>\n800mAh<br \/>\n5pcs numa caixa de exposi\u00e7\u00e3o.<br \/>\n200 unidades por caixa de cart\u00e3o<\/p>","protected":false},"featured_media":888,"comment_status":"open","ping_status":"closed","template":"","meta":{"_joinchat":[]},"product_brand":[],"product_cat":[87],"product_tag":[],"class_list":{"0":"post-810","1":"product","2":"type-product","3":"status-publish","4":"has-post-thumbnail","6":"product_cat-e-cigarettes-europe","8":"first","9":"instock","10":"shipping-taxable","11":"purchasable","12":"product-type-variable"},"_links":{"self":[{"href":"https:\/\/www.chunghwashop.com\/pt\/wp-json\/wp\/v2\/product\/810","targetHints":{"allow":["GET"]}}],"collection":[{"href":"https:\/\/www.chunghwashop.com\/pt\/wp-json\/wp\/v2\/product"}],"about":[{"href":"https:\/\/www.chunghwashop.com\/pt\/wp-json\/wp\/v2\/types\/product"}],"replies":[{"embeddable":true,"href":"https:\/\/www.chunghwashop.com\/pt\/wp-json\/wp\/v2\/comments?post=810"}],"wp:featuredmedia":[{"embeddable":true,"href":"https:\/\/www.chunghwashop.com\/pt\/wp-json\/wp\/v2\/media\/888"}],"wp:attachment":[{"href":"https:\/\/www.chunghwashop.com\/pt\/wp-json\/wp\/v2\/media?parent=810"}],"wp:term":[{"taxonomy":"product_brand","embeddable":true,"href":"https:\/\/www.chunghwashop.com\/pt\/wp-json\/wp\/v2\/product_brand?post=810"},{"taxonomy":"product_cat","embeddable":true,"href":"https:\/\/www.chunghwashop.com\/pt\/wp-json\/wp\/v2\/product_cat?post=810"},{"taxonomy":"product_tag","embeddable":true,"href":"https:\/\/www.chunghwashop.com\/pt\/wp-json\/wp\/v2\/product_tag?post=810"}],"curies":[{"name":"wp","href":"https:\/\/api.w.org\/{rel}","templated":true}]}}