{"id":808,"date":"2026-04-16T14:20:17","date_gmt":"2026-04-16T06:20:17","guid":{"rendered":"https:\/\/www.chunghwashop.com\/?post_type=product&#038;p=808"},"modified":"2026-04-16T14:54:15","modified_gmt":"2026-04-16T06:54:15","slug":"airmez-fox-8-in-1","status":"publish","type":"product","link":"https:\/\/www.chunghwashop.com\/pt\/produto\/airmez-fox-8-in-1","title":{"rendered":"Airmez FOX 8 EM 1"},"content":{"rendered":"<p data-start=\"177\" data-end=\"466\"><strong data-start=\"177\" data-end=\"210\">Airmez FOX 8 EM 1 16000 Puffs<\/strong> \u00e9 um vape descart\u00e1vel de alta capacidade concebido para utilizadores que pretendem um desempenho suave, um carregamento pr\u00e1tico e v\u00e1rias op\u00e7\u00f5es de sabor num \u00fanico dispositivo. Com o seu design elegante e carater\u00edsticas pr\u00e1ticas, \u00e9 uma boa escolha tanto para clientes retalhistas como grossistas.<\/p>\n<p data-start=\"468\" data-end=\"772\">Este modelo \u00e9 fornecido com <strong data-start=\"490\" data-end=\"511\">15ML \u00d7 4 e-l\u00edquidos<\/strong>, a <strong data-start=\"515\" data-end=\"528\">bobina de malha<\/strong>, a <strong data-start=\"532\" data-end=\"563\">Bateria recarreg\u00e1vel de 650mAh<\/strong>, e um <strong data-start=\"571\" data-end=\"595\">Porta de carregamento tipo C<\/strong> para uma experi\u00eancia de vaporiza\u00e7\u00e3o suave e fi\u00e1vel. Com at\u00e9 <strong data-start=\"652\" data-end=\"667\">16000 puffs<\/strong>, O seu design \u00e9 muito mais econ\u00f3mico e oferece uma utiliza\u00e7\u00e3o mais duradoura para os clientes que preferem um vape descart\u00e1vel de alta capacidade.<\/p>\n<h3 data-section-id=\"bfe9be\" data-start=\"774\" data-end=\"794\">Carater\u00edsticas do produto<\/h3>\n<ul data-start=\"796\" data-end=\"1041\">\n<li data-section-id=\"18fzkuh\" data-start=\"796\" data-end=\"831\">Nome do produto: Airmez FOX 8 EM 1<\/li>\n<li data-section-id=\"1isooqd\" data-start=\"832\" data-end=\"859\">Contagem de puffs: 16000 Puffs<\/li>\n<li data-section-id=\"1x4v3us\" data-start=\"860\" data-end=\"891\">Capacidade do E-l\u00edquido: 15ML \u00d7 4<\/li>\n<li data-section-id=\"8u54nt\" data-start=\"892\" data-end=\"916\">Tipo de bobina: Bobina de malha<\/li>\n<li data-section-id=\"znchb6\" data-start=\"917\" data-end=\"942\">Porta de carregamento: Tipo C<\/li>\n<li data-section-id=\"106p858\" data-start=\"943\" data-end=\"971\">Capacidade da bateria: 650mAh<\/li>\n<li data-section-id=\"bex9qa\" data-start=\"972\" data-end=\"1006\">Embalagem: 10 unidades por caixa de exposi\u00e7\u00e3o<\/li>\n<li data-section-id=\"9y0ots\" data-start=\"1007\" data-end=\"1041\">Caixa de cart\u00e3o: Mistura de 100 unidades por caixa<\/li>\n<\/ul>\n<h3 data-section-id=\"10ynmgm\" data-start=\"1043\" data-end=\"1061\">Op\u00e7\u00f5es de sabor<\/h3>\n<ol data-start=\"1063\" data-end=\"1716\">\n<li data-section-id=\"1z0bia\" data-start=\"1063\" data-end=\"1124\">Bingo Crush, Manga Tripla, Bagas Mistas, Gelo de Melancia<\/li>\n<li data-section-id=\"10bh9e2\" data-start=\"1125\" data-end=\"1188\">Love 66, Gelo de Morango, Limonada Blue Razz, Gelo de Anan\u00e1s<\/li>\n<li data-section-id=\"hzvpf7\" data-start=\"1189\" data-end=\"1244\">Gelo de melancia, Love 66, Ma\u00e7\u00e3 dupla, P\u00eassego de manga<\/li>\n<li data-section-id=\"1h39415\" data-start=\"1245\" data-end=\"1310\">Mistura de frutos silvestres, mirtilo e framboesa, gelo de melancia, gelo de cola<\/li>\n<li data-section-id=\"1n0hzcj\" data-start=\"1311\" data-end=\"1382\">Manga P\u00eassego, Frutos Tropicais, Limonada de Bagas, Melancia Morango<\/li>\n<li data-section-id=\"ki1fag\" data-start=\"1383\" data-end=\"1448\">Cereja Ice, Morango Dragon Fruit, Manga Tripla, Blue Razz<\/li>\n<li data-section-id=\"1xbhvun\" data-start=\"1449\" data-end=\"1515\">Dragon Fruit Ice, Bingo Crush, Love 66, Pineapple Mango Peach<\/li>\n<li data-section-id=\"fa9qbg\" data-start=\"1516\" data-end=\"1579\">Dr. Blue, Baga de Cereja, Melancia de Morango, Baga de P\u00eassego<\/li>\n<li data-section-id=\"1cg85o7\" data-start=\"1580\" data-end=\"1644\">P\u00eassego gelado, bagas mistas, mel\u00e3o, maracuj\u00e1, manga tripla<\/li>\n<li data-section-id=\"emmyr9\" data-start=\"1645\" data-end=\"1716\">Gelado de manga, Cola de cereja com g\u00e1s, Framboesa com morango, Bagas mistas<\/li>\n<\/ol>\n<h3 data-section-id=\"d4iyiy\" data-start=\"1718\" data-end=\"1750\">Porqu\u00ea escolher o Airmez FOX 8 IN 1<\/h3>\n<ul data-start=\"1752\" data-end=\"2015\">\n<li data-section-id=\"1lgb11u\" data-start=\"1752\" data-end=\"1788\">At\u00e9 16000 baforadas para uma utiliza\u00e7\u00e3o mais prolongada<\/li>\n<li data-section-id=\"ib0yw8\" data-start=\"1789\" data-end=\"1820\">Vapor suave com bobina de malha<\/li>\n<li data-section-id=\"1g8zwq1\" data-start=\"1821\" data-end=\"1866\">Bateria recarreg\u00e1vel com carregamento Tipo C<\/li>\n<li data-section-id=\"1mpnmyb\" data-start=\"1867\" data-end=\"1908\">V\u00e1rias op\u00e7\u00f5es de sabores num s\u00f3 dispositivo<\/li>\n<li data-section-id=\"uqqhx\" data-start=\"1909\" data-end=\"1961\">Adequado para exposi\u00e7\u00e3o a retalho e fornecimento por grosso<\/li>\n<li data-section-id=\"160n9vs\" data-start=\"1962\" data-end=\"2015\">Embalagem pr\u00e1tica para vendas em loja e encomendas a granel<\/li>\n<\/ul>\n<h3 data-section-id=\"hwjiak\" data-start=\"2017\" data-end=\"2027\">Aviso<\/h3>\n<p data-start=\"2029\" data-end=\"2106\">O pre\u00e7o de <strong data-start=\"2042\" data-end=\"2075\">Airmez FOX 8 EM 1 16000 Puffs<\/strong> depende da quantidade da encomenda:<\/p>\n<ul data-start=\"2108\" data-end=\"2214\">\n<li data-section-id=\"l2x9i5\" data-start=\"2108\" data-end=\"2143\"><strong data-start=\"2110\" data-end=\"2123\">1-15 pe\u00e7as:<\/strong> <strong data-start=\"2124\" data-end=\"2141\">US$28,99 cada<\/strong><\/li>\n<li data-section-id=\"1r9nuet\" data-start=\"2144\" data-end=\"2181\"><strong data-start=\"2146\" data-end=\"2161\">16-199 pe\u00e7as:<\/strong> <strong data-start=\"2162\" data-end=\"2179\">US$10,99 cada<\/strong><\/li>\n<li data-section-id=\"1vgu9w0\" data-start=\"2182\" data-end=\"2214\"><strong data-start=\"2184\" data-end=\"2197\">Mais de 200 unidades:<\/strong> <strong data-start=\"2198\" data-end=\"2214\">US$8,99 cada<\/strong><\/li>\n<\/ul>\n<p data-start=\"2216\" data-end=\"2322\"><strong data-start=\"2216\" data-end=\"2322\">O pre\u00e7o varia consoante a quantidade encomendada. Confirme a quantidade antes de efetuar a sua encomenda.<\/strong><\/p>","protected":false},"excerpt":{"rendered":"<h3>Especifica\u00e7\u00f5es do produto<\/h3>\n<p>15ML*4 de E-l\u00edquido<br \/>\nBobina de malha<br \/>\nPorta tipo C<br \/>\n650mAh<br \/>\n10 unidades numa caixa de exposi\u00e7\u00e3o<br \/>\nMisturar 100 unidades por caixa<\/p>","protected":false},"featured_media":867,"comment_status":"open","ping_status":"closed","template":"","meta":{"_joinchat":[]},"product_brand":[],"product_cat":[87],"product_tag":[],"class_list":{"0":"post-808","1":"product","2":"type-product","3":"status-publish","4":"has-post-thumbnail","6":"product_cat-e-cigarettes-europe","8":"first","9":"instock","10":"shipping-taxable","11":"purchasable","12":"product-type-variable"},"_links":{"self":[{"href":"https:\/\/www.chunghwashop.com\/pt\/wp-json\/wp\/v2\/product\/808","targetHints":{"allow":["GET"]}}],"collection":[{"href":"https:\/\/www.chunghwashop.com\/pt\/wp-json\/wp\/v2\/product"}],"about":[{"href":"https:\/\/www.chunghwashop.com\/pt\/wp-json\/wp\/v2\/types\/product"}],"replies":[{"embeddable":true,"href":"https:\/\/www.chunghwashop.com\/pt\/wp-json\/wp\/v2\/comments?post=808"}],"wp:featuredmedia":[{"embeddable":true,"href":"https:\/\/www.chunghwashop.com\/pt\/wp-json\/wp\/v2\/media\/867"}],"wp:attachment":[{"href":"https:\/\/www.chunghwashop.com\/pt\/wp-json\/wp\/v2\/media?parent=808"}],"wp:term":[{"taxonomy":"product_brand","embeddable":true,"href":"https:\/\/www.chunghwashop.com\/pt\/wp-json\/wp\/v2\/product_brand?post=808"},{"taxonomy":"product_cat","embeddable":true,"href":"https:\/\/www.chunghwashop.com\/pt\/wp-json\/wp\/v2\/product_cat?post=808"},{"taxonomy":"product_tag","embeddable":true,"href":"https:\/\/www.chunghwashop.com\/pt\/wp-json\/wp\/v2\/product_tag?post=808"}],"curies":[{"name":"wp","href":"https:\/\/api.w.org\/{rel}","templated":true}]}}