{"id":41,"date":"2026-04-23T14:08:55","date_gmt":"2026-04-23T06:08:55","guid":{"rendered":"https:\/\/www.chunghwashop.com\/?post_type=product&#038;p=41"},"modified":"2026-04-28T18:40:13","modified_gmt":"2026-04-28T10:40:13","slug":"chunghwa-soft-pack","status":"publish","type":"product","link":"https:\/\/www.chunghwashop.com\/pt\/produto\/chunghwa-soft-pack","title":{"rendered":"Chunghwa Soft Pack"},"content":{"rendered":"<h3>Informa\u00e7\u00f5es sobre cigarros<\/h3>\n<table>\n<thead>\n<tr>\n<th><strong>Atributo<\/strong><\/th>\n<th><strong>Especifica\u00e7\u00e3o<\/strong><\/th>\n<\/tr>\n<\/thead>\n<tbody>\n<tr>\n<td><strong>Marca<\/strong><\/td>\n<td>Chunghwa<\/td>\n<\/tr>\n<tr>\n<td><strong>Alcatr\u00e3o<\/strong><\/td>\n<td>11mg<\/td>\n<\/tr>\n<tr>\n<td><strong>Mon\u00f3xido de carbono<\/strong><\/td>\n<td>11mg<\/td>\n<\/tr>\n<tr>\n<td><strong>Comprimento do filtro<\/strong><\/td>\n<td>32 mm<\/td>\n<\/tr>\n<tr>\n<td><strong>Embalagem<\/strong><\/td>\n<td>Embalagem de papel macio<\/td>\n<\/tr>\n<tr>\n<td><strong>Cor secund\u00e1ria<\/strong><\/td>\n<td>Ouro<\/td>\n<\/tr>\n<tr>\n<td><strong>Contagem de caixas<\/strong><\/td>\n<td>10<\/td>\n<\/tr>\n<tr>\n<td><strong>Tipo<\/strong><\/td>\n<td>Tabaco flue-cured<\/td>\n<\/tr>\n<tr>\n<td><strong>Nicotina<\/strong><\/td>\n<td>1mg<\/td>\n<\/tr>\n<tr>\n<td><strong>Comprimento<\/strong><\/td>\n<td>84 mm<\/td>\n<\/tr>\n<tr>\n<td><strong>Circunfer\u00eancia<\/strong><\/td>\n<td>25 mm<\/td>\n<\/tr>\n<tr>\n<td><strong>Cor principal<\/strong><\/td>\n<td>Vermelho<\/td>\n<\/tr>\n<tr>\n<td><strong>Quantidade por embalagem<\/strong><\/td>\n<td>20<\/td>\n<\/tr>\n<tr>\n<td><strong>Por caixa<\/strong><\/td>\n<td>200 cigarros<\/td>\n<\/tr>\n<\/tbody>\n<\/table>\n<h3 data-start=\"137\" data-end=\"176\"><strong data-start=\"137\" data-end=\"176\">Informa\u00e7\u00f5es importantes antes da compra:<\/strong><\/h3>\n<ul data-start=\"178\" data-end=\"781\">\n<li data-start=\"178\" data-end=\"502\">\n<p data-start=\"180\" data-end=\"502\"><strong data-start=\"180\" data-end=\"207\">Autenticidade garantida<\/strong>: A Genuine National Tobacco Network garante a venda apenas de produtos aut\u00eanticos. Os produtos de contrafa\u00e7\u00e3o s\u00e3o estritamente proibidos. Os amigos chineses no estrangeiro podem efetuar encomendas de <strong data-start=\"392\" data-end=\"405\">grossista<\/strong> e <strong data-start=\"410\" data-end=\"420\">retalho<\/strong>. Os compradores interessados podem <strong data-start=\"444\" data-end=\"464\">adicionar o nosso WhatsApp<\/strong> (+447922291211) para mais informa\u00e7\u00f5es.<\/p>\n<\/li>\n<li data-start=\"503\" data-end=\"781\">\n<p data-start=\"505\" data-end=\"781\"><strong data-start=\"505\" data-end=\"529\">Operador experiente<\/strong>: O operador desta loja online tem anos de experi\u00eancia no sector da log\u00edstica internacional e da entrega expresso, com conhecimentos e estrat\u00e9gias abrangentes para o envio de mercadorias sens\u00edveis a n\u00edvel internacional. Os clientes estrangeiros podem comprar com confian\u00e7a!<\/p>\n<\/li>\n<\/ul>\n<h3 data-start=\"783\" data-end=\"803\"><strong data-start=\"783\" data-end=\"803\">Pol\u00edtica de envio:<\/strong><\/h3>\n<ul data-start=\"805\" data-end=\"1004\">\n<li data-start=\"805\" data-end=\"1004\">\n<p data-start=\"807\" data-end=\"1004\"><strong data-start=\"807\" data-end=\"825\">Pre\u00e7os em cart\u00e3o<\/strong>: Todos os pre\u00e7os apresentados no s\u00edtio s\u00e3o por caixa. <strong data-start=\"876\" data-end=\"893\">Envio gratuito<\/strong> aplica-se a encomendas de uma caixa de cart\u00e3o ou mais. Para quest\u00f5es mais detalhadas, contactar o nosso servi\u00e7o de apoio ao cliente por WhatsApp.<\/p>\n<\/li>\n<\/ul>\n<h3 data-start=\"1006\" data-end=\"1026\"><strong data-start=\"1006\" data-end=\"1026\">Formas de pagamento:<\/strong><\/h3>\n<ul data-start=\"1028\" data-end=\"1611\">\n<li data-start=\"1028\" data-end=\"1359\">\n<p data-start=\"1030\" data-end=\"1359\"><strong data-start=\"1030\" data-end=\"1049\">Processo de pagamento<\/strong>: Devido ao car\u00e1cter sens\u00edvel dos nossos produtos, <strong data-start=\"1096\" data-end=\"1160\">os pagamentos em linha atrav\u00e9s do carrinho de compras est\u00e3o atualmente desactivados<\/strong>. Por favor <strong data-start=\"1169\" data-end=\"1221\">n\u00e3o efetuar pagamentos em linha atrav\u00e9s do carrinho de compras<\/strong>. Depois de efetuar uma encomenda, fornecer o <strong data-start=\"1259\" data-end=\"1275\">n\u00famero de ordem<\/strong> para o nosso <strong data-start=\"1283\" data-end=\"1312\">Servi\u00e7o de apoio ao cliente do WhatsApp<\/strong> para uma recolha mais exacta do endere\u00e7o de envio.<\/p>\n<\/li>\n<li data-start=\"1360\" data-end=\"1611\">\n<p data-start=\"1362\" data-end=\"1398\">Os nossos principais m\u00e9todos de pagamento incluem:<\/p>\n<ul data-start=\"1401\" data-end=\"1611\">\n<li data-start=\"1401\" data-end=\"1413\">\n<p data-start=\"1403\" data-end=\"1413\"><strong data-start=\"1403\" data-end=\"1413\">PayPal<\/strong><\/p>\n<\/li>\n<li data-start=\"1416\" data-end=\"1428\">\n<p data-start=\"1418\" data-end=\"1428\"><strong data-start=\"1418\" data-end=\"1428\">Riscas<\/strong><\/p>\n<\/li>\n<li data-start=\"1431\" data-end=\"1449\">\n<p data-start=\"1433\" data-end=\"1449\"><strong data-start=\"1433\" data-end=\"1449\">Cart\u00f5es de cr\u00e9dito<\/strong><\/p>\n<\/li>\n<li data-start=\"1452\" data-end=\"1471\">\n<p data-start=\"1454\" data-end=\"1471\"><strong data-start=\"1454\" data-end=\"1471\">Western Union<\/strong><\/p>\n<\/li>\n<li data-start=\"1474\" data-end=\"1611\">\n<p data-start=\"1476\" data-end=\"1611\">As moedas estrangeiras s\u00e3o convertidas \u00e0 taxa de <strong data-start=\"1516\" data-end=\"1539\">taxa de c\u00e2mbio di\u00e1ria<\/strong>. Para mais informa\u00e7\u00f5es, contactar o nosso <strong data-start=\"1581\" data-end=\"1610\">Servi\u00e7o de apoio ao cliente do WhatsApp<\/strong>.<\/p>\n<\/li>\n<\/ul>\n<\/li>\n<\/ul>\n<h3 data-start=\"1613\" data-end=\"1637\"><strong data-start=\"1613\" data-end=\"1637\">Servi\u00e7o p\u00f3s-venda:<\/strong><\/h3>\n<ul data-start=\"1639\" data-end=\"2122\">\n<li data-start=\"1639\" data-end=\"1867\">\n<p data-start=\"1641\" data-end=\"1867\"><strong data-start=\"1641\" data-end=\"1658\">Manter-se em contacto<\/strong>: Os clientes s\u00e3o aconselhados a <strong data-start=\"1685\" data-end=\"1722\">adicionar o nosso servi\u00e7o de apoio ao cliente WhatsApp<\/strong> antes de comprar para receber as informa\u00e7\u00f5es mais recentes. Se n\u00e3o tiver o WhatsApp, pode contactar-nos atrav\u00e9s de <strong data-start=\"1827\" data-end=\"1836\">correio eletr\u00f3nico<\/strong> em <strong data-start=\"1840\" data-end=\"1865\"><a class=\"decorated-link cursor-pointer\" rel=\"noopener\" data-start=\"1842\" data-end=\"1863\">Info@chunghwashop.com<\/a><\/strong>.<\/p>\n<\/li>\n<li data-start=\"1868\" data-end=\"2122\">\n<p data-start=\"1870\" data-end=\"2122\"><strong data-start=\"1870\" data-end=\"1903\">Confirma\u00e7\u00e3o e seguimento da encomenda<\/strong>: Assim que o pagamento for confirmado, providenciaremos o envio imediato e enviaremos a <strong data-start=\"1982\" data-end=\"2001\">n\u00famero de registo<\/strong> para o seu WhatsApp ou e-mail. Verifique se h\u00e1 actualiza\u00e7\u00f5es! Sobre <strong data-start=\"2060\" data-end=\"2121\">90% das encomendas internacionais EMS chegam dentro de 12-20 dias<\/strong>.<\/p>\n<\/li>\n<\/ul>\n<h3 data-start=\"2124\" data-end=\"2145\"><strong data-start=\"2124\" data-end=\"2145\">Quest\u00f5es fiscais:<\/strong><\/h3>\n<ul data-start=\"2147\" data-end=\"2405\">\n<li data-start=\"2147\" data-end=\"2405\">\n<p data-start=\"2149\" data-end=\"2405\"><strong data-start=\"2149\" data-end=\"2167\">Reformas fiscais da UE<\/strong>: A UE concluiu as reformas fiscais em <strong data-start=\"2201\" data-end=\"2214\">julho de 2021<\/strong>, e imp\u00f5e atualmente taxas sobre as encomendas que variam entre alguns euros e v\u00e1rias dezenas de euros. Esta tributa\u00e7\u00e3o aplica-se a todas as encomendas postais que entram nestes pa\u00edses e n\u00e3o especificamente aos produtos do tabaco.<\/p>\n<\/li>\n<\/ul>\n<h3 data-start=\"2407\" data-end=\"2428\"><strong data-start=\"2407\" data-end=\"2428\">Encomendas por grosso:<\/strong><\/h3>\n<ul data-start=\"2430\" data-end=\"2600\">\n<li data-start=\"2430\" data-end=\"2600\">\n<p data-start=\"2432\" data-end=\"2600\"><strong data-start=\"2432\" data-end=\"2460\">Encomendas por grosso s\u00e3o bem-vindas<\/strong>: Aceitamos <strong data-start=\"2472\" data-end=\"2492\">encomendas por grosso<\/strong>. Para mais informa\u00e7\u00f5es, contactar o nosso <strong data-start=\"2526\" data-end=\"2555\">Servi\u00e7o de apoio ao cliente do WhatsApp<\/strong> para obter mais informa\u00e7\u00f5es e as \u00faltimas actualiza\u00e7\u00f5es.<\/p>\n<\/li>\n<\/ul>","protected":false},"excerpt":{"rendered":"<ul>\n<li data-start=\"135\" data-end=\"383\">Os cigarros Chunghwa s\u00e3o fabricados com tabaco flue-cured de alta qualidade, proporcionando um sabor suave e rico e uma experi\u00eancia de fumo de primeira qualidade. Conhecidos pelo seu estatuto luxuoso, s\u00e3o a escolha perfeita para fumadores exigentes.<\/li>\n<li data-start=\"385\" data-end=\"627\">Cada embalagem cont\u00e9m <strong data-start=\"446\" data-end=\"463\">20 cigarros<\/strong>, e <strong data-start=\"469\" data-end=\"499\">1 caixa cont\u00e9m 10 pacotes<\/strong> de 20 cigarros, num total de <strong data-start=\"527\" data-end=\"545\">200 cigarros<\/strong> por caixa. Isto torna-o conveniente tanto para compras individuais como por grosso.<\/li>\n<li data-start=\"629\" data-end=\"837\">Os cigarros Chunghwa oferecem uma experi\u00eancia de fumo equilibrada com <strong data-start=\"724\" data-end=\"743\">1mg de nicotina<\/strong> e <strong data-start=\"748\" data-end=\"763\">11mg de alcatr\u00e3o<\/strong>, o que os torna ideais para fumadores que apreciam um fumo moderado mas satisfat\u00f3rio.<\/li>\n<li data-start=\"839\" data-end=\"1008\">Os cigarros v\u00eam numa <strong data-start=\"893\" data-end=\"906\">tamanho fino<\/strong> com um comprimento de <strong data-start=\"924\" data-end=\"932\">84 mm<\/strong>, O seu manuseamento \u00e9 f\u00e1cil e proporciona uma experi\u00eancia de fumo confort\u00e1vel.<\/li>\n<li data-start=\"1010\" data-end=\"1240\">Produzido pelo famoso <strong data-start=\"1058\" data-end=\"1084\">Grupo de Tabaco de Xangai<\/strong>, Os cigarros Chunghwa constru\u00edram um legado de qualidade e fiabilidade. Com d\u00e9cadas de experi\u00eancia, esta marca continua a ser um s\u00edmbolo de luxo e prest\u00edgio.<\/li>\n<\/ul>","protected":false},"featured_media":42,"comment_status":"open","ping_status":"closed","template":"","meta":{"_joinchat":[]},"product_brand":[],"product_cat":[16],"product_tag":[],"class_list":{"0":"post-41","1":"product","2":"type-product","3":"status-publish","4":"has-post-thumbnail","6":"product_cat-chunghwa","8":"first","9":"instock","10":"shipping-taxable","11":"purchasable","12":"product-type-variable"},"_links":{"self":[{"href":"https:\/\/www.chunghwashop.com\/pt\/wp-json\/wp\/v2\/product\/41","targetHints":{"allow":["GET"]}}],"collection":[{"href":"https:\/\/www.chunghwashop.com\/pt\/wp-json\/wp\/v2\/product"}],"about":[{"href":"https:\/\/www.chunghwashop.com\/pt\/wp-json\/wp\/v2\/types\/product"}],"replies":[{"embeddable":true,"href":"https:\/\/www.chunghwashop.com\/pt\/wp-json\/wp\/v2\/comments?post=41"}],"wp:featuredmedia":[{"embeddable":true,"href":"https:\/\/www.chunghwashop.com\/pt\/wp-json\/wp\/v2\/media\/42"}],"wp:attachment":[{"href":"https:\/\/www.chunghwashop.com\/pt\/wp-json\/wp\/v2\/media?parent=41"}],"wp:term":[{"taxonomy":"product_brand","embeddable":true,"href":"https:\/\/www.chunghwashop.com\/pt\/wp-json\/wp\/v2\/product_brand?post=41"},{"taxonomy":"product_cat","embeddable":true,"href":"https:\/\/www.chunghwashop.com\/pt\/wp-json\/wp\/v2\/product_cat?post=41"},{"taxonomy":"product_tag","embeddable":true,"href":"https:\/\/www.chunghwashop.com\/pt\/wp-json\/wp\/v2\/product_tag?post=41"}],"curies":[{"name":"wp","href":"https:\/\/api.w.org\/{rel}","templated":true}]}}