{"id":34,"date":"2026-04-24T10:38:00","date_gmt":"2026-04-24T02:38:00","guid":{"rendered":"https:\/\/www.chunghwashop.com\/?post_type=product&#038;p=34"},"modified":"2026-04-28T19:57:48","modified_gmt":"2026-04-28T11:57:48","slug":"chunghwa-hard-pack","status":"publish","type":"product","link":"https:\/\/www.chunghwashop.com\/pt\/produto\/chunghwa-hard-pack","title":{"rendered":"Pacote r\u00edgido Chunghwa"},"content":{"rendered":"<p><a href=\"https:\/\/en.wikipedia.org\/wiki\/Chunghwa_%28cigarette%29\" target=\"_blank\" rel=\"noopener\">Chunghwa<\/a>\u00a0Os cigarros Hard Pack s\u00e3o uma oferta premium da China, conhecida pelo seu sabor rico e estatuto de s\u00edmbolo de luxo. S\u00e3o fabricados com tabaco flue-cured de alta qualidade, proporcionando uma experi\u00eancia de fumo suave e satisfat\u00f3ria.<\/p>\n<p>Os cigarros Chunghwa s\u00e3o produzidos pelo Shanghai Tobacco Group.<br \/>\n<strong>1 ma\u00e7o cont\u00e9m 20 cigarros (Embalagem de 20).<\/strong><br \/>\n<strong>1 caixa de cart\u00e3o cont\u00e9m 10 ma\u00e7os de 20 cigarros. Total de 200 cigarros (Caixa de 200).<\/strong><\/p>\n<h3>Informa\u00e7\u00f5es sobre cigarros<\/h3>\n<table>\n<thead>\n<tr>\n<th><strong>Atributo<\/strong><\/th>\n<th><strong>Especifica\u00e7\u00e3o<\/strong><\/th>\n<\/tr>\n<\/thead>\n<tbody>\n<tr>\n<td><strong>Marca<\/strong><\/td>\n<td>Chunghwa<\/td>\n<\/tr>\n<tr>\n<td><strong>Alcatr\u00e3o<\/strong><\/td>\n<td>11mg<\/td>\n<\/tr>\n<tr>\n<td><strong>Mon\u00f3xido de carbono<\/strong><\/td>\n<td>11mg<\/td>\n<\/tr>\n<tr>\n<td><strong>Comprimento do filtro<\/strong><\/td>\n<td>32 mm<\/td>\n<\/tr>\n<tr>\n<td><strong>Embalagem<\/strong><\/td>\n<td>Embalagem r\u00edgida de papel<\/td>\n<\/tr>\n<tr>\n<td><strong>Cor secund\u00e1ria<\/strong><\/td>\n<td>Ouro<\/td>\n<\/tr>\n<tr>\n<td><strong>Contagem de caixas<\/strong><\/td>\n<td>10<\/td>\n<\/tr>\n<tr>\n<td><strong>Tipo<\/strong><\/td>\n<td>Tabaco flue-cured<\/td>\n<\/tr>\n<tr>\n<td><strong>Nicotina<\/strong><\/td>\n<td>1mg<\/td>\n<\/tr>\n<tr>\n<td><strong>Comprimento<\/strong><\/td>\n<td>84 mm<\/td>\n<\/tr>\n<tr>\n<td><strong>Circunfer\u00eancia<\/strong><\/td>\n<td>25 mm<\/td>\n<\/tr>\n<tr>\n<td><strong>Cor principal<\/strong><\/td>\n<td>Vermelho<\/td>\n<\/tr>\n<tr>\n<td><strong>Quantidade por embalagem<\/strong><\/td>\n<td>20<\/td>\n<\/tr>\n<tr>\n<td><strong>Por caixa<\/strong><\/td>\n<td>200 cigarros<\/td>\n<\/tr>\n<\/tbody>\n<\/table>\n<h3 data-start=\"137\" data-end=\"176\"><strong data-start=\"137\" data-end=\"176\">Informa\u00e7\u00f5es importantes antes da compra:<\/strong><\/h3>\n<ul data-start=\"178\" data-end=\"781\">\n<li data-start=\"178\" data-end=\"502\">\n<p data-start=\"180\" data-end=\"502\"><strong data-start=\"180\" data-end=\"207\">Autenticidade garantida<\/strong>: A Genuine National Tobacco Network garante a venda apenas de produtos aut\u00eanticos. Os produtos de contrafa\u00e7\u00e3o s\u00e3o estritamente proibidos. Os amigos chineses no estrangeiro podem efetuar encomendas de\u00a0<strong data-start=\"392\" data-end=\"405\">grossista<\/strong>\u00a0e\u00a0<strong data-start=\"410\" data-end=\"420\">retalho<\/strong>. Os compradores interessados podem\u00a0<strong data-start=\"444\" data-end=\"464\">adicionar o nosso WhatsApp<\/strong>\u00a0(+447922291211) para mais informa\u00e7\u00f5es.<\/p>\n<\/li>\n<li data-start=\"503\" data-end=\"781\">\n<p data-start=\"505\" data-end=\"781\"><strong data-start=\"505\" data-end=\"529\">Operador experiente<\/strong>: O operador desta loja online tem anos de experi\u00eancia no sector da log\u00edstica internacional e da entrega expresso, com conhecimentos e estrat\u00e9gias abrangentes para o envio de mercadorias sens\u00edveis a n\u00edvel internacional. Os clientes estrangeiros podem comprar com confian\u00e7a!<\/p>\n<\/li>\n<\/ul>\n<h3 data-start=\"783\" data-end=\"803\"><strong data-start=\"783\" data-end=\"803\">Pol\u00edtica de envio:<\/strong><\/h3>\n<ul data-start=\"805\" data-end=\"1004\">\n<li data-start=\"805\" data-end=\"1004\">\n<p data-start=\"807\" data-end=\"1004\"><strong data-start=\"807\" data-end=\"825\">Pre\u00e7os em cart\u00e3o<\/strong>: Todos os pre\u00e7os apresentados no s\u00edtio s\u00e3o por caixa.\u00a0<strong data-start=\"876\" data-end=\"893\">Envio gratuito<\/strong>\u00a0aplica-se a encomendas de uma caixa de cart\u00e3o ou mais. Para quest\u00f5es mais detalhadas, contactar o nosso servi\u00e7o de apoio ao cliente por WhatsApp.<\/p>\n<\/li>\n<\/ul>\n<h3 data-start=\"1006\" data-end=\"1026\"><strong data-start=\"1006\" data-end=\"1026\">Formas de pagamento:<\/strong><\/h3>\n<ul data-start=\"1028\" data-end=\"1611\">\n<li data-start=\"1028\" data-end=\"1359\">\n<p data-start=\"1030\" data-end=\"1359\"><strong data-start=\"1030\" data-end=\"1049\">Processo de pagamento<\/strong>: Devido ao car\u00e1cter sens\u00edvel dos nossos produtos,\u00a0<strong data-start=\"1096\" data-end=\"1160\">os pagamentos em linha atrav\u00e9s do carrinho de compras est\u00e3o atualmente desactivados<\/strong>. Por favor\u00a0<strong data-start=\"1169\" data-end=\"1221\">n\u00e3o efetuar pagamentos em linha atrav\u00e9s do carrinho de compras<\/strong>. Depois de efetuar uma encomenda, fornecer o\u00a0<strong data-start=\"1259\" data-end=\"1275\">n\u00famero de ordem<\/strong>\u00a0para o nosso\u00a0<strong data-start=\"1283\" data-end=\"1312\">Servi\u00e7o de apoio ao cliente do WhatsApp<\/strong>\u00a0para uma recolha mais exacta do endere\u00e7o de envio.<\/p>\n<\/li>\n<li data-start=\"1360\" data-end=\"1611\">\n<p data-start=\"1362\" data-end=\"1398\">Os nossos principais m\u00e9todos de pagamento incluem:<\/p>\n<ul data-start=\"1401\" data-end=\"1611\">\n<li data-start=\"1401\" data-end=\"1413\">\n<p data-start=\"1403\" data-end=\"1413\"><strong data-start=\"1403\" data-end=\"1413\">PayPal<\/strong><\/p>\n<\/li>\n<li data-start=\"1416\" data-end=\"1428\">\n<p data-start=\"1418\" data-end=\"1428\"><strong data-start=\"1418\" data-end=\"1428\">Riscas<\/strong><\/p>\n<\/li>\n<li data-start=\"1431\" data-end=\"1449\">\n<p data-start=\"1433\" data-end=\"1449\"><strong data-start=\"1433\" data-end=\"1449\">Cart\u00f5es de cr\u00e9dito<\/strong><\/p>\n<\/li>\n<li data-start=\"1452\" data-end=\"1471\">\n<p data-start=\"1454\" data-end=\"1471\"><strong data-start=\"1454\" data-end=\"1471\">Western Union<\/strong><\/p>\n<\/li>\n<li data-start=\"1452\" data-end=\"1471\"><strong>USDT<\/strong><\/li>\n<li data-start=\"1474\" data-end=\"1611\">\n<p data-start=\"1476\" data-end=\"1611\">As moedas estrangeiras s\u00e3o convertidas \u00e0 taxa de\u00a0<strong data-start=\"1516\" data-end=\"1539\">taxa de c\u00e2mbio di\u00e1ria<\/strong>. Para mais informa\u00e7\u00f5es, contactar o nosso\u00a0<strong data-start=\"1581\" data-end=\"1610\">Servi\u00e7o de apoio ao cliente do WhatsApp<\/strong>.<\/p>\n<\/li>\n<\/ul>\n<\/li>\n<\/ul>\n<h3 data-start=\"1613\" data-end=\"1637\"><strong data-start=\"1613\" data-end=\"1637\">Servi\u00e7o p\u00f3s-venda:<\/strong><\/h3>\n<ul data-start=\"1639\" data-end=\"2122\">\n<li data-start=\"1639\" data-end=\"1867\">\n<p data-start=\"1641\" data-end=\"1867\"><strong data-start=\"1641\" data-end=\"1658\">Manter-se em contacto<\/strong>: Os clientes s\u00e3o aconselhados a\u00a0<strong data-start=\"1685\" data-end=\"1722\">adicionar o nosso servi\u00e7o de apoio ao cliente WhatsApp<\/strong>\u00a0antes de comprar para receber as informa\u00e7\u00f5es mais recentes. Se n\u00e3o tiver o WhatsApp, pode contactar-nos atrav\u00e9s de\u00a0<strong data-start=\"1827\" data-end=\"1836\">correio eletr\u00f3nico<\/strong>\u00a0em\u00a0<strong data-start=\"1840\" data-end=\"1865\"><a class=\"decorated-link cursor-pointer\" rel=\"noopener\" data-start=\"1842\" data-end=\"1863\">Info@chunghwashop.com<\/a><\/strong>.<\/p>\n<\/li>\n<li data-start=\"1868\" data-end=\"2122\">\n<p data-start=\"1870\" data-end=\"2122\"><strong data-start=\"1870\" data-end=\"1903\">Confirma\u00e7\u00e3o e seguimento da encomenda<\/strong>: Assim que o pagamento for confirmado, providenciaremos o envio imediato e enviaremos a\u00a0<strong data-start=\"1982\" data-end=\"2001\">n\u00famero de registo<\/strong>\u00a0para o seu WhatsApp ou e-mail. Verifique se h\u00e1 actualiza\u00e7\u00f5es! Sobre\u00a0<strong data-start=\"2060\" data-end=\"2121\">90% das encomendas internacionais EMS chegam dentro de 12-20 dias<\/strong>.<\/p>\n<\/li>\n<\/ul>\n<h3 data-start=\"2124\" data-end=\"2145\"><strong data-start=\"2124\" data-end=\"2145\">Quest\u00f5es fiscais:<\/strong><\/h3>\n<ul data-start=\"2147\" data-end=\"2405\">\n<li data-start=\"2147\" data-end=\"2405\">\n<p data-start=\"2149\" data-end=\"2405\"><strong data-start=\"2149\" data-end=\"2167\">Reformas fiscais da UE<\/strong>: A UE concluiu as reformas fiscais em\u00a0<strong data-start=\"2201\" data-end=\"2214\">julho de 2021<\/strong>, e imp\u00f5e atualmente taxas sobre as encomendas que variam entre alguns euros e v\u00e1rias dezenas de euros. Esta tributa\u00e7\u00e3o aplica-se a todas as encomendas postais que entram nestes pa\u00edses e n\u00e3o especificamente aos produtos do tabaco.<\/p>\n<\/li>\n<\/ul>\n<h3 data-start=\"2407\" data-end=\"2428\"><strong data-start=\"2407\" data-end=\"2428\">Encomendas por grosso:<\/strong><\/h3>\n<ul data-start=\"2430\" data-end=\"2600\">\n<li data-start=\"2430\" data-end=\"2600\">\n<p data-start=\"2432\" data-end=\"2600\"><strong data-start=\"2432\" data-end=\"2460\">Encomendas por grosso s\u00e3o bem-vindas<\/strong>: Aceitamos\u00a0<strong data-start=\"2472\" data-end=\"2492\">encomendas por grosso<\/strong>. Para mais informa\u00e7\u00f5es, contactar o nosso\u00a0<strong data-start=\"2526\" data-end=\"2555\">Servi\u00e7o de apoio ao cliente do WhatsApp<\/strong>\u00a0para obter mais informa\u00e7\u00f5es e as \u00faltimas actualiza\u00e7\u00f5es.<\/p>\n<\/li>\n<\/ul>","protected":false},"excerpt":{"rendered":"<ul>\n<li><strong>Pacote r\u00edgido Chunghwa<\/strong> - Cigarro chin\u00eas de qualidade superior do Shanghai Tobacco Group, c\u00e9lebre pelo seu estatuto luxuoso e perfil de sabor rico e satisfat\u00f3rio.<\/li>\n<li>Fabricado com tabaco flue-cured de alta qualidade, proporciona uma experi\u00eancia de fumo suave e equilibrada com uma profundidade arom\u00e1tica distinta que define o verdadeiro requinte.<\/li>\n<li>Design cl\u00e1ssico de embalagem r\u00edgida em vermelho vibrante com pormenores elegantes - um s\u00edmbolo intemporal de prest\u00edgio, perfeito para oferecer ou para mimar.<\/li>\n<li><strong>Tamanho King<\/strong> Conveni\u00eancia: 84 mm de comprimento, 20 cigarros por ma\u00e7o, 10 ma\u00e7os por caixa (200 cigarros no total) para um prazer duradouro.<\/li>\n<li>Alcatr\u00e3o: 11mg | Nicotina: 1mg | Mon\u00f3xido de Carbono: 11mg - For\u00e7a m\u00e9dia bem equilibrada que oferece profundidade sem intensidade esmagadora.<\/li>\n<\/ul>","protected":false},"featured_media":38,"comment_status":"open","ping_status":"closed","template":"","meta":{"_joinchat":[]},"product_brand":[],"product_cat":[16],"product_tag":[],"class_list":{"0":"post-34","1":"product","2":"type-product","3":"status-publish","4":"has-post-thumbnail","6":"product_cat-chunghwa","8":"first","9":"instock","10":"featured","11":"shipping-taxable","12":"purchasable","13":"product-type-variable"},"_links":{"self":[{"href":"https:\/\/www.chunghwashop.com\/pt\/wp-json\/wp\/v2\/product\/34","targetHints":{"allow":["GET"]}}],"collection":[{"href":"https:\/\/www.chunghwashop.com\/pt\/wp-json\/wp\/v2\/product"}],"about":[{"href":"https:\/\/www.chunghwashop.com\/pt\/wp-json\/wp\/v2\/types\/product"}],"replies":[{"embeddable":true,"href":"https:\/\/www.chunghwashop.com\/pt\/wp-json\/wp\/v2\/comments?post=34"}],"wp:featuredmedia":[{"embeddable":true,"href":"https:\/\/www.chunghwashop.com\/pt\/wp-json\/wp\/v2\/media\/38"}],"wp:attachment":[{"href":"https:\/\/www.chunghwashop.com\/pt\/wp-json\/wp\/v2\/media?parent=34"}],"wp:term":[{"taxonomy":"product_brand","embeddable":true,"href":"https:\/\/www.chunghwashop.com\/pt\/wp-json\/wp\/v2\/product_brand?post=34"},{"taxonomy":"product_cat","embeddable":true,"href":"https:\/\/www.chunghwashop.com\/pt\/wp-json\/wp\/v2\/product_cat?post=34"},{"taxonomy":"product_tag","embeddable":true,"href":"https:\/\/www.chunghwashop.com\/pt\/wp-json\/wp\/v2\/product_tag?post=34"}],"curies":[{"name":"wp","href":"https:\/\/api.w.org\/{rel}","templated":true}]}}