{"id":1194,"date":"2026-04-22T17:53:57","date_gmt":"2026-04-22T09:53:57","guid":{"rendered":"https:\/\/www.chunghwashop.com\/?post_type=product&#038;p=1194"},"modified":"2026-04-22T17:53:57","modified_gmt":"2026-04-22T09:53:57","slug":"nanjing-yuhuashi","status":"publish","type":"product","link":"https:\/\/www.chunghwashop.com\/pt\/produto\/nanjing-yuhuashi","title":{"rendered":"Nanjing Yuhuashi"},"content":{"rendered":"<h3>Informa\u00e7\u00f5es sobre cigarros<\/h3>\n<table>\n<thead>\n<tr>\n<th>Atributo<\/th>\n<th>Especifica\u00e7\u00e3o<\/th>\n<\/tr>\n<\/thead>\n<tbody>\n<tr>\n<td>Marca<\/td>\n<td>Nanjing<\/td>\n<\/tr>\n<tr>\n<td>Tipo de cigarro<\/td>\n<td>Magro<\/td>\n<\/tr>\n<tr>\n<td>Alcatr\u00e3o<\/td>\n<td>5mg<\/td>\n<\/tr>\n<tr>\n<td>Mon\u00f3xido de carbono<\/td>\n<td>4mg<\/td>\n<\/tr>\n<tr>\n<td>Embalagem<\/td>\n<td>Embalagem r\u00edgida de papel<\/td>\n<\/tr>\n<tr>\n<td>Cor secund\u00e1ria<\/td>\n<td>Vermelho<\/td>\n<\/tr>\n<tr>\n<td>Contagem de caixas<\/td>\n<td>10<\/td>\n<\/tr>\n<tr>\n<td>Tipo<\/td>\n<td>Tabaco flue-cured<\/td>\n<\/tr>\n<tr>\n<td>Nicotina<\/td>\n<td>0,5 mg<\/td>\n<\/tr>\n<tr>\n<td>Comprimento<\/td>\n<td>97 mm<\/td>\n<\/tr>\n<tr>\n<td>Cor principal<\/td>\n<td>Amarelo<\/td>\n<\/tr>\n<tr>\n<td>Quantidade por embalagem<\/td>\n<td>20<\/td>\n<\/tr>\n<tr>\n<td>Por caixa<\/td>\n<td>200 cigarros<\/td>\n<\/tr>\n<\/tbody>\n<\/table>\n<div class=\"elementor-element elementor-element-5c3aa8c e-flex e-con-boxed e-con e-parent e-lazyloaded\" data-id=\"5c3aa8c\" data-element_type=\"container\" data-e-type=\"container\">\n<div class=\"e-con-inner\">\n<div class=\"elementor-element elementor-element-194a86e elementor-widget elementor-widget-woocommerce-product-data-tabs\" data-id=\"194a86e\" data-element_type=\"widget\" data-e-type=\"widget\" data-widget_type=\"woocommerce-product-data-tabs.default\">\n<div class=\"woocommerce-tabs wc-tabs-wrapper\">\n<div id=\"tab-description\" class=\"woocommerce-Tabs-panel woocommerce-Tabs-panel--description panel entry-content wc-tab\" role=\"tabpanel\" aria-labelledby=\"tab-title-description\">\n<h3 data-start=\"137\" data-end=\"176\"><strong data-start=\"137\" data-end=\"176\">Informa\u00e7\u00f5es importantes antes da compra:<\/strong><\/h3>\n<ul data-start=\"178\" data-end=\"781\">\n<li data-start=\"178\" data-end=\"502\">\n<p data-start=\"180\" data-end=\"502\"><strong data-start=\"180\" data-end=\"207\">Autenticidade garantida<\/strong>: A Genuine National Tobacco Network garante a venda apenas de produtos aut\u00eanticos. Os produtos de contrafa\u00e7\u00e3o s\u00e3o estritamente proibidos. Os amigos chineses no estrangeiro podem efetuar encomendas de\u00a0<strong data-start=\"392\" data-end=\"405\">grossista<\/strong>\u00a0e\u00a0<strong data-start=\"410\" data-end=\"420\">retalho<\/strong>. Os compradores interessados podem\u00a0<strong data-start=\"444\" data-end=\"464\">adicionar o nosso WhatsApp<\/strong>\u00a0(+447922291211) para mais informa\u00e7\u00f5es.<\/p>\n<\/li>\n<li data-start=\"503\" data-end=\"781\">\n<p data-start=\"505\" data-end=\"781\"><strong data-start=\"505\" data-end=\"529\">Operador experiente<\/strong>: O operador desta loja online tem anos de experi\u00eancia no sector da log\u00edstica internacional e da entrega expresso, com conhecimentos e estrat\u00e9gias abrangentes para o envio de mercadorias sens\u00edveis a n\u00edvel internacional. Os clientes estrangeiros podem comprar com confian\u00e7a!<\/p>\n<\/li>\n<\/ul>\n<h3 data-start=\"783\" data-end=\"803\"><strong data-start=\"783\" data-end=\"803\">Pol\u00edtica de envio:<\/strong><\/h3>\n<ul data-start=\"805\" data-end=\"1004\">\n<li data-start=\"805\" data-end=\"1004\">\n<p data-start=\"807\" data-end=\"1004\"><strong data-start=\"807\" data-end=\"825\">Pre\u00e7os em cart\u00e3o<\/strong>: Todos os pre\u00e7os apresentados no s\u00edtio s\u00e3o por caixa.\u00a0<strong data-start=\"876\" data-end=\"893\">Envio gratuito<\/strong>\u00a0aplica-se a encomendas de uma caixa de cart\u00e3o ou mais. Para quest\u00f5es mais detalhadas, contactar o nosso servi\u00e7o de apoio ao cliente por WhatsApp.<\/p>\n<\/li>\n<\/ul>\n<h3 data-start=\"1006\" data-end=\"1026\"><strong data-start=\"1006\" data-end=\"1026\">Formas de pagamento:<\/strong><\/h3>\n<ul data-start=\"1028\" data-end=\"1611\">\n<li data-start=\"1028\" data-end=\"1359\">\n<p data-start=\"1030\" data-end=\"1359\"><strong data-start=\"1030\" data-end=\"1049\">Processo de pagamento<\/strong>: Devido ao car\u00e1cter sens\u00edvel dos nossos produtos,\u00a0<strong data-start=\"1096\" data-end=\"1160\">os pagamentos em linha atrav\u00e9s do carrinho de compras est\u00e3o atualmente desactivados<\/strong>. Por favor\u00a0<strong data-start=\"1169\" data-end=\"1221\">n\u00e3o efetuar pagamentos em linha atrav\u00e9s do carrinho de compras<\/strong>. Depois de efetuar uma encomenda, fornecer o\u00a0<strong data-start=\"1259\" data-end=\"1275\">n\u00famero de ordem<\/strong>\u00a0para o nosso\u00a0<strong data-start=\"1283\" data-end=\"1312\">Servi\u00e7o de apoio ao cliente do WhatsApp<\/strong>\u00a0para uma recolha mais exacta do endere\u00e7o de envio.<\/p>\n<\/li>\n<li data-start=\"1360\" data-end=\"1611\">\n<p data-start=\"1362\" data-end=\"1398\">Os nossos principais m\u00e9todos de pagamento incluem:<\/p>\n<ul data-start=\"1401\" data-end=\"1611\">\n<li data-start=\"1401\" data-end=\"1413\">\n<p data-start=\"1403\" data-end=\"1413\"><strong data-start=\"1403\" data-end=\"1413\">PayPal<\/strong><\/p>\n<\/li>\n<li data-start=\"1416\" data-end=\"1428\">\n<p data-start=\"1418\" data-end=\"1428\"><strong data-start=\"1418\" data-end=\"1428\">Riscas<\/strong><\/p>\n<\/li>\n<li data-start=\"1431\" data-end=\"1449\">\n<p data-start=\"1433\" data-end=\"1449\"><strong data-start=\"1433\" data-end=\"1449\">Cart\u00f5es de cr\u00e9dito<\/strong><\/p>\n<\/li>\n<li data-start=\"1452\" data-end=\"1471\">\n<p data-start=\"1454\" data-end=\"1471\"><strong data-start=\"1454\" data-end=\"1471\">Western Union<\/strong><\/p>\n<\/li>\n<li data-start=\"1474\" data-end=\"1611\">\n<p data-start=\"1476\" data-end=\"1611\">As moedas estrangeiras s\u00e3o convertidas \u00e0 taxa de\u00a0<strong data-start=\"1516\" data-end=\"1539\">taxa de c\u00e2mbio di\u00e1ria<\/strong>. Para mais informa\u00e7\u00f5es, contactar o nosso\u00a0<strong data-start=\"1581\" data-end=\"1610\">Servi\u00e7o de apoio ao cliente do WhatsApp<\/strong>.<\/p>\n<\/li>\n<\/ul>\n<\/li>\n<\/ul>\n<h3 data-start=\"1613\" data-end=\"1637\"><strong data-start=\"1613\" data-end=\"1637\">Servi\u00e7o p\u00f3s-venda:<\/strong><\/h3>\n<ul data-start=\"1639\" data-end=\"2122\">\n<li data-start=\"1639\" data-end=\"1867\">\n<p data-start=\"1641\" data-end=\"1867\"><strong data-start=\"1641\" data-end=\"1658\">Manter-se em contacto<\/strong>: Os clientes s\u00e3o aconselhados a\u00a0<strong data-start=\"1685\" data-end=\"1722\">adicionar o nosso servi\u00e7o de apoio ao cliente WhatsApp<\/strong>\u00a0antes de comprar para receber as informa\u00e7\u00f5es mais recentes. Se n\u00e3o tiver o WhatsApp, pode contactar-nos atrav\u00e9s de\u00a0<strong data-start=\"1827\" data-end=\"1836\">correio eletr\u00f3nico<\/strong>\u00a0em\u00a0<strong data-start=\"1840\" data-end=\"1865\"><a class=\"decorated-link cursor-pointer\" rel=\"noopener\" data-start=\"1842\" data-end=\"1863\">Info@chunghwashop.com<\/a><\/strong>.<\/p>\n<\/li>\n<li data-start=\"1868\" data-end=\"2122\">\n<p data-start=\"1870\" data-end=\"2122\"><strong data-start=\"1870\" data-end=\"1903\">Confirma\u00e7\u00e3o e seguimento da encomenda<\/strong>: Assim que o pagamento for confirmado, providenciaremos o envio imediato e enviaremos a\u00a0<strong data-start=\"1982\" data-end=\"2001\">n\u00famero de registo<\/strong>\u00a0para o seu WhatsApp ou e-mail. Verifique se h\u00e1 actualiza\u00e7\u00f5es! Sobre\u00a0<strong data-start=\"2060\" data-end=\"2121\">90% das encomendas internacionais EMS chegam dentro de 12-20 dias<\/strong>.<\/p>\n<\/li>\n<\/ul>\n<h3 data-start=\"2124\" data-end=\"2145\"><strong data-start=\"2124\" data-end=\"2145\">Quest\u00f5es fiscais:<\/strong><\/h3>\n<ul data-start=\"2147\" data-end=\"2405\">\n<li data-start=\"2147\" data-end=\"2405\">\n<p data-start=\"2149\" data-end=\"2405\"><strong data-start=\"2149\" data-end=\"2167\">Reformas fiscais da UE<\/strong>: A UE concluiu as reformas fiscais em\u00a0<strong data-start=\"2201\" data-end=\"2214\">julho de 2021<\/strong>, e imp\u00f5e atualmente taxas sobre as encomendas que variam entre alguns euros e v\u00e1rias dezenas de euros. Esta tributa\u00e7\u00e3o aplica-se a todas as encomendas postais que entram nestes pa\u00edses e n\u00e3o especificamente aos produtos do tabaco.<\/p>\n<\/li>\n<\/ul>\n<h3 data-start=\"2407\" data-end=\"2428\"><strong data-start=\"2407\" data-end=\"2428\">Encomendas por grosso:<\/strong><\/h3>\n<ul data-start=\"2430\" data-end=\"2600\">\n<li data-start=\"2430\" data-end=\"2600\">\n<p data-start=\"2432\" data-end=\"2600\"><strong data-start=\"2432\" data-end=\"2460\">Encomendas por grosso s\u00e3o bem-vindas<\/strong>: Aceitamos\u00a0<strong data-start=\"2472\" data-end=\"2492\">encomendas por grosso<\/strong>. Para mais informa\u00e7\u00f5es, contactar o nosso\u00a0<strong data-start=\"2526\" data-end=\"2555\">Servi\u00e7o de apoio ao cliente do WhatsApp<\/strong>\u00a0para obter mais informa\u00e7\u00f5es e as \u00faltimas actualiza\u00e7\u00f5es.<\/p>\n<\/li>\n<\/ul>\n<\/div>\n<\/div>\n<\/div>\n<\/div>\n<\/div>\n<div class=\"elementor-element elementor-element-6379745 e-flex e-con-boxed e-con e-parent e-lazyloaded\" data-id=\"6379745\" data-element_type=\"container\" data-e-type=\"container\">\n<div class=\"e-con-inner\">\n<div class=\"elementor-element elementor-element-e73f6a1 elementor-widget elementor-widget-spacer\" data-id=\"e73f6a1\" data-element_type=\"widget\" data-e-type=\"widget\" data-widget_type=\"spacer.default\">\n<div class=\"elementor-spacer\"><\/div>\n<\/div>\n<\/div>\n<\/div>","protected":false},"excerpt":{"rendered":"<section class=\"text-token-text-primary w-full focus:outline-none [--shadow-height:45px] has-data-writing-block:pointer-events-none has-data-writing-block:-mt-(--shadow-height) has-data-writing-block:pt-(--shadow-height) [&amp;:has([data-writing-block])&gt;*]:pointer-events-auto [content-visibility:auto] supports-[content-visibility:auto]:[contain-intrinsic-size:auto_100lvh] R6Vx5W_threadScrollVars scroll-mb-[calc(var(--scroll-root-safe-area-inset-bottom,0px)+var(--thread-response-height))] scroll-mt-[calc(var(--header-height)+min(200px,max(70px,20svh)))]\" dir=\"auto\" data-turn-id=\"request-69e6db36-df00-83ea-a4d0-0073b1d686c3-1\" data-testid=\"conversation-turn-114\" data-scroll-anchor=\"false\" data-turn=\"assistant\">\n<div class=\"text-base my-auto mx-auto pb-10 [--thread-content-margin:var(--thread-content-margin-xs,calc(var(--spacing)*4))] @w-sm\/main:[--thread-content-margin:var(--thread-content-margin-sm,calc(var(--spacing)*6))] @w-lg\/main:[--thread-content-margin:var(--thread-content-margin-lg,calc(var(--spacing)*16))] px-(--thread-content-margin)\">\n<div class=\"[--thread-content-max-width:40rem] @w-lg\/main:[--thread-content-max-width:48rem] mx-auto max-w-(--thread-content-max-width) flex-1 group\/turn-messages focus-visible:outline-hidden relative flex w-full min-w-0 flex-col agent-turn\">\n<div class=\"flex max-w-full flex-col gap-4 grow\">\n<div class=\"min-h-8 text-message relative flex w-full flex-col items-end gap-2 text-start break-words whitespace-normal outline-none keyboard-focused:focus-ring [.text-message+&amp;]:mt-1\" dir=\"auto\" tabindex=\"0\" data-message-author-role=\"assistant\" data-message-id=\"39c752f6-c4cb-474f-974b-12ede7137056\" data-message-model-slug=\"gpt-5-4-thinking\" data-turn-start-message=\"true\">\n<div class=\"flex w-full flex-col gap-1 empty:hidden\">\n<div class=\"markdown prose dark:prose-invert w-full wrap-break-word light markdown-new-styling\">\n<ul>\n<li><strong data-start=\"3\" data-end=\"34\" data-is-only-node=\"\">Nanjing Yuhuashi Cigarettes<\/strong> feature a slim cigarette format with a yellow hard paper box design and red secondary details, giving the product a bright and recognizable appearance.<\/li>\n<li>Made in a <strong data-start=\"201\" data-end=\"223\">flue-cured tobacco<\/strong> style, this product is suitable for adult buyers who prefer Chinese cigarette varieties with a lighter specification profile.<\/li>\n<li>Each cigarette measures <strong data-start=\"378\" data-end=\"396\">97mm in length<\/strong>, offering a longer slim format compared with standard 84mm cigarettes.<\/li>\n<li>The specification includes <strong data-start=\"499\" data-end=\"510\">5mg tar<\/strong>, <strong data-start=\"512\" data-end=\"530\">0.5mg nicotine<\/strong>, and <strong data-start=\"536\" data-end=\"559\">4mg carbon monoxide<\/strong>, making it a lower-tar option within the listed product range.<\/li>\n<li>Each pack contains <strong data-start=\"646\" data-end=\"663\">20 cigarettes<\/strong>, with <strong data-start=\"670\" data-end=\"693\">10 packs per carton<\/strong>, totaling <strong data-start=\"704\" data-end=\"733\">200 cigarettes per carton<\/strong> for retail, carton-based purchase, or wholesale needs.<\/li>\n<\/ul>\n<\/div>\n<\/div>\n<\/div>\n<\/div>\n<\/div>\n<\/div>\n<\/section>\n<div class=\"pointer-events-none -mt-px h-px translate-y-[calc(var(--scroll-root-safe-area-inset-bottom)-14*var(--spacing))]\" aria-hidden=\"true\"><\/div>\n","protected":false},"featured_media":1195,"comment_status":"open","ping_status":"closed","template":"","meta":{"_joinchat":[]},"product_brand":[],"product_cat":[93],"product_tag":[],"class_list":{"0":"post-1194","1":"product","2":"type-product","3":"status-publish","4":"has-post-thumbnail","6":"product_cat-nanjing","8":"first","9":"instock","10":"shipping-taxable","11":"purchasable","12":"product-type-simple"},"_links":{"self":[{"href":"https:\/\/www.chunghwashop.com\/pt\/wp-json\/wp\/v2\/product\/1194","targetHints":{"allow":["GET"]}}],"collection":[{"href":"https:\/\/www.chunghwashop.com\/pt\/wp-json\/wp\/v2\/product"}],"about":[{"href":"https:\/\/www.chunghwashop.com\/pt\/wp-json\/wp\/v2\/types\/product"}],"replies":[{"embeddable":true,"href":"https:\/\/www.chunghwashop.com\/pt\/wp-json\/wp\/v2\/comments?post=1194"}],"wp:featuredmedia":[{"embeddable":true,"href":"https:\/\/www.chunghwashop.com\/pt\/wp-json\/wp\/v2\/media\/1195"}],"wp:attachment":[{"href":"https:\/\/www.chunghwashop.com\/pt\/wp-json\/wp\/v2\/media?parent=1194"}],"wp:term":[{"taxonomy":"product_brand","embeddable":true,"href":"https:\/\/www.chunghwashop.com\/pt\/wp-json\/wp\/v2\/product_brand?post=1194"},{"taxonomy":"product_cat","embeddable":true,"href":"https:\/\/www.chunghwashop.com\/pt\/wp-json\/wp\/v2\/product_cat?post=1194"},{"taxonomy":"product_tag","embeddable":true,"href":"https:\/\/www.chunghwashop.com\/pt\/wp-json\/wp\/v2\/product_tag?post=1194"}],"curies":[{"name":"wp","href":"https:\/\/api.w.org\/{rel}","templated":true}]}}