{"id":1127,"date":"2026-04-22T11:41:44","date_gmt":"2026-04-22T03:41:44","guid":{"rendered":"https:\/\/www.chunghwashop.com\/?post_type=product&#038;p=1127"},"modified":"2026-04-23T18:19:52","modified_gmt":"2026-04-23T10:19:52","slug":"septwolves-red-cigarettes%ef%bc%88septwolves-red-wolf%ef%bc%89","status":"publish","type":"product","link":"https:\/\/www.chunghwashop.com\/pt\/produto\/septwolves-red-cigarettes%ef%bc%88septwolves-red-wolf%ef%bc%89","title":{"rendered":"Cigarros vermelhos de lobo\uff08Lobo vermelho de lobo\uff09"},"content":{"rendered":"<h3>Informa\u00e7\u00f5es sobre cigarros<\/h3>\n<table>\n<thead>\n<tr>\n<th>Atributo<\/th>\n<th>Especifica\u00e7\u00e3o<\/th>\n<\/tr>\n<\/thead>\n<tbody>\n<tr>\n<td>Marca<\/td>\n<td>Septwolves<\/td>\n<\/tr>\n<tr>\n<td>Alcatr\u00e3o<\/td>\n<td>11mg<\/td>\n<\/tr>\n<tr>\n<td>Mon\u00f3xido de carbono<\/td>\n<td>12mg<\/td>\n<\/tr>\n<tr>\n<td>Comprimento do filtro<\/td>\n<td>24 mm<\/td>\n<\/tr>\n<tr>\n<td>Embalagem<\/td>\n<td>Caixa de papel duro<\/td>\n<\/tr>\n<tr>\n<td>Cor secund\u00e1ria<\/td>\n<td>Ouro<\/td>\n<\/tr>\n<tr>\n<td>Contagem de caixas<\/td>\n<td>10<\/td>\n<\/tr>\n<tr>\n<td>Tipo<\/td>\n<td>Tabaco flue-cured<\/td>\n<\/tr>\n<tr>\n<td>Nicotina<\/td>\n<td>1mg<\/td>\n<\/tr>\n<tr>\n<td>Comprimento<\/td>\n<td>84 mm<\/td>\n<\/tr>\n<tr>\n<td>Circunfer\u00eancia<\/td>\n<td>24 mm<\/td>\n<\/tr>\n<tr>\n<td>Cor principal<\/td>\n<td>Vermelho<\/td>\n<\/tr>\n<tr>\n<td>Quantidade por embalagem<\/td>\n<td>20<\/td>\n<\/tr>\n<tr>\n<td>Por caixa<\/td>\n<td>200 cigarros<\/td>\n<\/tr>\n<\/tbody>\n<\/table>\n<p>&nbsp;<\/p>","protected":false},"excerpt":{"rendered":"<ul>\n<li data-section-id=\"1iaxx4q\" data-start=\"0\" data-end=\"157\"><strong data-start=\"3\" data-end=\"32\" data-is-only-node=\"\">Cigarros vermelhos Septwolves<\/strong>, tamb\u00e9m conhecido por <strong data-start=\"48\" data-end=\"71\">Lobo-vermelho Septwolves<\/strong>, As caixas de papel r\u00edgido vermelho e dourado apresentam um design cl\u00e1ssico com um aspeto arrojado e reconhec\u00edvel.<\/li>\n<li data-section-id=\"mvhtjm\" data-start=\"159\" data-end=\"286\">Fabricado num <strong data-start=\"172\" data-end=\"194\">tabaco flue-cured<\/strong> este produto oferece um perfil de cigarro tradicional chin\u00eas para os utilizadores adultos de tabaco.<\/li>\n<li data-section-id=\"otm36g\" data-start=\"288\" data-end=\"435\">Cada cigarro mede <strong data-start=\"315\" data-end=\"333\">84 mm de comprimento<\/strong> com um <strong data-start=\"341\" data-end=\"363\">Circunfer\u00eancia de 24 mm<\/strong> e um <strong data-start=\"370\" data-end=\"385\">Filtro de 24 mm<\/strong>, dando-lhe um formato normal de cigarro de tamanho normal.<\/li>\n<li data-section-id=\"546hxq\" data-start=\"437\" data-end=\"608\">A especifica\u00e7\u00e3o do cigarro inclui <strong data-start=\"477\" data-end=\"489\">11 mg de alcatr\u00e3o<\/strong>, <strong data-start=\"491\" data-end=\"507\">1mg de nicotina<\/strong>, e <strong data-start=\"513\" data-end=\"537\">12 mg de mon\u00f3xido de carbono<\/strong>, o que o torna adequado para os compradores que pretendem obter informa\u00e7\u00f5es pormenorizadas sobre o produto.<\/li>\n<li data-section-id=\"ecv3ys\" data-start=\"610\" data-end=\"762\" data-is-last-node=\"\">Cada embalagem cont\u00e9m <strong data-start=\"632\" data-end=\"649\">20 cigarros<\/strong>, com <strong data-start=\"656\" data-end=\"679\">10 pacotes por caixa<\/strong>, totalizando <strong data-start=\"690\" data-end=\"719\">200 cigarros por caixa<\/strong> para necessidades de compras a retalho ou em caixas de cart\u00e3o.<\/li>\n<\/ul>","protected":false},"featured_media":1128,"comment_status":"open","ping_status":"closed","template":"","meta":{"_joinchat":[]},"product_brand":[],"product_cat":[94],"product_tag":[],"class_list":{"0":"post-1127","1":"product","2":"type-product","3":"status-publish","4":"has-post-thumbnail","6":"product_cat-septwolves","8":"first","9":"instock","10":"shipping-taxable","11":"purchasable","12":"product-type-simple"},"_links":{"self":[{"href":"https:\/\/www.chunghwashop.com\/pt\/wp-json\/wp\/v2\/product\/1127","targetHints":{"allow":["GET"]}}],"collection":[{"href":"https:\/\/www.chunghwashop.com\/pt\/wp-json\/wp\/v2\/product"}],"about":[{"href":"https:\/\/www.chunghwashop.com\/pt\/wp-json\/wp\/v2\/types\/product"}],"replies":[{"embeddable":true,"href":"https:\/\/www.chunghwashop.com\/pt\/wp-json\/wp\/v2\/comments?post=1127"}],"wp:featuredmedia":[{"embeddable":true,"href":"https:\/\/www.chunghwashop.com\/pt\/wp-json\/wp\/v2\/media\/1128"}],"wp:attachment":[{"href":"https:\/\/www.chunghwashop.com\/pt\/wp-json\/wp\/v2\/media?parent=1127"}],"wp:term":[{"taxonomy":"product_brand","embeddable":true,"href":"https:\/\/www.chunghwashop.com\/pt\/wp-json\/wp\/v2\/product_brand?post=1127"},{"taxonomy":"product_cat","embeddable":true,"href":"https:\/\/www.chunghwashop.com\/pt\/wp-json\/wp\/v2\/product_cat?post=1127"},{"taxonomy":"product_tag","embeddable":true,"href":"https:\/\/www.chunghwashop.com\/pt\/wp-json\/wp\/v2\/product_tag?post=1127"}],"curies":[{"name":"wp","href":"https:\/\/api.w.org\/{rel}","templated":true}]}}