{"id":426,"date":"2026-03-07T12:45:09","date_gmt":"2026-03-07T04:45:09","guid":{"rendered":"https:\/\/www.chunghwashop.com\/?page_id=426"},"modified":"2026-03-16T11:15:55","modified_gmt":"2026-03-16T03:15:55","slug":"refund-policy","status":"publish","type":"page","link":"https:\/\/www.chunghwashop.com\/pt\/refund-policy","title":{"rendered":"Pol\u00edtica de reembolso"},"content":{"rendered":"<p><strong>Pol\u00edtica de reembolso<\/strong><br><strong>Data efectiva:<\/strong> 1 de janeiro de 2026<br><strong>\u00daltima atualiza\u00e7\u00e3o:<\/strong> 1 de janeiro de 2026<\/p>\n\n\n\n<p>Em <strong>ChunghwaShop<\/strong>, O nosso objetivo \u00e9 proporcionar uma experi\u00eancia de compra tranquila e transparente a todos os visitantes e clientes. A presente pol\u00edtica de reembolso descreve as condi\u00e7\u00f5es em que podem ser considerados reembolsos, substitui\u00e7\u00f5es ou ajustamentos de encomendas.<\/p>\n\n\n\n<p>Ao efetuar uma encomenda atrav\u00e9s do nosso s\u00edtio Web, o utilizador reconhece que leu e aceitou os termos descritos na presente pol\u00edtica.<\/p>\n\n\n\n<h2 class=\"wp-block-heading\">1. Revis\u00e3o e processamento de encomendas<\/h2>\n\n\n\n<p>As encomendas efectuadas atrav\u00e9s do s\u00edtio Web est\u00e3o sujeitas a an\u00e1lise e confirma\u00e7\u00e3o. Uma vez efectuado o pagamento, a encomenda pode entrar no estado de processamento. As encomendas que j\u00e1 tenham sido processadas ou preparadas para expedi\u00e7\u00e3o podem nem sempre ser eleg\u00edveis para anula\u00e7\u00e3o.<\/p>\n\n\n\n<p>Se necessitar de solicitar altera\u00e7\u00f5es ou o cancelamento, contacte-nos o mais rapidamente poss\u00edvel ap\u00f3s ter efectuado a sua encomenda.<\/p>\n\n\n\n<h2 class=\"wp-block-heading\">2. Cancelamento da encomenda<\/h2>\n\n\n\n<p>Os clientes podem solicitar o cancelamento da encomenda num per\u00edodo de tempo limitado ap\u00f3s terem efectuado a encomenda. Se a encomenda ainda n\u00e3o tiver sido processada ou enviada, poderemos tentar cancelar a encomenda.<\/p>\n\n\n\n<p>No entanto, depois de a encomenda ter entrado no processo de expedi\u00e7\u00e3o, o cancelamento pode j\u00e1 n\u00e3o ser poss\u00edvel.<\/p>\n\n\n\n<p>Os reembolsos relacionados com cancelamentos ser\u00e3o processados de acordo com as pol\u00edticas e os prazos do fornecedor do pagamento.<\/p>\n\n\n\n<h2 class=\"wp-block-heading\">3. Artigos danificados ou incorrectos<\/h2>\n\n\n\n<p>Se receber um artigo danificado durante o transporte ou significativamente diferente do que foi descrito no s\u00edtio Web, contacte-nos no prazo de <strong>48 horas ap\u00f3s a entrega<\/strong>.<\/p>\n\n\n\n<p>Ao apresentar um pedido, \u00e9 favor incluir:<\/p>\n\n\n\n<ul class=\"wp-block-list\">\n<li>n\u00famero de ordem<\/li>\n\n\n\n<li>fotografias da embalagem e do produto<\/li>\n\n\n\n<li>descri\u00e7\u00e3o da quest\u00e3o<\/li>\n<\/ul>\n\n\n\n<p>Ap\u00f3s an\u00e1lise, podemos oferecer uma resolu\u00e7\u00e3o adequada, que pode incluir uma substitui\u00e7\u00e3o, cr\u00e9dito na loja ou reembolso, dependendo das circunst\u00e2ncias.<\/p>\n\n\n\n<h2 class=\"wp-block-heading\">4. Remessas perdidas ou atrasadas<\/h2>\n\n\n\n<p>Os prazos de envio podem variar em fun\u00e7\u00e3o do desempenho da transportadora, do processamento alfandeg\u00e1rio, das condi\u00e7\u00f5es meteorol\u00f3gicas e de outros factores externos. Embora trabalhemos com parceiros de expedi\u00e7\u00e3o para garantir uma entrega atempada, podem ocorrer atrasos ocasionalmente.<\/p>\n\n\n\n<p>Se um envio parecer perdido ou significativamente atrasado, contacte-nos para que possamos ajudar a verificar o estado do envio junto da transportadora.<\/p>\n\n\n\n<p>A elegibilidade do reembolso nestes casos pode depender do resultado da investiga\u00e7\u00e3o do envio.<\/p>\n\n\n\n<h2 class=\"wp-block-heading\">5. Tempo de processamento do reembolso<\/h2>\n\n\n\n<p>Se um pedido de reembolso for aprovado, os reembolsos s\u00e3o normalmente processados de volta para o m\u00e9todo de pagamento original.<\/p>\n\n\n\n<p>Os tempos de processamento podem variar consoante o fornecedor de pagamentos, mas os reembolsos s\u00e3o normalmente efectuados no prazo de <strong>5-10 dias \u00fateis<\/strong> ap\u00f3s a aprova\u00e7\u00e3o. Alguns prestadores de servi\u00e7os de pagamento podem exigir um per\u00edodo de tempo adicional antes de os fundos aparecerem na sua conta.<\/p>\n\n\n\n<h2 class=\"wp-block-heading\">6. Situa\u00e7\u00f5es n\u00e3o reembols\u00e1veis<\/h2>\n\n\n\n<p>Os reembolsos podem n\u00e3o ser concedidos em determinadas circunst\u00e2ncias, incluindo, mas n\u00e3o se limitando a:<\/p>\n\n\n\n<ul class=\"wp-block-list\">\n<li>endere\u00e7o de envio incorreto fornecido pelo cliente<\/li>\n\n\n\n<li>atrasos na entrega causados pela alf\u00e2ndega, condi\u00e7\u00f5es climat\u00e9ricas ou transportadoras<\/li>\n\n\n\n<li>recusa de entrega pelo destinat\u00e1rio<\/li>\n\n\n\n<li>n\u00e3o fornecimento da documenta\u00e7\u00e3o necess\u00e1ria para um sinistro<\/li>\n\n\n\n<li>utiliza\u00e7\u00e3o incorrecta ou modifica\u00e7\u00e3o do produto ap\u00f3s a entrega<\/li>\n<\/ul>\n\n\n\n<p>Cada pedido ser\u00e1 analisado individualmente.<\/p>\n\n\n\n<h2 class=\"wp-block-heading\">7. Responsabilidade do cliente<\/h2>\n\n\n\n<p>Os clientes s\u00e3o respons\u00e1veis por fornecer dados de envio exactos e por garantir que a sua localiza\u00e7\u00e3o pode receber entregas de transportadoras internacionais.<\/p>\n\n\n\n<p>A apresenta\u00e7\u00e3o de informa\u00e7\u00f5es incorrectas durante o checkout pode resultar em atrasos na entrega ou tentativas de entrega falhadas.<\/p>\n\n\n\n<h2 class=\"wp-block-heading\">8. Actualiza\u00e7\u00f5es de pol\u00edticas<\/h2>\n\n\n\n<p>Reservamo-nos o direito de modificar ou atualizar esta Pol\u00edtica de Reembolso em qualquer altura para refletir altera\u00e7\u00f5es nas opera\u00e7\u00f5es comerciais, processos de envio ou requisitos legais.<\/p>\n\n\n\n<p>Quaisquer altera\u00e7\u00f5es ser\u00e3o publicadas nesta p\u00e1gina e entrar\u00e3o em vigor imediatamente ap\u00f3s a sua publica\u00e7\u00e3o.<\/p>\n\n\n\n<h2 class=\"wp-block-heading\">9. Contacto para pedidos de reembolso<\/h2>\n\n\n\n<p>Se tiver d\u00favidas sobre uma encomenda ou precisar de ajuda com um pedido de reembolso, contacte a nossa equipa de apoio.<\/p>\n\n\n\n<h2 class=\"wp-block-heading\">10.Return Address 1 (Reino Unido)<\/h2>\n\n\n\n<p>Daniel Banner<\/p>\n\n\n\n<p>Suite 12<\/p>\n\n\n\n<p>48 High Street<\/p>\n\n\n\n<p>Birmingham, B4 7SR<\/p>\n\n\n\n<p>Reino Unido<\/p>\n\n\n\n<p><strong>Telefone\/WhatsApp:<\/strong>\u00a0+44 7922291211<\/p>\n\n\n\n<p><strong>Correio eletr\u00f3nico<\/strong>:\u00a0<a href=\"mailto:info@chunghwashop.com\">info@chunghwashop.com<\/a><\/p>\n\n\n\n<p><strong>ChunghwaShop<\/strong><br>Correio eletr\u00f3nico:<a href=\"https:\/\/www.chunghwashop.com\/pt\/contact-us\/\"> <strong>info@chungwhashop.com<\/strong><\/a><br>P\u00e1gina de contacto: Dispon\u00edvel no nosso s\u00edtio Web<\/p>\n\n\n\n<p>A nossa equipa analisar\u00e1 o seu pedido e responder\u00e1 o mais rapidamente poss\u00edvel.<\/p>","protected":false},"excerpt":{"rendered":"<p>Refund PolicyEffective Date: January 1, 2026Last Updated: January 1, 2026 At ChunghwaShop, we aim to provide a smooth and transparent shopping experience for all visitors and customers. This Refund Policy outlines the conditions under which refunds, replacements, or order adjustments may be considered. By placing an order through our website, you acknowledge that you have [&hellip;]<\/p>\n","protected":false},"author":1,"featured_media":0,"parent":0,"menu_order":0,"comment_status":"closed","ping_status":"closed","template":"","meta":{"_joinchat":[],"footnotes":""},"class_list":["post-426","page","type-page","status-publish","hentry"],"_links":{"self":[{"href":"https:\/\/www.chunghwashop.com\/pt\/wp-json\/wp\/v2\/pages\/426","targetHints":{"allow":["GET"]}}],"collection":[{"href":"https:\/\/www.chunghwashop.com\/pt\/wp-json\/wp\/v2\/pages"}],"about":[{"href":"https:\/\/www.chunghwashop.com\/pt\/wp-json\/wp\/v2\/types\/page"}],"author":[{"embeddable":true,"href":"https:\/\/www.chunghwashop.com\/pt\/wp-json\/wp\/v2\/users\/1"}],"replies":[{"embeddable":true,"href":"https:\/\/www.chunghwashop.com\/pt\/wp-json\/wp\/v2\/comments?post=426"}],"version-history":[{"count":2,"href":"https:\/\/www.chunghwashop.com\/pt\/wp-json\/wp\/v2\/pages\/426\/revisions"}],"predecessor-version":[{"id":616,"href":"https:\/\/www.chunghwashop.com\/pt\/wp-json\/wp\/v2\/pages\/426\/revisions\/616"}],"wp:attachment":[{"href":"https:\/\/www.chunghwashop.com\/pt\/wp-json\/wp\/v2\/media?parent=426"}],"curies":[{"name":"wp","href":"https:\/\/api.w.org\/{rel}","templated":true}]}}