{"id":811,"date":"2026-04-16T14:20:18","date_gmt":"2026-04-16T06:20:18","guid":{"rendered":"https:\/\/www.chunghwashop.com\/?post_type=product&#038;p=811"},"modified":"2026-04-16T14:54:32","modified_gmt":"2026-04-16T06:54:32","slug":"airmez-25k","status":"publish","type":"product","link":"https:\/\/www.chunghwashop.com\/fr\/produit\/airmez-25k","title":{"rendered":"Airmez 25K"},"content":{"rendered":"<p data-start=\"172\" data-end=\"452\"><strong data-start=\"172\" data-end=\"196\">Airmez Tornado 25000<\/strong> est une vape jetable de grande capacit\u00e9 con\u00e7ue pour les utilisateurs qui recherchent des performances fluides, une utilisation durable et une large s\u00e9lection d'ar\u00f4mes populaires. Avec son design pratique et ses sp\u00e9cifications solides, c'est un bon choix pour les d\u00e9taillants et les grossistes.<\/p>\n<p data-start=\"454\" data-end=\"779\">Ce mod\u00e8le est livr\u00e9 avec <strong data-start=\"476\" data-end=\"496\">25ML de e-liquide<\/strong>, a <strong data-start=\"500\" data-end=\"513\">bobine de maille<\/strong>, un <strong data-start=\"518\" data-end=\"549\">Batterie rechargeable de 850mAh<\/strong>, et un <strong data-start=\"557\" data-end=\"581\">Port de charge de type C<\/strong> pour une exp\u00e9rience de vapotage fluide et fiable. Avec <strong data-start=\"632\" data-end=\"647\">5% nicotine<\/strong> et jusqu'\u00e0 <strong data-start=\"658\" data-end=\"673\">25000 bouff\u00e9es<\/strong>, Il convient aux utilisateurs qui recherchent un appareil de grande capacit\u00e9 au go\u00fbt homog\u00e8ne et \u00e0 la charge pratique.<\/p>\n<h3 data-section-id=\"bfe9be\" data-start=\"781\" data-end=\"801\">Caract\u00e9ristiques du produit<\/h3>\n<ul data-start=\"803\" data-end=\"1070\">\n<li data-section-id=\"7qfcy4\" data-start=\"803\" data-end=\"841\">Nom du produit : Airmez Tornado 25000<\/li>\n<li data-section-id=\"dq2tqt\" data-start=\"842\" data-end=\"869\">Nombre de bouff\u00e9es : 25000 bouff\u00e9es<\/li>\n<li data-section-id=\"143z8wq\" data-start=\"870\" data-end=\"895\">Teneur en nicotine : 5%<\/li>\n<li data-section-id=\"o6zcec\" data-start=\"896\" data-end=\"923\">Capacit\u00e9 E-liquide : 25ML<\/li>\n<li data-section-id=\"8u54nt\" data-start=\"924\" data-end=\"948\">Type de bobine : Bobine en maille<\/li>\n<li data-section-id=\"znchb6\" data-start=\"949\" data-end=\"974\">Port de charge : Type-C<\/li>\n<li data-section-id=\"1felt4i\" data-start=\"975\" data-end=\"1003\">Capacit\u00e9 de la batterie : 850mAh<\/li>\n<li data-section-id=\"is15ib\" data-start=\"1004\" data-end=\"1039\">Emballage : 10 pi\u00e8ces dans une bo\u00eete de pr\u00e9sentation<\/li>\n<li data-section-id=\"1sl4p9o\" data-start=\"1040\" data-end=\"1070\">Carton : 100 pi\u00e8ces par carton<\/li>\n<\/ul>\n<h3 data-section-id=\"10ynmgm\" data-start=\"1072\" data-end=\"1090\">Options de saveurs<\/h3>\n<ol data-start=\"1092\" data-end=\"1382\">\n<li data-section-id=\"lt51p3\" data-start=\"1092\" data-end=\"1118\">Past\u00e8que \u00e0 la fraise<\/li>\n<li data-section-id=\"1w2xu5g\" data-start=\"1119\" data-end=\"1148\">Kiwi Fruit de la passion Goyave<\/li>\n<li data-section-id=\"10ykjzq\" data-start=\"1149\" data-end=\"1170\">Myrtille sur glace<\/li>\n<li data-section-id=\"73m7gq\" data-start=\"1171\" data-end=\"1187\">P\u00eache Mangue<\/li>\n<li data-section-id=\"1hi9xho\" data-start=\"1188\" data-end=\"1207\">Glace \u00e0 la fraise<\/li>\n<li data-section-id=\"11khiag\" data-start=\"1208\" data-end=\"1226\">Baies m\u00e9lang\u00e9es<\/li>\n<li data-section-id=\"1w3hcpd\" data-start=\"1227\" data-end=\"1240\">Glace luxuriante<\/li>\n<li data-section-id=\"2x29tp\" data-start=\"1241\" data-end=\"1255\">Glace de raisin<\/li>\n<li data-section-id=\"vuyd6q\" data-start=\"1256\" data-end=\"1270\">Glace \u00e0 la p\u00eache<\/li>\n<li data-section-id=\"1b2xab5\" data-start=\"1271\" data-end=\"1291\">Limonade aux baies<\/li>\n<li data-section-id=\"xmjkw9\" data-start=\"1292\" data-end=\"1314\">Glace au fruit du dragon<\/li>\n<li data-section-id=\"iwpzmu\" data-start=\"1315\" data-end=\"1333\">Citron et citron vert<\/li>\n<li data-section-id=\"1vqyzhd\" data-start=\"1334\" data-end=\"1352\">Triple baie<\/li>\n<li data-section-id=\"2cz00p\" data-start=\"1353\" data-end=\"1365\">Cerise<\/li>\n<li data-section-id=\"citwu4\" data-start=\"1366\" data-end=\"1382\">Pomme acide<\/li>\n<\/ol>\n<h3 data-section-id=\"p6nu3z\" data-start=\"1384\" data-end=\"1419\">Pourquoi choisir Airmez Tornado 25000<\/h3>\n<ul data-start=\"1421\" data-end=\"1713\">\n<li data-section-id=\"1nsk1rm\" data-start=\"1421\" data-end=\"1457\">Jusqu'\u00e0 25 000 bouff\u00e9es pour une utilisation prolong\u00e9e<\/li>\n<li data-section-id=\"1h0si85\" data-start=\"1458\" data-end=\"1492\">25ML e-liquide avec 5% nicotine<\/li>\n<li data-section-id=\"ib0yw8\" data-start=\"1493\" data-end=\"1524\">Vapeur douce gr\u00e2ce \u00e0 la bobine en maille<\/li>\n<li data-section-id=\"1g8zwq1\" data-start=\"1525\" data-end=\"1570\">Batterie rechargeable avec chargeur de type C<\/li>\n<li data-section-id=\"1xyauod\" data-start=\"1571\" data-end=\"1606\">Plusieurs options de saveurs populaires<\/li>\n<li data-section-id=\"uqqhx\" data-start=\"1607\" data-end=\"1659\">Convient \u00e0 la pr\u00e9sentation au d\u00e9tail et \u00e0 l'approvisionnement en gros<\/li>\n<li data-section-id=\"160n9vs\" data-start=\"1660\" data-end=\"1713\">Emballage pratique pour les ventes en magasin et les commandes en gros<\/li>\n<\/ul>\n<h3 data-section-id=\"hwjiak\" data-start=\"1715\" data-end=\"1725\">Avis<\/h3>\n<p data-start=\"1727\" data-end=\"1795\">Le prix des <strong data-start=\"1740\" data-end=\"1764\">Airmez Tornado 25000<\/strong> d\u00e9pend de la quantit\u00e9 command\u00e9e :<\/p>\n<ul data-start=\"1797\" data-end=\"1902\">\n<li data-section-id=\"130wclv\" data-start=\"1797\" data-end=\"1832\"><strong data-start=\"1799\" data-end=\"1812\">1-15 pcs :<\/strong> <strong data-start=\"1813\" data-end=\"1830\">US$26.99 chaque<\/strong><\/li>\n<li data-section-id=\"o602fh\" data-start=\"1833\" data-end=\"1869\"><strong data-start=\"1835\" data-end=\"1850\">16-199 pcs :<\/strong> <strong data-start=\"1851\" data-end=\"1867\">US$9,99 l'unit\u00e9<\/strong><\/li>\n<li data-section-id=\"15m7rhb\" data-start=\"1870\" data-end=\"1902\"><strong data-start=\"1872\" data-end=\"1885\">200+ pcs :<\/strong> <strong data-start=\"1886\" data-end=\"1902\">US$7.99 chaque<\/strong><\/li>\n<\/ul>\n<p data-start=\"1904\" data-end=\"2010\"><strong data-start=\"1904\" data-end=\"2010\">Le prix varie en fonction de la quantit\u00e9 command\u00e9e. Veuillez confirmer la quantit\u00e9 avant de passer votre commande.<\/strong><\/p>","protected":false},"excerpt":{"rendered":"<h3>Sp\u00e9cifications des produits<\/h3>\n<p>25ML de E-liquide<br \/>\n\u2611 Bobine de maille<br \/>\n\u2611 Port Type-C<br \/>\n850mAh<br \/>\n10 pi\u00e8ces dans une bo\u00eete de pr\u00e9sentation<br \/>\n\u2611 100pcs par carton<\/p>","protected":false},"featured_media":897,"comment_status":"open","ping_status":"closed","template":"","meta":{"_joinchat":[]},"product_brand":[],"product_cat":[87],"product_tag":[],"class_list":{"0":"post-811","1":"product","2":"type-product","3":"status-publish","4":"has-post-thumbnail","6":"product_cat-e-cigarettes-europe","8":"first","9":"instock","10":"shipping-taxable","11":"purchasable","12":"product-type-variable"},"_links":{"self":[{"href":"https:\/\/www.chunghwashop.com\/fr\/wp-json\/wp\/v2\/product\/811","targetHints":{"allow":["GET"]}}],"collection":[{"href":"https:\/\/www.chunghwashop.com\/fr\/wp-json\/wp\/v2\/product"}],"about":[{"href":"https:\/\/www.chunghwashop.com\/fr\/wp-json\/wp\/v2\/types\/product"}],"replies":[{"embeddable":true,"href":"https:\/\/www.chunghwashop.com\/fr\/wp-json\/wp\/v2\/comments?post=811"}],"wp:featuredmedia":[{"embeddable":true,"href":"https:\/\/www.chunghwashop.com\/fr\/wp-json\/wp\/v2\/media\/897"}],"wp:attachment":[{"href":"https:\/\/www.chunghwashop.com\/fr\/wp-json\/wp\/v2\/media?parent=811"}],"wp:term":[{"taxonomy":"product_brand","embeddable":true,"href":"https:\/\/www.chunghwashop.com\/fr\/wp-json\/wp\/v2\/product_brand?post=811"},{"taxonomy":"product_cat","embeddable":true,"href":"https:\/\/www.chunghwashop.com\/fr\/wp-json\/wp\/v2\/product_cat?post=811"},{"taxonomy":"product_tag","embeddable":true,"href":"https:\/\/www.chunghwashop.com\/fr\/wp-json\/wp\/v2\/product_tag?post=811"}],"curies":[{"name":"wp","href":"https:\/\/api.w.org\/{rel}","templated":true}]}}