{"id":810,"date":"2026-04-16T14:20:18","date_gmt":"2026-04-16T06:20:18","guid":{"rendered":"https:\/\/www.chunghwashop.com\/?post_type=product&#038;p=810"},"modified":"2026-04-16T14:54:32","modified_gmt":"2026-04-16T06:54:32","slug":"airmez-matrix-30k","status":"publish","type":"product","link":"https:\/\/www.chunghwashop.com\/fr\/produit\/airmez-matrix-30k","title":{"rendered":"Airmez Matrix 30K"},"content":{"rendered":"<p data-start=\"153\" data-end=\"424\"><strong data-start=\"153\" data-end=\"174\">Airmez Matrix 30K<\/strong> est une vape jetable de grande capacit\u00e9 con\u00e7ue pour les utilisateurs qui recherchent des performances \u00e9lev\u00e9es, des fonctionnalit\u00e9s modernes et une large gamme d'ar\u00f4mes populaires. Avec sa configuration avanc\u00e9e et son design \u00e9l\u00e9gant, c'est un bon choix pour les d\u00e9taillants et les grossistes.<\/p>\n<p data-start=\"426\" data-end=\"824\">Ce mod\u00e8le est livr\u00e9 avec <strong data-start=\"448\" data-end=\"463\">5% nicotine<\/strong>, <strong data-start=\"465\" data-end=\"485\">22ML d'e-liquide<\/strong>, <strong data-start=\"487\" data-end=\"509\">d\u00e9bit d'air r\u00e9glable<\/strong>, et un <strong data-start=\"518\" data-end=\"549\">Batterie rechargeable de 800mAh<\/strong> pour une exp\u00e9rience de vaporisation douce et durable. Il est \u00e9galement dot\u00e9 d'un <strong data-start=\"618\" data-end=\"641\">Grand \u00e9cran de 2,1 pouces<\/strong>, <strong data-start=\"643\" data-end=\"667\">pav\u00e9 tactile r\u00e9actif<\/strong>, <strong data-start=\"669\" data-end=\"687\">Bobine \u00e0 mailles de 1,2\u03a9<\/strong>, <strong data-start=\"689\" data-end=\"702\">double maille<\/strong>, et <strong data-start=\"708\" data-end=\"727\">Chargement de type C<\/strong>, Il s'agit donc d'une option pratique pour les utilisateurs qui recherchent \u00e0 la fois la commodit\u00e9 et la performance dans un seul appareil.<\/p>\n<h3 data-section-id=\"bfe9be\" data-start=\"826\" data-end=\"846\">Caract\u00e9ristiques du produit<\/h3>\n<ul data-start=\"848\" data-end=\"1223\">\n<li data-section-id=\"1vm47np\" data-start=\"848\" data-end=\"883\">Nom du produit : Airmez Matrix 30K<\/li>\n<li data-section-id=\"143z8wq\" data-start=\"884\" data-end=\"909\">Teneur en nicotine : 5%<\/li>\n<li data-section-id=\"o52k5f\" data-start=\"910\" data-end=\"937\">Capacit\u00e9 E-liquide : 22ML<\/li>\n<li data-section-id=\"16elqd\" data-start=\"938\" data-end=\"969\">D\u00e9bit d'air : Flux d'air r\u00e9glable<\/li>\n<li data-section-id=\"1wnjlof\" data-start=\"970\" data-end=\"1001\">\u00c9cran : Grand \u00e9cran de 2,1 pouces<\/li>\n<li data-section-id=\"1tsg2kc\" data-start=\"1002\" data-end=\"1041\">Contr\u00f4le tactile : Pav\u00e9 tactile r\u00e9actif<\/li>\n<li data-section-id=\"lc3anl\" data-start=\"1042\" data-end=\"1072\">Type de bobine : Bobine en maille, 1.2\u03a9<\/li>\n<li data-section-id=\"edjbv\" data-start=\"1073\" data-end=\"1102\">Structure de la maille : Double maille<\/li>\n<li data-section-id=\"znchb6\" data-start=\"1103\" data-end=\"1128\">Port de charge : Type-C<\/li>\n<li data-section-id=\"sy48qf\" data-start=\"1129\" data-end=\"1157\">Capacit\u00e9 de la batterie : 800mAh<\/li>\n<li data-section-id=\"8nblp3\" data-start=\"1158\" data-end=\"1192\">Emballage : 5 pi\u00e8ces dans une bo\u00eete de pr\u00e9sentation<\/li>\n<li data-section-id=\"w65gnj\" data-start=\"1193\" data-end=\"1223\">Carton : 200 pi\u00e8ces par carton<\/li>\n<\/ul>\n<h3 data-section-id=\"10ynmgm\" data-start=\"1225\" data-end=\"1243\">Options de saveurs<\/h3>\n<ol data-start=\"1245\" data-end=\"1495\">\n<li data-section-id=\"pt49fp\" data-start=\"1245\" data-end=\"1264\">Glace \u00e0 la past\u00e8que<\/li>\n<li data-section-id=\"ttb2yf\" data-start=\"1265\" data-end=\"1286\">Myrtille sur glace<\/li>\n<li data-section-id=\"1536zp2\" data-start=\"1287\" data-end=\"1311\">Myrtille Framboise<\/li>\n<li data-section-id=\"1rwhy4t\" data-start=\"1312\" data-end=\"1331\">Glace \u00e0 la fraise<\/li>\n<li data-section-id=\"1jyp4b4\" data-start=\"1332\" data-end=\"1346\">Glace de raisin<\/li>\n<li data-section-id=\"l61m9q\" data-start=\"1347\" data-end=\"1363\">Baies m\u00e9lang\u00e9es<\/li>\n<li data-section-id=\"1q6bpo1\" data-start=\"1364\" data-end=\"1381\">Fruit du dragon<\/li>\n<li data-section-id=\"mjlscy\" data-start=\"1382\" data-end=\"1402\">Fraise Kiwi<\/li>\n<li data-section-id=\"8bupgv\" data-start=\"1403\" data-end=\"1432\">Kiwi Fruit de la passion Goyave<\/li>\n<li data-section-id=\"lgtytd\" data-start=\"1433\" data-end=\"1458\">Framboise bleue acidul\u00e9e<\/li>\n<li data-section-id=\"1mlhdq5\" data-start=\"1459\" data-end=\"1476\">Cola \u00e0 la cerise<\/li>\n<li data-section-id=\"iwpzmu\" data-start=\"1477\" data-end=\"1495\">Citron et citron vert<\/li>\n<\/ol>\n<h3 data-section-id=\"md2tja\" data-start=\"1497\" data-end=\"1529\">Pourquoi choisir Airmez Matrix 30K<\/h3>\n<ul data-start=\"1531\" data-end=\"1870\">\n<li data-section-id=\"126jtc8\" data-start=\"1531\" data-end=\"1570\">Conception \u00e0 haute capacit\u00e9 pour une utilisation prolong\u00e9e<\/li>\n<li data-section-id=\"1g7fj2a\" data-start=\"1571\" data-end=\"1605\">22ML e-liquide avec 5% nicotine<\/li>\n<li data-section-id=\"1fun8lk\" data-start=\"1606\" data-end=\"1656\">Vapeur douce gr\u00e2ce \u00e0 la bobine \u00e0 maille de 1,2\u03a9 et \u00e0 la double maille<\/li>\n<li data-section-id=\"ywezxg\" data-start=\"1657\" data-end=\"1710\">Flux d'air r\u00e9glable pour une meilleure exp\u00e9rience de vapotage<\/li>\n<li data-section-id=\"1oju6m6\" data-start=\"1711\" data-end=\"1771\">Grand \u00e9cran et pav\u00e9 tactile r\u00e9actif pour une utilisation moderne<\/li>\n<li data-section-id=\"1g8zwq1\" data-start=\"1772\" data-end=\"1817\">Batterie rechargeable avec chargeur de type C<\/li>\n<li data-section-id=\"uqqhx\" data-start=\"1818\" data-end=\"1870\">Convient \u00e0 la pr\u00e9sentation au d\u00e9tail et \u00e0 l'approvisionnement en gros<\/li>\n<\/ul>\n<h3 data-section-id=\"hwjiak\" data-start=\"1872\" data-end=\"1882\">Avis<\/h3>\n<p data-start=\"1884\" data-end=\"1949\">Le prix des <strong data-start=\"1897\" data-end=\"1918\">Airmez Matrix 30K<\/strong> d\u00e9pend de la quantit\u00e9 command\u00e9e :<\/p>\n<ul data-start=\"1951\" data-end=\"2057\">\n<li data-section-id=\"l2x9i5\" data-start=\"1951\" data-end=\"1986\"><strong data-start=\"1953\" data-end=\"1966\">1-15 pcs :<\/strong> <strong data-start=\"1967\" data-end=\"1984\">US$28.99 chaque<\/strong><\/li>\n<li data-section-id=\"1r9nuet\" data-start=\"1987\" data-end=\"2024\"><strong data-start=\"1989\" data-end=\"2004\">16-199 pcs :<\/strong> <strong data-start=\"2005\" data-end=\"2022\">US$10,99 l'unit\u00e9<\/strong><\/li>\n<li data-section-id=\"1vgu9w0\" data-start=\"2025\" data-end=\"2057\"><strong data-start=\"2027\" data-end=\"2040\">200+ pcs :<\/strong> <strong data-start=\"2041\" data-end=\"2057\">US$8.99 chaque<\/strong><\/li>\n<\/ul>\n<p data-start=\"2059\" data-end=\"2165\"><strong data-start=\"2059\" data-end=\"2165\">Le prix varie en fonction de la quantit\u00e9 command\u00e9e. Veuillez confirmer la quantit\u00e9 avant de passer votre commande.<\/strong><\/p>","protected":false},"excerpt":{"rendered":"<h3>Sp\u00e9cifications des produits<\/h3>\n<p>\u2611 5% Nicotine<br \/>\n22ML de E-liquide.<br \/>\n\u2611 Flux d'air r\u00e9glable.<br \/>\n\u2611 Lucky Room to Play<br \/>\n\u00c9cran g\u00e9ant de 2,1 pouces<br \/>\nClavier tactile r\u00e9actif<br \/>\nBobine de maille, 1,2\u03a9.<br \/>\n\u2611 Dual Mesh<br \/>\n\u2611 Batterie rechargeable de type C<br \/>\n800mAh<br \/>\n5 pi\u00e8ces dans une bo\u00eete de pr\u00e9sentation.<br \/>\n200 pi\u00e8ces par carton<\/p>","protected":false},"featured_media":888,"comment_status":"open","ping_status":"closed","template":"","meta":{"_joinchat":[]},"product_brand":[],"product_cat":[87],"product_tag":[],"class_list":{"0":"post-810","1":"product","2":"type-product","3":"status-publish","4":"has-post-thumbnail","6":"product_cat-e-cigarettes-europe","8":"first","9":"instock","10":"shipping-taxable","11":"purchasable","12":"product-type-variable"},"_links":{"self":[{"href":"https:\/\/www.chunghwashop.com\/fr\/wp-json\/wp\/v2\/product\/810","targetHints":{"allow":["GET"]}}],"collection":[{"href":"https:\/\/www.chunghwashop.com\/fr\/wp-json\/wp\/v2\/product"}],"about":[{"href":"https:\/\/www.chunghwashop.com\/fr\/wp-json\/wp\/v2\/types\/product"}],"replies":[{"embeddable":true,"href":"https:\/\/www.chunghwashop.com\/fr\/wp-json\/wp\/v2\/comments?post=810"}],"wp:featuredmedia":[{"embeddable":true,"href":"https:\/\/www.chunghwashop.com\/fr\/wp-json\/wp\/v2\/media\/888"}],"wp:attachment":[{"href":"https:\/\/www.chunghwashop.com\/fr\/wp-json\/wp\/v2\/media?parent=810"}],"wp:term":[{"taxonomy":"product_brand","embeddable":true,"href":"https:\/\/www.chunghwashop.com\/fr\/wp-json\/wp\/v2\/product_brand?post=810"},{"taxonomy":"product_cat","embeddable":true,"href":"https:\/\/www.chunghwashop.com\/fr\/wp-json\/wp\/v2\/product_cat?post=810"},{"taxonomy":"product_tag","embeddable":true,"href":"https:\/\/www.chunghwashop.com\/fr\/wp-json\/wp\/v2\/product_tag?post=810"}],"curies":[{"name":"wp","href":"https:\/\/api.w.org\/{rel}","templated":true}]}}