{"id":807,"date":"2026-04-16T14:20:17","date_gmt":"2026-04-16T06:20:17","guid":{"rendered":"https:\/\/www.chunghwashop.com\/?post_type=product&#038;p=807"},"modified":"2026-04-16T14:54:15","modified_gmt":"2026-04-16T06:54:15","slug":"airmez-fox-6-in-1","status":"publish","type":"product","link":"https:\/\/www.chunghwashop.com\/fr\/produit\/airmez-fox-6-in-1","title":{"rendered":"Airmez FOX 6 IN 1"},"content":{"rendered":"<p data-start=\"91\" data-end=\"386\">Airmez FOX 6 IN 1 14000 Puffs est une vape jetable de grande capacit\u00e9 con\u00e7ue pour les utilisateurs qui recherchent des performances fluides, un chargement pratique et plusieurs ar\u00f4mes populaires dans un seul appareil. Avec son design pratique et ses combinaisons d'ar\u00f4mes, c'est un bon choix pour les d\u00e9taillants et les grossistes.<\/p>\n<p data-start=\"388\" data-end=\"650\">Ce mod\u00e8le est livr\u00e9 avec 15ML \u00d7 3 e-liquide, un mesh coil, une batterie rechargeable de 650mAh et un port de charge Type-C pour une exp\u00e9rience de vapotage fluide et fiable. Il d\u00e9livre jusqu'\u00e0 14 000 bouff\u00e9es, ce qui le rend adapt\u00e9 aux utilisateurs qui souhaitent une utilisation plus durable et un meilleur rapport qualit\u00e9-prix.<\/p>\n<h3 data-section-id=\"bfe9be\" data-start=\"652\" data-end=\"672\">Caract\u00e9ristiques du produit<\/h3>\n<ul data-start=\"674\" data-end=\"903\">\n<li data-section-id=\"pczjev\" data-start=\"674\" data-end=\"707\">Nom du produit : Airmez FOX 6 IN 1<\/li>\n<li data-section-id=\"1rgexyv\" data-start=\"708\" data-end=\"733\">Nombre de bouff\u00e9es : 14000 bouff\u00e9es<\/li>\n<li data-section-id=\"1drk5kz\" data-start=\"734\" data-end=\"763\">Capacit\u00e9 E-liquide : 15ML \u00d7 3<\/li>\n<li data-section-id=\"x0g1cp\" data-start=\"764\" data-end=\"786\">Type de bobine : Bobine en maille<\/li>\n<li data-section-id=\"y0jxnm\" data-start=\"787\" data-end=\"810\">Port de charge : Type-C<\/li>\n<li data-section-id=\"mjatto\" data-start=\"811\" data-end=\"837\">Capacit\u00e9 de la batterie : 650mAh<\/li>\n<li data-section-id=\"18fgbgi\" data-start=\"838\" data-end=\"870\">Emballage : 10 pi\u00e8ces par bo\u00eete de pr\u00e9sentation<\/li>\n<li data-section-id=\"99rgz4\" data-start=\"871\" data-end=\"903\">Carton : M\u00e9lange de 100 pi\u00e8ces par carton<\/li>\n<\/ul>\n<h3 data-section-id=\"1qo24uk\" data-start=\"905\" data-end=\"928\">Combinaisons de saveurs<\/h3>\n<ol data-start=\"930\" data-end=\"1406\">\n<li data-section-id=\"19ikqnk\" data-start=\"930\" data-end=\"972\">Love 66, Berry Lemonade, Fizzy Cherry<\/li>\n<li data-section-id=\"5mbq4d\" data-start=\"973\" data-end=\"1025\">Baies m\u00e9lang\u00e9es, Blue Razz Lemonade, Cherry Berry<\/li>\n<li data-section-id=\"f338eh\" data-start=\"1026\" data-end=\"1083\">Dragonfruit Ice, Fruity Fusion, Framboise Past\u00e8que<\/li>\n<li data-section-id=\"g1o5k3\" data-start=\"1084\" data-end=\"1116\">Cerise, glace au cola, glace \u00e0 la mangue<\/li>\n<li data-section-id=\"2yrmnh\" data-start=\"1117\" data-end=\"1152\">Peach Ice, Mango Ice, Dr. Blue<\/li>\n<li data-section-id=\"1hrwql9\" data-start=\"1153\" data-end=\"1210\">Fraise Banane, Vimto, Myrtille Cerise Canneberge<\/li>\n<li data-section-id=\"hhhicl\" data-start=\"1211\" data-end=\"1258\">Glace \u00e0 la fraise, Limonade rose, Bingo Crush<\/li>\n<li data-section-id=\"1oban9z\" data-start=\"1259\" data-end=\"1301\">Love 66, Fraise Kiwi, P\u00eache Mangue<\/li>\n<li data-section-id=\"t7k3u6\" data-start=\"1302\" data-end=\"1357\">Past\u00e8que \u00e0 la fraise, triple melon, glace Blue Razz<\/li>\n<li data-section-id=\"11hogoy\" data-start=\"1358\" data-end=\"1406\">Glace \u00e0 la past\u00e8que, Bingo Crush, Baies m\u00e9lang\u00e9es<\/li>\n<\/ol>\n<h3 data-section-id=\"6nrxxg\" data-start=\"1408\" data-end=\"1440\">Pourquoi choisir Airmez FOX 6 IN 1<\/h3>\n<ul data-start=\"1442\" data-end=\"1700\">\n<li data-section-id=\"141ppu8\" data-start=\"1442\" data-end=\"1476\">Jusqu'\u00e0 14 000 bouff\u00e9es pour une utilisation prolong\u00e9e<\/li>\n<li data-section-id=\"lenhua\" data-start=\"1477\" data-end=\"1507\">Saveur douce gr\u00e2ce \u00e0 la bobine en maille<\/li>\n<li data-section-id=\"1h53rah\" data-start=\"1508\" data-end=\"1551\">Batterie rechargeable avec chargeur de type C<\/li>\n<li data-section-id=\"1jubsp5\" data-start=\"1552\" data-end=\"1596\">Plusieurs combinaisons de saveurs dans un seul appareil<\/li>\n<li data-section-id=\"okkd7v\" data-start=\"1597\" data-end=\"1647\">Convient \u00e0 la pr\u00e9sentation au d\u00e9tail et aux commandes en gros<\/li>\n<li data-section-id=\"1ir3bm2\" data-start=\"1648\" data-end=\"1700\">Emballage attrayant pour la vente en magasin et l'approvisionnement en vrac<\/li>\n<\/ul>\n<h3 data-section-id=\"hwjiak\" data-start=\"1702\" data-end=\"1712\">Avis<\/h3>\n<p data-start=\"1714\" data-end=\"1787\">Le prix de Airmez FOX 6 IN 1 14000 Puffs d\u00e9pend de la quantit\u00e9 command\u00e9e :<\/p>\n<ul data-start=\"1789\" data-end=\"1867\">\n<li data-section-id=\"us7ftp\" data-start=\"1789\" data-end=\"1814\">1-15 pcs : US$28.99 l'unit\u00e9<\/li>\n<li data-section-id=\"4iw75h\" data-start=\"1815\" data-end=\"1842\">16-199 pcs : US$10.99 l'unit\u00e9<\/li>\n<li data-section-id=\"1f1g2s0\" data-start=\"1843\" data-end=\"1867\">200+ pcs : US$8.99 par pi\u00e8ce<\/li>\n<\/ul>\n<p data-start=\"1869\" data-end=\"1971\">Le prix varie en fonction de la quantit\u00e9 command\u00e9e. Veuillez confirmer la quantit\u00e9 avant de passer votre commande.<\/p>","protected":false},"excerpt":{"rendered":"<h3>Sp\u00e9cifications des produits<\/h3>\n<p>15ML*3 de E-liquide<br \/>\n\u2611 Bobine de maille<br \/>\n\u2611 Port Type-C<br \/>\n650mAh<br \/>\n10 pi\u00e8ces dans une bo\u00eete de pr\u00e9sentation<br \/>\nM\u00e9lange de 100 pi\u00e8ces par carton<\/p>","protected":false},"featured_media":855,"comment_status":"open","ping_status":"closed","template":"","meta":{"_joinchat":[]},"product_brand":[],"product_cat":[87],"product_tag":[],"class_list":{"0":"post-807","1":"product","2":"type-product","3":"status-publish","4":"has-post-thumbnail","6":"product_cat-e-cigarettes-europe","8":"first","9":"instock","10":"shipping-taxable","11":"purchasable","12":"product-type-variable"},"_links":{"self":[{"href":"https:\/\/www.chunghwashop.com\/fr\/wp-json\/wp\/v2\/product\/807","targetHints":{"allow":["GET"]}}],"collection":[{"href":"https:\/\/www.chunghwashop.com\/fr\/wp-json\/wp\/v2\/product"}],"about":[{"href":"https:\/\/www.chunghwashop.com\/fr\/wp-json\/wp\/v2\/types\/product"}],"replies":[{"embeddable":true,"href":"https:\/\/www.chunghwashop.com\/fr\/wp-json\/wp\/v2\/comments?post=807"}],"wp:featuredmedia":[{"embeddable":true,"href":"https:\/\/www.chunghwashop.com\/fr\/wp-json\/wp\/v2\/media\/855"}],"wp:attachment":[{"href":"https:\/\/www.chunghwashop.com\/fr\/wp-json\/wp\/v2\/media?parent=807"}],"wp:term":[{"taxonomy":"product_brand","embeddable":true,"href":"https:\/\/www.chunghwashop.com\/fr\/wp-json\/wp\/v2\/product_brand?post=807"},{"taxonomy":"product_cat","embeddable":true,"href":"https:\/\/www.chunghwashop.com\/fr\/wp-json\/wp\/v2\/product_cat?post=807"},{"taxonomy":"product_tag","embeddable":true,"href":"https:\/\/www.chunghwashop.com\/fr\/wp-json\/wp\/v2\/product_tag?post=807"}],"curies":[{"name":"wp","href":"https:\/\/api.w.org\/{rel}","templated":true}]}}