{"id":198,"date":"2026-04-23T19:46:59","date_gmt":"2026-04-23T11:46:59","guid":{"rendered":"https:\/\/www.chunghwashop.com\/?post_type=product&#038;p=198"},"modified":"2026-04-28T18:39:47","modified_gmt":"2026-04-28T10:39:47","slug":"chunghwa-gold-demi-slim","status":"publish","type":"product","link":"https:\/\/www.chunghwashop.com\/fr\/produit\/chunghwa-gold-demi-slim","title":{"rendered":"Chunghwa Gold Demi Slim"},"content":{"rendered":"<h3>Informations sur les cigarettes<\/h3>\n<table data-path-to-node=\"2\">\n<thead>\n<tr>\n<td><strong>Cat\u00e9gorie<\/strong><\/td>\n<td><strong>D\u00e9tails<\/strong><\/td>\n<\/tr>\n<\/thead>\n<tbody>\n<tr>\n<td><span data-path-to-node=\"2,1,0,0\"><b data-path-to-node=\"2,1,0,0\" data-index-in-node=\"0\">Marque<\/b><\/span><\/td>\n<td><span data-path-to-node=\"2,1,1,0\">Chunghwa<\/span><\/td>\n<\/tr>\n<tr>\n<td><span data-path-to-node=\"2,2,0,0\"><b data-path-to-node=\"2,2,0,0\" data-index-in-node=\"0\">Nom du produit<\/b><\/span><\/td>\n<td><span data-path-to-node=\"2,2,1,0\">Chunghwa Gold Demi Slim (taille moyenne)<\/span><\/td>\n<\/tr>\n<tr>\n<td><span data-path-to-node=\"2,3,0,0\"><b data-path-to-node=\"2,3,0,0\" data-index-in-node=\"0\">Type<\/b><\/span><\/td>\n<td><span data-path-to-node=\"2,3,1,0\">Tabac flue-cured<\/span><\/td>\n<\/tr>\n<tr>\n<td><span data-path-to-node=\"2,4,0,0\"><b data-path-to-node=\"2,4,0,0\" data-index-in-node=\"0\">Format<\/b><\/span><\/td>\n<td><span data-path-to-node=\"2,4,1,0\">Demi Slim (taille moyenne)<\/span><\/td>\n<\/tr>\n<tr>\n<td><span data-path-to-node=\"2,5,0,0\"><b data-path-to-node=\"2,5,0,0\" data-index-in-node=\"0\">Contenu du goudron<\/b><\/span><\/td>\n<td><span data-path-to-node=\"2,5,1,0\">10 mg<\/span><\/td>\n<\/tr>\n<tr>\n<td><span data-path-to-node=\"2,6,0,0\"><b data-path-to-node=\"2,6,0,0\" data-index-in-node=\"0\">Nicotine<\/b><\/span><\/td>\n<td><span data-path-to-node=\"2,6,1,0\">0,9 mg<\/span><\/td>\n<\/tr>\n<tr>\n<td><span data-path-to-node=\"2,7,0,0\"><b data-path-to-node=\"2,7,0,0\" data-index-in-node=\"0\">Monoxyde de carbone<\/b><\/span><\/td>\n<td><span data-path-to-node=\"2,7,1,0\">10 mg<\/span><\/td>\n<\/tr>\n<tr>\n<td><span data-path-to-node=\"2,8,0,0\"><b data-path-to-node=\"2,8,0,0\" data-index-in-node=\"0\">Longueur<\/b><\/span><\/td>\n<td><span data-path-to-node=\"2,8,1,0\">89mm<\/span><\/td>\n<\/tr>\n<tr>\n<td><span data-path-to-node=\"2,9,0,0\"><b data-path-to-node=\"2,9,0,0\" data-index-in-node=\"0\">Type d'emballage<\/b><\/span><\/td>\n<td><span data-path-to-node=\"2,9,1,0\">Pack dur<\/span><\/td>\n<\/tr>\n<tr>\n<td><span data-path-to-node=\"2,10,0,0\"><b data-path-to-node=\"2,10,0,0\" data-index-in-node=\"0\">Couleur primaire<\/b><\/span><\/td>\n<td><span data-path-to-node=\"2,10,1,0\">Rouge<\/span><\/td>\n<\/tr>\n<tr>\n<td><span data-path-to-node=\"2,11,0,0\"><b data-path-to-node=\"2,11,0,0\" data-index-in-node=\"0\">Couleur secondaire<\/b><\/span><\/td>\n<td><span data-path-to-node=\"2,11,1,0\">L'or<\/span><\/td>\n<\/tr>\n<tr>\n<td><span data-path-to-node=\"2,12,0,0\"><b data-path-to-node=\"2,12,0,0\" data-index-in-node=\"0\">Quantit\u00e9 par paquet<\/b><\/span><\/td>\n<td><span data-path-to-node=\"2,12,1,0\">20 b\u00e2tons<\/span><\/td>\n<\/tr>\n<tr>\n<td><span data-path-to-node=\"2,13,0,0\"><b data-path-to-node=\"2,13,0,0\" data-index-in-node=\"0\">Unit\u00e9 d'emballage<\/b><\/span><\/td>\n<td><span data-path-to-node=\"2,13,1,0\"><b data-path-to-node=\"2,13,1,0\" data-index-in-node=\"0\">Par cartouche 200 cigarettes<\/b> (10 paquets)<\/span><\/td>\n<\/tr>\n<\/tbody>\n<\/table>\n<h2 data-path-to-node=\"5\">Informations importantes avant l'achat<\/h2>\n<h3 data-path-to-node=\"6\">Authenticit\u00e9 et expertise<\/h3>\n<ul data-path-to-node=\"7\">\n<li>\n<p data-path-to-node=\"7,0,0\"><b data-path-to-node=\"7,0,0\" data-index-in-node=\"0\">100% Garantie :<\/b> Tous les produits proviennent de l'Union europ\u00e9enne. <b data-path-to-node=\"7,0,0\" data-index-in-node=\"51\">V\u00e9ritable r\u00e9seau national du tabac<\/b>. Nous appliquons une politique de tol\u00e9rance z\u00e9ro \u00e0 l'\u00e9gard des produits de contrefa\u00e7on.<\/p>\n<\/li>\n<li>\n<p data-path-to-node=\"7,1,0\"><b data-path-to-node=\"7,1,0\" data-index-in-node=\"0\">Experts en logistique mondiale :<\/b> Avec des ann\u00e9es d'exp\u00e9rience en <b data-path-to-node=\"7,1,0\" data-index-in-node=\"54\">logistique internationale<\/b>, Nous sommes sp\u00e9cialis\u00e9s dans la livraison s\u00fbre et discr\u00e8te de \u201cmarchandises sensibles\u201d. Les clients d'outre-mer peuvent faire leurs achats en toute tranquillit\u00e9.<\/p>\n<\/li>\n<li>\n<p data-path-to-node=\"7,2,0\"><b data-path-to-node=\"7,2,0\" data-index-in-node=\"0\">Commerce de gros et de d\u00e9tail :<\/b> Nous accueillons les amis chinois d'outre-mer et les acheteurs internationaux pour des commandes individuelles ou en gros.<\/p>\n<\/li>\n<\/ul>\n<h3 data-path-to-node=\"8\">Exp\u00e9dition et livraison<\/h3>\n<ul data-path-to-node=\"9\">\n<li>\n<p data-path-to-node=\"9,0,0\"><b data-path-to-node=\"9,0,0\" data-index-in-node=\"0\">Prix :<\/b> Tous les prix indiqu\u00e9s sont <b data-path-to-node=\"9,0,0\" data-index-in-node=\"31\">Par carton<\/b>.<\/p>\n<\/li>\n<li>\n<p data-path-to-node=\"9,1,0\"><b data-path-to-node=\"9,1,0\" data-index-in-node=\"0\">Livraison gratuite :<\/b> B\u00e9n\u00e9ficiez d'une livraison internationale gratuite pour toute commande d'un montant de <b data-path-to-node=\"9,1,0\" data-index-in-node=\"62\">un carton ou plus<\/b>.<\/p>\n<\/li>\n<li>\n<p data-path-to-node=\"9,2,0\"><b data-path-to-node=\"9,2,0\" data-index-in-node=\"0\">Suivi :<\/b> Une fois le paiement confirm\u00e9, nous fournirons un <b data-path-to-node=\"9,2,0\" data-index-in-node=\"55\">num\u00e9ro de suivi<\/b> par WhatsApp ou par courriel.<\/p>\n<\/li>\n<li>\n<p data-path-to-node=\"9,3,0\"><b data-path-to-node=\"9,3,0\" data-index-in-node=\"0\">D\u00e9lai de livraison :<\/b> Plus de <b data-path-to-node=\"9,3,0\" data-index-in-node=\"20\">90% des colis EMS<\/b> arrivent dans les <b data-path-to-node=\"9,3,0\" data-index-in-node=\"53\">12-20 jours<\/b>.<\/p>\n<\/li>\n<\/ul>\n<h3 data-path-to-node=\"10\">Instructions de paiement (action requise)<\/h3>\n<blockquote data-path-to-node=\"11\">\n<p data-path-to-node=\"11,0\">\u26a0\ufe0f <b data-path-to-node=\"11,0\" data-index-in-node=\"3\">IMPORTANT :<\/b> En raison de la nature sensible des produits du tabac, <b data-path-to-node=\"11,0\" data-index-in-node=\"63\">les paiements en ligne via le panier d'achat sont d\u00e9sactiv\u00e9s<\/b>.<\/p>\n<\/blockquote>\n<p data-path-to-node=\"12\"><b data-path-to-node=\"12\" data-index-in-node=\"0\">Suivez les \u00e9tapes suivantes pour compl\u00e9ter votre commande :<\/b><\/p>\n<ol start=\"1\" data-path-to-node=\"13\">\n<li>\n<p data-path-to-node=\"13,0,0\">Passez votre commande sur le site web.<\/p>\n<\/li>\n<li>\n<p data-path-to-node=\"13,1,0\"><b data-path-to-node=\"13,1,0\" data-index-in-node=\"0\">Ne pas<\/b> tenter de payer par l'interm\u00e9diaire du panier.<\/p>\n<\/li>\n<li>\n<p data-path-to-node=\"13,2,0\">Envoyez votre <b data-path-to-node=\"13,2,0\" data-index-in-node=\"10\">Num\u00e9ro de commande<\/b> \u00e0 notre <b data-path-to-node=\"13,2,0\" data-index-in-node=\"30\">WhatsApp (+44 7922 291211)<\/b>.<\/p>\n<\/li>\n<li>\n<p data-path-to-node=\"13,3,0\">Notre \u00e9quipe confirmera votre adresse de livraison et vous fournira les d\u00e9tails du paiement.<\/p>\n<\/li>\n<\/ol>\n<ul data-path-to-node=\"14\">\n<li>\n<p data-path-to-node=\"14,0,0\"><b data-path-to-node=\"14,0,0\" data-index-in-node=\"0\">M\u00e9thodes accept\u00e9es :<\/b> PayPal, Stripe, cartes de cr\u00e9dit et Western Union.<\/p>\n<\/li>\n<li>\n<p data-path-to-node=\"14,1,0\"><b data-path-to-node=\"14,1,0\" data-index-in-node=\"0\">Taux de change :<\/b> Les devises \u00e9trang\u00e8res sont converties au taux quotidien du march\u00e9.<\/p>\n<\/li>\n<\/ul>\n<h3 data-path-to-node=\"15\">Fiscalit\u00e9 (clients de l'UE)<\/h3>\n<ul data-path-to-node=\"16\">\n<li>\n<p data-path-to-node=\"16,0,0\"><b data-path-to-node=\"16,0,0\" data-index-in-node=\"0\">R\u00e9forme fiscale de l'UE :<\/b> Veuillez noter que depuis juillet 2021, l'UE impose des taxes sur tous les colis postaux entrants (g\u00e9n\u00e9ralement de quelques euros \u00e0 plusieurs dizaines d'euros). Il s'agit d'une politique fiscale g\u00e9n\u00e9rale qui n'est pas sp\u00e9cifique aux produits du tabac.<\/p>\n<\/li>\n<\/ul>\n<h3 data-path-to-node=\"17\">Contact et assistance<\/h3>\n<p data-path-to-node=\"18\">Restez au courant des derniers stocks et des prix de gros en vous connectant avec nous :<\/p>\n<ul data-path-to-node=\"19\">\n<li>\n<p data-path-to-node=\"19,0,0\"><b data-path-to-node=\"19,0,0\" data-index-in-node=\"0\">WhatsApp :<\/b> <a class=\"ng-star-inserted\" href=\"https:\/\/www.google.com\/search?q=https:\/\/wa.me\/447922291211\" target=\"_blank\" rel=\"noopener\" data-hveid=\"0\" data-ved=\"0CAAQ_4QMahcKEwiLqbPG0IiTAxUAAAAAHQAAAAAQaw\">+44 7922 291211<\/a> (Primaire)<\/p>\n<\/li>\n<li>\n<p data-path-to-node=\"19,1,0\"><b data-path-to-node=\"19,1,0\" data-index-in-node=\"0\">Courriel :<\/b> Info@chunghwashop.com<\/p>\n<\/li>\n<\/ul>","protected":false},"excerpt":{"rendered":"<ul>\n<li>\n<p data-path-to-node=\"3,0,0\"><b data-path-to-node=\"3,0,0\" data-index-in-node=\"0\">L'exp\u00e9rience authentique du Chunghwa<\/b>: Une cigarette \u201cDemi Slim\u201d (Mid-size) parfaitement \u00e9quilibr\u00e9e qui offre la saveur embl\u00e9matique et de premi\u00e8re qualit\u00e9 ainsi que le prestige de la marque Chunghwa.<\/p>\n<\/li>\n<li>\n<p data-path-to-node=\"3,1,0\"><b data-path-to-node=\"3,1,0\" data-index-in-node=\"0\">Tabac Premium Flue-Cured<\/b>: Fabriqu\u00e9 de mani\u00e8re experte \u00e0 l'aide de m\u00e9thodes traditionnelles de s\u00e9chage \u00e0 la flamme pour garantir un ar\u00f4me doux, riche et constamment stable.<\/p>\n<\/li>\n<li>\n<p data-path-to-node=\"3,2,0\"><b data-path-to-node=\"3,2,0\" data-index-in-node=\"0\">Profil technique de pr\u00e9cision<\/b>: Con\u00e7ue avec 10 mg de goudron, 0,9 mg de nicotine et 10 mg de monoxyde de carbone pour une fum\u00e9e raffin\u00e9e qui se situe parfaitement entre la l\u00e9g\u00e8ret\u00e9 et l'audace.<\/p>\n<\/li>\n<li>\n<p data-path-to-node=\"3,3,0\"><b data-path-to-node=\"3,3,0\" data-index-in-node=\"0\">Format \u00e9l\u00e9gant de 89 mm<\/b>: Con\u00e7ue avec une longueur de 89 mm pour offrir un toucher sophistiqu\u00e9 et une dur\u00e9e id\u00e9ale pour les pr\u00e9f\u00e9rences des fumeurs modernes.<\/p>\n<\/li>\n<li>\n<p data-path-to-node=\"3,4,0\"><b data-path-to-node=\"3,4,0\" data-index-in-node=\"0\">Pack dur professionnel<\/b>: Pr\u00e9sent\u00e9 dans un emballage rigide rouge et or de haute qualit\u00e9 ; 20 b\u00e2tonnets par paquet, 10 paquets par carton (<b data-path-to-node=\"3,4,0\" data-index-in-node=\"113\">Par cartouche 200 cigarettes<\/b>).<\/p>\n<\/li>\n<\/ul>","protected":false},"featured_media":204,"comment_status":"open","ping_status":"closed","template":"","meta":{"_joinchat":[]},"product_brand":[],"product_cat":[16],"product_tag":[],"class_list":{"0":"post-198","1":"product","2":"type-product","3":"status-publish","4":"has-post-thumbnail","6":"product_cat-chunghwa","7":"pa_specs-box-of-200","8":"pa_specs-pack-of-20","10":"first","11":"instock","12":"shipping-taxable","13":"purchasable","14":"product-type-variable"},"_links":{"self":[{"href":"https:\/\/www.chunghwashop.com\/fr\/wp-json\/wp\/v2\/product\/198","targetHints":{"allow":["GET"]}}],"collection":[{"href":"https:\/\/www.chunghwashop.com\/fr\/wp-json\/wp\/v2\/product"}],"about":[{"href":"https:\/\/www.chunghwashop.com\/fr\/wp-json\/wp\/v2\/types\/product"}],"replies":[{"embeddable":true,"href":"https:\/\/www.chunghwashop.com\/fr\/wp-json\/wp\/v2\/comments?post=198"}],"wp:featuredmedia":[{"embeddable":true,"href":"https:\/\/www.chunghwashop.com\/fr\/wp-json\/wp\/v2\/media\/204"}],"wp:attachment":[{"href":"https:\/\/www.chunghwashop.com\/fr\/wp-json\/wp\/v2\/media?parent=198"}],"wp:term":[{"taxonomy":"product_brand","embeddable":true,"href":"https:\/\/www.chunghwashop.com\/fr\/wp-json\/wp\/v2\/product_brand?post=198"},{"taxonomy":"product_cat","embeddable":true,"href":"https:\/\/www.chunghwashop.com\/fr\/wp-json\/wp\/v2\/product_cat?post=198"},{"taxonomy":"product_tag","embeddable":true,"href":"https:\/\/www.chunghwashop.com\/fr\/wp-json\/wp\/v2\/product_tag?post=198"}],"curies":[{"name":"wp","href":"https:\/\/api.w.org\/{rel}","templated":true}]}}