{"id":1139,"date":"2026-04-22T14:22:52","date_gmt":"2026-04-22T06:22:52","guid":{"rendered":"https:\/\/www.chunghwashop.com\/?post_type=product&#038;p=1139"},"modified":"2026-04-22T14:23:03","modified_gmt":"2026-04-22T06:23:03","slug":"liqun-long-filter","status":"publish","type":"product","link":"https:\/\/www.chunghwashop.com\/fr\/produit\/liqun-long-filter","title":{"rendered":"Filtre Liqun Long"},"content":{"rendered":"<h3>Informations sur les cigarettes<\/h3>\n<table>\n<thead>\n<tr>\n<th>Attribut<\/th>\n<th>D\u00e9tails<\/th>\n<\/tr>\n<\/thead>\n<tbody>\n<tr>\n<td>Marque<\/td>\n<td>Liqun<\/td>\n<\/tr>\n<tr>\n<td>Type<\/td>\n<td>Tabac flue-cured<\/td>\n<\/tr>\n<tr>\n<td>Goudron<\/td>\n<td>10 mg<\/td>\n<\/tr>\n<tr>\n<td>Nicotine<\/td>\n<td>1mg<\/td>\n<\/tr>\n<tr>\n<td>Monoxyde de carbone<\/td>\n<td>10 mg<\/td>\n<\/tr>\n<tr>\n<td>Longueur du filtre<\/td>\n<td>30 mm<\/td>\n<\/tr>\n<tr>\n<td>Longueur<\/td>\n<td>84mm<\/td>\n<\/tr>\n<tr>\n<td>Circonf\u00e9rence<\/td>\n<td>25 mm<\/td>\n<\/tr>\n<tr>\n<td>Emballage<\/td>\n<td>Bo\u00eete rigide en papier<\/td>\n<\/tr>\n<tr>\n<td>Couleur primaire<\/td>\n<td>Rouge<\/td>\n<\/tr>\n<tr>\n<td>Couleur secondaire<\/td>\n<td>L'or<\/td>\n<\/tr>\n<tr>\n<td>Quantit\u00e9 par paquet<\/td>\n<td>20 cigarettes<\/td>\n<\/tr>\n<tr>\n<td>Paquets par carton<\/td>\n<td>10 paquets<\/td>\n<\/tr>\n<tr>\n<td>Par carton<\/td>\n<td>200 cigarettes<\/td>\n<\/tr>\n<\/tbody>\n<\/table>\n<div id=\"primary\" class=\"content-area\">\n<p>&nbsp;<\/p>\n<div id=\"product-280\" class=\"product type-product post-280 status-publish first instock product_cat-hehua-lotus has-post-thumbnail shipping-taxable purchasable product-type-simple\">\n<div class=\"woocommerce-tabs wc-tabs-wrapper\">\n<div id=\"tab-description\" class=\"woocommerce-Tabs-panel woocommerce-Tabs-panel--description panel entry-content wc-tab\" role=\"tabpanel\" aria-labelledby=\"tab-title-description\">\n<h3 data-start=\"137\" data-end=\"176\"><strong data-start=\"137\" data-end=\"176\">Informations importantes avant l'achat :<\/strong><\/h3>\n<ul data-start=\"178\" data-end=\"781\">\n<li data-start=\"178\" data-end=\"502\">\n<p data-start=\"180\" data-end=\"502\"><strong data-start=\"180\" data-end=\"207\">Authenticit\u00e9 garantie<\/strong>: Genuine National Tobacco Network garantit la vente de produits authentiques. Les produits de contrefa\u00e7on sont strictement interdits. Les amis chinois d'outre-mer sont invit\u00e9s \u00e0 passer des commandes pour les produits suivants\u00a0<strong data-start=\"392\" data-end=\"405\">commerce de gros<\/strong>\u00a0et\u00a0<strong data-start=\"410\" data-end=\"420\">commerce de d\u00e9tail<\/strong>. Les acheteurs int\u00e9ress\u00e9s peuvent\u00a0<strong data-start=\"444\" data-end=\"464\">ajouter notre WhatsApp<\/strong>\u00a0(+447922291211) pour plus d'informations.<\/p>\n<\/li>\n<li data-start=\"503\" data-end=\"781\">\n<p data-start=\"505\" data-end=\"781\"><strong data-start=\"505\" data-end=\"529\">Op\u00e9rateur exp\u00e9riment\u00e9<\/strong>: L'exploitant de cette boutique en ligne poss\u00e8de des ann\u00e9es d'exp\u00e9rience dans le secteur de la logistique internationale et de la livraison express, ainsi qu'une expertise et des strat\u00e9gies approfondies en mati\u00e8re d'exp\u00e9dition de marchandises sensibles au niveau international. Les clients d'outre-mer peuvent acheter en toute confiance !<\/p>\n<\/li>\n<\/ul>\n<h3 data-start=\"783\" data-end=\"803\"><strong data-start=\"783\" data-end=\"803\">Politique d'exp\u00e9dition :<\/strong><\/h3>\n<ul data-start=\"805\" data-end=\"1004\">\n<li data-start=\"805\" data-end=\"1004\">\n<p data-start=\"807\" data-end=\"1004\"><strong data-start=\"807\" data-end=\"825\">Prix du carton<\/strong>: Tous les prix affich\u00e9s sur le site sont par carton.\u00a0<strong data-start=\"876\" data-end=\"893\">Livraison gratuite<\/strong>\u00a0s'applique aux commandes d'un carton ou plus. Pour plus de d\u00e9tails, veuillez contacter notre service client\u00e8le WhatsApp.<\/p>\n<\/li>\n<\/ul>\n<h3 data-start=\"1006\" data-end=\"1026\"><strong data-start=\"1006\" data-end=\"1026\">Modes de paiement :<\/strong><\/h3>\n<ul data-start=\"1028\" data-end=\"1611\">\n<li data-start=\"1028\" data-end=\"1359\">\n<p data-start=\"1030\" data-end=\"1359\"><strong data-start=\"1030\" data-end=\"1049\">Processus de paiement<\/strong>: En raison de la nature sensible de nos produits,\u00a0<strong data-start=\"1096\" data-end=\"1160\">les paiements en ligne via le panier d'achat sont actuellement d\u00e9sactiv\u00e9s<\/strong>. S'il vous pla\u00eet\u00a0<strong data-start=\"1169\" data-end=\"1221\">ne pas effectuer de paiements en ligne par le biais du panier<\/strong>. Apr\u00e8s avoir pass\u00e9 une commande, fournir le\u00a0<strong data-start=\"1259\" data-end=\"1275\">num\u00e9ro de commande<\/strong>\u00a0\u00e0 notre\u00a0<strong data-start=\"1283\" data-end=\"1312\">Service client\u00e8le de WhatsApp<\/strong>\u00a0pour une collecte plus pr\u00e9cise des adresses de livraison.<\/p>\n<\/li>\n<li data-start=\"1360\" data-end=\"1611\">\n<p data-start=\"1362\" data-end=\"1398\">Nos principales m\u00e9thodes de paiement sont les suivantes<\/p>\n<ul data-start=\"1401\" data-end=\"1611\">\n<li data-start=\"1401\" data-end=\"1413\">\n<p data-start=\"1403\" data-end=\"1413\"><strong data-start=\"1403\" data-end=\"1413\">PayPal<\/strong><\/p>\n<\/li>\n<li data-start=\"1416\" data-end=\"1428\">\n<p data-start=\"1418\" data-end=\"1428\"><strong data-start=\"1418\" data-end=\"1428\">Rayure<\/strong><\/p>\n<\/li>\n<li data-start=\"1431\" data-end=\"1449\">\n<p data-start=\"1433\" data-end=\"1449\"><strong data-start=\"1433\" data-end=\"1449\">Cartes de cr\u00e9dit<\/strong><\/p>\n<\/li>\n<li data-start=\"1452\" data-end=\"1471\">\n<p data-start=\"1454\" data-end=\"1471\"><strong data-start=\"1454\" data-end=\"1471\">Western Union<\/strong><\/p>\n<\/li>\n<li data-start=\"1474\" data-end=\"1611\">\n<p data-start=\"1476\" data-end=\"1611\">Les monnaies \u00e9trang\u00e8res sont converties au taux de change\u00a0<strong data-start=\"1516\" data-end=\"1539\">taux de change quotidien<\/strong>. Pour plus d'informations, veuillez contacter notre\u00a0<strong data-start=\"1581\" data-end=\"1610\">Service client\u00e8le de WhatsApp<\/strong>.<\/p>\n<\/li>\n<\/ul>\n<\/li>\n<\/ul>\n<h3 data-start=\"1613\" data-end=\"1637\"><strong data-start=\"1613\" data-end=\"1637\">Service apr\u00e8s-vente :<\/strong><\/h3>\n<ul data-start=\"1639\" data-end=\"2122\">\n<li data-start=\"1639\" data-end=\"1867\">\n<p data-start=\"1641\" data-end=\"1867\"><strong data-start=\"1641\" data-end=\"1658\">Rester en contact<\/strong>: Il est conseill\u00e9 aux clients de\u00a0<strong data-start=\"1685\" data-end=\"1722\">ajouter notre service client\u00e8le WhatsApp<\/strong>\u00a0avant l'achat pour recevoir les derni\u00e8res informations. Si vous n'avez pas WhatsApp, vous pouvez nous contacter via\u00a0<strong data-start=\"1827\" data-end=\"1836\">courriel<\/strong>\u00a0\u00e0\u00a0<strong data-start=\"1840\" data-end=\"1865\"><a class=\"decorated-link cursor-pointer\" rel=\"noopener\" data-start=\"1842\" data-end=\"1863\">Info@pandasmoking.com<\/a><\/strong>.<\/p>\n<\/li>\n<li data-start=\"1868\" data-end=\"2122\">\n<p data-start=\"1870\" data-end=\"2122\"><strong data-start=\"1870\" data-end=\"1903\">Confirmation de la commande et suivi<\/strong>: Une fois le paiement confirm\u00e9, nous organisons imm\u00e9diatement l'exp\u00e9dition et envoyons le colis \u00e0 l'exp\u00e9diteur.\u00a0<strong data-start=\"1982\" data-end=\"2001\">num\u00e9ro de suivi<\/strong>\u00a0sur votre WhatsApp ou par courriel. V\u00e9rifiez les mises \u00e0 jour ! Sur\u00a0<strong data-start=\"2060\" data-end=\"2121\">90% des colis internationaux EMS arrivent dans les 12-20 jours.<\/strong>.<\/p>\n<\/li>\n<\/ul>\n<h3 data-start=\"2124\" data-end=\"2145\"><strong data-start=\"2124\" data-end=\"2145\">Questions fiscales :<\/strong><\/h3>\n<ul data-start=\"2147\" data-end=\"2405\">\n<li data-start=\"2147\" data-end=\"2405\">\n<p data-start=\"2149\" data-end=\"2405\"><strong data-start=\"2149\" data-end=\"2167\">R\u00e9formes fiscales de l'UE<\/strong>: L'UE a achev\u00e9 les r\u00e9formes fiscales en\u00a0<strong data-start=\"2201\" data-end=\"2214\">Juillet 2021<\/strong>, et impose d\u00e9sormais des taxes sur les colis allant de quelques euros \u00e0 plusieurs dizaines d'euros. Cette taxation s'applique \u00e0 tous les colis postaux entrant dans ces pays, et non sp\u00e9cifiquement aux produits du tabac.<\/p>\n<\/li>\n<\/ul>\n<h3 data-start=\"2407\" data-end=\"2428\"><strong data-start=\"2407\" data-end=\"2428\">Commandes en gros :<\/strong><\/h3>\n<ul data-start=\"2430\" data-end=\"2600\">\n<li data-start=\"2430\" data-end=\"2600\">\n<p data-start=\"2432\" data-end=\"2600\"><strong data-start=\"2432\" data-end=\"2460\">Commandes en gros bienvenues<\/strong>: Nous acceptons\u00a0<strong data-start=\"2472\" data-end=\"2492\">commandes en gros<\/strong>. Pour plus de d\u00e9tails, veuillez contacter notre\u00a0<strong data-start=\"2526\" data-end=\"2555\">Service client\u00e8le de WhatsApp<\/strong>\u00a0pour plus d'informations et les derni\u00e8res mises \u00e0 jour.<\/p>\n<\/li>\n<\/ul>\n<\/div>\n<\/div>\n<\/div>\n<p>&nbsp;<\/p>\n<\/div>","protected":false},"excerpt":{"rendered":"<ul>\n<li data-section-id=\"mj54vr\" data-start=\"79\" data-end=\"181\">\n<p data-start=\"82\" data-end=\"181\"><strong data-start=\"82\" data-end=\"103\">Filtre Liqun Long<\/strong> est un <strong data-start=\"109\" data-end=\"131\" data-is-only-node=\"\">tabac flue-cured<\/strong> produit pr\u00e9sent\u00e9 dans un <strong data-start=\"155\" data-end=\"173\">bo\u00eete en papier rigide<\/strong> format.<\/p>\n<\/li>\n<li data-section-id=\"1dmepjk\" data-start=\"183\" data-end=\"313\">\n<p data-start=\"186\" data-end=\"313\">Le pack comprend un <strong data-start=\"206\" data-end=\"227\">couleur primaire rouge<\/strong> avec <strong data-start=\"233\" data-end=\"259\">accents secondaires en or<\/strong>, Ce qui lui conf\u00e8re un aspect distinctif et reconnaissable.<\/p>\n<\/li>\n<li data-section-id=\"p6a8by\" data-start=\"315\" data-end=\"403\">\n<p data-start=\"318\" data-end=\"403\">Chaque cigarette contient <strong data-start=\"342\" data-end=\"354\">10 mg de goudron<\/strong>, <strong data-start=\"356\" data-end=\"372\">1mg de nicotine<\/strong>, et <strong data-start=\"378\" data-end=\"402\">10 mg de monoxyde de carbone<\/strong>.<\/p>\n<\/li>\n<li data-section-id=\"11qnpvn\" data-start=\"405\" data-end=\"519\">\n<p data-start=\"408\" data-end=\"519\"><strong data-start=\"408\" data-end=\"429\">Filtre Liqun Long<\/strong> dispose d'un <strong data-start=\"437\" data-end=\"462\" data-is-only-node=\"\">Longueur de la cigarette 84 mm<\/strong>, a <strong data-start=\"466\" data-end=\"488\">Longueur du filtre 30 mm<\/strong>, et un <strong data-start=\"496\" data-end=\"518\">Circonf\u00e9rence de 25 mm<\/strong>.<\/p>\n<\/li>\n<li data-section-id=\"1yunewz\" data-start=\"521\" data-end=\"646\" data-is-last-node=\"\">\n<p data-start=\"524\" data-end=\"646\" data-is-last-node=\"\">Chaque paquet contient <strong data-start=\"543\" data-end=\"560\">20 cigarettes<\/strong>, Chaque carton comprend <strong data-start=\"587\" data-end=\"599\">10 paquets<\/strong>, pour un total de <strong data-start=\"616\" data-end=\"645\">200 cigarettes par carton<\/strong>.<\/p>\n<\/li>\n<\/ul>","protected":false},"featured_media":1148,"comment_status":"open","ping_status":"closed","template":"","meta":{"_joinchat":[]},"product_brand":[],"product_cat":[96],"product_tag":[],"class_list":{"0":"post-1139","1":"product","2":"type-product","3":"status-publish","4":"has-post-thumbnail","6":"product_cat-liqun","8":"first","9":"instock","10":"shipping-taxable","11":"purchasable","12":"product-type-simple"},"_links":{"self":[{"href":"https:\/\/www.chunghwashop.com\/fr\/wp-json\/wp\/v2\/product\/1139","targetHints":{"allow":["GET"]}}],"collection":[{"href":"https:\/\/www.chunghwashop.com\/fr\/wp-json\/wp\/v2\/product"}],"about":[{"href":"https:\/\/www.chunghwashop.com\/fr\/wp-json\/wp\/v2\/types\/product"}],"replies":[{"embeddable":true,"href":"https:\/\/www.chunghwashop.com\/fr\/wp-json\/wp\/v2\/comments?post=1139"}],"wp:featuredmedia":[{"embeddable":true,"href":"https:\/\/www.chunghwashop.com\/fr\/wp-json\/wp\/v2\/media\/1148"}],"wp:attachment":[{"href":"https:\/\/www.chunghwashop.com\/fr\/wp-json\/wp\/v2\/media?parent=1139"}],"wp:term":[{"taxonomy":"product_brand","embeddable":true,"href":"https:\/\/www.chunghwashop.com\/fr\/wp-json\/wp\/v2\/product_brand?post=1139"},{"taxonomy":"product_cat","embeddable":true,"href":"https:\/\/www.chunghwashop.com\/fr\/wp-json\/wp\/v2\/product_cat?post=1139"},{"taxonomy":"product_tag","embeddable":true,"href":"https:\/\/www.chunghwashop.com\/fr\/wp-json\/wp\/v2\/product_tag?post=1139"}],"curies":[{"name":"wp","href":"https:\/\/api.w.org\/{rel}","templated":true}]}}