{"id":1127,"date":"2026-04-22T11:41:44","date_gmt":"2026-04-22T03:41:44","guid":{"rendered":"https:\/\/www.chunghwashop.com\/?post_type=product&#038;p=1127"},"modified":"2026-04-23T18:19:52","modified_gmt":"2026-04-23T10:19:52","slug":"septwolves-red-cigarettes%ef%bc%88septwolves-red-wolf%ef%bc%89","status":"publish","type":"product","link":"https:\/\/www.chunghwashop.com\/fr\/produit\/septwolves-red-cigarettes%ef%bc%88septwolves-red-wolf%ef%bc%89","title":{"rendered":"Septwolves Red Cigarettes\uff08Septwolves Red Wolf\uff09 (Loup rouge)"},"content":{"rendered":"<h3>Informations sur les cigarettes<\/h3>\n<table>\n<thead>\n<tr>\n<th>Attribut<\/th>\n<th>Sp\u00e9cifications<\/th>\n<\/tr>\n<\/thead>\n<tbody>\n<tr>\n<td>Marque<\/td>\n<td>Loups septentrionaux<\/td>\n<\/tr>\n<tr>\n<td>Goudron<\/td>\n<td>11mg<\/td>\n<\/tr>\n<tr>\n<td>Monoxyde de carbone<\/td>\n<td>12 mg<\/td>\n<\/tr>\n<tr>\n<td>Longueur du filtre<\/td>\n<td>24 mm<\/td>\n<\/tr>\n<tr>\n<td>Emballage<\/td>\n<td>Bo\u00eete en papier rigide<\/td>\n<\/tr>\n<tr>\n<td>Couleur secondaire<\/td>\n<td>L'or<\/td>\n<\/tr>\n<tr>\n<td>Nombre de bo\u00eetes<\/td>\n<td>10<\/td>\n<\/tr>\n<tr>\n<td>Type<\/td>\n<td>Tabac flue-cured<\/td>\n<\/tr>\n<tr>\n<td>Nicotine<\/td>\n<td>1mg<\/td>\n<\/tr>\n<tr>\n<td>Longueur<\/td>\n<td>84mm<\/td>\n<\/tr>\n<tr>\n<td>Circonf\u00e9rence<\/td>\n<td>24 mm<\/td>\n<\/tr>\n<tr>\n<td>Couleur principale<\/td>\n<td>Rouge<\/td>\n<\/tr>\n<tr>\n<td>Quantit\u00e9 par paquet<\/td>\n<td>20<\/td>\n<\/tr>\n<tr>\n<td>Par carton<\/td>\n<td>200 cigarettes<\/td>\n<\/tr>\n<\/tbody>\n<\/table>\n<p>&nbsp;<\/p>","protected":false},"excerpt":{"rendered":"<ul>\n<li data-section-id=\"1iaxx4q\" data-start=\"0\" data-end=\"157\"><strong data-start=\"3\" data-end=\"32\" data-is-only-node=\"\">Cigarettes rouges Septwolves<\/strong>, \u00e9galement connu sous le nom de <strong data-start=\"48\" data-end=\"71\">Sept-loups Loup rouge<\/strong>, Les produits de la s\u00e9rie \"La vie en rose\" se pr\u00e9sentent sous la forme d'une bo\u00eete classique en papier rigide rouge et or, \u00e0 l'allure audacieuse et reconnaissable.<\/li>\n<li data-section-id=\"mvhtjm\" data-start=\"159\" data-end=\"286\">Fabriqu\u00e9 dans un <strong data-start=\"172\" data-end=\"194\">tabac flue-cured<\/strong> ce produit offre un profil de cigarette chinoise traditionnelle pour les consommateurs de tabac adultes.<\/li>\n<li data-section-id=\"otm36g\" data-start=\"288\" data-end=\"435\">Chaque cigarette mesure <strong data-start=\"315\" data-end=\"333\">84 mm de longueur<\/strong> avec un <strong data-start=\"341\" data-end=\"363\">Circonf\u00e9rence de 24 mm<\/strong> et un <strong data-start=\"370\" data-end=\"385\">Filtre de 24 mm<\/strong>, Le format de la cigarette est donc le m\u00eame que celui d'une cigarette normale.<\/li>\n<li data-section-id=\"546hxq\" data-start=\"437\" data-end=\"608\">La sp\u00e9cification relative aux cigarettes comprend <strong data-start=\"477\" data-end=\"489\">11mg de goudron<\/strong>, <strong data-start=\"491\" data-end=\"507\">1mg de nicotine<\/strong>, et <strong data-start=\"513\" data-end=\"537\">12 mg de monoxyde de carbone<\/strong>, Il convient donc aux acheteurs qui recherchent des informations d\u00e9taill\u00e9es sur les produits.<\/li>\n<li data-section-id=\"ecv3ys\" data-start=\"610\" data-end=\"762\" data-is-last-node=\"\">Chaque paquet contient <strong data-start=\"632\" data-end=\"649\">20 cigarettes<\/strong>, avec <strong data-start=\"656\" data-end=\"679\">10 paquets par carton<\/strong>, totalisant <strong data-start=\"690\" data-end=\"719\">200 cigarettes par carton<\/strong> pour les besoins de la vente au d\u00e9tail ou de l'achat de cartons.<\/li>\n<\/ul>","protected":false},"featured_media":1128,"comment_status":"open","ping_status":"closed","template":"","meta":{"_joinchat":[]},"product_brand":[],"product_cat":[94],"product_tag":[],"class_list":{"0":"post-1127","1":"product","2":"type-product","3":"status-publish","4":"has-post-thumbnail","6":"product_cat-septwolves","8":"first","9":"instock","10":"shipping-taxable","11":"purchasable","12":"product-type-simple"},"_links":{"self":[{"href":"https:\/\/www.chunghwashop.com\/fr\/wp-json\/wp\/v2\/product\/1127","targetHints":{"allow":["GET"]}}],"collection":[{"href":"https:\/\/www.chunghwashop.com\/fr\/wp-json\/wp\/v2\/product"}],"about":[{"href":"https:\/\/www.chunghwashop.com\/fr\/wp-json\/wp\/v2\/types\/product"}],"replies":[{"embeddable":true,"href":"https:\/\/www.chunghwashop.com\/fr\/wp-json\/wp\/v2\/comments?post=1127"}],"wp:featuredmedia":[{"embeddable":true,"href":"https:\/\/www.chunghwashop.com\/fr\/wp-json\/wp\/v2\/media\/1128"}],"wp:attachment":[{"href":"https:\/\/www.chunghwashop.com\/fr\/wp-json\/wp\/v2\/media?parent=1127"}],"wp:term":[{"taxonomy":"product_brand","embeddable":true,"href":"https:\/\/www.chunghwashop.com\/fr\/wp-json\/wp\/v2\/product_brand?post=1127"},{"taxonomy":"product_cat","embeddable":true,"href":"https:\/\/www.chunghwashop.com\/fr\/wp-json\/wp\/v2\/product_cat?post=1127"},{"taxonomy":"product_tag","embeddable":true,"href":"https:\/\/www.chunghwashop.com\/fr\/wp-json\/wp\/v2\/product_tag?post=1127"}],"curies":[{"name":"wp","href":"https:\/\/api.w.org\/{rel}","templated":true}]}}