{"id":1078,"date":"2026-04-17T17:24:00","date_gmt":"2026-04-17T09:24:00","guid":{"rendered":"https:\/\/www.chunghwashop.com\/?page_id=1078"},"modified":"2026-05-04T16:15:30","modified_gmt":"2026-05-04T08:15:30","slug":"payments","status":"publish","type":"page","link":"https:\/\/www.chunghwashop.com\/fr\/payments","title":{"rendered":"Paiements"},"content":{"rendered":"<h2 class=\"wp-block-heading\">Modes de paiement<\/h2>\n\n\n\n<p>Au <strong><a href=\"https:\/\/www.chunghwashop.com\/fr\/\">ChunghwaShop<\/a><\/strong>, Gr\u00e2ce \u00e0 notre syst\u00e8me de paiement en ligne, nous souhaitons rendre le paiement simple et pratique pour les clients du monde entier. Nous prenons en charge plusieurs m\u00e9thodes de paiement afin que vous puissiez choisir l'option qui vous convient le mieux.<\/p>\n\n\n\n<h3 class=\"wp-block-heading\">Modes de paiement accept\u00e9s<\/h3>\n\n\n\n<p>Nous acceptons actuellement les modes de paiement suivants :<\/p>\n\n\n\n<ul class=\"wp-block-list\">\n<li>PayPal<\/li>\n\n\n\n<li>Rayure<\/li>\n\n\n\n<li>Alipay<\/li>\n\n\n\n<li>WeChat Pay<\/li>\n\n\n\n<li>Western Union<\/li>\n\n\n\n<li>Visa<\/li>\n\n\n\n<li>Carte Mastercard<\/li>\n\n\n\n<li>American Express<\/li>\n\n\n\n<li>D\u00e9couvrir<\/li>\n\n\n\n<li>UnionPay<\/li>\n\n\n\n<li>JCB<\/li>\n\n\n\n<li><strong>USDT (TRC20)<\/strong><\/li>\n<\/ul>\n\n\n\n<p>En fonction de votre r\u00e9gion et de votre appareil, les m\u00e9thodes de paiement disponibles affich\u00e9es \u00e0 la caisse peuvent varier.<\/p>\n\n\n\n<h2 class=\"wp-block-heading\">Instructions de paiement USDT<\/h2>\n\n\n\n<p>Nous acceptons \u00e9galement <strong>USDT (TRC20 uniquement)<\/strong> pour les clients qui pr\u00e9f\u00e8rent les paiements en crypto-monnaie.<\/p>\n\n\n\n<p><strong>Adresse du portefeuille de r\u00e9ception :<\/strong><br><code>TRvad4RPeXfMCSWjmrNs2c6rStC3Wiq7s2<\/code><\/p>\n\n\n\n<h3 class=\"wp-block-heading\">Comment payer avec des USDT<\/h3>\n\n\n\n<ol class=\"wp-block-list\">\n<li>S\u00e9lectionner <strong>Paiement USDT<\/strong> \u00e0 la caisse.<\/li>\n\n\n\n<li>Le total de votre commande en <strong>USD<\/strong> sera converti en l'\u00e9quivalent <strong>Montant en USDT<\/strong>.<\/li>\n\n\n\n<li>Veillez \u00e0 ce que le paiement soit effectu\u00e9 par l'interm\u00e9diaire du <strong>R\u00e9seau TRC20 uniquement<\/strong>.<\/li>\n\n\n\n<li>Envoyez le montant exact en USDT \u00e0 l'adresse du portefeuille ci-dessous :<br><code>TRvad4RPeXfMCSWjmrNs2c6rStC3Wiq7s2<\/code><\/li>\n\n\n\n<li>Apr\u00e8s le paiement, veuillez envoyer votre <strong>Num\u00e9ro de commande + TXID (Transaction Hash)<\/strong> \u00e0 notre <strong>WhatsApp<\/strong>:<br><strong>+44 7922 291211<\/strong><\/li>\n\n\n\n<li>Nous confirmons g\u00e9n\u00e9ralement le paiement dans un d\u00e9lai de <strong>30 minutes<\/strong>.<\/li>\n\n\n\n<li>Si le paiement n'est pas effectu\u00e9 dans le d\u00e9lai de <strong>1 heure<\/strong>, la commande sera automatiquement annul\u00e9e.<\/li>\n<\/ol>\n\n\n\n<h3 class=\"wp-block-heading\">Remarques importantes<\/h3>\n\n\n\n<ul class=\"wp-block-list\">\n<li><strong>Seul le document USDT-TRC20 est accept\u00e9.<\/strong><\/li>\n\n\n\n<li>Faire <strong>pas<\/strong> envoyer d'autres pi\u00e8ces ou utiliser un autre r\u00e9seau, sous peine de perdre les fonds.<\/li>\n\n\n\n<li>Veuillez envoyer le <strong>montant exact du paiement<\/strong> indiqu\u00e9 lors du paiement.<\/li>\n\n\n\n<li>Pour acc\u00e9l\u00e9rer la v\u00e9rification, veuillez envoyer votre <strong>Num\u00e9ro de commande et TXID<\/strong> imm\u00e9diatement apr\u00e8s le paiement.<\/li>\n<\/ul>","protected":false},"excerpt":{"rendered":"<p>Payment Methods At ChunghwaShop, we aim to make checkout simple and convenient for customers worldwide. We support multiple payment methods so you can choose the option that works best for you. Accepted Payment Methods We currently accept the following payment options: Depending on your region and device, the available payment methods shown at checkout may [&hellip;]<\/p>\n","protected":false},"author":1,"featured_media":0,"parent":0,"menu_order":0,"comment_status":"closed","ping_status":"closed","template":"","meta":{"_joinchat":[],"footnotes":""},"class_list":["post-1078","page","type-page","status-publish","hentry"],"_links":{"self":[{"href":"https:\/\/www.chunghwashop.com\/fr\/wp-json\/wp\/v2\/pages\/1078","targetHints":{"allow":["GET"]}}],"collection":[{"href":"https:\/\/www.chunghwashop.com\/fr\/wp-json\/wp\/v2\/pages"}],"about":[{"href":"https:\/\/www.chunghwashop.com\/fr\/wp-json\/wp\/v2\/types\/page"}],"author":[{"embeddable":true,"href":"https:\/\/www.chunghwashop.com\/fr\/wp-json\/wp\/v2\/users\/1"}],"replies":[{"embeddable":true,"href":"https:\/\/www.chunghwashop.com\/fr\/wp-json\/wp\/v2\/comments?post=1078"}],"version-history":[{"count":2,"href":"https:\/\/www.chunghwashop.com\/fr\/wp-json\/wp\/v2\/pages\/1078\/revisions"}],"predecessor-version":[{"id":1268,"href":"https:\/\/www.chunghwashop.com\/fr\/wp-json\/wp\/v2\/pages\/1078\/revisions\/1268"}],"wp:attachment":[{"href":"https:\/\/www.chunghwashop.com\/fr\/wp-json\/wp\/v2\/media?parent=1078"}],"curies":[{"name":"wp","href":"https:\/\/api.w.org\/{rel}","templated":true}]}}