{"id":1029,"date":"2026-04-16T15:25:26","date_gmt":"2026-04-16T07:25:26","guid":{"rendered":"https:\/\/www.chunghwashop.com\/?page_id=1029"},"modified":"2026-04-16T15:25:30","modified_gmt":"2026-04-16T07:25:30","slug":"become-a-distributor","status":"publish","type":"page","link":"https:\/\/www.chunghwashop.com\/fr\/become-a-distributor","title":{"rendered":"Devenir distributeur"},"content":{"rendered":"<h2 class=\"wp-block-heading\"><strong>Vous cherchez \u00e0 acc\u00e9l\u00e9rer le traitement des commandes de vape en Europe et en Australie ?<\/strong><\/h2>\n\n\n\n<p>ChunghwaShop propose des solutions de distribution en entrep\u00f4t local pour les revendeurs, les dropshippers et les partenaires grossistes. Avec des quantit\u00e9s de commande flexibles, un support d'exp\u00e9dition rapide et une couverture de march\u00e9 s\u00e9lectionn\u00e9e, nous vous aidons \u00e0 servir vos clients plus efficacement.<\/p>\n\n\n\n<h2 class=\"wp-block-heading\">Pourquoi travailler avec PandaSmoking<\/h2>\n\n\n\n<ul class=\"wp-block-list\">\n<li><strong>Soutien aux entrep\u00f4ts locaux en Europe et en Australie<\/strong><\/li>\n\n\n\n<li><strong>Dropshipping disponible \u00e0 partir d'une seule pi\u00e8ce<\/strong><\/li>\n\n\n\n<li><strong>Commande initiale recommand\u00e9e : 15 pi\u00e8ces<\/strong><\/li>\n\n\n\n<li>Une ex\u00e9cution locale plus rapide<\/li>\n\n\n\n<li>Options de quantit\u00e9s flexibles pour les petits et les grands acheteurs<\/li>\n\n\n\n<li>Convient aux d\u00e9taillants, aux vendeurs en ligne et aux partenaires de distribution<\/li>\n<\/ul>\n\n\n\n<h2 class=\"wp-block-heading\">Couverture des entrep\u00f4ts d'outre-mer<\/h2>\n\n\n\n<h3 class=\"wp-block-heading\">Entrep\u00f4t europ\u00e9en<\/h3>\n\n\n\n<p>L'entrep\u00f4t europ\u00e9en prend en charge&nbsp;<strong>dropshipping<\/strong>&nbsp;et peut \u00eatre exp\u00e9di\u00e9 dans les pays suivants :<\/p>\n\n\n\n<ul class=\"wp-block-list\">\n<li>Espagne<\/li>\n\n\n\n<li>Portugal<\/li>\n\n\n\n<li>France<\/li>\n\n\n\n<li>Allemagne<\/li>\n\n\n\n<li>Italie<\/li>\n\n\n\n<li>Autriche<\/li>\n\n\n\n<li>Luxembourg<\/li>\n\n\n\n<li>Pays-Bas<\/li>\n\n\n\n<li>Belgique<\/li>\n\n\n\n<li>Danemark<\/li>\n\n\n\n<li>Pologne<\/li>\n\n\n\n<li>Slov\u00e9nie<\/li>\n\n\n\n<li>Slovaquie<\/li>\n\n\n\n<li>Estonie<\/li>\n\n\n\n<li>Lettonie<\/li>\n\n\n\n<li>Lituanie<\/li>\n\n\n\n<li>Bulgarie<\/li>\n\n\n\n<li>Croatie<\/li>\n\n\n\n<li>Finlande<\/li>\n\n\n\n<li>Roumanie<\/li>\n\n\n\n<li>Su\u00e8de<\/li>\n\n\n\n<li>R\u00e9publique tch\u00e8que<\/li>\n\n\n\n<li>Hongrie<\/li>\n\n\n\n<li>Gr\u00e8ce<\/li>\n\n\n\n<li>Irlande<\/li>\n<\/ul>\n\n\n\n<h3 class=\"wp-block-heading\">Entrep\u00f4t d'Australie<\/h3>\n\n\n\n<p>L'entrep\u00f4t australien prend \u00e9galement en charge&nbsp;<strong>dropshipping \u00e0 partir de 1 pi\u00e8ce<\/strong>.<br>Pour conna\u00eetre la disponibilit\u00e9 du stock local et les modalit\u00e9s de livraison, veuillez nous contacter avant de passer une commande plus importante.<\/p>\n\n\n\n<h2 class=\"wp-block-heading\">Politique en mati\u00e8re de quantit\u00e9s command\u00e9es<\/h2>\n\n\n\n<ul class=\"wp-block-list\">\n<li><strong>Quantit\u00e9 minimale pour le dropshipping :<\/strong>\u00a01 pi\u00e8ce<\/li>\n\n\n\n<li><strong>Quantit\u00e9 initiale recommand\u00e9e :<\/strong>\u00a015 pi\u00e8ces<\/li>\n<\/ul>\n\n\n\n<p>La quantit\u00e9 de commande recommand\u00e9e permet d'am\u00e9liorer l'efficacit\u00e9 du traitement des commandes et offre une plus grande flexibilit\u00e9 aux revendeurs et aux distributeurs.<\/p>\n\n\n\n<h2 class=\"wp-block-heading\">Remarques importantes concernant l'exp\u00e9dition<\/h2>\n\n\n\n<p>Veuillez lire attentivement ce qui suit. Les commandes pass\u00e9es par l'interm\u00e9diaire d'un entrep\u00f4t d'exp\u00e9dition \u00e0 l'\u00e9tranger sont consid\u00e9r\u00e9es comme acceptant ces conditions par d\u00e9faut.<\/p>\n\n\n\n<h3 class=\"wp-block-heading\">Cas non couverts par le service apr\u00e8s-vente<\/h3>\n\n\n\n<p>Nous ne sommes pas en mesure d'assurer le service apr\u00e8s-vente pour les probl\u00e8mes logistiques caus\u00e9s par les situations suivantes :<\/p>\n\n\n\n<ol class=\"wp-block-list\">\n<li>Informations d'exp\u00e9dition incorrectes fournies par le client, entra\u00eenant la perte du colis ou l'\u00e9chec de la livraison.<\/li>\n\n\n\n<li>Interruption du suivi caus\u00e9e par un d\u00e9douanement secondaire<\/li>\n\n\n\n<li>Perte de colis due \u00e0 l'indisponibilit\u00e9 du destinataire lors de la livraison<\/li>\n\n\n\n<li>Perte partielle du produit d\u00e9couverte \u00e0 l'int\u00e9rieur du colis lors de la livraison<\/li>\n\n\n\n<li>Perte de colis caus\u00e9e par un changement d'adresse de livraison ou de num\u00e9ro de t\u00e9l\u00e9phone apr\u00e8s l'exp\u00e9dition<\/li>\n<\/ol>\n\n\n\n<h2 class=\"wp-block-heading\">Surtaxe pour les r\u00e9gions \u00e9loign\u00e9es<\/h2>\n\n\n\n<p>Si l'adresse de livraison est situ\u00e9e dans un&nbsp;<strong>r\u00e9gion \u00e9loign\u00e9e<\/strong>, des frais d'exp\u00e9dition suppl\u00e9mentaires peuvent \u00eatre appliqu\u00e9s.<br>Veuillez nous contacter \u00e0 l'avance avec l'adresse de livraison pour confirmation. Nous vous remercions de votre compr\u00e9hension.<\/p>\n\n\n\n<h2 class=\"wp-block-heading\">Avis sur le mode d'exp\u00e9dition<\/h2>\n\n\n\n<p>Les prix de nos entrep\u00f4ts \u00e0 l'\u00e9tranger sont bas\u00e9s sur&nbsp;<strong>livraison express standard<\/strong>&nbsp;par d\u00e9faut.<\/p>\n\n\n\n<p>Si vous souhaitez d'autres modes de livraison, tels que&nbsp;<strong>livraison par camion<\/strong>&nbsp;ou&nbsp;<strong>services locaux de livraison de cartes<\/strong>, Les frais d'exp\u00e9dition seront calcul\u00e9s s\u00e9par\u00e9ment en fonction de l'arrangement r\u00e9el.<\/p>\n\n\n\n<h2 class=\"wp-block-heading\">Partenaire avec nous<\/h2>\n\n\n\n<p>Si vous \u00eates \u00e0 la recherche d'un partenaire fiable en mati\u00e8re d'approvisionnement en produits de vapotage avec\u00a0<strong>Soutien aux entrep\u00f4ts locaux en Europe et en Australie<\/strong>, <strong>ChunghwaShop<\/strong> est pr\u00eat \u00e0 vous aider \u00e0 vous d\u00e9velopper gr\u00e2ce \u00e0 des solutions d'ex\u00e9cution plus flexibles.<\/p>\n\n\n\n<p>Pour les demandes de renseignements sur les produits, la confirmation des stocks, la coop\u00e9ration avec les grossistes ou le soutien au dropshipping, veuillez nous contacter directement.<\/p>\n\n\n\n<h2 class=\"wp-block-heading\">Nous contacter<\/h2>\n\n\n\n<p><strong>WhatsApp :<\/strong>\u00a0+44 7922291211<br><strong>Courriel :<\/strong>\u00a0info@chunghwashop.com<\/p>","protected":false},"excerpt":{"rendered":"<p>Looking for faster vape fulfillment in Europe and Australia? ChunghwaShop offers local warehouse distribution solutions for resellers, dropshippers, and wholesale partners. With flexible order quantities, fast dispatch support, and selected market coverage, we help you serve your customers more efficiently. Why Work With PandaSmoking Overseas Warehouse Coverage Europe Warehouse The Europe warehouse supports&nbsp;dropshipping&nbsp;and can ship [&hellip;]<\/p>\n","protected":false},"author":1,"featured_media":0,"parent":0,"menu_order":0,"comment_status":"closed","ping_status":"closed","template":"","meta":{"_joinchat":[],"footnotes":""},"class_list":["post-1029","page","type-page","status-publish","hentry"],"_links":{"self":[{"href":"https:\/\/www.chunghwashop.com\/fr\/wp-json\/wp\/v2\/pages\/1029","targetHints":{"allow":["GET"]}}],"collection":[{"href":"https:\/\/www.chunghwashop.com\/fr\/wp-json\/wp\/v2\/pages"}],"about":[{"href":"https:\/\/www.chunghwashop.com\/fr\/wp-json\/wp\/v2\/types\/page"}],"author":[{"embeddable":true,"href":"https:\/\/www.chunghwashop.com\/fr\/wp-json\/wp\/v2\/users\/1"}],"replies":[{"embeddable":true,"href":"https:\/\/www.chunghwashop.com\/fr\/wp-json\/wp\/v2\/comments?post=1029"}],"version-history":[{"count":1,"href":"https:\/\/www.chunghwashop.com\/fr\/wp-json\/wp\/v2\/pages\/1029\/revisions"}],"predecessor-version":[{"id":1053,"href":"https:\/\/www.chunghwashop.com\/fr\/wp-json\/wp\/v2\/pages\/1029\/revisions\/1053"}],"wp:attachment":[{"href":"https:\/\/www.chunghwashop.com\/fr\/wp-json\/wp\/v2\/media?parent=1029"}],"curies":[{"name":"wp","href":"https:\/\/api.w.org\/{rel}","templated":true}]}}