{"id":976,"date":"2026-04-16T15:00:14","date_gmt":"2026-04-16T07:00:14","guid":{"rendered":"https:\/\/www.chunghwashop.com\/?post_type=product&#038;p=976"},"modified":"2026-04-16T15:22:53","modified_gmt":"2026-04-16T07:22:53","slug":"airmez-20k","status":"publish","type":"product","link":"https:\/\/www.chunghwashop.com\/es\/producto\/airmez-20k","title":{"rendered":"Airmez 20K"},"content":{"rendered":"<h3 data-section-id=\"v3byhu\" data-start=\"125\" data-end=\"204\">Airmez 20K Vape Desechable - Dise\u00f1o Elegante, Gran Rendimiento, Sabor Suave<\/h3>\n<p data-start=\"206\" data-end=\"464\">En <strong data-start=\"210\" data-end=\"224\">Airmez 20K<\/strong> est\u00e1 dise\u00f1ado para usuarios que buscan estilo y rendimiento en un solo dispositivo. Con <strong data-start=\"303\" data-end=\"323\">20ML de e-l\u00edquido<\/strong>, <strong data-start=\"325\" data-end=\"349\">Potencia de nicotina 2%<\/strong>, y un <strong data-start=\"357\" data-end=\"388\">Bater\u00eda recargable de 650 mAh<\/strong>, Este vaporizador ofrece una satisfacci\u00f3n duradera en un cuerpo compacto y port\u00e1til.<\/p>\n<p data-start=\"466\" data-end=\"754\">Su <strong data-start=\"470\" data-end=\"500\">dise\u00f1o elegante y lujoso<\/strong> combinado con un <strong data-start=\"517\" data-end=\"545\">acabado met\u00e1lico pulido<\/strong> da al dispositivo un aspecto y un tacto de primera calidad. La pantalla <strong data-start=\"601\" data-end=\"631\">pantalla para vapear con precisi\u00f3n<\/strong> hace m\u00e1s c\u00f3modo su uso, mientras que el <strong data-start=\"671\" data-end=\"696\">GEN II Bobina de malla 1.2\u03a9<\/strong> ayuda a ofrecer caladas m\u00e1s suaves y una rica consistencia de sabor.<\/p>\n<p data-start=\"756\" data-end=\"934\">Tanto si busca un producto fiable para la venta al por menor como para la distribuci\u00f3n al por mayor, el Airmez 20K es una opci\u00f3n s\u00f3lida con sabores atractivos y precios competitivos al por mayor.<\/p>\n<h3 data-section-id=\"1ma7m6t\" data-start=\"936\" data-end=\"951\">Caracter\u00edsticas principales<\/h3>\n<ul data-start=\"953\" data-end=\"1226\">\n<li data-section-id=\"p08j36\" data-start=\"953\" data-end=\"970\"><strong data-start=\"955\" data-end=\"970\">2% Nicotina<\/strong><\/li>\n<li data-section-id=\"hqoyfa\" data-start=\"971\" data-end=\"993\"><strong data-start=\"973\" data-end=\"993\">20ML de E-l\u00edquido<\/strong><\/li>\n<li data-section-id=\"16004ji\" data-start=\"994\" data-end=\"1018\"><strong data-start=\"996\" data-end=\"1018\">Hasta 20.000 caladas<\/strong><\/li>\n<li data-section-id=\"k3awsj\" data-start=\"1019\" data-end=\"1051\"><strong data-start=\"1021\" data-end=\"1051\">Dise\u00f1o elegante y lujoso<\/strong><\/li>\n<li data-section-id=\"1japhl8\" data-start=\"1052\" data-end=\"1082\"><strong data-start=\"1054\" data-end=\"1082\">Acabado met\u00e1lico pulido<\/strong><\/li>\n<li data-section-id=\"ewnt4n\" data-start=\"1083\" data-end=\"1109\"><strong data-start=\"1085\" data-end=\"1109\">Compacto y port\u00e1til<\/strong><\/li>\n<li data-section-id=\"9ys471\" data-start=\"1110\" data-end=\"1142\"><strong data-start=\"1112\" data-end=\"1142\">Pantalla para un vapeo de precisi\u00f3n<\/strong><\/li>\n<li data-section-id=\"n98xtm\" data-start=\"1143\" data-end=\"1170\"><strong data-start=\"1145\" data-end=\"1170\">GEN II Bobina de malla 1.2\u03a9<\/strong><\/li>\n<li data-section-id=\"h21cut\" data-start=\"1171\" data-end=\"1204\"><strong data-start=\"1173\" data-end=\"1204\">Bater\u00eda recargable de 650 mAh<\/strong><\/li>\n<li data-section-id=\"z0l1d\" data-start=\"1205\" data-end=\"1226\"><strong data-start=\"1207\" data-end=\"1226\">Carga Tipo-C<\/strong><\/li>\n<\/ul>\n<h3 data-section-id=\"6904wl\" data-start=\"1228\" data-end=\"1245\">Opciones de sabor<\/h3>\n<ol data-start=\"1247\" data-end=\"1445\">\n<li data-section-id=\"1yp7mvo\" data-start=\"1247\" data-end=\"1261\">Hielo de uva<\/li>\n<li data-section-id=\"ogs2a3\" data-start=\"1262\" data-end=\"1281\">Fresa helada<\/li>\n<li data-section-id=\"10ykjzq\" data-start=\"1282\" data-end=\"1303\">Ar\u00e1ndanos sobre hielo<\/li>\n<li data-section-id=\"73m7gq\" data-start=\"1304\" data-end=\"1320\">Melocot\u00f3n Mango<\/li>\n<li data-section-id=\"hjtp7t\" data-start=\"1321\" data-end=\"1332\">Cereza<\/li>\n<li data-section-id=\"rvrugg\" data-start=\"1333\" data-end=\"1359\">Sand\u00eda con fresa<\/li>\n<li data-section-id=\"1uqm5fd\" data-start=\"1360\" data-end=\"1378\">Mezcla de bayas<\/li>\n<li data-section-id=\"1jwhc6m\" data-start=\"1379\" data-end=\"1408\">Kiwi Fruta de la pasi\u00f3n Guayaba<\/li>\n<li data-section-id=\"m4zimy\" data-start=\"1409\" data-end=\"1421\">Dr. Azul<\/li>\n<li data-section-id=\"1qvcy6s\" data-start=\"1422\" data-end=\"1445\">Fresa Pl\u00e1tano<\/li>\n<\/ol>\n<h3 data-section-id=\"5ij8zi\" data-start=\"1447\" data-end=\"1465\">Detalles del embalaje<\/h3>\n<ul data-start=\"1467\" data-end=\"1515\">\n<li data-section-id=\"1f7v8nx\" data-start=\"1467\" data-end=\"1492\"><strong data-start=\"1469\" data-end=\"1492\">5 unidades \/ caja expositora<\/strong><\/li>\n<li data-section-id=\"34qg1c\" data-start=\"1493\" data-end=\"1515\"><strong data-start=\"1495\" data-end=\"1515\">200 unidades \/ caja<\/strong><\/li>\n<\/ul>\n<h3 data-section-id=\"3o5mz7\" data-start=\"1517\" data-end=\"1534\">Cantidad Precio<\/h3>\n<ul data-start=\"1536\" data-end=\"1696\">\n<li data-section-id=\"tslr8i\" data-start=\"1536\" data-end=\"1565\"><strong data-start=\"1538\" data-end=\"1551\">1-15 piezas:<\/strong> $33.99 \/ unidad<\/li>\n<li data-section-id=\"utf3kr\" data-start=\"1566\" data-end=\"1596\"><strong data-start=\"1568\" data-end=\"1582\">16-99 piezas:<\/strong> $29,99 \/ unidad<\/li>\n<li data-section-id=\"1msy31c\" data-start=\"1597\" data-end=\"1630\"><strong data-start=\"1599\" data-end=\"1616\">100-1000 unidades:<\/strong> $25,99 \/ unidad<\/li>\n<li data-section-id=\"1xffat1\" data-start=\"1631\" data-end=\"1665\"><strong data-start=\"1633\" data-end=\"1651\">1001-2000 unidades:<\/strong> $22,99 \/ unidad<\/li>\n<li data-section-id=\"qwlaf9\" data-start=\"1666\" data-end=\"1696\"><strong data-start=\"1668\" data-end=\"1682\">M\u00e1s de 2000 unidades:<\/strong> $19,99 \/ unidad<\/li>\n<\/ul>\n<h3 data-section-id=\"at30e7\" data-start=\"1698\" data-end=\"1722\">Por qu\u00e9 elegir Airmez 20K<\/h3>\n<p data-start=\"1724\" data-end=\"2041\">El Airmez 20K destaca por su equilibrio entre aspecto elegante, c\u00f3moda funci\u00f3n de visualizaci\u00f3n, suave rendimiento de la bobina de malla y una amplia gama de sabores frutales populares. Es adecuado para distribuidores, mayoristas y minoristas de vapeo que buscan un dispositivo que combine el atractivo visual con un rendimiento de vapeo fiable.<\/p>","protected":false},"excerpt":{"rendered":"<p>&nbsp;<\/p>\n<p>\u2611 2% Nicotina<br \/>\n\u2611 20ML de E-l\u00edquido.<br \/>\n\u2611 Dise\u00f1o elegante y lujoso<br \/>\n\u2611 Acabado met\u00e1lico pulido<br \/>\nCompacto y port\u00e1til<br \/>\n\u2611 Pantalla para un vapeo de precisi\u00f3n.<br \/>\n\u2611 GEN II Mesh Coil 1.2\u03a9<br \/>\n\u2611 650mAh<br \/>\n\u2611 Recargable\uff0cTipo-C<br \/>\n\u2611 5 piezas en caja expositora.<br \/>\n\u2611 200pcs cada cart\u00f3n<\/p>","protected":false},"featured_media":1030,"comment_status":"open","ping_status":"closed","template":"","meta":{"_joinchat":[]},"product_brand":[],"product_cat":[88],"product_tag":[],"class_list":{"0":"post-976","1":"product","2":"type-product","3":"status-publish","4":"has-post-thumbnail","6":"product_cat-e-cigarettes-australia","8":"first","9":"instock","10":"shipping-taxable","11":"purchasable","12":"product-type-variable"},"_links":{"self":[{"href":"https:\/\/www.chunghwashop.com\/es\/wp-json\/wp\/v2\/product\/976","targetHints":{"allow":["GET"]}}],"collection":[{"href":"https:\/\/www.chunghwashop.com\/es\/wp-json\/wp\/v2\/product"}],"about":[{"href":"https:\/\/www.chunghwashop.com\/es\/wp-json\/wp\/v2\/types\/product"}],"replies":[{"embeddable":true,"href":"https:\/\/www.chunghwashop.com\/es\/wp-json\/wp\/v2\/comments?post=976"}],"wp:featuredmedia":[{"embeddable":true,"href":"https:\/\/www.chunghwashop.com\/es\/wp-json\/wp\/v2\/media\/1030"}],"wp:attachment":[{"href":"https:\/\/www.chunghwashop.com\/es\/wp-json\/wp\/v2\/media?parent=976"}],"wp:term":[{"taxonomy":"product_brand","embeddable":true,"href":"https:\/\/www.chunghwashop.com\/es\/wp-json\/wp\/v2\/product_brand?post=976"},{"taxonomy":"product_cat","embeddable":true,"href":"https:\/\/www.chunghwashop.com\/es\/wp-json\/wp\/v2\/product_cat?post=976"},{"taxonomy":"product_tag","embeddable":true,"href":"https:\/\/www.chunghwashop.com\/es\/wp-json\/wp\/v2\/product_tag?post=976"}],"curies":[{"name":"wp","href":"https:\/\/api.w.org\/{rel}","templated":true}]}}