{"id":811,"date":"2026-04-16T14:20:18","date_gmt":"2026-04-16T06:20:18","guid":{"rendered":"https:\/\/www.chunghwashop.com\/?post_type=product&#038;p=811"},"modified":"2026-04-16T14:54:32","modified_gmt":"2026-04-16T06:54:32","slug":"airmez-25k","status":"publish","type":"product","link":"https:\/\/www.chunghwashop.com\/es\/producto\/airmez-25k","title":{"rendered":"Airmez 25K"},"content":{"rendered":"<p data-start=\"172\" data-end=\"452\"><strong data-start=\"172\" data-end=\"196\">Airmez Tornado 25000<\/strong> es un vapeador desechable de gran capacidad dise\u00f1ado para usuarios que desean un rendimiento suave, un uso duradero y una amplia selecci\u00f3n de sabores populares. Con su pr\u00e1ctico dise\u00f1o y sus s\u00f3lidas especificaciones, es una buena opci\u00f3n tanto para clientes minoristas como mayoristas.<\/p>\n<p data-start=\"454\" data-end=\"779\">Este modelo incluye <strong data-start=\"476\" data-end=\"496\">25ML de e-l\u00edquido<\/strong>, a <strong data-start=\"500\" data-end=\"513\">bobina de malla<\/strong>, an <strong data-start=\"518\" data-end=\"549\">Bater\u00eda recargable de 850 mAh<\/strong>, y un <strong data-start=\"557\" data-end=\"581\">Puerto de carga Tipo-C<\/strong> para una experiencia de vapeo suave y fiable. Con <strong data-start=\"632\" data-end=\"647\">5% nicotina<\/strong> y hasta <strong data-start=\"658\" data-end=\"673\">25000 bocanadas<\/strong>, Es adecuado para usuarios que desean un dispositivo de gran capacidad con un sabor consistente y una carga c\u00f3moda.<\/p>\n<h3 data-section-id=\"bfe9be\" data-start=\"781\" data-end=\"801\">Caracter\u00edsticas del producto<\/h3>\n<ul data-start=\"803\" data-end=\"1070\">\n<li data-section-id=\"7qfcy4\" data-start=\"803\" data-end=\"841\">Nombre del producto: Airmez Tornado 25000<\/li>\n<li data-section-id=\"dq2tqt\" data-start=\"842\" data-end=\"869\">Cantidad de puffs: 25000 Puffs<\/li>\n<li data-section-id=\"143z8wq\" data-start=\"870\" data-end=\"895\">Fuerza de la nicotina: 5%<\/li>\n<li data-section-id=\"o6zcec\" data-start=\"896\" data-end=\"923\">Capacidad del e-l\u00edquido: 25ML<\/li>\n<li data-section-id=\"8u54nt\" data-start=\"924\" data-end=\"948\">Tipo de bobina: Bobina de malla<\/li>\n<li data-section-id=\"znchb6\" data-start=\"949\" data-end=\"974\">Puerto de carga: Tipo-C<\/li>\n<li data-section-id=\"1felt4i\" data-start=\"975\" data-end=\"1003\">Capacidad de la bater\u00eda: 850 mAh<\/li>\n<li data-section-id=\"is15ib\" data-start=\"1004\" data-end=\"1039\">Embalaje: 10 unidades en caja expositora<\/li>\n<li data-section-id=\"1sl4p9o\" data-start=\"1040\" data-end=\"1070\">Caja: 100 unidades por caja<\/li>\n<\/ul>\n<h3 data-section-id=\"10ynmgm\" data-start=\"1072\" data-end=\"1090\">Opciones de sabor<\/h3>\n<ol data-start=\"1092\" data-end=\"1382\">\n<li data-section-id=\"lt51p3\" data-start=\"1092\" data-end=\"1118\">Sand\u00eda con fresa<\/li>\n<li data-section-id=\"1w2xu5g\" data-start=\"1119\" data-end=\"1148\">Kiwi Fruta de la pasi\u00f3n Guayaba<\/li>\n<li data-section-id=\"10ykjzq\" data-start=\"1149\" data-end=\"1170\">Ar\u00e1ndanos sobre hielo<\/li>\n<li data-section-id=\"73m7gq\" data-start=\"1171\" data-end=\"1187\">Melocot\u00f3n Mango<\/li>\n<li data-section-id=\"1hi9xho\" data-start=\"1188\" data-end=\"1207\">Fresa helada<\/li>\n<li data-section-id=\"11khiag\" data-start=\"1208\" data-end=\"1226\">Mezcla de bayas<\/li>\n<li data-section-id=\"1w3hcpd\" data-start=\"1227\" data-end=\"1240\">Hielo exuberante<\/li>\n<li data-section-id=\"2x29tp\" data-start=\"1241\" data-end=\"1255\">Hielo de uva<\/li>\n<li data-section-id=\"vuyd6q\" data-start=\"1256\" data-end=\"1270\">Melocot\u00f3n helado<\/li>\n<li data-section-id=\"1b2xab5\" data-start=\"1271\" data-end=\"1291\">Limonada de bayas<\/li>\n<li data-section-id=\"xmjkw9\" data-start=\"1292\" data-end=\"1314\">Hielo de fruta del drag\u00f3n<\/li>\n<li data-section-id=\"iwpzmu\" data-start=\"1315\" data-end=\"1333\">Lim\u00f3n y lima<\/li>\n<li data-section-id=\"1vqyzhd\" data-start=\"1334\" data-end=\"1352\">Triple baya<\/li>\n<li data-section-id=\"2cz00p\" data-start=\"1353\" data-end=\"1365\">Cereza<\/li>\n<li data-section-id=\"citwu4\" data-start=\"1366\" data-end=\"1382\">Manzana \u00e1cida<\/li>\n<\/ol>\n<h3 data-section-id=\"p6nu3z\" data-start=\"1384\" data-end=\"1419\">Por qu\u00e9 elegir el Airmez Tornado 25000<\/h3>\n<ul data-start=\"1421\" data-end=\"1713\">\n<li data-section-id=\"1nsk1rm\" data-start=\"1421\" data-end=\"1457\">Hasta 25.000 caladas para un uso m\u00e1s prolongado<\/li>\n<li data-section-id=\"1h0si85\" data-start=\"1458\" data-end=\"1492\">25ML de e-l\u00edquido con nicotina 5%<\/li>\n<li data-section-id=\"ib0yw8\" data-start=\"1493\" data-end=\"1524\">Vapor suave con bobina de malla<\/li>\n<li data-section-id=\"1g8zwq1\" data-start=\"1525\" data-end=\"1570\">Bater\u00eda recargable con carga Type-C<\/li>\n<li data-section-id=\"1xyauod\" data-start=\"1571\" data-end=\"1606\">M\u00faltiples opciones de sabores populares<\/li>\n<li data-section-id=\"uqqhx\" data-start=\"1607\" data-end=\"1659\">Adecuado para la exposici\u00f3n al por menor y el suministro al por mayor<\/li>\n<li data-section-id=\"160n9vs\" data-start=\"1660\" data-end=\"1713\">Embalaje pr\u00e1ctico para ventas en tiendas y pedidos al por mayor<\/li>\n<\/ul>\n<h3 data-section-id=\"hwjiak\" data-start=\"1715\" data-end=\"1725\">Aviso<\/h3>\n<p data-start=\"1727\" data-end=\"1795\">El precio de <strong data-start=\"1740\" data-end=\"1764\">Airmez Tornado 25000<\/strong> depende de la cantidad del pedido:<\/p>\n<ul data-start=\"1797\" data-end=\"1902\">\n<li data-section-id=\"130wclv\" data-start=\"1797\" data-end=\"1832\"><strong data-start=\"1799\" data-end=\"1812\">1-15 piezas:<\/strong> <strong data-start=\"1813\" data-end=\"1830\">US$26,99 cada uno<\/strong><\/li>\n<li data-section-id=\"o602fh\" data-start=\"1833\" data-end=\"1869\"><strong data-start=\"1835\" data-end=\"1850\">16-199 piezas:<\/strong> <strong data-start=\"1851\" data-end=\"1867\">US$9,99 cada uno<\/strong><\/li>\n<li data-section-id=\"15m7rhb\" data-start=\"1870\" data-end=\"1902\"><strong data-start=\"1872\" data-end=\"1885\">M\u00e1s de 200 unidades:<\/strong> <strong data-start=\"1886\" data-end=\"1902\">US$7,99 cada uno<\/strong><\/li>\n<\/ul>\n<p data-start=\"1904\" data-end=\"2010\"><strong data-start=\"1904\" data-end=\"2010\">El precio var\u00eda en funci\u00f3n de la cantidad del pedido. Confirme la cantidad antes de realizar el pedido.<\/strong><\/p>","protected":false},"excerpt":{"rendered":"<h3>Especificaciones del producto<\/h3>\n<p>\u2611 25ML de E-l\u00edquido<br \/>\n\u2611 Bobina de malla<br \/>\nPuerto Tipo-C<br \/>\n\u2611 850mAh<br \/>\n\u2611 10 unidades en caja expositora<br \/>\n\u2611 100pcs cada cart\u00f3n<\/p>","protected":false},"featured_media":897,"comment_status":"open","ping_status":"closed","template":"","meta":{"_joinchat":[]},"product_brand":[],"product_cat":[87],"product_tag":[],"class_list":{"0":"post-811","1":"product","2":"type-product","3":"status-publish","4":"has-post-thumbnail","6":"product_cat-e-cigarettes-europe","8":"first","9":"instock","10":"shipping-taxable","11":"purchasable","12":"product-type-variable"},"_links":{"self":[{"href":"https:\/\/www.chunghwashop.com\/es\/wp-json\/wp\/v2\/product\/811","targetHints":{"allow":["GET"]}}],"collection":[{"href":"https:\/\/www.chunghwashop.com\/es\/wp-json\/wp\/v2\/product"}],"about":[{"href":"https:\/\/www.chunghwashop.com\/es\/wp-json\/wp\/v2\/types\/product"}],"replies":[{"embeddable":true,"href":"https:\/\/www.chunghwashop.com\/es\/wp-json\/wp\/v2\/comments?post=811"}],"wp:featuredmedia":[{"embeddable":true,"href":"https:\/\/www.chunghwashop.com\/es\/wp-json\/wp\/v2\/media\/897"}],"wp:attachment":[{"href":"https:\/\/www.chunghwashop.com\/es\/wp-json\/wp\/v2\/media?parent=811"}],"wp:term":[{"taxonomy":"product_brand","embeddable":true,"href":"https:\/\/www.chunghwashop.com\/es\/wp-json\/wp\/v2\/product_brand?post=811"},{"taxonomy":"product_cat","embeddable":true,"href":"https:\/\/www.chunghwashop.com\/es\/wp-json\/wp\/v2\/product_cat?post=811"},{"taxonomy":"product_tag","embeddable":true,"href":"https:\/\/www.chunghwashop.com\/es\/wp-json\/wp\/v2\/product_tag?post=811"}],"curies":[{"name":"wp","href":"https:\/\/api.w.org\/{rel}","templated":true}]}}