{"id":809,"date":"2026-04-16T14:20:18","date_gmt":"2026-04-16T06:20:18","guid":{"rendered":"https:\/\/www.chunghwashop.com\/?post_type=product&#038;p=809"},"modified":"2026-04-16T14:54:15","modified_gmt":"2026-04-16T06:54:15","slug":"airmez-fox-2-in-1","status":"publish","type":"product","link":"https:\/\/www.chunghwashop.com\/es\/producto\/airmez-fox-2-in-1","title":{"rendered":"Airmez FOX 2 EN 1"},"content":{"rendered":"<p data-start=\"175\" data-end=\"470\"><strong data-start=\"175\" data-end=\"207\">Airmez FOX 2 en 1 8000 Puffs<\/strong> es un vapeador desechable compacto y pr\u00e1ctico dise\u00f1ado para usuarios que desean un rendimiento suave, una carga c\u00f3moda y dos opciones de sabor en un solo dispositivo. Con su aspecto elegante y dise\u00f1o f\u00e1cil de usar, es una buena opci\u00f3n tanto para clientes minoristas como mayoristas.<\/p>\n<p data-start=\"472\" data-end=\"776\">Este modelo incluye <strong data-start=\"494\" data-end=\"515\">15ML \u00d7 2 e-l\u00edquido<\/strong>, a <strong data-start=\"519\" data-end=\"532\">bobina de malla<\/strong>, a <strong data-start=\"536\" data-end=\"567\">Bater\u00eda recargable de 650 mAh<\/strong>, y un <strong data-start=\"575\" data-end=\"599\">Puerto de carga Tipo-C<\/strong> para una experiencia de vapeo suave y fiable. El dise\u00f1o 2-en-1 de doble sabor ofrece a los usuarios m\u00e1s variedad en un solo dispositivo, por lo que es una opci\u00f3n pr\u00e1ctica para el uso diario y el suministro a granel.<\/p>\n<h3 data-section-id=\"bfe9be\" data-start=\"778\" data-end=\"798\">Caracter\u00edsticas del producto<\/h3>\n<ul data-start=\"800\" data-end=\"1044\">\n<li data-section-id=\"zsvy0z\" data-start=\"800\" data-end=\"835\">Nombre del producto: Airmez FOX 2 EN 1<\/li>\n<li data-section-id=\"ol9jre\" data-start=\"836\" data-end=\"862\">Cantidad de puffs: 8000 Puffs<\/li>\n<li data-section-id=\"1x4v26a\" data-start=\"863\" data-end=\"894\">Capacidad de E-l\u00edquido: 15ML \u00d7 2<\/li>\n<li data-section-id=\"8u54nt\" data-start=\"895\" data-end=\"919\">Tipo de bobina: Bobina de malla<\/li>\n<li data-section-id=\"znchb6\" data-start=\"920\" data-end=\"945\">Puerto de carga: Tipo-C<\/li>\n<li data-section-id=\"106p858\" data-start=\"946\" data-end=\"974\">Capacidad de la bater\u00eda: 650 mAh<\/li>\n<li data-section-id=\"bex9qa\" data-start=\"975\" data-end=\"1009\">Embalaje: 10 unidades por caja expositora<\/li>\n<li data-section-id=\"zkx00j\" data-start=\"1010\" data-end=\"1044\">Cart\u00f3n: Mix 200pcs cada cart\u00f3n<\/li>\n<\/ul>\n<h3 data-section-id=\"10ynmgm\" data-start=\"1046\" data-end=\"1064\">Opciones de sabor<\/h3>\n<ol data-start=\"1066\" data-end=\"1416\">\n<li data-section-id=\"rc4948\" data-start=\"1066\" data-end=\"1114\">Fresa Sand\u00eda, Fresa Frambuesa<\/li>\n<li data-section-id=\"19uz65s\" data-start=\"1115\" data-end=\"1149\">Limonada Blue Razz, Blue Razz<\/li>\n<li data-section-id=\"9rvxxw\" data-start=\"1150\" data-end=\"1192\">Ar\u00e1ndano sobre hielo, ar\u00e1ndano frambuesa<\/li>\n<li data-section-id=\"q4v41s\" data-start=\"1193\" data-end=\"1229\">Fresa Kiwi, Fresa Helada<\/li>\n<li data-section-id=\"1mbl7hv\" data-start=\"1230\" data-end=\"1271\">Sand\u00eda Helada, Sand\u00eda Frambuesa<\/li>\n<li data-section-id=\"1x1ls8y\" data-start=\"1272\" data-end=\"1303\">Limonada de bayas, lima lim\u00f3n<\/li>\n<li data-section-id=\"1rfnxaa\" data-start=\"1304\" data-end=\"1332\">Fruta tropical, Love 66<\/li>\n<li data-section-id=\"fx0ypm\" data-start=\"1333\" data-end=\"1360\">Melocot\u00f3n helado, Mango melocot\u00f3n<\/li>\n<li data-section-id=\"yeos7x\" data-start=\"1361\" data-end=\"1389\">Mezcla de bayas, Dr. Blue<\/li>\n<li data-section-id=\"1h25bpc\" data-start=\"1390\" data-end=\"1416\">Hielo de uva, hielo negro<\/li>\n<\/ol>\n<h3 data-section-id=\"98yzgg\" data-start=\"1418\" data-end=\"1450\">Por qu\u00e9 elegir Airmez FOX 2 EN 1<\/h3>\n<ul data-start=\"1452\" data-end=\"1717\">\n<li data-section-id=\"15nx2ez\" data-start=\"1452\" data-end=\"1492\">Dise\u00f1o 2 en 1 compacto y pr\u00e1ctico<\/li>\n<li data-section-id=\"ib0yw8\" data-start=\"1493\" data-end=\"1524\">Vapor suave con bobina de malla<\/li>\n<li data-section-id=\"1g8zwq1\" data-start=\"1525\" data-end=\"1570\">Bater\u00eda recargable con carga Type-C<\/li>\n<li data-section-id=\"1a9minq\" data-start=\"1571\" data-end=\"1610\">Doble opci\u00f3n de sabores en un solo aparato<\/li>\n<li data-section-id=\"uqqhx\" data-start=\"1611\" data-end=\"1663\">Adecuado para la exposici\u00f3n al por menor y el suministro al por mayor<\/li>\n<li data-section-id=\"160n9vs\" data-start=\"1664\" data-end=\"1717\">Embalaje pr\u00e1ctico para ventas en tiendas y pedidos al por mayor<\/li>\n<\/ul>\n<h3 data-section-id=\"hwjiak\" data-start=\"1719\" data-end=\"1729\">Aviso<\/h3>\n<p data-start=\"1731\" data-end=\"1807\">El precio de <strong data-start=\"1744\" data-end=\"1776\">Airmez FOX 2 en 1 8000 Puffs<\/strong> depende de la cantidad del pedido:<\/p>\n<ul data-start=\"1809\" data-end=\"1914\">\n<li data-section-id=\"130wclv\" data-start=\"1809\" data-end=\"1844\"><strong data-start=\"1811\" data-end=\"1824\">1-15 piezas:<\/strong> <strong data-start=\"1825\" data-end=\"1842\">US$26,99 cada uno<\/strong><\/li>\n<li data-section-id=\"o602fh\" data-start=\"1845\" data-end=\"1881\"><strong data-start=\"1847\" data-end=\"1862\">16-199 piezas:<\/strong> <strong data-start=\"1863\" data-end=\"1879\">US$9,99 cada uno<\/strong><\/li>\n<li data-section-id=\"15m7rhb\" data-start=\"1882\" data-end=\"1914\"><strong data-start=\"1884\" data-end=\"1897\">M\u00e1s de 200 unidades:<\/strong> <strong data-start=\"1898\" data-end=\"1914\">US$7,99 cada uno<\/strong><\/li>\n<\/ul>\n<p data-start=\"1916\" data-end=\"2022\"><strong data-start=\"1916\" data-end=\"2022\">El precio var\u00eda en funci\u00f3n de la cantidad del pedido. Confirme la cantidad antes de realizar el pedido.<\/strong><\/p>","protected":false},"excerpt":{"rendered":"<h3>Especificaciones del producto<\/h3>\n<p>\u2611 15ML*2 de E-l\u00edquido<br \/>\n\u2611 Bobina de malla<br \/>\nPuerto Tipo-C<br \/>\n\u2611 650mAh<br \/>\n\u2611 10 unidades en caja expositora<br \/>\n\u2611 Mix 200pcs cada cart\u00f3n<\/p>","protected":false},"featured_media":877,"comment_status":"open","ping_status":"closed","template":"","meta":{"_joinchat":[]},"product_brand":[],"product_cat":[87],"product_tag":[],"class_list":{"0":"post-809","1":"product","2":"type-product","3":"status-publish","4":"has-post-thumbnail","6":"product_cat-e-cigarettes-europe","8":"first","9":"instock","10":"shipping-taxable","11":"purchasable","12":"product-type-variable"},"_links":{"self":[{"href":"https:\/\/www.chunghwashop.com\/es\/wp-json\/wp\/v2\/product\/809","targetHints":{"allow":["GET"]}}],"collection":[{"href":"https:\/\/www.chunghwashop.com\/es\/wp-json\/wp\/v2\/product"}],"about":[{"href":"https:\/\/www.chunghwashop.com\/es\/wp-json\/wp\/v2\/types\/product"}],"replies":[{"embeddable":true,"href":"https:\/\/www.chunghwashop.com\/es\/wp-json\/wp\/v2\/comments?post=809"}],"wp:featuredmedia":[{"embeddable":true,"href":"https:\/\/www.chunghwashop.com\/es\/wp-json\/wp\/v2\/media\/877"}],"wp:attachment":[{"href":"https:\/\/www.chunghwashop.com\/es\/wp-json\/wp\/v2\/media?parent=809"}],"wp:term":[{"taxonomy":"product_brand","embeddable":true,"href":"https:\/\/www.chunghwashop.com\/es\/wp-json\/wp\/v2\/product_brand?post=809"},{"taxonomy":"product_cat","embeddable":true,"href":"https:\/\/www.chunghwashop.com\/es\/wp-json\/wp\/v2\/product_cat?post=809"},{"taxonomy":"product_tag","embeddable":true,"href":"https:\/\/www.chunghwashop.com\/es\/wp-json\/wp\/v2\/product_tag?post=809"}],"curies":[{"name":"wp","href":"https:\/\/api.w.org\/{rel}","templated":true}]}}