{"id":807,"date":"2026-04-16T14:20:17","date_gmt":"2026-04-16T06:20:17","guid":{"rendered":"https:\/\/www.chunghwashop.com\/?post_type=product&#038;p=807"},"modified":"2026-04-16T14:54:15","modified_gmt":"2026-04-16T06:54:15","slug":"airmez-fox-6-in-1","status":"publish","type":"product","link":"https:\/\/www.chunghwashop.com\/es\/producto\/airmez-fox-6-in-1","title":{"rendered":"Airmez FOX 6 EN 1"},"content":{"rendered":"<p data-start=\"91\" data-end=\"386\">Airmez FOX 6 en 1 14000 Puffs es un vapeador desechable de alta capacidad dise\u00f1ado para usuarios que desean un rendimiento suave, una carga c\u00f3moda y m\u00faltiples sabores populares en un solo dispositivo. Con su dise\u00f1o pr\u00e1ctico y combinaciones de sabores mixtos, es una buena opci\u00f3n tanto para clientes minoristas como mayoristas.<\/p>\n<p data-start=\"388\" data-end=\"650\">Este modelo viene con 15ML \u00d7 3 e-l\u00edquido, una bobina de malla, una bater\u00eda recargable de 650mAh, y un puerto de carga Tipo-C para una experiencia vaping suave y fiable. Proporciona hasta 14.000 caladas, por lo que es adecuado para los usuarios que desean un uso m\u00e1s duradero y una mejor relaci\u00f3n calidad-precio.<\/p>\n<h3 data-section-id=\"bfe9be\" data-start=\"652\" data-end=\"672\">Caracter\u00edsticas del producto<\/h3>\n<ul data-start=\"674\" data-end=\"903\">\n<li data-section-id=\"pczjev\" data-start=\"674\" data-end=\"707\">Nombre del producto: Airmez FOX 6 EN 1<\/li>\n<li data-section-id=\"1rgexyv\" data-start=\"708\" data-end=\"733\">N\u00famero de puffs: 14000 Puffs<\/li>\n<li data-section-id=\"1drk5kz\" data-start=\"734\" data-end=\"763\">Capacidad de E-l\u00edquido: 15ML \u00d7 3<\/li>\n<li data-section-id=\"x0g1cp\" data-start=\"764\" data-end=\"786\">Tipo de bobina: Bobina de malla<\/li>\n<li data-section-id=\"y0jxnm\" data-start=\"787\" data-end=\"810\">Puerto de carga: Tipo-C<\/li>\n<li data-section-id=\"mjatto\" data-start=\"811\" data-end=\"837\">Capacidad de la bater\u00eda: 650 mAh<\/li>\n<li data-section-id=\"18fgbgi\" data-start=\"838\" data-end=\"870\">Embalaje: 10 unidades por caja expositora<\/li>\n<li data-section-id=\"99rgz4\" data-start=\"871\" data-end=\"903\">Cart\u00f3n: Mezcla 100pcs cada cart\u00f3n<\/li>\n<\/ul>\n<h3 data-section-id=\"1qo24uk\" data-start=\"905\" data-end=\"928\">Combinaciones de sabores<\/h3>\n<ol data-start=\"930\" data-end=\"1406\">\n<li data-section-id=\"19ikqnk\" data-start=\"930\" data-end=\"972\">Love 66, Berry Lemonade, Fizzy Cherry<\/li>\n<li data-section-id=\"5mbq4d\" data-start=\"973\" data-end=\"1025\">Mezcla de bayas, limonada Blue Razz, cereza y bayas<\/li>\n<li data-section-id=\"f338eh\" data-start=\"1026\" data-end=\"1083\">Dragonfruit Ice, Fruity Fusion, Sand\u00eda Frambuesa<\/li>\n<li data-section-id=\"g1o5k3\" data-start=\"1084\" data-end=\"1116\">Cereza, Cola Ice, Mango Ice<\/li>\n<li data-section-id=\"2yrmnh\" data-start=\"1117\" data-end=\"1152\">Peach Ice, Mango Ice, Dr. Blue<\/li>\n<li data-section-id=\"1hrwql9\" data-start=\"1153\" data-end=\"1210\">Fresa Pl\u00e1tano, Vimto, Ar\u00e1ndano Cereza Ar\u00e1ndano<\/li>\n<li data-section-id=\"hhhicl\" data-start=\"1211\" data-end=\"1258\">Fresa Helada, Limonada Rosa, Bingo Crush<\/li>\n<li data-section-id=\"1oban9z\" data-start=\"1259\" data-end=\"1301\">Love 66, Fresa Kiwi, Melocot\u00f3n Mango<\/li>\n<li data-section-id=\"t7k3u6\" data-start=\"1302\" data-end=\"1357\">Sand\u00eda con fresa, mel\u00f3n triple, hielo Blue Razz<\/li>\n<li data-section-id=\"11hogoy\" data-start=\"1358\" data-end=\"1406\">Hielo de sand\u00eda, Bingo Crush, Mezcla de bayas<\/li>\n<\/ol>\n<h3 data-section-id=\"6nrxxg\" data-start=\"1408\" data-end=\"1440\">Por qu\u00e9 elegir Airmez FOX 6 EN 1<\/h3>\n<ul data-start=\"1442\" data-end=\"1700\">\n<li data-section-id=\"141ppu8\" data-start=\"1442\" data-end=\"1476\">Hasta 14.000 caladas para un uso m\u00e1s prolongado<\/li>\n<li data-section-id=\"lenhua\" data-start=\"1477\" data-end=\"1507\">Sabor suave con bobina de malla<\/li>\n<li data-section-id=\"1h53rah\" data-start=\"1508\" data-end=\"1551\">Bater\u00eda recargable con carga Type-C<\/li>\n<li data-section-id=\"1jubsp5\" data-start=\"1552\" data-end=\"1596\">M\u00faltiples combinaciones de sabores en un solo dispositivo<\/li>\n<li data-section-id=\"okkd7v\" data-start=\"1597\" data-end=\"1647\">Adecuado para exposici\u00f3n al por menor y pedidos al por mayor<\/li>\n<li data-section-id=\"1ir3bm2\" data-start=\"1648\" data-end=\"1700\">Embalaje atractivo para la venta en tiendas y el suministro a granel<\/li>\n<\/ul>\n<h3 data-section-id=\"hwjiak\" data-start=\"1702\" data-end=\"1712\">Aviso<\/h3>\n<p data-start=\"1714\" data-end=\"1787\">El precio de Airmez FOX 6 en 1 14000 Puffs depende de la cantidad del pedido:<\/p>\n<ul data-start=\"1789\" data-end=\"1867\">\n<li data-section-id=\"us7ftp\" data-start=\"1789\" data-end=\"1814\">1-15 unid: US$28,99 cada uno<\/li>\n<li data-section-id=\"4iw75h\" data-start=\"1815\" data-end=\"1842\">16-199 unid: US$10,99 cada uno<\/li>\n<li data-section-id=\"1f1g2s0\" data-start=\"1843\" data-end=\"1867\">M\u00e1s de 200 unidades US$8.99 c\/u<\/li>\n<\/ul>\n<p data-start=\"1869\" data-end=\"1971\">El precio var\u00eda en funci\u00f3n de la cantidad del pedido. Confirme la cantidad antes de realizar el pedido.<\/p>","protected":false},"excerpt":{"rendered":"<h3>Especificaciones del producto<\/h3>\n<p>\u2611 15ML*3 de E-l\u00edquido<br \/>\n\u2611 Bobina de malla<br \/>\nPuerto Tipo-C<br \/>\n\u2611 650mAh<br \/>\n\u2611 10 unidades en caja expositora<br \/>\n\u2611 Mix 100pcs each carton<\/p>","protected":false},"featured_media":855,"comment_status":"open","ping_status":"closed","template":"","meta":{"_joinchat":[]},"product_brand":[],"product_cat":[87],"product_tag":[],"class_list":{"0":"post-807","1":"product","2":"type-product","3":"status-publish","4":"has-post-thumbnail","6":"product_cat-e-cigarettes-europe","8":"first","9":"instock","10":"shipping-taxable","11":"purchasable","12":"product-type-variable"},"_links":{"self":[{"href":"https:\/\/www.chunghwashop.com\/es\/wp-json\/wp\/v2\/product\/807","targetHints":{"allow":["GET"]}}],"collection":[{"href":"https:\/\/www.chunghwashop.com\/es\/wp-json\/wp\/v2\/product"}],"about":[{"href":"https:\/\/www.chunghwashop.com\/es\/wp-json\/wp\/v2\/types\/product"}],"replies":[{"embeddable":true,"href":"https:\/\/www.chunghwashop.com\/es\/wp-json\/wp\/v2\/comments?post=807"}],"wp:featuredmedia":[{"embeddable":true,"href":"https:\/\/www.chunghwashop.com\/es\/wp-json\/wp\/v2\/media\/855"}],"wp:attachment":[{"href":"https:\/\/www.chunghwashop.com\/es\/wp-json\/wp\/v2\/media?parent=807"}],"wp:term":[{"taxonomy":"product_brand","embeddable":true,"href":"https:\/\/www.chunghwashop.com\/es\/wp-json\/wp\/v2\/product_brand?post=807"},{"taxonomy":"product_cat","embeddable":true,"href":"https:\/\/www.chunghwashop.com\/es\/wp-json\/wp\/v2\/product_cat?post=807"},{"taxonomy":"product_tag","embeddable":true,"href":"https:\/\/www.chunghwashop.com\/es\/wp-json\/wp\/v2\/product_tag?post=807"}],"curies":[{"name":"wp","href":"https:\/\/api.w.org\/{rel}","templated":true}]}}