{"id":806,"date":"2026-04-16T14:20:17","date_gmt":"2026-04-16T06:20:17","guid":{"rendered":"https:\/\/www.chunghwashop.com\/?post_type=product&#038;p=806"},"modified":"2026-04-16T14:53:44","modified_gmt":"2026-04-16T06:53:44","slug":"airmez-fox-4-in-1","status":"publish","type":"product","link":"https:\/\/www.chunghwashop.com\/es\/producto\/airmez-fox-4-in-1","title":{"rendered":"Airmez FOX 4 EN 1"},"content":{"rendered":"<p data-start=\"110\" data-end=\"372\"><strong data-start=\"110\" data-end=\"143\">Airmez FOX 4 en 1 12000 Puffs<\/strong> es un vapeador desechable de gran capacidad dise\u00f1ado para usuarios que desean un uso m\u00e1s prolongado, un sabor suave y m\u00e1s variedad en un solo dispositivo. Combina un rendimiento pr\u00e1ctico con un dise\u00f1o elegante, por lo que es adecuado tanto para la venta al por menor como al por mayor.<\/p>\n<p data-start=\"374\" data-end=\"684\">Este modelo incluye <strong data-start=\"396\" data-end=\"417\">15ML \u00d7 4 e-l\u00edquido<\/strong>, a <strong data-start=\"421\" data-end=\"434\">bobina de malla<\/strong>, a <strong data-start=\"438\" data-end=\"469\">Bater\u00eda recargable de 650 mAh<\/strong>, y <strong data-start=\"475\" data-end=\"494\">Carga Tipo-C<\/strong> para una experiencia de vapeo suave y c\u00f3moda. El dise\u00f1o de sabor 4 en 1 ofrece a los usuarios m\u00e1s opciones en un solo dispositivo, lo que lo hace m\u00e1s atractivo para los clientes que disfrutan de diferentes gustos.<\/p>\n<h3 data-section-id=\"bfe9be\" data-start=\"686\" data-end=\"706\">Caracter\u00edsticas del producto<\/h3>\n<ul data-start=\"708\" data-end=\"985\">\n<li data-section-id=\"hlldc5\" data-start=\"708\" data-end=\"747\"><strong data-start=\"710\" data-end=\"727\">Nombre del producto:<\/strong> Airmez FOX 4 EN 1<\/li>\n<li data-section-id=\"1jko59t\" data-start=\"748\" data-end=\"779\"><strong data-start=\"750\" data-end=\"765\">Conteo de Puff:<\/strong> 12000 Puffs<\/li>\n<li data-section-id=\"abzjgk\" data-start=\"780\" data-end=\"815\"><strong data-start=\"782\" data-end=\"804\">Capacidad de e-l\u00edquido:<\/strong> 15ML \u00d7 4<\/li>\n<li data-section-id=\"18s3gm1\" data-start=\"816\" data-end=\"844\"><strong data-start=\"818\" data-end=\"832\">Tipo de bobina:<\/strong> Bobina de malla<\/li>\n<li data-section-id=\"13l8j6q\" data-start=\"845\" data-end=\"874\"><strong data-start=\"847\" data-end=\"865\">Puerto de carga:<\/strong> Tipo-C<\/li>\n<li data-section-id=\"1ykqfi4\" data-start=\"875\" data-end=\"907\"><strong data-start=\"877\" data-end=\"898\">Capacidad de la bater\u00eda:<\/strong> 650 mAh<\/li>\n<li data-section-id=\"14onshu\" data-start=\"908\" data-end=\"946\"><strong data-start=\"910\" data-end=\"922\">Embalaje:<\/strong> 10 unidades por caja expositora<\/li>\n<li data-section-id=\"gtsdgw\" data-start=\"947\" data-end=\"985\"><strong data-start=\"949\" data-end=\"960\">Cart\u00f3n:<\/strong> 100 unidades por caja<\/li>\n<\/ul>\n<h3 data-section-id=\"1qo24uk\" data-start=\"987\" data-end=\"1010\">Combinaciones de sabores<\/h3>\n<ol data-start=\"1012\" data-end=\"1715\">\n<li data-section-id=\"1c0rr3k\" data-start=\"1012\" data-end=\"1097\">Fresa Frambuesa \/ Fresa Kiwi \/ Fresa Ice \/ Melocot\u00f3n Mango Sand\u00eda<\/li>\n<li data-section-id=\"o8dc9g\" data-start=\"1098\" data-end=\"1186\">Sand\u00eda Helada \/ Sand\u00eda Fresa \/ Sand\u00eda Frambuesa \/ Frambuesa Ar\u00e1ndano<\/li>\n<li data-section-id=\"1gbggyg\" data-start=\"1187\" data-end=\"1251\">Limonada rosa \/ Beso de pasi\u00f3n \/ Mezcla de bayas \/ Triple baya<\/li>\n<li data-section-id=\"rf3fnm\" data-start=\"1252\" data-end=\"1302\">Cereza \/ Love 66 \/ Berry Lemonade \/ Uva Ice<\/li>\n<li data-section-id=\"1tlb9ml\" data-start=\"1303\" data-end=\"1371\">Mango Melocot\u00f3n \/ Frutas Tropicales \/ Melocot\u00f3n Helado \/ Mango Agrio Pi\u00f1a<\/li>\n<li data-section-id=\"1a1kye8\" data-start=\"1372\" data-end=\"1433\">Hielo de uva \/ Love 66 \/ Hielo de ar\u00e1ndano \/ Hielo de dragonfruit<\/li>\n<li data-section-id=\"f5i4yv\" data-start=\"1434\" data-end=\"1501\">Love 66 \/ Cereza \/ Ar\u00e1ndano con hielo \/ Kiwi Maracuy\u00e1 Guayaba<\/li>\n<li data-section-id=\"b5klbg\" data-start=\"1502\" data-end=\"1560\">Melocot\u00f3n helado \/ Limonada rosa \/ Sand\u00eda helada \/ Dr. Blue<\/li>\n<li data-section-id=\"1m47zzg\" data-start=\"1561\" data-end=\"1626\">Mojito rojo \/ Love 66 \/ Frutos del bosque \/ Sand\u00eda con fresa<\/li>\n<li data-section-id=\"ms5egh\" data-start=\"1627\" data-end=\"1715\">Melocot\u00f3n Mango Sand\u00eda \/ Ar\u00e1ndano Cereza \/ Sand\u00eda Fruta del Drag\u00f3n \/ Beso de la Pasi\u00f3n<\/li>\n<\/ol>\n<h3 data-section-id=\"5d9epy\" data-start=\"1717\" data-end=\"1749\">Por qu\u00e9 elegir Airmez FOX 4 en 1<\/h3>\n<ul data-start=\"1751\" data-end=\"1951\">\n<li data-section-id=\"hccfoh\" data-start=\"1751\" data-end=\"1789\">Gran capacidad de soplado para un uso m\u00e1s prolongado<\/li>\n<li data-section-id=\"ib0yw8\" data-start=\"1790\" data-end=\"1821\">Vapor suave con bobina de malla<\/li>\n<li data-section-id=\"1g8zwq1\" data-start=\"1822\" data-end=\"1867\">Bater\u00eda recargable con carga Type-C<\/li>\n<li data-section-id=\"1o2cxww\" data-start=\"1868\" data-end=\"1902\">M\u00faltiples sabores en un solo dispositivo<\/li>\n<li data-section-id=\"1w7lcbd\" data-start=\"1903\" data-end=\"1951\">Adecuado para expositores minoristas y pedidos al por mayor<\/li>\n<\/ul>\n<h3 data-section-id=\"hwjiak\" data-start=\"1702\" data-end=\"1712\">Aviso<\/h3>\n<p data-start=\"1714\" data-end=\"1787\">El precio de Airmez FOX 6 en 1 14000 Puffs depende de la cantidad del pedido:<\/p>\n<ul data-start=\"1789\" data-end=\"1867\">\n<li data-section-id=\"us7ftp\" data-start=\"1789\" data-end=\"1814\">1-15 unid: US$28,99 cada uno<\/li>\n<li data-section-id=\"4iw75h\" data-start=\"1815\" data-end=\"1842\">16-199 unid: US$10,99 cada uno<\/li>\n<li data-section-id=\"1f1g2s0\" data-start=\"1843\" data-end=\"1867\">M\u00e1s de 200 unidades US$8.99 c\/u<\/li>\n<\/ul>\n<p data-start=\"1869\" data-end=\"1971\">El precio var\u00eda en funci\u00f3n de la cantidad del pedido. Confirme la cantidad antes de realizar el pedido.<\/p>\n<p data-start=\"1953\" data-end=\"2130\">En <strong data-start=\"1957\" data-end=\"1990\">Airmez FOX 4 en 1 12000 Puffs<\/strong> es una buena opci\u00f3n para los vendedores que buscan un vapeador de gran capacidad con combinaciones de sabores variados, caracter\u00edsticas pr\u00e1cticas y un envase atractivo.<\/p>","protected":false},"excerpt":{"rendered":"<h3>Especificaciones del producto<\/h3>\n<p>\u2611 15ML*4 de E-l\u00edquido<br \/>\n\u2611 Bobina de malla<br \/>\nPuerto Tipo-C<br \/>\n\u2611 650mAh<br \/>\n\u2611 10 unidades en caja expositora<br \/>\n\u2611 Mix 100pcs each carton<\/p>","protected":false},"featured_media":844,"comment_status":"open","ping_status":"closed","template":"","meta":{"_joinchat":[]},"product_brand":[],"product_cat":[87],"product_tag":[],"class_list":{"0":"post-806","1":"product","2":"type-product","3":"status-publish","4":"has-post-thumbnail","6":"product_cat-e-cigarettes-europe","8":"first","9":"instock","10":"shipping-taxable","11":"purchasable","12":"product-type-variable"},"_links":{"self":[{"href":"https:\/\/www.chunghwashop.com\/es\/wp-json\/wp\/v2\/product\/806","targetHints":{"allow":["GET"]}}],"collection":[{"href":"https:\/\/www.chunghwashop.com\/es\/wp-json\/wp\/v2\/product"}],"about":[{"href":"https:\/\/www.chunghwashop.com\/es\/wp-json\/wp\/v2\/types\/product"}],"replies":[{"embeddable":true,"href":"https:\/\/www.chunghwashop.com\/es\/wp-json\/wp\/v2\/comments?post=806"}],"wp:featuredmedia":[{"embeddable":true,"href":"https:\/\/www.chunghwashop.com\/es\/wp-json\/wp\/v2\/media\/844"}],"wp:attachment":[{"href":"https:\/\/www.chunghwashop.com\/es\/wp-json\/wp\/v2\/media?parent=806"}],"wp:term":[{"taxonomy":"product_brand","embeddable":true,"href":"https:\/\/www.chunghwashop.com\/es\/wp-json\/wp\/v2\/product_brand?post=806"},{"taxonomy":"product_cat","embeddable":true,"href":"https:\/\/www.chunghwashop.com\/es\/wp-json\/wp\/v2\/product_cat?post=806"},{"taxonomy":"product_tag","embeddable":true,"href":"https:\/\/www.chunghwashop.com\/es\/wp-json\/wp\/v2\/product_tag?post=806"}],"curies":[{"name":"wp","href":"https:\/\/api.w.org\/{rel}","templated":true}]}}