{"id":805,"date":"2026-04-16T14:20:16","date_gmt":"2026-04-16T06:20:16","guid":{"rendered":"https:\/\/www.chunghwashop.com\/?post_type=product&#038;p=805"},"modified":"2026-04-16T14:53:43","modified_gmt":"2026-04-16T06:53:43","slug":"airmez-lux-60k","status":"publish","type":"product","link":"https:\/\/www.chunghwashop.com\/es\/producto\/airmez-lux-60k","title":{"rendered":"Airmez LUX 60k"},"content":{"rendered":"<p data-start=\"106\" data-end=\"410\"><strong data-start=\"106\" data-end=\"123\">Airmez LUX 60K<\/strong> es un dispositivo de vapeo desechable elegante y de gran capacidad dise\u00f1ado para usuarios que desean un rendimiento suave, un sabor intenso y una comodidad moderna en un producto compacto. Con su llamativo dise\u00f1o y sus pr\u00e1cticas caracter\u00edsticas, es una opci\u00f3n s\u00f3lida tanto para la venta al por menor como para la distribuci\u00f3n al por mayor.<\/p>\n<p data-start=\"412\" data-end=\"700\">Este dispositivo incluye <strong data-start=\"435\" data-end=\"455\">30 ml de e-l\u00edquido<\/strong>, a <strong data-start=\"459\" data-end=\"472\">bobina de malla<\/strong> para mejorar el suministro de sabor, un <strong data-start=\"505\" data-end=\"536\">Bater\u00eda recargable de 650 mAh<\/strong>, y un <strong data-start=\"544\" data-end=\"568\">Puerto de carga Tipo-C<\/strong> para facilitar la recarga. El Airmez LUX60K est\u00e1 dise\u00f1ado para proporcionar una experiencia de vapeo satisfactoria con una salida consistente y un tiro suave.<\/p>\n<p data-start=\"702\" data-end=\"972\">Su aspecto premium hace que destaque en la exposici\u00f3n, mientras que la selecci\u00f3n de sabores ofrece a los clientes m\u00e1s opciones para adaptarse a las distintas preferencias. Tanto si vende en tienda como en l\u00ednea, este modelo ofrece una s\u00f3lida combinaci\u00f3n de dise\u00f1o, funcionalidad y variedad de sabores.<\/p>\n<h3 data-section-id=\"1iz91iu\" data-start=\"974\" data-end=\"990\">Caracter\u00edsticas principales<\/h3>\n<ul data-start=\"991\" data-end=\"1179\">\n<li data-section-id=\"j07jqf\" data-start=\"991\" data-end=\"1009\">30 ml de e-l\u00edquido<\/li>\n<li data-section-id=\"1u6cj9s\" data-start=\"1010\" data-end=\"1048\">Bobina de malla para un sabor suave y rico<\/li>\n<li data-section-id=\"nozpp4\" data-start=\"1049\" data-end=\"1071\">Puerto de carga Tipo-C<\/li>\n<li data-section-id=\"suaevp\" data-start=\"1072\" data-end=\"1101\">Bater\u00eda recargable de 650 mAh<\/li>\n<li data-section-id=\"1jitody\" data-start=\"1102\" data-end=\"1136\">Dise\u00f1o moderno y elegante<\/li>\n<li data-section-id=\"1turvr3\" data-start=\"1137\" data-end=\"1179\">Adecuado para el suministro al por menor y al por mayor<\/li>\n<\/ul>\n<h3 data-section-id=\"1cjeezw\" data-start=\"1181\" data-end=\"1202\">Sabores disponibles<\/h3>\n<ol data-start=\"1203\" data-end=\"1383\">\n<li data-section-id=\"1j2zj60\" data-start=\"1203\" data-end=\"1222\">Fresa helada<\/li>\n<li data-section-id=\"ct7xja\" data-start=\"1223\" data-end=\"1242\">Hielo de sand\u00eda<\/li>\n<li data-section-id=\"ueawe5\" data-start=\"1243\" data-end=\"1261\">Mezcla de bayas<\/li>\n<li data-section-id=\"1ojqpom\" data-start=\"1262\" data-end=\"1285\">Fruta de la pasi\u00f3n Kiwi<\/li>\n<li data-section-id=\"1qbhb4m\" data-start=\"1286\" data-end=\"1298\">Dr. Azul<\/li>\n<li data-section-id=\"j5g2y5\" data-start=\"1299\" data-end=\"1311\">Amor 66<\/li>\n<li data-section-id=\"trqg9s\" data-start=\"1312\" data-end=\"1329\">Triple Mango<\/li>\n<li data-section-id=\"puwced\" data-start=\"1330\" data-end=\"1346\">Cereza Cola<\/li>\n<li data-section-id=\"sit6kg\" data-start=\"1347\" data-end=\"1363\">Bingo Crush<\/li>\n<li data-section-id=\"al94j7\" data-start=\"1364\" data-end=\"1383\">Limonada rosa<\/li>\n<\/ol>\n<h3 data-section-id=\"7vssn1\" data-start=\"1385\" data-end=\"1404\">Detalles del embalaje<\/h3>\n<ul data-start=\"1405\" data-end=\"1456\">\n<li data-section-id=\"xe8pr5\" data-start=\"1405\" data-end=\"1429\">10 unidades por caja expositora<\/li>\n<li data-section-id=\"wdljr9\" data-start=\"1430\" data-end=\"1456\">Mixto 200 unidades por caja<\/li>\n<\/ul>\n<h3 data-section-id=\"hwjiak\" data-start=\"1702\" data-end=\"1712\">Aviso<\/h3>\n<p data-start=\"1714\" data-end=\"1787\">El precio de Airmez FOX 6 en 1 14000 Puffs depende de la cantidad del pedido:<\/p>\n<ul data-start=\"1789\" data-end=\"1867\">\n<li data-section-id=\"us7ftp\" data-start=\"1789\" data-end=\"1814\">1-15 unid: US$28,99 cada uno<\/li>\n<li data-section-id=\"4iw75h\" data-start=\"1815\" data-end=\"1842\">16-199 unid: US$10,99 cada uno<\/li>\n<li data-section-id=\"1f1g2s0\" data-start=\"1843\" data-end=\"1867\">M\u00e1s de 200 unidades US$8.99 c\/u<\/li>\n<\/ul>\n<p data-start=\"1869\" data-end=\"1971\">El precio var\u00eda en funci\u00f3n de la cantidad del pedido. Confirme la cantidad antes de realizar el pedido.<\/p>\n<p data-start=\"1458\" data-end=\"1727\">En <strong data-start=\"1462\" data-end=\"1479\">Airmez LUX60K<\/strong> es una excelente opci\u00f3n para los vendedores que buscan un vaporizador desechable de alto valor con un envase atractivo y opciones de sabores populares. Es especialmente adecuado para mayoristas, distribuidores y tiendas de vapeo que desean un producto con un amplio atractivo en el mercado.<\/p>","protected":false},"excerpt":{"rendered":"<h2>Especificaciones del producto\uff1a<\/h2>\n<p>\u2611 30ML de E-l\u00edquido<br \/>\n\u2611 Bobina de malla<br \/>\nPuerto Tipo-C<br \/>\n\u2611 650mAh<br \/>\n\u2611 10 unidades en caja expositora<br \/>\n\u2611 Mix 200pcs cada cart\u00f3n<\/p>","protected":false},"featured_media":835,"comment_status":"open","ping_status":"closed","template":"","meta":{"_joinchat":[]},"product_brand":[],"product_cat":[87],"product_tag":[],"class_list":{"0":"post-805","1":"product","2":"type-product","3":"status-publish","4":"has-post-thumbnail","6":"product_cat-e-cigarettes-europe","8":"first","9":"instock","10":"shipping-taxable","11":"purchasable","12":"product-type-variable"},"_links":{"self":[{"href":"https:\/\/www.chunghwashop.com\/es\/wp-json\/wp\/v2\/product\/805","targetHints":{"allow":["GET"]}}],"collection":[{"href":"https:\/\/www.chunghwashop.com\/es\/wp-json\/wp\/v2\/product"}],"about":[{"href":"https:\/\/www.chunghwashop.com\/es\/wp-json\/wp\/v2\/types\/product"}],"replies":[{"embeddable":true,"href":"https:\/\/www.chunghwashop.com\/es\/wp-json\/wp\/v2\/comments?post=805"}],"wp:featuredmedia":[{"embeddable":true,"href":"https:\/\/www.chunghwashop.com\/es\/wp-json\/wp\/v2\/media\/835"}],"wp:attachment":[{"href":"https:\/\/www.chunghwashop.com\/es\/wp-json\/wp\/v2\/media?parent=805"}],"wp:term":[{"taxonomy":"product_brand","embeddable":true,"href":"https:\/\/www.chunghwashop.com\/es\/wp-json\/wp\/v2\/product_brand?post=805"},{"taxonomy":"product_cat","embeddable":true,"href":"https:\/\/www.chunghwashop.com\/es\/wp-json\/wp\/v2\/product_cat?post=805"},{"taxonomy":"product_tag","embeddable":true,"href":"https:\/\/www.chunghwashop.com\/es\/wp-json\/wp\/v2\/product_tag?post=805"}],"curies":[{"name":"wp","href":"https:\/\/api.w.org\/{rel}","templated":true}]}}