{"id":546,"date":"2026-03-12T16:00:29","date_gmt":"2026-03-12T08:00:29","guid":{"rendered":"https:\/\/www.chunghwashop.com\/?post_type=product&#038;p=546"},"modified":"2026-04-28T18:41:38","modified_gmt":"2026-04-28T10:41:38","slug":"chunghwa-slim-3mg-innovation-range","status":"publish","type":"product","link":"https:\/\/www.chunghwashop.com\/es\/producto\/chunghwa-slim-3mg-innovation-range","title":{"rendered":"Gama de innovaci\u00f3n Chunghwa Slim 3 mg"},"content":{"rendered":"<div class=\"chunghwa-card\">\n<div class=\"chunghwa-body\"><\/div>\n<\/div>\n<h3 data-start=\"137\" data-end=\"176\"><!-- \u5c06\u4ee5\u4e0b\u4ee3\u7801\u7c98\u8d34\u5230 WordPress\u300c\u81ea\u5b9a\u4e49HTML\u300d\u533a\u5757\u4e2d --> <\/p>\n<style>\n.prd-table-wrap { max-width: 580px; margin: 0 auto; font-family: Arial, sans-serif; }<br \/>\n.prd-table-wrap h4 { font-size: 12px; letter-spacing: 2px; color: #888; text-transform: uppercase; margin: 0 0 4px; }<br \/>\n.prd-table-wrap h3 { font-size: 18px; color: #222; margin: 0 0 14px; font-weight: 600; }<br \/>\n.prd-table { width: 100%; border-collapse: collapse; }<br \/>\n.prd-table td { padding: 10px 14px; border: 1px solid #ddd; font-size: 13px; }<br \/>\n.prd-table tr:nth-child(even) td { background: #f9f4ec; }<br \/>\n.prd-table tr:nth-child(odd) td { background: #fff; }<br \/>\n.prd-table tr:first-child td { background: #8B1A1A !important; color: #fff; font-weight: 700; }<br \/>\n.prd-table td:first-child { color: #666; width: 45%; }<br \/>\n.prd-table td:last-child { font-weight: 500; color: #222; }<br \/>\n.prd-table tr:first-child td:first-child,<br \/>\n.prd-table tr:first-child td:last-child { color: #fff; }<br \/>\n<\/style>\n<\/h3>\n<div class=\"prd-table-wrap\">\n<h4>Especificaciones del producto<\/h4>\n<h3>Informaci\u00f3n b\u00e1sica<\/h3>\n<table class=\"prd-table\">\n<tbody>\n<tr>\n<td>Nombre del producto<\/td>\n<td>Chunghwa (Slim 3mg) Gama Innovaci\u00f3n<\/td>\n<\/tr>\n<tr>\n<td>Marca<\/td>\n<td>Chunghwa (\u4e2d\u534e)<\/td>\n<\/tr>\n<tr>\n<td>Tipo<\/td>\n<td>Virginia curada al horno<\/td>\n<\/tr>\n<tr>\n<td>Estilo Cigarrillo<\/td>\n<td>Slim<\/td>\n<\/tr>\n<tr>\n<td>Alquitr\u00e1n<\/td>\n<td>3 mg<\/td>\n<\/tr>\n<tr>\n<td>Nicotina<\/td>\n<td>0,3 mg<\/td>\n<\/tr>\n<tr>\n<td>Mon\u00f3xido de carbono<\/td>\n<td>2 mg<\/td>\n<\/tr>\n<tr>\n<td>Longitud<\/td>\n<td>89 mm<\/td>\n<\/tr>\n<tr>\n<td>Embalaje<\/td>\n<td>Caja de papel duro<\/td>\n<\/tr>\n<tr>\n<td>Color principal<\/td>\n<td>Amarillo claro<\/td>\n<\/tr>\n<tr>\n<td>Por paquete<\/td>\n<td>20 cigarrillos<\/td>\n<\/tr>\n<tr>\n<td>Envases por caja<\/td>\n<td>10 paquetes<\/td>\n<\/tr>\n<tr>\n<td>Por caja<\/td>\n<td>200 cigarrillos<\/td>\n<\/tr>\n<\/tbody>\n<\/table>\n<\/div>\n<h3 data-start=\"137\" data-end=\"176\"><strong data-start=\"137\" data-end=\"176\">Informaci\u00f3n importante previa a la compra:<\/strong><\/h3>\n<ul data-start=\"178\" data-end=\"781\">\n<li data-start=\"178\" data-end=\"502\">\n<p data-start=\"180\" data-end=\"502\"><strong data-start=\"180\" data-end=\"207\">Autenticidad garantizada<\/strong>: La Red Nacional del Tabaco Aut\u00e9ntico garantiza la venta exclusiva de productos aut\u00e9nticos. Los productos falsificados est\u00e1n estrictamente prohibidos. Los amigos chinos de ultramar son bienvenidos a realizar pedidos tanto de\u00a0<strong data-start=\"392\" data-end=\"405\">venta al por mayor<\/strong>\u00a0y\u00a0<strong data-start=\"410\" data-end=\"420\">venta al por menor<\/strong>. Los compradores interesados pueden\u00a0<strong data-start=\"444\" data-end=\"464\">a\u00f1ade nuestro WhatsApp<\/strong>\u00a0(+447922291211) para m\u00e1s informaci\u00f3n.<\/p>\n<\/li>\n<li data-start=\"503\" data-end=\"781\">\n<p data-start=\"505\" data-end=\"781\"><strong data-start=\"505\" data-end=\"529\">Operador con experiencia<\/strong>: El operador de esta tienda en l\u00ednea tiene a\u00f1os de experiencia en el sector de la log\u00edstica internacional y la entrega urgente, con amplios conocimientos y estrategias para el env\u00edo de mercanc\u00edas sensibles a escala internacional. Los clientes extranjeros pueden comprar con confianza.<\/p>\n<\/li>\n<\/ul>\n<h3 data-start=\"783\" data-end=\"803\"><strong data-start=\"783\" data-end=\"803\">Pol\u00edtica de env\u00edos:<\/strong><\/h3>\n<ul data-start=\"805\" data-end=\"1004\">\n<li data-start=\"805\" data-end=\"1004\">\n<p data-start=\"807\" data-end=\"1004\"><strong data-start=\"807\" data-end=\"825\">Precios por caja<\/strong>: Todos los precios indicados en el sitio son por caja.\u00a0<strong data-start=\"876\" data-end=\"893\">Env\u00edo gratuito<\/strong>\u00a0se aplica a pedidos de una caja o m\u00e1s. Para consultas detalladas, ponte en contacto con nuestro servicio de atenci\u00f3n al cliente por WhatsApp.<\/p>\n<\/li>\n<\/ul>\n<h3 data-start=\"1006\" data-end=\"1026\"><strong data-start=\"1006\" data-end=\"1026\">Formas de pago:<\/strong><\/h3>\n<ul data-start=\"1028\" data-end=\"1611\">\n<li data-start=\"1028\" data-end=\"1359\">\n<p data-start=\"1030\" data-end=\"1359\"><strong data-start=\"1030\" data-end=\"1049\">Proceso de pago<\/strong>: Debido a la naturaleza sensible de nuestros productos,\u00a0<strong data-start=\"1096\" data-end=\"1160\">los pagos en l\u00ednea a trav\u00e9s de la cesta de la compra est\u00e1n actualmente desactivados<\/strong>. Por favor,\u00a0<strong data-start=\"1169\" data-end=\"1221\">no realice pagos en l\u00ednea a trav\u00e9s del carrito<\/strong>. Tras realizar un pedido, facilite la\u00a0<strong data-start=\"1259\" data-end=\"1275\">n\u00famero de pedido<\/strong>\u00a0a nuestro\u00a0<strong data-start=\"1283\" data-end=\"1312\">Servicio de atenci\u00f3n al cliente de WhatsApp<\/strong>\u00a0para una recogida de direcciones de env\u00edo m\u00e1s precisa.<\/p>\n<\/li>\n<li data-start=\"1360\" data-end=\"1611\">\n<p data-start=\"1362\" data-end=\"1398\">Nuestros principales m\u00e9todos de pago incluyen:<\/p>\n<ul data-start=\"1401\" data-end=\"1611\">\n<li data-start=\"1401\" data-end=\"1413\">\n<p data-start=\"1403\" data-end=\"1413\"><strong data-start=\"1403\" data-end=\"1413\">PayPal<\/strong><\/p>\n<\/li>\n<li data-start=\"1416\" data-end=\"1428\">\n<p data-start=\"1418\" data-end=\"1428\"><strong data-start=\"1418\" data-end=\"1428\">Raya<\/strong><\/p>\n<\/li>\n<li data-start=\"1431\" data-end=\"1449\">\n<p data-start=\"1433\" data-end=\"1449\"><strong data-start=\"1433\" data-end=\"1449\">Tarjetas de cr\u00e9dito<\/strong><\/p>\n<\/li>\n<li data-start=\"1452\" data-end=\"1471\">\n<p data-start=\"1454\" data-end=\"1471\"><strong data-start=\"1454\" data-end=\"1471\">Western Union<\/strong><\/p>\n<\/li>\n<li data-start=\"1474\" data-end=\"1611\">\n<p data-start=\"1476\" data-end=\"1611\">Las divisas se convierten al\u00a0<strong data-start=\"1516\" data-end=\"1539\">tipo de cambio diario<\/strong>. Si desea m\u00e1s informaci\u00f3n, p\u00f3ngase en contacto con nuestro\u00a0<strong data-start=\"1581\" data-end=\"1610\">Servicio de atenci\u00f3n al cliente de WhatsApp<\/strong>.<\/p>\n<\/li>\n<\/ul>\n<\/li>\n<\/ul>\n<h3 data-start=\"1613\" data-end=\"1637\"><strong data-start=\"1613\" data-end=\"1637\">Servicio postventa:<\/strong><\/h3>\n<ul data-start=\"1639\" data-end=\"2122\">\n<li data-start=\"1639\" data-end=\"1867\">\n<p data-start=\"1641\" data-end=\"1867\"><strong data-start=\"1641\" data-end=\"1658\">Mantente en contacto<\/strong>: Se recomienda a los clientes que\u00a0<strong data-start=\"1685\" data-end=\"1722\">a\u00f1ade nuestro servicio de atenci\u00f3n al cliente WhatsApp<\/strong>\u00a0antes de comprar para recibir la informaci\u00f3n m\u00e1s reciente. Si no tiene WhatsApp, puede ponerse en contacto con nosotros a trav\u00e9s de\u00a0<strong data-start=\"1827\" data-end=\"1836\">correo electr\u00f3nico<\/strong>\u00a0en\u00a0<strong data-start=\"1840\" data-end=\"1865\"><a class=\"decorated-link cursor-pointer\" rel=\"noopener\" data-start=\"1842\" data-end=\"1863\">Info@chunghwashop.com<\/a><\/strong>.<\/p>\n<\/li>\n<li data-start=\"1868\" data-end=\"2122\">\n<p data-start=\"1870\" data-end=\"2122\"><strong data-start=\"1870\" data-end=\"1903\">Confirmaci\u00f3n y seguimiento de pedidos<\/strong>: Una vez confirmado el pago, organizaremos el env\u00edo inmediatamente y enviaremos el\u00a0<strong data-start=\"1982\" data-end=\"2001\">n\u00famero de seguimiento<\/strong>\u00a0a tu WhatsApp o correo electr\u00f3nico. Comprueba si hay actualizaciones. En\u00a0<strong data-start=\"2060\" data-end=\"2121\">90% de los paquetes internacionales de EMS llegan en un plazo de 12-20 d\u00edas<\/strong>.<\/p>\n<\/li>\n<\/ul>\n<h3 data-start=\"2124\" data-end=\"2145\"><strong data-start=\"2124\" data-end=\"2145\">Cuestiones fiscales:<\/strong><\/h3>\n<ul data-start=\"2147\" data-end=\"2405\">\n<li data-start=\"2147\" data-end=\"2405\">\n<p data-start=\"2149\" data-end=\"2405\"><strong data-start=\"2149\" data-end=\"2167\">Reformas fiscales de la UE<\/strong>: La UE complet\u00f3 las reformas fiscales en\u00a0<strong data-start=\"2201\" data-end=\"2214\">Julio de 2021<\/strong>, y ahora grava los paquetes con impuestos que oscilan entre unos pocos euros y varias decenas de euros. Esta fiscalidad se aplica a todos los paquetes postales que entran en estos pa\u00edses, no espec\u00edficamente a los productos del tabaco.<\/p>\n<\/li>\n<\/ul>\n<h3 data-start=\"2407\" data-end=\"2428\"><strong data-start=\"2407\" data-end=\"2428\">Pedidos al por mayor:<\/strong><\/h3>\n<ul data-start=\"2430\" data-end=\"2600\">\n<li data-start=\"2430\" data-end=\"2600\">\n<p data-start=\"2432\" data-end=\"2600\"><strong data-start=\"2432\" data-end=\"2460\">Pedidos al por mayor<\/strong>: Aceptamos\u00a0<strong data-start=\"2472\" data-end=\"2492\">pedidos al por mayor<\/strong>. Para m\u00e1s informaci\u00f3n, p\u00f3ngase en contacto con nuestro\u00a0<strong data-start=\"2526\" data-end=\"2555\">Servicio de atenci\u00f3n al cliente de WhatsApp<\/strong>\u00a0para m\u00e1s informaci\u00f3n y las \u00faltimas actualizaciones.<\/p>\n<\/li>\n<\/ul>","protected":false},"excerpt":{"rendered":"<ul>\n<li>\u00a0Premium Flue-Cured Virginia Tobacco - Hojas de tabaco seleccionadas, suaves y melosas.<\/li>\n<li>\u00a0F\u00f3rmula ultra baja en alquitr\u00e1n - Bajo contenido en alquitr\u00e1n y nicotina para una experiencia refrescante.<\/li>\n<li>\u00a0Elegante formato delgado: pitillo delgado de 89 mm, agarre moderno y elegante.<\/li>\n<li>\u00a0Embalaje de calidad en caja de papel duro - Embalaje en caja dura para mayor frescura y una presentaci\u00f3n exquisita.<\/li>\n<li>\u00a0Patrimonio e innovaci\u00f3n: una fusi\u00f3n del patrimonio cl\u00e1sico de las marcas chinas con un dise\u00f1o innovador.<\/li>\n<\/ul>","protected":false},"featured_media":549,"comment_status":"open","ping_status":"closed","template":"","meta":{"_joinchat":[]},"product_brand":[],"product_cat":[16],"product_tag":[],"class_list":{"0":"post-546","1":"product","2":"type-product","3":"status-publish","4":"has-post-thumbnail","6":"product_cat-chunghwa","7":"pa_specs-box-of-200","8":"pa_specs-pack-of-20","10":"first","11":"instock","12":"shipping-taxable","13":"purchasable","14":"product-type-variable"},"_links":{"self":[{"href":"https:\/\/www.chunghwashop.com\/es\/wp-json\/wp\/v2\/product\/546","targetHints":{"allow":["GET"]}}],"collection":[{"href":"https:\/\/www.chunghwashop.com\/es\/wp-json\/wp\/v2\/product"}],"about":[{"href":"https:\/\/www.chunghwashop.com\/es\/wp-json\/wp\/v2\/types\/product"}],"replies":[{"embeddable":true,"href":"https:\/\/www.chunghwashop.com\/es\/wp-json\/wp\/v2\/comments?post=546"}],"wp:featuredmedia":[{"embeddable":true,"href":"https:\/\/www.chunghwashop.com\/es\/wp-json\/wp\/v2\/media\/549"}],"wp:attachment":[{"href":"https:\/\/www.chunghwashop.com\/es\/wp-json\/wp\/v2\/media?parent=546"}],"wp:term":[{"taxonomy":"product_brand","embeddable":true,"href":"https:\/\/www.chunghwashop.com\/es\/wp-json\/wp\/v2\/product_brand?post=546"},{"taxonomy":"product_cat","embeddable":true,"href":"https:\/\/www.chunghwashop.com\/es\/wp-json\/wp\/v2\/product_cat?post=546"},{"taxonomy":"product_tag","embeddable":true,"href":"https:\/\/www.chunghwashop.com\/es\/wp-json\/wp\/v2\/product_tag?post=546"}],"curies":[{"name":"wp","href":"https:\/\/api.w.org\/{rel}","templated":true}]}}