{"id":34,"date":"2026-04-24T10:38:00","date_gmt":"2026-04-24T02:38:00","guid":{"rendered":"https:\/\/www.chunghwashop.com\/?post_type=product&#038;p=34"},"modified":"2026-04-28T19:57:48","modified_gmt":"2026-04-28T11:57:48","slug":"chunghwa-hard-pack","status":"publish","type":"product","link":"https:\/\/www.chunghwashop.com\/es\/producto\/chunghwa-hard-pack","title":{"rendered":"Chunghwa Hard Pack"},"content":{"rendered":"<p><a href=\"https:\/\/en.wikipedia.org\/wiki\/Chunghwa_%28cigarette%29\" target=\"_blank\" rel=\"noopener\">Chunghwa<\/a>\u00a0Los cigarrillos Hard Pack son una oferta de primera calidad procedente de China, famosa por su rico sabor y por ser un s\u00edmbolo de lujo. Se elaboran con tabaco curado al humo de alta calidad, que proporciona una experiencia de fumada suave y satisfactoria.<\/p>\n<p>Los cigarrillos Chunghwa son producidos por Shanghai Tobacco Group.<br \/>\n<strong>1 paquete contiene 20 cigarrillos (paquete de 20).<\/strong><br \/>\n<strong>1 cart\u00f3n contiene 10 paquetes de 20 cigarrillos. Total 200 cigarrillos (caja de 200).<\/strong><\/p>\n<h3>Informaci\u00f3n sobre cigarrillos<\/h3>\n<table>\n<thead>\n<tr>\n<th><strong>Atributo<\/strong><\/th>\n<th><strong>Especificaci\u00f3n<\/strong><\/th>\n<\/tr>\n<\/thead>\n<tbody>\n<tr>\n<td><strong>Marca<\/strong><\/td>\n<td>Chunghwa<\/td>\n<\/tr>\n<tr>\n<td><strong>Alquitr\u00e1n<\/strong><\/td>\n<td>11 mg<\/td>\n<\/tr>\n<tr>\n<td><strong>Mon\u00f3xido de carbono<\/strong><\/td>\n<td>11 mg<\/td>\n<\/tr>\n<tr>\n<td><strong>Longitud del filtro<\/strong><\/td>\n<td>32 mm<\/td>\n<\/tr>\n<tr>\n<td><strong>Embalaje<\/strong><\/td>\n<td>Envase r\u00edgido de papel<\/td>\n<\/tr>\n<tr>\n<td><strong>Color secundario<\/strong><\/td>\n<td>Oro<\/td>\n<\/tr>\n<tr>\n<td><strong>Recuento de cajas<\/strong><\/td>\n<td>10<\/td>\n<\/tr>\n<tr>\n<td><strong>Tipo<\/strong><\/td>\n<td>Tabaco flue-cured<\/td>\n<\/tr>\n<tr>\n<td><strong>Nicotina<\/strong><\/td>\n<td>1mg<\/td>\n<\/tr>\n<tr>\n<td><strong>Longitud<\/strong><\/td>\n<td>84 mm<\/td>\n<\/tr>\n<tr>\n<td><strong>Circunferencia<\/strong><\/td>\n<td>25 mm<\/td>\n<\/tr>\n<tr>\n<td><strong>Color principal<\/strong><\/td>\n<td>Rojo<\/td>\n<\/tr>\n<tr>\n<td><strong>Cantidad por paquete<\/strong><\/td>\n<td>20<\/td>\n<\/tr>\n<tr>\n<td><strong>Por caja<\/strong><\/td>\n<td>200 cigarrillos<\/td>\n<\/tr>\n<\/tbody>\n<\/table>\n<h3 data-start=\"137\" data-end=\"176\"><strong data-start=\"137\" data-end=\"176\">Informaci\u00f3n importante previa a la compra:<\/strong><\/h3>\n<ul data-start=\"178\" data-end=\"781\">\n<li data-start=\"178\" data-end=\"502\">\n<p data-start=\"180\" data-end=\"502\"><strong data-start=\"180\" data-end=\"207\">Autenticidad garantizada<\/strong>: La Red Nacional del Tabaco Aut\u00e9ntico garantiza la venta exclusiva de productos aut\u00e9nticos. Los productos falsificados est\u00e1n estrictamente prohibidos. Los amigos chinos de ultramar son bienvenidos a realizar pedidos tanto de\u00a0<strong data-start=\"392\" data-end=\"405\">venta al por mayor<\/strong>\u00a0y\u00a0<strong data-start=\"410\" data-end=\"420\">venta al por menor<\/strong>. Los compradores interesados pueden\u00a0<strong data-start=\"444\" data-end=\"464\">a\u00f1ade nuestro WhatsApp<\/strong>\u00a0(+447922291211) para m\u00e1s informaci\u00f3n.<\/p>\n<\/li>\n<li data-start=\"503\" data-end=\"781\">\n<p data-start=\"505\" data-end=\"781\"><strong data-start=\"505\" data-end=\"529\">Operador con experiencia<\/strong>: El operador de esta tienda en l\u00ednea tiene a\u00f1os de experiencia en el sector de la log\u00edstica internacional y la entrega urgente, con amplios conocimientos y estrategias para el env\u00edo de mercanc\u00edas sensibles a escala internacional. Los clientes extranjeros pueden comprar con confianza.<\/p>\n<\/li>\n<\/ul>\n<h3 data-start=\"783\" data-end=\"803\"><strong data-start=\"783\" data-end=\"803\">Pol\u00edtica de env\u00edos:<\/strong><\/h3>\n<ul data-start=\"805\" data-end=\"1004\">\n<li data-start=\"805\" data-end=\"1004\">\n<p data-start=\"807\" data-end=\"1004\"><strong data-start=\"807\" data-end=\"825\">Precios por caja<\/strong>: Todos los precios indicados en el sitio son por caja.\u00a0<strong data-start=\"876\" data-end=\"893\">Env\u00edo gratuito<\/strong>\u00a0se aplica a pedidos de una caja o m\u00e1s. Para consultas detalladas, ponte en contacto con nuestro servicio de atenci\u00f3n al cliente por WhatsApp.<\/p>\n<\/li>\n<\/ul>\n<h3 data-start=\"1006\" data-end=\"1026\"><strong data-start=\"1006\" data-end=\"1026\">Formas de pago:<\/strong><\/h3>\n<ul data-start=\"1028\" data-end=\"1611\">\n<li data-start=\"1028\" data-end=\"1359\">\n<p data-start=\"1030\" data-end=\"1359\"><strong data-start=\"1030\" data-end=\"1049\">Proceso de pago<\/strong>: Debido a la naturaleza sensible de nuestros productos,\u00a0<strong data-start=\"1096\" data-end=\"1160\">los pagos en l\u00ednea a trav\u00e9s de la cesta de la compra est\u00e1n actualmente desactivados<\/strong>. Por favor,\u00a0<strong data-start=\"1169\" data-end=\"1221\">no realice pagos en l\u00ednea a trav\u00e9s del carrito<\/strong>. Tras realizar un pedido, facilite la\u00a0<strong data-start=\"1259\" data-end=\"1275\">n\u00famero de pedido<\/strong>\u00a0a nuestro\u00a0<strong data-start=\"1283\" data-end=\"1312\">Servicio de atenci\u00f3n al cliente de WhatsApp<\/strong>\u00a0para una recogida de direcciones de env\u00edo m\u00e1s precisa.<\/p>\n<\/li>\n<li data-start=\"1360\" data-end=\"1611\">\n<p data-start=\"1362\" data-end=\"1398\">Nuestros principales m\u00e9todos de pago incluyen:<\/p>\n<ul data-start=\"1401\" data-end=\"1611\">\n<li data-start=\"1401\" data-end=\"1413\">\n<p data-start=\"1403\" data-end=\"1413\"><strong data-start=\"1403\" data-end=\"1413\">PayPal<\/strong><\/p>\n<\/li>\n<li data-start=\"1416\" data-end=\"1428\">\n<p data-start=\"1418\" data-end=\"1428\"><strong data-start=\"1418\" data-end=\"1428\">Raya<\/strong><\/p>\n<\/li>\n<li data-start=\"1431\" data-end=\"1449\">\n<p data-start=\"1433\" data-end=\"1449\"><strong data-start=\"1433\" data-end=\"1449\">Tarjetas de cr\u00e9dito<\/strong><\/p>\n<\/li>\n<li data-start=\"1452\" data-end=\"1471\">\n<p data-start=\"1454\" data-end=\"1471\"><strong data-start=\"1454\" data-end=\"1471\">Western Union<\/strong><\/p>\n<\/li>\n<li data-start=\"1452\" data-end=\"1471\"><strong>USDT<\/strong><\/li>\n<li data-start=\"1474\" data-end=\"1611\">\n<p data-start=\"1476\" data-end=\"1611\">Las divisas se convierten al\u00a0<strong data-start=\"1516\" data-end=\"1539\">tipo de cambio diario<\/strong>. Si desea m\u00e1s informaci\u00f3n, p\u00f3ngase en contacto con nuestro\u00a0<strong data-start=\"1581\" data-end=\"1610\">Servicio de atenci\u00f3n al cliente de WhatsApp<\/strong>.<\/p>\n<\/li>\n<\/ul>\n<\/li>\n<\/ul>\n<h3 data-start=\"1613\" data-end=\"1637\"><strong data-start=\"1613\" data-end=\"1637\">Servicio postventa:<\/strong><\/h3>\n<ul data-start=\"1639\" data-end=\"2122\">\n<li data-start=\"1639\" data-end=\"1867\">\n<p data-start=\"1641\" data-end=\"1867\"><strong data-start=\"1641\" data-end=\"1658\">Mantente en contacto<\/strong>: Se recomienda a los clientes que\u00a0<strong data-start=\"1685\" data-end=\"1722\">a\u00f1ade nuestro servicio de atenci\u00f3n al cliente WhatsApp<\/strong>\u00a0antes de comprar para recibir la informaci\u00f3n m\u00e1s reciente. Si no tiene WhatsApp, puede ponerse en contacto con nosotros a trav\u00e9s de\u00a0<strong data-start=\"1827\" data-end=\"1836\">correo electr\u00f3nico<\/strong>\u00a0en\u00a0<strong data-start=\"1840\" data-end=\"1865\"><a class=\"decorated-link cursor-pointer\" rel=\"noopener\" data-start=\"1842\" data-end=\"1863\">Info@chunghwashop.com<\/a><\/strong>.<\/p>\n<\/li>\n<li data-start=\"1868\" data-end=\"2122\">\n<p data-start=\"1870\" data-end=\"2122\"><strong data-start=\"1870\" data-end=\"1903\">Confirmaci\u00f3n y seguimiento de pedidos<\/strong>: Una vez confirmado el pago, organizaremos el env\u00edo inmediatamente y enviaremos el\u00a0<strong data-start=\"1982\" data-end=\"2001\">n\u00famero de seguimiento<\/strong>\u00a0a tu WhatsApp o correo electr\u00f3nico. Comprueba si hay actualizaciones. En\u00a0<strong data-start=\"2060\" data-end=\"2121\">90% de los paquetes internacionales de EMS llegan en un plazo de 12-20 d\u00edas<\/strong>.<\/p>\n<\/li>\n<\/ul>\n<h3 data-start=\"2124\" data-end=\"2145\"><strong data-start=\"2124\" data-end=\"2145\">Cuestiones fiscales:<\/strong><\/h3>\n<ul data-start=\"2147\" data-end=\"2405\">\n<li data-start=\"2147\" data-end=\"2405\">\n<p data-start=\"2149\" data-end=\"2405\"><strong data-start=\"2149\" data-end=\"2167\">Reformas fiscales de la UE<\/strong>: La UE complet\u00f3 las reformas fiscales en\u00a0<strong data-start=\"2201\" data-end=\"2214\">Julio de 2021<\/strong>, y ahora grava los paquetes con impuestos que oscilan entre unos pocos euros y varias decenas de euros. Esta fiscalidad se aplica a todos los paquetes postales que entran en estos pa\u00edses, no espec\u00edficamente a los productos del tabaco.<\/p>\n<\/li>\n<\/ul>\n<h3 data-start=\"2407\" data-end=\"2428\"><strong data-start=\"2407\" data-end=\"2428\">Pedidos al por mayor:<\/strong><\/h3>\n<ul data-start=\"2430\" data-end=\"2600\">\n<li data-start=\"2430\" data-end=\"2600\">\n<p data-start=\"2432\" data-end=\"2600\"><strong data-start=\"2432\" data-end=\"2460\">Pedidos al por mayor<\/strong>: Aceptamos\u00a0<strong data-start=\"2472\" data-end=\"2492\">pedidos al por mayor<\/strong>. Para m\u00e1s informaci\u00f3n, p\u00f3ngase en contacto con nuestro\u00a0<strong data-start=\"2526\" data-end=\"2555\">Servicio de atenci\u00f3n al cliente de WhatsApp<\/strong>\u00a0para m\u00e1s informaci\u00f3n y las \u00faltimas actualizaciones.<\/p>\n<\/li>\n<\/ul>","protected":false},"excerpt":{"rendered":"<ul>\n<li><strong>Chunghwa Hard Pack<\/strong> - Ic\u00f3nico cigarrillo chino premium del Shanghai Tobacco Group, c\u00e9lebre por su lujoso estatus y su rico y satisfactorio perfil de sabor.<\/li>\n<li>Elaborado con tabaco de combusti\u00f3n de alta calidad, ofrece una experiencia de fumada suave y equilibrada con una profundidad arom\u00e1tica distintiva que define el verdadero refinamiento.<\/li>\n<li>Dise\u00f1o cl\u00e1sico de envase r\u00edgido en rojo vibrante con elegantes detalles: un s\u00edmbolo intemporal de prestigio, perfecto para regalar o para darse un capricho personal.<\/li>\n<li><strong>Tama\u00f1o King<\/strong> comodidad: 84 mm de longitud, 20 cigarrillos por paquete, 10 paquetes por cart\u00f3n (200 cigarrillos en total) para un disfrute duradero.<\/li>\n<li>Alquitr\u00e1n: 11mg | Nicotina: 1mg | Mon\u00f3xido de Carbono: 11mg - Potencia media bien equilibrada que ofrece profundidad sin intensidad abrumadora.<\/li>\n<\/ul>","protected":false},"featured_media":38,"comment_status":"open","ping_status":"closed","template":"","meta":{"_joinchat":[]},"product_brand":[],"product_cat":[16],"product_tag":[],"class_list":{"0":"post-34","1":"product","2":"type-product","3":"status-publish","4":"has-post-thumbnail","6":"product_cat-chunghwa","8":"first","9":"instock","10":"featured","11":"shipping-taxable","12":"purchasable","13":"product-type-variable"},"_links":{"self":[{"href":"https:\/\/www.chunghwashop.com\/es\/wp-json\/wp\/v2\/product\/34","targetHints":{"allow":["GET"]}}],"collection":[{"href":"https:\/\/www.chunghwashop.com\/es\/wp-json\/wp\/v2\/product"}],"about":[{"href":"https:\/\/www.chunghwashop.com\/es\/wp-json\/wp\/v2\/types\/product"}],"replies":[{"embeddable":true,"href":"https:\/\/www.chunghwashop.com\/es\/wp-json\/wp\/v2\/comments?post=34"}],"wp:featuredmedia":[{"embeddable":true,"href":"https:\/\/www.chunghwashop.com\/es\/wp-json\/wp\/v2\/media\/38"}],"wp:attachment":[{"href":"https:\/\/www.chunghwashop.com\/es\/wp-json\/wp\/v2\/media?parent=34"}],"wp:term":[{"taxonomy":"product_brand","embeddable":true,"href":"https:\/\/www.chunghwashop.com\/es\/wp-json\/wp\/v2\/product_brand?post=34"},{"taxonomy":"product_cat","embeddable":true,"href":"https:\/\/www.chunghwashop.com\/es\/wp-json\/wp\/v2\/product_cat?post=34"},{"taxonomy":"product_tag","embeddable":true,"href":"https:\/\/www.chunghwashop.com\/es\/wp-json\/wp\/v2\/product_tag?post=34"}],"curies":[{"name":"wp","href":"https:\/\/api.w.org\/{rel}","templated":true}]}}