{"id":1127,"date":"2026-04-22T11:41:44","date_gmt":"2026-04-22T03:41:44","guid":{"rendered":"https:\/\/www.chunghwashop.com\/?post_type=product&#038;p=1127"},"modified":"2026-04-23T18:19:52","modified_gmt":"2026-04-23T10:19:52","slug":"septwolves-red-cigarettes%ef%bc%88septwolves-red-wolf%ef%bc%89","status":"publish","type":"product","link":"https:\/\/www.chunghwashop.com\/es\/producto\/septwolves-red-cigarettes%ef%bc%88septwolves-red-wolf%ef%bc%89","title":{"rendered":"Septwolves Cigarrillos Rojos\uff08Septwolves Lobo Rojo\uff09"},"content":{"rendered":"<h3>Informaci\u00f3n sobre cigarrillos<\/h3>\n<table>\n<thead>\n<tr>\n<th>Atributo<\/th>\n<th>Especificaci\u00f3n<\/th>\n<\/tr>\n<\/thead>\n<tbody>\n<tr>\n<td>Marca<\/td>\n<td>Septwolves<\/td>\n<\/tr>\n<tr>\n<td>Alquitr\u00e1n<\/td>\n<td>11 mg<\/td>\n<\/tr>\n<tr>\n<td>Mon\u00f3xido de carbono<\/td>\n<td>12 mg<\/td>\n<\/tr>\n<tr>\n<td>Longitud del filtro<\/td>\n<td>24 mm<\/td>\n<\/tr>\n<tr>\n<td>Embalaje<\/td>\n<td>Caja de papel duro<\/td>\n<\/tr>\n<tr>\n<td>Color secundario<\/td>\n<td>Oro<\/td>\n<\/tr>\n<tr>\n<td>Recuento de cajas<\/td>\n<td>10<\/td>\n<\/tr>\n<tr>\n<td>Tipo<\/td>\n<td>Tabaco flue-cured<\/td>\n<\/tr>\n<tr>\n<td>Nicotina<\/td>\n<td>1mg<\/td>\n<\/tr>\n<tr>\n<td>Longitud<\/td>\n<td>84 mm<\/td>\n<\/tr>\n<tr>\n<td>Circunferencia<\/td>\n<td>24 mm<\/td>\n<\/tr>\n<tr>\n<td>Color principal<\/td>\n<td>Rojo<\/td>\n<\/tr>\n<tr>\n<td>Cantidad por paquete<\/td>\n<td>20<\/td>\n<\/tr>\n<tr>\n<td>Por caja<\/td>\n<td>200 cigarrillos<\/td>\n<\/tr>\n<\/tbody>\n<\/table>\n<p>&nbsp;<\/p>","protected":false},"excerpt":{"rendered":"<ul>\n<li data-section-id=\"1iaxx4q\" data-start=\"0\" data-end=\"157\"><strong data-start=\"3\" data-end=\"32\" data-is-only-node=\"\">Cigarrillos rojos Septwolves<\/strong>, tambi\u00e9n conocido como <strong data-start=\"48\" data-end=\"71\">Septwolves Lobo rojo<\/strong>, Los productos de la serie \"La caja\", con un dise\u00f1o cl\u00e1sico de caja de papel r\u00edgido rojo y dorado, tienen un aspecto audaz y reconocible.<\/li>\n<li data-section-id=\"mvhtjm\" data-start=\"159\" data-end=\"286\">Fabricado en un <strong data-start=\"172\" data-end=\"194\">tabaco flue-cured<\/strong> estilo, este producto ofrece un perfil de cigarrillo chino tradicional para consumidores adultos de tabaco.<\/li>\n<li data-section-id=\"otm36g\" data-start=\"288\" data-end=\"435\">Cada cigarrillo mide <strong data-start=\"315\" data-end=\"333\">84 mm de longitud<\/strong> con un <strong data-start=\"341\" data-end=\"363\">24 mm de circunferencia<\/strong> y un <strong data-start=\"370\" data-end=\"385\">Filtro de 24 mm<\/strong>, d\u00e1ndole un formato est\u00e1ndar de cigarrillo de tama\u00f1o normal.<\/li>\n<li data-section-id=\"546hxq\" data-start=\"437\" data-end=\"608\">Las especificaciones de los cigarrillos incluyen <strong data-start=\"477\" data-end=\"489\">11mg de alquitr\u00e1n<\/strong>, <strong data-start=\"491\" data-end=\"507\">1 mg de nicotina<\/strong>, y <strong data-start=\"513\" data-end=\"537\">12 mg de mon\u00f3xido de carbono<\/strong>, por lo que es adecuado para compradores que buscan informaci\u00f3n detallada sobre el producto.<\/li>\n<li data-section-id=\"ecv3ys\" data-start=\"610\" data-end=\"762\" data-is-last-node=\"\">Cada paquete contiene <strong data-start=\"632\" data-end=\"649\">20 cigarrillos<\/strong>, con <strong data-start=\"656\" data-end=\"679\">10 paquetes por caja<\/strong>, en total <strong data-start=\"690\" data-end=\"719\">200 cigarrillos por cart\u00f3n<\/strong> para necesidades de compra al por menor o en cart\u00f3n.<\/li>\n<\/ul>","protected":false},"featured_media":1128,"comment_status":"open","ping_status":"closed","template":"","meta":{"_joinchat":[]},"product_brand":[],"product_cat":[94],"product_tag":[],"class_list":{"0":"post-1127","1":"product","2":"type-product","3":"status-publish","4":"has-post-thumbnail","6":"product_cat-septwolves","8":"first","9":"instock","10":"shipping-taxable","11":"purchasable","12":"product-type-simple"},"_links":{"self":[{"href":"https:\/\/www.chunghwashop.com\/es\/wp-json\/wp\/v2\/product\/1127","targetHints":{"allow":["GET"]}}],"collection":[{"href":"https:\/\/www.chunghwashop.com\/es\/wp-json\/wp\/v2\/product"}],"about":[{"href":"https:\/\/www.chunghwashop.com\/es\/wp-json\/wp\/v2\/types\/product"}],"replies":[{"embeddable":true,"href":"https:\/\/www.chunghwashop.com\/es\/wp-json\/wp\/v2\/comments?post=1127"}],"wp:featuredmedia":[{"embeddable":true,"href":"https:\/\/www.chunghwashop.com\/es\/wp-json\/wp\/v2\/media\/1128"}],"wp:attachment":[{"href":"https:\/\/www.chunghwashop.com\/es\/wp-json\/wp\/v2\/media?parent=1127"}],"wp:term":[{"taxonomy":"product_brand","embeddable":true,"href":"https:\/\/www.chunghwashop.com\/es\/wp-json\/wp\/v2\/product_brand?post=1127"},{"taxonomy":"product_cat","embeddable":true,"href":"https:\/\/www.chunghwashop.com\/es\/wp-json\/wp\/v2\/product_cat?post=1127"},{"taxonomy":"product_tag","embeddable":true,"href":"https:\/\/www.chunghwashop.com\/es\/wp-json\/wp\/v2\/product_tag?post=1127"}],"curies":[{"name":"wp","href":"https:\/\/api.w.org\/{rel}","templated":true}]}}