{"id":544,"date":"2026-03-12T16:19:10","date_gmt":"2026-03-12T08:19:10","guid":{"rendered":"https:\/\/www.chunghwashop.com\/?page_id=544"},"modified":"2026-03-12T16:19:15","modified_gmt":"2026-03-12T08:19:15","slug":"shipping-policy","status":"publish","type":"page","link":"https:\/\/www.chunghwashop.com\/es\/shipping-policy","title":{"rendered":"Pol\u00edtica de env\u00edos"},"content":{"rendered":"<h2 class=\"wp-block-heading\">Problemas con los productos<\/h2>\n\n\n\n<p>Si hay alg\u00fan problema con los cigarrillos que ha recibido, p\u00f3ngase en contacto con nuestro <strong>Soporte para WhatsApp<\/strong> o <strong>servicio de atenci\u00f3n al cliente por chat en directo<\/strong> lo antes posible.<\/p>\n\n\n\n<p>Debido a la diferencia horaria, es posible que no siempre podamos responder inmediatamente, sobre todo durante las \u00faltimas horas de la noche en su regi\u00f3n. No obstante, una vez que nuestro equipo est\u00e9 en l\u00ednea, le responderemos lo antes posible y trabajaremos con usted para ofrecerle una soluci\u00f3n adecuada.<\/p>\n\n\n\n<p><strong>WhatsApp:<\/strong> +44 7922291211<\/p>\n\n\n\n<h2 class=\"wp-block-heading\">Tiempo de tramitaci\u00f3n del pedido<\/h2>\n\n\n\n<p>Normalmente procesamos y enviamos los pedidos seg\u00fan el siguiente calendario:<\/p>\n\n\n\n<ol class=\"wp-block-list\">\n<li><strong>Los pedidos se env\u00edan normalmente en un plazo de 48 horas tras la confirmaci\u00f3n del pago.<\/strong><\/li>\n\n\n\n<li>Algunos <strong>los cigarrillos m\u00e1s vendidos pueden requerir pedido anticipado<\/strong>, Estos art\u00edculos suelen enviarse en un plazo de <strong>2-5 d\u00edas laborables<\/strong>.<\/li>\n\n\n\n<li>Para los cigarrillos que deban reservarse con antelaci\u00f3n, p\u00f3ngase primero en contacto con nuestro servicio de atenci\u00f3n al cliente en l\u00ednea para confirmar la disponibilidad de existencias. Si el art\u00edculo est\u00e1 temporalmente fuera de stock, normalmente se enviar\u00e1 dentro de <strong>5 d\u00edas laborables<\/strong>.<\/li>\n\n\n\n<li>En <strong>d\u00edas festivos o periodos especiales de m\u00e1xima afluencia<\/strong>, El env\u00edo puede retrasarse en consecuencia.<\/li>\n\n\n\n<li><strong>Todos los pedidos incluyen un n\u00famero de seguimiento<\/strong>, para que pueda comprobar el estado del env\u00edo en cualquier momento.<\/li>\n<\/ol>\n\n\n\n<p><strong>Sitio web de seguimiento:<\/strong> <a href=\"http:\/\/www.17track.net\" target=\"_blank\" rel=\"noopener\">www.17track.net<\/a><\/p>\n\n\n\n<h2 class=\"wp-block-heading\">Plazo de entrega estimado<\/h2>\n\n\n\n<p>Los plazos de entrega var\u00edan en funci\u00f3n del pa\u00eds o regi\u00f3n de destino. Las siguientes estimaciones son s\u00f3lo de referencia:<\/p>\n\n\n\n<h3 class=\"wp-block-heading\">Cigarrillos japoneses \/ Cigarrillos coreanos \/ Cigarrillos chinos libres de impuestos<\/h3>\n\n\n\n<ul class=\"wp-block-list\">\n<li><strong>Estados Unidos:<\/strong> en torno a <strong>5-10 d\u00edas<\/strong> despu\u00e9s del env\u00edo<\/li>\n\n\n\n<li><strong>Existencias nacionales de Estados Unidos:<\/strong> en torno a <strong>2-4 d\u00edas<\/strong><\/li>\n\n\n\n<li><strong>Canad\u00e1:<\/strong> en torno a <strong>7-12 d\u00edas<\/strong> despu\u00e9s del env\u00edo<\/li>\n\n\n\n<li><strong>Reino Unido \/ Francia:<\/strong> en torno a <strong>10-12 d\u00edas<\/strong> despu\u00e9s del env\u00edo<\/li>\n\n\n\n<li><strong>Nueva Zelanda:<\/strong> en torno a <strong>10-12 d\u00edas<\/strong> despu\u00e9s del env\u00edo<\/li>\n\n\n\n<li><strong>Hong Kong \/ Malasia \/ Vietnam \/ Camboya:<\/strong> en torno a <strong>3-8 d\u00edas<\/strong> despu\u00e9s del env\u00edo<\/li>\n<\/ul>\n\n\n\n<p>Si su pa\u00eds es <strong>no incluidos en la lista anterior<\/strong>, P\u00f3ngase en contacto con el servicio de atenci\u00f3n al cliente antes de realizar un pedido para confirmar si el env\u00edo est\u00e1 disponible.<\/p>\n\n\n\n<p><strong>WhatsApp:<\/strong> +44 7922291211<\/p>\n\n\n\n<h2 class=\"wp-block-heading\">Informaci\u00f3n de seguimiento<\/h2>\n\n\n\n<p>Una vez enviado su pedido, recibir\u00e1 un <strong>n\u00famero de seguimiento<\/strong>. Puede utilizar este n\u00famero para seguir en l\u00ednea el estado de su paquete.<\/p>\n\n\n\n<p>Tenga en cuenta lo siguiente:<\/p>\n\n\n\n<ul class=\"wp-block-list\">\n<li>Las actualizaciones de seguimiento pueden tardar un poco en aparecer despu\u00e9s del env\u00edo<\/li>\n\n\n\n<li>Los plazos de env\u00edo son <strong>estimaciones<\/strong>, fechas de entrega no garantizadas<\/li>\n\n\n\n<li>Pueden producirse retrasos debido a la inspecci\u00f3n aduanera, la gesti\u00f3n del servicio de mensajer\u00eda local, las condiciones meteorol\u00f3gicas, las vacaciones u otros factores inesperados.<\/li>\n<\/ul>\n\n\n\n<h2 class=\"wp-block-heading\">Despacho de aduanas<\/h2>\n\n\n\n<p>Con muchos a\u00f1os de experiencia en env\u00edos, hemos desarrollado nuestros propios canales log\u00edsticos y procesos de gesti\u00f3n aduanera.<\/p>\n\n\n\n<p>Cuando enviamos cigarrillos al extranjero, organizamos el env\u00edo de acuerdo con las normas aduaneras y las pr\u00e1cticas de env\u00edo de los distintos pa\u00edses y regiones, para ayudar a reducir al m\u00e1ximo los problemas de despacho innecesarios. <strong>dentro del \u00e1mbito permitido por la normativa local<\/strong>.<\/p>\n\n\n\n<p>Tenga en cuenta lo siguiente:<\/p>\n\n\n\n<ul class=\"wp-block-list\">\n<li>Las pol\u00edticas aduaneras var\u00edan seg\u00fan el pa\u00eds<\/li>\n\n\n\n<li>Las normas de importaci\u00f3n de los productos del tabaco pueden variar de un destino a otro<\/li>\n\n\n\n<li>Cualquier inspecci\u00f3n aduanera, restricci\u00f3n a la importaci\u00f3n, impuesto o cuesti\u00f3n de conformidad local est\u00e1 sujeta a la normativa del pa\u00eds de destino.<\/li>\n<\/ul>\n\n\n\n<p>Recomendamos a los clientes que comprueben las normas locales de importaci\u00f3n antes de hacer un pedido.<\/p>\n\n\n\n<h2 class=\"wp-block-heading\">Atenci\u00f3n al cliente<\/h2>\n\n\n\n<p>Si tiene alguna pregunta sobre el env\u00edo, la disponibilidad de existencias, el seguimiento o las zonas de entrega, p\u00f3ngase en contacto con nosotros antes o despu\u00e9s de realizar el pedido.<\/p>\n\n\n\n<p>Debido a la diferencia horaria, es posible que las respuestas no siempre sean instant\u00e1neas, pero nuestro equipo se pondr\u00e1 en contacto con usted lo antes posible.<\/p>\n\n\n\n<p><strong>WhatsApp:<\/strong> +44 7922291211<\/p>","protected":false},"excerpt":{"rendered":"<p>Product Issues If there is any problem with the cigarettes you received, please contact our WhatsApp support or live chat customer service as soon as possible. Because of the time difference, we may not always be able to reply immediately, especially during late-night hours in your region. However, once our team is online, we will [&hellip;]<\/p>\n","protected":false},"author":1,"featured_media":0,"parent":0,"menu_order":0,"comment_status":"closed","ping_status":"closed","template":"","meta":{"_joinchat":[],"footnotes":""},"class_list":["post-544","page","type-page","status-publish","hentry"],"_links":{"self":[{"href":"https:\/\/www.chunghwashop.com\/es\/wp-json\/wp\/v2\/pages\/544","targetHints":{"allow":["GET"]}}],"collection":[{"href":"https:\/\/www.chunghwashop.com\/es\/wp-json\/wp\/v2\/pages"}],"about":[{"href":"https:\/\/www.chunghwashop.com\/es\/wp-json\/wp\/v2\/types\/page"}],"author":[{"embeddable":true,"href":"https:\/\/www.chunghwashop.com\/es\/wp-json\/wp\/v2\/users\/1"}],"replies":[{"embeddable":true,"href":"https:\/\/www.chunghwashop.com\/es\/wp-json\/wp\/v2\/comments?post=544"}],"version-history":[{"count":1,"href":"https:\/\/www.chunghwashop.com\/es\/wp-json\/wp\/v2\/pages\/544\/revisions"}],"predecessor-version":[{"id":556,"href":"https:\/\/www.chunghwashop.com\/es\/wp-json\/wp\/v2\/pages\/544\/revisions\/556"}],"wp:attachment":[{"href":"https:\/\/www.chunghwashop.com\/es\/wp-json\/wp\/v2\/media?parent=544"}],"curies":[{"name":"wp","href":"https:\/\/api.w.org\/{rel}","templated":true}]}}