{"id":426,"date":"2026-03-07T12:45:09","date_gmt":"2026-03-07T04:45:09","guid":{"rendered":"https:\/\/www.chunghwashop.com\/?page_id=426"},"modified":"2026-03-16T11:15:55","modified_gmt":"2026-03-16T03:15:55","slug":"refund-policy","status":"publish","type":"page","link":"https:\/\/www.chunghwashop.com\/es\/refund-policy","title":{"rendered":"Pol\u00edtica de reembolso"},"content":{"rendered":"<p><strong>Pol\u00edtica de reembolso<\/strong><br><strong>Fecha de entrada en vigor:<\/strong> 1 de enero de 2026<br><strong>\u00daltima actualizaci\u00f3n:<\/strong> 1 de enero de 2026<\/p>\n\n\n\n<p>En <strong>ChunghwaShop<\/strong>, Nuestro objetivo es ofrecer una experiencia de compra fluida y transparente a todos los visitantes y clientes. Esta pol\u00edtica de reembolso describe las condiciones en las que se pueden considerar reembolsos, sustituciones o ajustes de pedidos.<\/p>\n\n\n\n<p>Al realizar un pedido a trav\u00e9s de nuestro sitio web, usted reconoce haber le\u00eddo y aceptado las condiciones descritas en esta pol\u00edtica.<\/p>\n\n\n\n<h2 class=\"wp-block-heading\">1. Revisi\u00f3n y tramitaci\u00f3n de pedidos<\/h2>\n\n\n\n<p>Los pedidos enviados a trav\u00e9s del sitio web est\u00e1n sujetos a revisi\u00f3n y confirmaci\u00f3n. Una vez completado el pago, el pedido puede entrar en estado de tramitaci\u00f3n. Los pedidos que ya hayan sido procesados o preparados para su env\u00edo no siempre podr\u00e1n cancelarse.<\/p>\n\n\n\n<p>Si necesita solicitar cambios o cancelaciones, p\u00f3ngase en contacto con nosotros lo antes posible despu\u00e9s de realizar su pedido.<\/p>\n\n\n\n<h2 class=\"wp-block-heading\">2. Cancelaci\u00f3n de pedidos<\/h2>\n\n\n\n<p>Los clientes pueden solicitar la anulaci\u00f3n de un pedido dentro de un plazo limitado despu\u00e9s de haberlo realizado. Si el pedido a\u00fan no se ha procesado o enviado, podemos intentar cancelarlo.<\/p>\n\n\n\n<p>Sin embargo, una vez que el pedido haya entrado en el proceso de env\u00edo, ya no ser\u00e1 posible cancelarlo.<\/p>\n\n\n\n<p>Los reembolsos relacionados con cancelaciones se procesar\u00e1n de acuerdo con las pol\u00edticas y plazos del proveedor de pagos.<\/p>\n\n\n\n<h2 class=\"wp-block-heading\">3. Art\u00edculos da\u00f1ados o incorrectos<\/h2>\n\n\n\n<p>Si recibe un art\u00edculo da\u00f1ado durante el env\u00edo o que difiere significativamente de lo descrito en el sitio web, p\u00f3ngase en contacto con nosotros en el plazo de 24 horas. <strong>48 horas despu\u00e9s de la entrega<\/strong>.<\/p>\n\n\n\n<p>Cuando env\u00ede una solicitud, incluya:<\/p>\n\n\n\n<ul class=\"wp-block-list\">\n<li>n\u00famero de pedido<\/li>\n\n\n\n<li>fotos del envase y del producto<\/li>\n\n\n\n<li>descripci\u00f3n de la cuesti\u00f3n<\/li>\n<\/ul>\n\n\n\n<p>Despu\u00e9s de la revisi\u00f3n, podemos ofrecer una resoluci\u00f3n adecuada, que puede incluir un reemplazo, cr\u00e9dito en la tienda o reembolso, dependiendo de las circunstancias.<\/p>\n\n\n\n<h2 class=\"wp-block-heading\">4. Env\u00edos perdidos o retrasados<\/h2>\n\n\n\n<p>Los plazos de env\u00edo pueden variar en funci\u00f3n del rendimiento del transportista, los tr\u00e1mites aduaneros, las condiciones meteorol\u00f3gicas y otros factores externos. Aunque trabajamos con nuestros socios transportistas para garantizar una entrega puntual, en ocasiones pueden producirse retrasos.<\/p>\n\n\n\n<p>Si un env\u00edo parece perdido o se retrasa considerablemente, p\u00f3ngase en contacto con nosotros para que podamos ayudarle a comprobar el estado del env\u00edo con el transportista.<\/p>\n\n\n\n<p>La posibilidad de reembolso en estos casos puede depender del resultado de la investigaci\u00f3n sobre el env\u00edo.<\/p>\n\n\n\n<h2 class=\"wp-block-heading\">5. Tiempo de tramitaci\u00f3n de las devoluciones<\/h2>\n\n\n\n<p>Si se aprueba una solicitud de reembolso, los reembolsos se procesan normalmente de vuelta al m\u00e9todo de pago original.<\/p>\n\n\n\n<p>Los plazos de tramitaci\u00f3n pueden variar en funci\u00f3n del proveedor de pago, pero los reembolsos suelen completarse en un plazo de <strong>5-10 d\u00edas laborables<\/strong> despu\u00e9s de la aprobaci\u00f3n. Algunos proveedores de pago pueden requerir un tiempo adicional antes de que los fondos aparezcan en su cuenta.<\/p>\n\n\n\n<h2 class=\"wp-block-heading\">6. Situaciones no reembolsables<\/h2>\n\n\n\n<p>No se conceder\u00e1n reembolsos en determinadas circunstancias, entre otras:<\/p>\n\n\n\n<ul class=\"wp-block-list\">\n<li>direcci\u00f3n de env\u00edo incorrecta facilitada por el cliente<\/li>\n\n\n\n<li>retrasos en la entrega causados por las aduanas, el clima o los transportistas<\/li>\n\n\n\n<li>rechazo de la entrega por parte del destinatario<\/li>\n\n\n\n<li>no facilitar la documentaci\u00f3n requerida para una reclamaci\u00f3n<\/li>\n\n\n\n<li>uso indebido o modificaci\u00f3n del producto despu\u00e9s de la entrega<\/li>\n<\/ul>\n\n\n\n<p>Cada solicitud se revisar\u00e1 individualmente.<\/p>\n\n\n\n<h2 class=\"wp-block-heading\">7. 7. Responsabilidad del cliente<\/h2>\n\n\n\n<p>Los clientes son responsables de proporcionar datos de env\u00edo precisos y de asegurarse de que su ubicaci\u00f3n puede recibir entregas de transportistas internacionales.<\/p>\n\n\n\n<p>La informaci\u00f3n incorrecta enviada durante el proceso de pago puede provocar retrasos en la entrega o intentos de entrega fallidos.<\/p>\n\n\n\n<h2 class=\"wp-block-heading\">8. Actualizaciones pol\u00edticas<\/h2>\n\n\n\n<p>Nos reservamos el derecho a modificar o actualizar esta Pol\u00edtica de devoluciones en cualquier momento para reflejar cambios en las operaciones comerciales, los procesos de env\u00edo o los requisitos legales.<\/p>\n\n\n\n<p>Cualquier cambio se publicar\u00e1 en esta p\u00e1gina y entrar\u00e1 en vigor inmediatamente despu\u00e9s de su publicaci\u00f3n.<\/p>\n\n\n\n<h2 class=\"wp-block-heading\">9. Contacto para solicitudes de reembolso<\/h2>\n\n\n\n<p>Si tiene preguntas sobre un pedido o necesita ayuda con una solicitud de reembolso, p\u00f3ngase en contacto con nuestro equipo de asistencia.<\/p>\n\n\n\n<h2 class=\"wp-block-heading\">10.Direcci\u00f3n de devoluci\u00f3n 1 (Reino Unido)<\/h2>\n\n\n\n<p>Daniel Banner<\/p>\n\n\n\n<p>Suite 12<\/p>\n\n\n\n<p>Calle Mayor 48<\/p>\n\n\n\n<p>Birmingham, B4 7SR<\/p>\n\n\n\n<p>Reino Unido<\/p>\n\n\n\n<p><strong>Tel\u00e9fono\/WhatsApp:<\/strong>\u00a0+44 7922291211<\/p>\n\n\n\n<p><strong>Correo electr\u00f3nico<\/strong>:\u00a0<a href=\"mailto:info@chunghwashop.com\">info@chunghwashop.com<\/a><\/p>\n\n\n\n<p><strong>ChunghwaShop<\/strong><br>Correo electr\u00f3nico:<a href=\"https:\/\/www.chunghwashop.com\/es\/contact-us\/\"> <strong>info@chungwhashop.com<\/strong><\/a><br>P\u00e1gina de contacto: Disponible en nuestro sitio web<\/p>\n\n\n\n<p>Nuestro equipo estudiar\u00e1 su solicitud y le responder\u00e1 lo antes posible.<\/p>","protected":false},"excerpt":{"rendered":"<p>Refund PolicyEffective Date: January 1, 2026Last Updated: January 1, 2026 At ChunghwaShop, we aim to provide a smooth and transparent shopping experience for all visitors and customers. This Refund Policy outlines the conditions under which refunds, replacements, or order adjustments may be considered. By placing an order through our website, you acknowledge that you have [&hellip;]<\/p>\n","protected":false},"author":1,"featured_media":0,"parent":0,"menu_order":0,"comment_status":"closed","ping_status":"closed","template":"","meta":{"_joinchat":[],"footnotes":""},"class_list":["post-426","page","type-page","status-publish","hentry"],"_links":{"self":[{"href":"https:\/\/www.chunghwashop.com\/es\/wp-json\/wp\/v2\/pages\/426","targetHints":{"allow":["GET"]}}],"collection":[{"href":"https:\/\/www.chunghwashop.com\/es\/wp-json\/wp\/v2\/pages"}],"about":[{"href":"https:\/\/www.chunghwashop.com\/es\/wp-json\/wp\/v2\/types\/page"}],"author":[{"embeddable":true,"href":"https:\/\/www.chunghwashop.com\/es\/wp-json\/wp\/v2\/users\/1"}],"replies":[{"embeddable":true,"href":"https:\/\/www.chunghwashop.com\/es\/wp-json\/wp\/v2\/comments?post=426"}],"version-history":[{"count":2,"href":"https:\/\/www.chunghwashop.com\/es\/wp-json\/wp\/v2\/pages\/426\/revisions"}],"predecessor-version":[{"id":616,"href":"https:\/\/www.chunghwashop.com\/es\/wp-json\/wp\/v2\/pages\/426\/revisions\/616"}],"wp:attachment":[{"href":"https:\/\/www.chunghwashop.com\/es\/wp-json\/wp\/v2\/media?parent=426"}],"curies":[{"name":"wp","href":"https:\/\/api.w.org\/{rel}","templated":true}]}}