{"id":1029,"date":"2026-04-16T15:25:26","date_gmt":"2026-04-16T07:25:26","guid":{"rendered":"https:\/\/www.chunghwashop.com\/?page_id=1029"},"modified":"2026-04-16T15:25:30","modified_gmt":"2026-04-16T07:25:30","slug":"become-a-distributor","status":"publish","type":"page","link":"https:\/\/www.chunghwashop.com\/es\/become-a-distributor","title":{"rendered":"Convi\u00e9rtase en distribuidor"},"content":{"rendered":"<h2 class=\"wp-block-heading\"><strong>\u00bfBusca una entrega m\u00e1s r\u00e1pida en Europa y Australia?<\/strong><\/h2>\n\n\n\n<p>ChunghwaShop ofrece soluciones de distribuci\u00f3n de almac\u00e9n local para revendedores, dropshippers y socios mayoristas. Con cantidades de pedido flexibles, soporte de env\u00edo r\u00e1pido y una cobertura de mercado seleccionada, le ayudamos a servir a sus clientes de forma m\u00e1s eficiente.<\/p>\n\n\n\n<h2 class=\"wp-block-heading\">Por qu\u00e9 trabajar con PandaSmoking<\/h2>\n\n\n\n<ul class=\"wp-block-list\">\n<li><strong>Apoyo a los almacenes locales de Europa y Australia<\/strong><\/li>\n\n\n\n<li><strong>Dropshipping disponible desde s\u00f3lo 1 unidad<\/strong><\/li>\n\n\n\n<li><strong>Pedido inicial recomendado: 15 piezas<\/strong><\/li>\n\n\n\n<li>Cumplimiento local m\u00e1s r\u00e1pido<\/li>\n\n\n\n<li>Opciones de cantidad flexibles para peque\u00f1os y grandes compradores<\/li>\n\n\n\n<li>Adecuado para minoristas, vendedores en l\u00ednea y socios de distribuci\u00f3n<\/li>\n<\/ul>\n\n\n\n<h2 class=\"wp-block-heading\">Cobertura de almacenes en el extranjero<\/h2>\n\n\n\n<h3 class=\"wp-block-heading\">Almac\u00e9n Europa<\/h3>\n\n\n\n<p>El almac\u00e9n de Europa admite&nbsp;<strong>dropshipping<\/strong>&nbsp;y puede enviar a los siguientes pa\u00edses:<\/p>\n\n\n\n<ul class=\"wp-block-list\">\n<li>Espa\u00f1a<\/li>\n\n\n\n<li>Portugal<\/li>\n\n\n\n<li>Francia<\/li>\n\n\n\n<li>Alemania<\/li>\n\n\n\n<li>Italia<\/li>\n\n\n\n<li>Austria<\/li>\n\n\n\n<li>Luxemburgo<\/li>\n\n\n\n<li>Pa\u00edses Bajos<\/li>\n\n\n\n<li>B\u00e9lgica<\/li>\n\n\n\n<li>Dinamarca<\/li>\n\n\n\n<li>Polonia<\/li>\n\n\n\n<li>Eslovenia<\/li>\n\n\n\n<li>Eslovaquia<\/li>\n\n\n\n<li>Estonia<\/li>\n\n\n\n<li>Letonia<\/li>\n\n\n\n<li>Lituania<\/li>\n\n\n\n<li>Bulgaria<\/li>\n\n\n\n<li>Croacia<\/li>\n\n\n\n<li>Finlandia<\/li>\n\n\n\n<li>Ruman\u00eda<\/li>\n\n\n\n<li>Suecia<\/li>\n\n\n\n<li>Rep\u00fablica Checa<\/li>\n\n\n\n<li>Hungr\u00eda<\/li>\n\n\n\n<li>Grecia<\/li>\n\n\n\n<li>Irlanda<\/li>\n<\/ul>\n\n\n\n<h3 class=\"wp-block-heading\">Almac\u00e9n Australia<\/h3>\n\n\n\n<p>El almac\u00e9n de Australia tambi\u00e9n admite&nbsp;<strong>dropshipping a partir de 1 unidad<\/strong>.<br>Para conocer la disponibilidad de existencias en el almac\u00e9n local y los acuerdos de entrega, p\u00f3ngase en contacto con nosotros antes de realizar pedidos de mayor volumen.<\/p>\n\n\n\n<h2 class=\"wp-block-heading\">Pol\u00edtica de cantidad de pedidos<\/h2>\n\n\n\n<ul class=\"wp-block-list\">\n<li><strong>Cantidad m\u00ednima de dropshipping:<\/strong>\u00a01 pieza<\/li>\n\n\n\n<li><strong>Cantidad inicial recomendada:<\/strong>\u00a015 piezas<\/li>\n<\/ul>\n\n\n\n<p>La cantidad de pedido recomendada ayuda a mejorar la eficacia de la distribuci\u00f3n y ofrece mayor flexibilidad a revendedores y distribuidores.<\/p>\n\n\n\n<h2 class=\"wp-block-heading\">Notas importantes sobre el env\u00edo<\/h2>\n\n\n\n<p>Por favor, lea atentamente lo siguiente. Los pedidos realizados a trav\u00e9s de env\u00edo de almac\u00e9n en el extranjero se consideran la aceptaci\u00f3n de estos t\u00e9rminos por defecto.<\/p>\n\n\n\n<h3 class=\"wp-block-heading\">Casos no cubiertos por el servicio posventa<\/h3>\n\n\n\n<p>No podemos ofrecer asistencia posventa para problemas log\u00edsticos causados por las siguientes situaciones:<\/p>\n\n\n\n<ol class=\"wp-block-list\">\n<li>Informaci\u00f3n de env\u00edo incorrecta proporcionada por el cliente, lo que provoca la p\u00e9rdida del paquete o la entrega fallida.<\/li>\n\n\n\n<li>Interrupci\u00f3n del seguimiento causada por el despacho de aduanas secundario<\/li>\n\n\n\n<li>P\u00e9rdida del paquete por indisponibilidad del destinatario durante la entrega<\/li>\n\n\n\n<li>P\u00e9rdida parcial del producto descubierta en el interior del paquete durante la entrega<\/li>\n\n\n\n<li>P\u00e9rdida del paquete por cambiar la direcci\u00f3n de entrega o el n\u00famero de tel\u00e9fono despu\u00e9s del env\u00edo<\/li>\n<\/ol>\n\n\n\n<h2 class=\"wp-block-heading\">Recargo por zona remota<\/h2>\n\n\n\n<p>Si la direcci\u00f3n de entrega se encuentra en un&nbsp;<strong>zona remota<\/strong>, Pueden aplicarse gastos de env\u00edo adicionales.<br>Por favor, p\u00f3ngase en contacto con nosotros por adelantado con la direcci\u00f3n de entrega para su confirmaci\u00f3n. Gracias por su comprensi\u00f3n.<\/p>\n\n\n\n<h2 class=\"wp-block-heading\">Aviso sobre el m\u00e9todo de env\u00edo<\/h2>\n\n\n\n<p>Los precios de nuestros almacenes en el extranjero se basan en&nbsp;<strong>entrega expr\u00e9s est\u00e1ndar<\/strong>&nbsp;por defecto.<\/p>\n\n\n\n<p>Si necesita otros m\u00e9todos de entrega, como&nbsp;<strong>entrega de camiones<\/strong>&nbsp;o&nbsp;<strong>servicios locales de entrega de tarjetas<\/strong>, Los gastos de env\u00edo se calcular\u00e1n por separado en funci\u00f3n de la disposici\u00f3n real.<\/p>\n\n\n\n<h2 class=\"wp-block-heading\">As\u00f3ciese con nosotros<\/h2>\n\n\n\n<p>Si busca un proveedor de vapeo fiable con\u00a0<strong>Apoyo a los almacenes locales de Europa y Australia<\/strong>, <strong>ChunghwaShop<\/strong> est\u00e1 preparada para ayudarle a crecer con soluciones de cumplimiento m\u00e1s flexibles.<\/p>\n\n\n\n<p>Para consultas sobre productos, confirmaci\u00f3n de existencias, cooperaci\u00f3n mayorista o asistencia dropshipping, p\u00f3ngase en contacto con nosotros directamente.<\/p>\n\n\n\n<h2 class=\"wp-block-heading\">Contacte con nosotros<\/h2>\n\n\n\n<p><strong>WhatsApp:<\/strong>\u00a0+44 7922291211<br><strong>Correo electr\u00f3nico:<\/strong>\u00a0info@chunghwashop.com<\/p>","protected":false},"excerpt":{"rendered":"<p>Looking for faster vape fulfillment in Europe and Australia? ChunghwaShop offers local warehouse distribution solutions for resellers, dropshippers, and wholesale partners. With flexible order quantities, fast dispatch support, and selected market coverage, we help you serve your customers more efficiently. Why Work With PandaSmoking Overseas Warehouse Coverage Europe Warehouse The Europe warehouse supports&nbsp;dropshipping&nbsp;and can ship [&hellip;]<\/p>\n","protected":false},"author":1,"featured_media":0,"parent":0,"menu_order":0,"comment_status":"closed","ping_status":"closed","template":"","meta":{"_joinchat":[],"footnotes":""},"class_list":["post-1029","page","type-page","status-publish","hentry"],"_links":{"self":[{"href":"https:\/\/www.chunghwashop.com\/es\/wp-json\/wp\/v2\/pages\/1029","targetHints":{"allow":["GET"]}}],"collection":[{"href":"https:\/\/www.chunghwashop.com\/es\/wp-json\/wp\/v2\/pages"}],"about":[{"href":"https:\/\/www.chunghwashop.com\/es\/wp-json\/wp\/v2\/types\/page"}],"author":[{"embeddable":true,"href":"https:\/\/www.chunghwashop.com\/es\/wp-json\/wp\/v2\/users\/1"}],"replies":[{"embeddable":true,"href":"https:\/\/www.chunghwashop.com\/es\/wp-json\/wp\/v2\/comments?post=1029"}],"version-history":[{"count":1,"href":"https:\/\/www.chunghwashop.com\/es\/wp-json\/wp\/v2\/pages\/1029\/revisions"}],"predecessor-version":[{"id":1053,"href":"https:\/\/www.chunghwashop.com\/es\/wp-json\/wp\/v2\/pages\/1029\/revisions\/1053"}],"wp:attachment":[{"href":"https:\/\/www.chunghwashop.com\/es\/wp-json\/wp\/v2\/media?parent=1029"}],"curies":[{"name":"wp","href":"https:\/\/api.w.org\/{rel}","templated":true}]}}