{"id":975,"date":"2026-04-16T15:00:14","date_gmt":"2026-04-16T07:00:14","guid":{"rendered":"https:\/\/www.chunghwashop.com\/?post_type=product&#038;p=975"},"modified":"2026-04-16T15:22:49","modified_gmt":"2026-04-16T07:22:49","slug":"airmez-xbeat-40k%ef%bc%882-nicotine-%ef%bc%89","status":"publish","type":"product","link":"https:\/\/www.chunghwashop.com\/de\/produkt\/airmez-xbeat-40k%ef%bc%882-nicotine-%ef%bc%89","title":{"rendered":"Airmez Xbeat 40K\uff082% Nikotin \uff09"},"content":{"rendered":"<p data-start=\"58\" data-end=\"433\"><strong data-start=\"58\" data-end=\"92\">Airmez Xbeat 40K (2% Nikotin)<\/strong> ist ein wiederaufladbares Einwegger\u00e4t mit hoher Kapazit\u00e4t, bei dessen Entwicklung sowohl Funktionalit\u00e4t als auch Komfort im Vordergrund standen. Es kommt mit <strong data-start=\"215\" data-end=\"235\">22ML e-Fl\u00fcssigkeit<\/strong>, <strong data-start=\"237\" data-end=\"261\">2% Nikotinst\u00e4rke<\/strong>, und eine <strong data-start=\"269\" data-end=\"288\">1000mAh-Akku<\/strong> um eine l\u00e4ngere Nutzung zu erm\u00f6glichen. Dieses Modell bietet au\u00dferdem <strong data-start=\"339\" data-end=\"368\">integrierte Hi-Fi-Kopfh\u00f6rer<\/strong> und <strong data-start=\"373\" data-end=\"390\">Bluetooth 5.0<\/strong>, und kombiniert Vaping und Audio in einem Ger\u00e4t.<\/p>\n<p data-start=\"435\" data-end=\"763\">Die <strong data-start=\"439\" data-end=\"462\">duales Luftstromsystem<\/strong> erm\u00f6glicht einen besser einstellbaren Zug, w\u00e4hrend die <strong data-start=\"504\" data-end=\"529\">Gen II 0,8\u03a9 Maschenspule<\/strong> wurde entwickelt, um eine gleichbleibende Geschmacksleistung zu unterst\u00fctzen. Seine <strong data-start=\"588\" data-end=\"607\">Magnetdesign<\/strong>, <strong data-start=\"609\" data-end=\"633\">glatte, lackierte Oberfl\u00e4che<\/strong>, und <strong data-start=\"639\" data-end=\"667\">USB Typ-C Ladeanschluss<\/strong> Sie sind praktisch und sehen modern aus und eignen sich f\u00fcr den Einzelhandel und den Gro\u00dfhandel.<\/p>\n<p data-start=\"765\" data-end=\"845\">Jede Displaybox enth\u00e4lt <strong data-start=\"791\" data-end=\"803\">5 St\u00fcck<\/strong>, und jeder Karton enth\u00e4lt <strong data-start=\"830\" data-end=\"844\">200 St\u00fcck<\/strong>.<\/p>\n<h2 data-section-id=\"1ma7m6t\" data-start=\"847\" data-end=\"862\">Wesentliche Merkmale<\/h2>\n<ul data-start=\"863\" data-end=\"1139\">\n<li data-section-id=\"4gp6ec\" data-start=\"863\" data-end=\"883\">22ML e-Fl\u00fcssigkeit<\/li>\n<li data-section-id=\"ha7itj\" data-start=\"884\" data-end=\"908\">2% Nikotinst\u00e4rke<\/li>\n<li data-section-id=\"lhywqo\" data-start=\"909\" data-end=\"938\">Eingebaute Hi-Fi Kopfh\u00f6rer<\/li>\n<li data-section-id=\"fo1ta4\" data-start=\"939\" data-end=\"955\">Zweifacher Luftstrom<\/li>\n<li data-section-id=\"16bpvvo\" data-start=\"956\" data-end=\"975\">Magnetische Konstruktion<\/li>\n<li data-section-id=\"f07fjp\" data-start=\"976\" data-end=\"993\">Bluetooth 5.0<\/li>\n<li data-section-id=\"1qqdcsd\" data-start=\"994\" data-end=\"1020\">Gen II Mesh-Spule, 0,8\u03a9<\/li>\n<li data-section-id=\"6hy93g\" data-start=\"1021\" data-end=\"1043\">Elegantes Farbdesign<\/li>\n<li data-section-id=\"f56uxo\" data-start=\"1044\" data-end=\"1072\">USB Typ-C Ladeanschluss<\/li>\n<li data-section-id=\"5mulwg\" data-start=\"1073\" data-end=\"1092\">1000mAh-Akku<\/li>\n<li data-section-id=\"g66iyd\" data-start=\"1093\" data-end=\"1117\">5St\u00fcck pro Displaykarton<\/li>\n<li data-section-id=\"wpbol4\" data-start=\"1118\" data-end=\"1139\">200St\u00fcck pro Karton<\/li>\n<\/ul>\n<h2 data-section-id=\"1nlnn3j\" data-start=\"1141\" data-end=\"1161\">Verf\u00fcgbare Geschmacksrichtungen<\/h2>\n<ul data-start=\"1162\" data-end=\"1445\">\n<li data-section-id=\"8r84jo\" data-start=\"1162\" data-end=\"1193\">Erdbeere Wassermelone Weintraube<\/li>\n<li data-section-id=\"vwyvja\" data-start=\"1194\" data-end=\"1210\">Sommertraum<\/li>\n<li data-section-id=\"ivo8wr\" data-start=\"1211\" data-end=\"1235\">Kiwi Traube Himbeere<\/li>\n<li data-section-id=\"ecwm14\" data-start=\"1236\" data-end=\"1257\">Sprudel-Kirsch-Cola<\/li>\n<li data-section-id=\"m5il49\" data-start=\"1258\" data-end=\"1269\">Herr Blau<\/li>\n<li data-section-id=\"1woytqh\" data-start=\"1270\" data-end=\"1289\">Erdbeer-Kiwi<\/li>\n<li data-section-id=\"1gnje5n\" data-start=\"1290\" data-end=\"1310\">Blaubeere-Banane<\/li>\n<li data-section-id=\"1ofayj9\" data-start=\"1311\" data-end=\"1327\">Doppelter Apfel<\/li>\n<li data-section-id=\"1d64ckn\" data-start=\"1328\" data-end=\"1345\">Blaubeereis<\/li>\n<li data-section-id=\"dk8g8n\" data-start=\"1346\" data-end=\"1364\">Wassermelone Eis<\/li>\n<li data-section-id=\"lare8m\" data-start=\"1365\" data-end=\"1383\">Tropischer Punsch<\/li>\n<li data-section-id=\"1aknb17\" data-start=\"1384\" data-end=\"1399\">Saftiger Pfirsich<\/li>\n<li data-section-id=\"1idy393\" data-start=\"1400\" data-end=\"1413\">Cola-Minze<\/li>\n<li data-section-id=\"1203gfx\" data-start=\"1414\" data-end=\"1431\">Ananaseis<\/li>\n<li data-section-id=\"1sx7sq5\" data-start=\"1432\" data-end=\"1445\">Mango-Eis<\/li>\n<\/ul>\n<h2 data-section-id=\"750x4d\" data-start=\"1447\" data-end=\"1457\">Preisgestaltung<\/h2>\n<ul data-start=\"1458\" data-end=\"1635\">\n<li data-section-id=\"1swc7pw\" data-start=\"1458\" data-end=\"1494\"><strong data-start=\"1460\" data-end=\"1476\">Weniger als 16 St\u00fcck<\/strong> \u2014 <strong data-start=\"1479\" data-end=\"1492\">$39,99\/St.<\/strong><\/li>\n<li data-section-id=\"115wau1\" data-start=\"1495\" data-end=\"1528\"><strong data-start=\"1497\" data-end=\"1510\">16-99 St\u00fcck<\/strong> \u2014 <strong data-start=\"1513\" data-end=\"1526\">$34,99\/St.<\/strong><\/li>\n<li data-section-id=\"1w8j6q\" data-start=\"1529\" data-end=\"1565\"><strong data-start=\"1531\" data-end=\"1547\">100-1000 St\u00fcck<\/strong> \u2014 <strong data-start=\"1550\" data-end=\"1563\">$29,99\/St.<\/strong><\/li>\n<li data-section-id=\"1pwdwqk\" data-start=\"1566\" data-end=\"1603\"><strong data-start=\"1568\" data-end=\"1585\">1001-2000 St\u00fcck<\/strong> \u2014 <strong data-start=\"1588\" data-end=\"1601\">$25,99\/St.<\/strong><\/li>\n<li data-section-id=\"1u7hggy\" data-start=\"1604\" data-end=\"1635\"><strong data-start=\"1606\" data-end=\"1619\">2000+ St\u00fcck<\/strong> \u2014 <strong data-start=\"1622\" data-end=\"1635\">$23,99\/St.<\/strong><\/li>\n<\/ul>\n<h2 data-section-id=\"1xw21at\" data-start=\"1637\" data-end=\"1644\">Hinweis<\/h2>\n<p data-start=\"1645\" data-end=\"1832\">Dieses Produkt enth\u00e4lt Nikotin. Nikotin ist eine s\u00fcchtig machende Chemikalie. Nur f\u00fcr erwachsene Kunden. Bitte beachten Sie die \u00f6rtlichen Gesetze und Vorschriften f\u00fcr den Verkauf und die Verwendung von Nikotinprodukten.<\/p>","protected":false},"excerpt":{"rendered":"<h3>Produktspezifikationen<\/h3>\n<p>\u2611 22ML von E-Fl\u00fcssigkeit.<br \/>\n\u2611 Eingebauter Hi-Fi-Kopfh\u00f6rer.<br \/>\n\u2611 Dualer Luftstrom.<br \/>\n\u2611 Magnetisches Design<br \/>\n\u2611 Bluetooth 5.0<br \/>\nGen II Mesh-Spule, 0,8\u03a9.<br \/>\n\u2611 Elegantes Farbdesign.<br \/>\n\u2611 USB-Typ-C-Ladeanschluss<br \/>\n\u2611 1000mAh<br \/>\n\u2611 5 St\u00fcck in einer Displaybox.<br \/>\n\u2611 200 St\u00fcck pro Karton<\/p>","protected":false},"featured_media":1014,"comment_status":"open","ping_status":"closed","template":"","meta":{"_joinchat":[]},"product_brand":[],"product_cat":[88],"product_tag":[],"class_list":{"0":"post-975","1":"product","2":"type-product","3":"status-publish","4":"has-post-thumbnail","6":"product_cat-e-cigarettes-australia","8":"first","9":"instock","10":"shipping-taxable","11":"purchasable","12":"product-type-variable"},"_links":{"self":[{"href":"https:\/\/www.chunghwashop.com\/de\/wp-json\/wp\/v2\/product\/975","targetHints":{"allow":["GET"]}}],"collection":[{"href":"https:\/\/www.chunghwashop.com\/de\/wp-json\/wp\/v2\/product"}],"about":[{"href":"https:\/\/www.chunghwashop.com\/de\/wp-json\/wp\/v2\/types\/product"}],"replies":[{"embeddable":true,"href":"https:\/\/www.chunghwashop.com\/de\/wp-json\/wp\/v2\/comments?post=975"}],"wp:featuredmedia":[{"embeddable":true,"href":"https:\/\/www.chunghwashop.com\/de\/wp-json\/wp\/v2\/media\/1014"}],"wp:attachment":[{"href":"https:\/\/www.chunghwashop.com\/de\/wp-json\/wp\/v2\/media?parent=975"}],"wp:term":[{"taxonomy":"product_brand","embeddable":true,"href":"https:\/\/www.chunghwashop.com\/de\/wp-json\/wp\/v2\/product_brand?post=975"},{"taxonomy":"product_cat","embeddable":true,"href":"https:\/\/www.chunghwashop.com\/de\/wp-json\/wp\/v2\/product_cat?post=975"},{"taxonomy":"product_tag","embeddable":true,"href":"https:\/\/www.chunghwashop.com\/de\/wp-json\/wp\/v2\/product_tag?post=975"}],"curies":[{"name":"wp","href":"https:\/\/api.w.org\/{rel}","templated":true}]}}