{"id":974,"date":"2026-04-16T15:00:13","date_gmt":"2026-04-16T07:00:13","guid":{"rendered":"https:\/\/www.chunghwashop.com\/?post_type=product&#038;p=974"},"modified":"2026-04-16T15:22:49","modified_gmt":"2026-04-16T07:22:49","slug":"airmez-xbeat-40k%ef%bc%885-nicotine%ef%bc%89","status":"publish","type":"product","link":"https:\/\/www.chunghwashop.com\/de\/produkt\/airmez-xbeat-40k%ef%bc%885-nicotine%ef%bc%89","title":{"rendered":"Airmez Xbeat 40K\uff085% Nikotin\uff09"},"content":{"rendered":"<p data-start=\"51\" data-end=\"454\"><strong data-start=\"51\" data-end=\"71\">Airmez Xbeat 40K<\/strong> ist ein Einweg-Dampfger\u00e4t mit hoher Kapazit\u00e4t, das f\u00fcr Benutzer entwickelt wurde, die sowohl Leistung als auch Stil w\u00fcnschen. Es bietet <strong data-start=\"182\" data-end=\"202\">22ML e-Fl\u00fcssigkeit<\/strong>, <strong data-start=\"204\" data-end=\"228\">5% Nikotinst\u00e4rke<\/strong>, und eine <strong data-start=\"236\" data-end=\"268\">1000mAh wiederaufladbare Batterie<\/strong> f\u00fcr eine lange Nutzungsdauer. Was dieses Modell besonders auszeichnet, ist seine <strong data-start=\"330\" data-end=\"359\">integrierte Hi-Fi-Kopfh\u00f6rer<\/strong> mit <strong data-start=\"365\" data-end=\"382\">Bluetooth 5.0<\/strong>, und bietet eine einzigartige Kombination aus Dampfen und Musik in einem schlanken Ger\u00e4t.<\/p>\n<p data-start=\"456\" data-end=\"748\">Gebaut mit einer <strong data-start=\"469\" data-end=\"488\">Magnetdesign<\/strong>, <strong data-start=\"490\" data-end=\"513\">duales Luftstromsystem<\/strong>, und <strong data-start=\"519\" data-end=\"544\">Gen II 0,8\u03a9 Maschenspule<\/strong>, Der Airmez Xbeat 40K liefert weichen Dampf, reiches Aroma und einen befriedigenden Zug. Die <strong data-start=\"630\" data-end=\"652\">glatte Lackierung<\/strong> verleiht einen modernen Look, w\u00e4hrend die <strong data-start=\"683\" data-end=\"711\">USB Typ-C Ladeanschluss<\/strong> macht das Aufladen schnell und bequem.<\/p>\n<p data-start=\"750\" data-end=\"888\">Jede Displaybox enth\u00e4lt <strong data-start=\"776\" data-end=\"788\">5 St\u00fcck<\/strong>, und jeder Karton enth\u00e4lt <strong data-start=\"815\" data-end=\"829\">200 St\u00fcck<\/strong>, Das macht es zu einer gro\u00dfartigen Option sowohl f\u00fcr Einzelhandels- als auch f\u00fcr Gro\u00dfbestellungen.<\/p>\n<h3 data-section-id=\"pm8yra\" data-start=\"890\" data-end=\"910\"><span role=\"text\"><strong data-start=\"894\" data-end=\"910\">Wesentliche Merkmale<\/strong><\/span><\/h3>\n<ul data-start=\"911\" data-end=\"1178\">\n<li data-section-id=\"4gp6ec\" data-start=\"911\" data-end=\"931\">22ML e-Fl\u00fcssigkeit<\/li>\n<li data-section-id=\"1hhctmt\" data-start=\"932\" data-end=\"947\">5% Nikotin<\/li>\n<li data-section-id=\"lhywqo\" data-start=\"948\" data-end=\"977\">Eingebaute Hi-Fi Kopfh\u00f6rer<\/li>\n<li data-section-id=\"f07fjp\" data-start=\"978\" data-end=\"995\">Bluetooth 5.0<\/li>\n<li data-section-id=\"fo1ta4\" data-start=\"996\" data-end=\"1012\">Zweifacher Luftstrom<\/li>\n<li data-section-id=\"16bpvvo\" data-start=\"1013\" data-end=\"1032\">Magnetische Konstruktion<\/li>\n<li data-section-id=\"1qqdcsd\" data-start=\"1033\" data-end=\"1059\">Gen II Mesh-Spule, 0,8\u03a9<\/li>\n<li data-section-id=\"6hy93g\" data-start=\"1060\" data-end=\"1082\">Elegantes Farbdesign<\/li>\n<li data-section-id=\"f56uxo\" data-start=\"1083\" data-end=\"1111\">USB Typ-C Ladeanschluss<\/li>\n<li data-section-id=\"5mulwg\" data-start=\"1112\" data-end=\"1131\">1000mAh-Akku<\/li>\n<li data-section-id=\"g66iyd\" data-start=\"1132\" data-end=\"1156\">5St\u00fcck pro Displaykarton<\/li>\n<li data-section-id=\"wpbol4\" data-start=\"1157\" data-end=\"1178\">200St\u00fcck pro Karton<\/li>\n<\/ul>\n<h3 data-section-id=\"piodt8\" data-start=\"1180\" data-end=\"1205\"><span role=\"text\"><strong data-start=\"1184\" data-end=\"1205\">Verf\u00fcgbare Geschmacksrichtungen<\/strong><\/span><\/h3>\n<ul data-start=\"1206\" data-end=\"1464\">\n<li data-section-id=\"1tc490q\" data-start=\"1206\" data-end=\"1223\">Blaues Razzeis<\/li>\n<li data-section-id=\"1ab0p9z\" data-start=\"1224\" data-end=\"1238\">Miami Mint<\/li>\n<li data-section-id=\"dk8g8n\" data-start=\"1239\" data-end=\"1257\">Wassermelone Eis<\/li>\n<li data-section-id=\"1q5ylm7\" data-start=\"1258\" data-end=\"1270\">ATL-M\u00fcnze<\/li>\n<li data-section-id=\"u0geyc\" data-start=\"1271\" data-end=\"1289\">Saurer Apfel Eis<\/li>\n<li data-section-id=\"i3ow24\" data-start=\"1290\" data-end=\"1313\">Bananen-Toffee einfrieren<\/li>\n<li data-section-id=\"185wshd\" data-start=\"1314\" data-end=\"1334\">Brombeere B-Pop<\/li>\n<li data-section-id=\"168f2fc\" data-start=\"1335\" data-end=\"1346\">Eis am Stiel<\/li>\n<li data-section-id=\"jrjylz\" data-start=\"1347\" data-end=\"1363\">Blauer Rancher<\/li>\n<li data-section-id=\"8wdv10\" data-start=\"1364\" data-end=\"1388\">Himbeere Pfirsich Limette<\/li>\n<li data-section-id=\"aojwzn\" data-start=\"1389\" data-end=\"1413\">Saure Mango-Ananas<\/li>\n<li data-section-id=\"fniel5\" data-start=\"1414\" data-end=\"1427\">K\u00fchle Minze<\/li>\n<li data-section-id=\"qo03cd\" data-start=\"1428\" data-end=\"1448\">Sour Fcuking Fab<\/li>\n<li data-section-id=\"kbg8xi\" data-start=\"1449\" data-end=\"1464\">Zitronenk\u00f6pfe<\/li>\n<\/ul>\n<h3 data-section-id=\"1j85qjy\" data-start=\"1466\" data-end=\"1481\"><span role=\"text\"><strong data-start=\"1470\" data-end=\"1481\">Preisgestaltung<\/strong><\/span><\/h3>\n<ul data-start=\"1482\" data-end=\"1661\">\n<li data-section-id=\"1swc7pw\" data-start=\"1482\" data-end=\"1518\"><strong data-start=\"1484\" data-end=\"1500\">Weniger als 16 St\u00fcck<\/strong> \u2014 <strong data-start=\"1503\" data-end=\"1516\">$39,99\/St.<\/strong><\/li>\n<li data-section-id=\"115wau1\" data-start=\"1519\" data-end=\"1552\"><strong data-start=\"1521\" data-end=\"1534\">16-99 St\u00fcck<\/strong> \u2014 <strong data-start=\"1537\" data-end=\"1550\">$34,99\/St.<\/strong><\/li>\n<li data-section-id=\"1w8j6q\" data-start=\"1553\" data-end=\"1589\"><strong data-start=\"1555\" data-end=\"1571\">100-1000 St\u00fcck<\/strong> \u2014 <strong data-start=\"1574\" data-end=\"1587\">$29,99\/St.<\/strong><\/li>\n<li data-section-id=\"1pwdwqk\" data-start=\"1590\" data-end=\"1627\"><strong data-start=\"1592\" data-end=\"1609\">1001-2000 St\u00fcck<\/strong> \u2014 <strong data-start=\"1612\" data-end=\"1625\">$25,99\/St.<\/strong><\/li>\n<li data-section-id=\"41riua\" data-start=\"1628\" data-end=\"1661\"><strong data-start=\"1630\" data-end=\"1643\">2000+ St\u00fcck<\/strong> \u2014 <strong data-start=\"1646\" data-end=\"1659\">$23,99\/St.<\/strong><\/li>\n<\/ul>\n<p data-start=\"1663\" data-end=\"1759\"><strong data-start=\"1663\" data-end=\"1672\">Anmerkung:<\/strong> Dieses Produkt enth\u00e4lt Nikotin. Nikotin ist eine s\u00fcchtig machende Chemikalie. Nur f\u00fcr Erwachsene geeignet.<\/p>","protected":false},"excerpt":{"rendered":"<h3>Produktspezifikationen<\/h3>\n<p>\u2611 22ML von E-Fl\u00fcssigkeit.<br \/>\n\u2611 Eingebauter Hi-Fi-Kopfh\u00f6rer.<br \/>\n\u2611 Dualer Luftstrom.<br \/>\n\u2611 Magnetisches Design<br \/>\n\u2611 Bluetooth 5.0<br \/>\nGen II Mesh-Spule, 0,8\u03a9.<br \/>\n\u2611 Elegantes Farbdesign.<br \/>\n\u2611 USB-Typ-C-Ladeanschluss<br \/>\n\u2611 1000mAh<br \/>\n\u2611 5 St\u00fcck in einer Displaybox.<br \/>\n\u2611 200 St\u00fcck pro Karton<\/p>","protected":false},"featured_media":1004,"comment_status":"open","ping_status":"closed","template":"","meta":{"_joinchat":[]},"product_brand":[],"product_cat":[88],"product_tag":[],"class_list":{"0":"post-974","1":"product","2":"type-product","3":"status-publish","4":"has-post-thumbnail","6":"product_cat-e-cigarettes-australia","8":"first","9":"instock","10":"shipping-taxable","11":"purchasable","12":"product-type-variable"},"_links":{"self":[{"href":"https:\/\/www.chunghwashop.com\/de\/wp-json\/wp\/v2\/product\/974","targetHints":{"allow":["GET"]}}],"collection":[{"href":"https:\/\/www.chunghwashop.com\/de\/wp-json\/wp\/v2\/product"}],"about":[{"href":"https:\/\/www.chunghwashop.com\/de\/wp-json\/wp\/v2\/types\/product"}],"replies":[{"embeddable":true,"href":"https:\/\/www.chunghwashop.com\/de\/wp-json\/wp\/v2\/comments?post=974"}],"wp:featuredmedia":[{"embeddable":true,"href":"https:\/\/www.chunghwashop.com\/de\/wp-json\/wp\/v2\/media\/1004"}],"wp:attachment":[{"href":"https:\/\/www.chunghwashop.com\/de\/wp-json\/wp\/v2\/media?parent=974"}],"wp:term":[{"taxonomy":"product_brand","embeddable":true,"href":"https:\/\/www.chunghwashop.com\/de\/wp-json\/wp\/v2\/product_brand?post=974"},{"taxonomy":"product_cat","embeddable":true,"href":"https:\/\/www.chunghwashop.com\/de\/wp-json\/wp\/v2\/product_cat?post=974"},{"taxonomy":"product_tag","embeddable":true,"href":"https:\/\/www.chunghwashop.com\/de\/wp-json\/wp\/v2\/product_tag?post=974"}],"curies":[{"name":"wp","href":"https:\/\/api.w.org\/{rel}","templated":true}]}}