{"id":810,"date":"2026-04-16T14:20:18","date_gmt":"2026-04-16T06:20:18","guid":{"rendered":"https:\/\/www.chunghwashop.com\/?post_type=product&#038;p=810"},"modified":"2026-04-16T14:54:32","modified_gmt":"2026-04-16T06:54:32","slug":"airmez-matrix-30k","status":"publish","type":"product","link":"https:\/\/www.chunghwashop.com\/de\/produkt\/airmez-matrix-30k","title":{"rendered":"Airmez Matrix 30K"},"content":{"rendered":"<p data-start=\"153\" data-end=\"424\"><strong data-start=\"153\" data-end=\"174\">Airmez Matrix 30K<\/strong> ist ein Einwegdampfer mit hoher Kapazit\u00e4t, der f\u00fcr Benutzer entwickelt wurde, die starke Leistung, moderne Funktionen und eine gro\u00dfe Auswahl an beliebten Geschmacksrichtungen w\u00fcnschen. Mit seiner fortschrittlichen Konfiguration und seinem stilvollen Design ist er eine gute Wahl f\u00fcr Einzel- und Gro\u00dfhandelskunden.<\/p>\n<p data-start=\"426\" data-end=\"824\">Dieses Modell ist ausgestattet mit <strong data-start=\"448\" data-end=\"463\">5% Nikotin<\/strong>, <strong data-start=\"465\" data-end=\"485\">22ML e-Fl\u00fcssigkeit<\/strong>, <strong data-start=\"487\" data-end=\"509\">einstellbarer Luftstrom<\/strong>, und ein <strong data-start=\"518\" data-end=\"549\">800mAh wiederaufladbare Batterie<\/strong> f\u00fcr ein sanftes und lang anhaltendes Dampferlebnis. Au\u00dferdem verf\u00fcgt er \u00fcber eine <strong data-start=\"618\" data-end=\"641\">2,1-Zoll gro\u00dfer Bildschirm<\/strong>, <strong data-start=\"643\" data-end=\"667\">reaktionsschnelles Touchpad<\/strong>, <strong data-start=\"669\" data-end=\"687\">1.2\u03a9 Maschenspule<\/strong>, <strong data-start=\"689\" data-end=\"702\">Doppelmaschigkeit<\/strong>, und <strong data-start=\"708\" data-end=\"727\">Typ-C-Laden<\/strong>, Das macht es zu einer praktischen Option f\u00fcr Benutzer, die sowohl Komfort als auch Leistung in einem Ger\u00e4t w\u00fcnschen.<\/p>\n<h3 data-section-id=\"bfe9be\" data-start=\"826\" data-end=\"846\">Produktmerkmale<\/h3>\n<ul data-start=\"848\" data-end=\"1223\">\n<li data-section-id=\"1vm47np\" data-start=\"848\" data-end=\"883\">Produktname: Airmez Matrix 30K<\/li>\n<li data-section-id=\"143z8wq\" data-start=\"884\" data-end=\"909\">Nikotinst\u00e4rke: 5%<\/li>\n<li data-section-id=\"o52k5f\" data-start=\"910\" data-end=\"937\">E-Fl\u00fcssigkeit Kapazit\u00e4t: 22ML<\/li>\n<li data-section-id=\"16elqd\" data-start=\"938\" data-end=\"969\">Luftstrom: Einstellbarer Luftstrom<\/li>\n<li data-section-id=\"1wnjlof\" data-start=\"970\" data-end=\"1001\">Bildschirm: 2,1-Zoll-Gro\u00dfbildschirm<\/li>\n<li data-section-id=\"1tsg2kc\" data-start=\"1002\" data-end=\"1041\">Ber\u00fchrungssteuerung: Reaktionsschnelles Touchpad<\/li>\n<li data-section-id=\"lc3anl\" data-start=\"1042\" data-end=\"1072\">Spule Typ: Mesh-Spule, 1.2\u03a9<\/li>\n<li data-section-id=\"edjbv\" data-start=\"1073\" data-end=\"1102\">Maschenstruktur: Zweifach-Masche<\/li>\n<li data-section-id=\"znchb6\" data-start=\"1103\" data-end=\"1128\">Ladeanschluss: Typ-C<\/li>\n<li data-section-id=\"sy48qf\" data-start=\"1129\" data-end=\"1157\">Batteriekapazit\u00e4t: 800mAh<\/li>\n<li data-section-id=\"8nblp3\" data-start=\"1158\" data-end=\"1192\">Verpackung: 5 St\u00fcck in einem Displaykarton<\/li>\n<li data-section-id=\"w65gnj\" data-start=\"1193\" data-end=\"1223\">Karton: 200 St\u00fcck pro Karton<\/li>\n<\/ul>\n<h3 data-section-id=\"10ynmgm\" data-start=\"1225\" data-end=\"1243\">Geschmacksoptionen<\/h3>\n<ol data-start=\"1245\" data-end=\"1495\">\n<li data-section-id=\"pt49fp\" data-start=\"1245\" data-end=\"1264\">Wassermelone Eis<\/li>\n<li data-section-id=\"ttb2yf\" data-start=\"1265\" data-end=\"1286\">Heidelbeere auf Eis<\/li>\n<li data-section-id=\"1536zp2\" data-start=\"1287\" data-end=\"1311\">Heidelbeere-Himbeere<\/li>\n<li data-section-id=\"1rwhy4t\" data-start=\"1312\" data-end=\"1331\">Erdbeereis<\/li>\n<li data-section-id=\"1jyp4b4\" data-start=\"1332\" data-end=\"1346\">Traubeneis<\/li>\n<li data-section-id=\"l61m9q\" data-start=\"1347\" data-end=\"1363\">Gemischte Beere<\/li>\n<li data-section-id=\"1q6bpo1\" data-start=\"1364\" data-end=\"1381\">Drachenfrucht<\/li>\n<li data-section-id=\"mjlscy\" data-start=\"1382\" data-end=\"1402\">Erdbeer-Kiwi<\/li>\n<li data-section-id=\"8bupgv\" data-start=\"1403\" data-end=\"1432\">Kiwi Passionsfrucht Guave<\/li>\n<li data-section-id=\"lgtytd\" data-start=\"1433\" data-end=\"1458\">Blaue saure Himbeere<\/li>\n<li data-section-id=\"1mlhdq5\" data-start=\"1459\" data-end=\"1476\">Kirsche Cola<\/li>\n<li data-section-id=\"iwpzmu\" data-start=\"1477\" data-end=\"1495\">Zitrone &amp; Limette<\/li>\n<\/ol>\n<h3 data-section-id=\"md2tja\" data-start=\"1497\" data-end=\"1529\">Warum Airmez Matrix 30K w\u00e4hlen?<\/h3>\n<ul data-start=\"1531\" data-end=\"1870\">\n<li data-section-id=\"126jtc8\" data-start=\"1531\" data-end=\"1570\">Hochkapazit\u00e4tsdesign f\u00fcr l\u00e4ngeren Gebrauch<\/li>\n<li data-section-id=\"1g7fj2a\" data-start=\"1571\" data-end=\"1605\">22ML e-Fl\u00fcssigkeit mit 5% Nikotin<\/li>\n<li data-section-id=\"1fun8lk\" data-start=\"1606\" data-end=\"1656\">Glatte Dampf mit 1,2\u03a9 Mesh-Spule und Dual-Mesh<\/li>\n<li data-section-id=\"ywezxg\" data-start=\"1657\" data-end=\"1710\">Einstellbarer Luftstrom f\u00fcr ein besseres Dampferlebnis<\/li>\n<li data-section-id=\"1oju6m6\" data-start=\"1711\" data-end=\"1771\">Gro\u00dfer Bildschirm und reaktionsschnelles Touchpad f\u00fcr moderne Bedienung<\/li>\n<li data-section-id=\"1g8zwq1\" data-start=\"1772\" data-end=\"1817\">Wiederaufladbarer Akku mit Typ-C-Ladung<\/li>\n<li data-section-id=\"uqqhx\" data-start=\"1818\" data-end=\"1870\">Geeignet f\u00fcr den Einzelhandel und den Gro\u00dfhandel<\/li>\n<\/ul>\n<h3 data-section-id=\"hwjiak\" data-start=\"1872\" data-end=\"1882\">Hinweis<\/h3>\n<p data-start=\"1884\" data-end=\"1949\">Der Preis f\u00fcr <strong data-start=\"1897\" data-end=\"1918\">Airmez Matrix 30K<\/strong> h\u00e4ngt von der Bestellmenge ab:<\/p>\n<ul data-start=\"1951\" data-end=\"2057\">\n<li data-section-id=\"l2x9i5\" data-start=\"1951\" data-end=\"1986\"><strong data-start=\"1953\" data-end=\"1966\">1-15 St\u00fcck:<\/strong> <strong data-start=\"1967\" data-end=\"1984\">US$28,99 pro St\u00fcck<\/strong><\/li>\n<li data-section-id=\"1r9nuet\" data-start=\"1987\" data-end=\"2024\"><strong data-start=\"1989\" data-end=\"2004\">16-199 St\u00fcck:<\/strong> <strong data-start=\"2005\" data-end=\"2022\">US$10,99 pro St\u00fcck<\/strong><\/li>\n<li data-section-id=\"1vgu9w0\" data-start=\"2025\" data-end=\"2057\"><strong data-start=\"2027\" data-end=\"2040\">200+ St\u00fcck:<\/strong> <strong data-start=\"2041\" data-end=\"2057\">US$8,99 pro St\u00fcck<\/strong><\/li>\n<\/ul>\n<p data-start=\"2059\" data-end=\"2165\"><strong data-start=\"2059\" data-end=\"2165\">Der Preis variiert je nach Bestellmenge. Bitte best\u00e4tigen Sie den Mengenbereich, bevor Sie Ihre Bestellung aufgeben.<\/strong><\/p>","protected":false},"excerpt":{"rendered":"<h3>Produktspezifikationen<\/h3>\n<p>\u2611 5% Nikotin<br \/>\n\u2611 22ML von E-Fl\u00fcssigkeit.<br \/>\n\u2611 Einstellbarer Luftstrom.<br \/>\n\u2611 Gl\u00fccksraum zum Spielen<br \/>\n\u2611 2,1-Zoll-Gro\u00dfbildschirm<br \/>\n\u2611 Reaktionsschnelles Touchpad<br \/>\n\u2611 Maschenspule, 1,2\u03a9.<br \/>\n\u2611 Zweifach-Masche<br \/>\n\u2611 Batterie wiederaufladbar Typ C<br \/>\n\u2611 800mAh<br \/>\n\u2611 5 St\u00fcck in einer Displaybox.<br \/>\n\u2611 200 St\u00fcck pro Karton<\/p>","protected":false},"featured_media":888,"comment_status":"open","ping_status":"closed","template":"","meta":{"_joinchat":[]},"product_brand":[],"product_cat":[87],"product_tag":[],"class_list":{"0":"post-810","1":"product","2":"type-product","3":"status-publish","4":"has-post-thumbnail","6":"product_cat-e-cigarettes-europe","8":"first","9":"instock","10":"shipping-taxable","11":"purchasable","12":"product-type-variable"},"_links":{"self":[{"href":"https:\/\/www.chunghwashop.com\/de\/wp-json\/wp\/v2\/product\/810","targetHints":{"allow":["GET"]}}],"collection":[{"href":"https:\/\/www.chunghwashop.com\/de\/wp-json\/wp\/v2\/product"}],"about":[{"href":"https:\/\/www.chunghwashop.com\/de\/wp-json\/wp\/v2\/types\/product"}],"replies":[{"embeddable":true,"href":"https:\/\/www.chunghwashop.com\/de\/wp-json\/wp\/v2\/comments?post=810"}],"wp:featuredmedia":[{"embeddable":true,"href":"https:\/\/www.chunghwashop.com\/de\/wp-json\/wp\/v2\/media\/888"}],"wp:attachment":[{"href":"https:\/\/www.chunghwashop.com\/de\/wp-json\/wp\/v2\/media?parent=810"}],"wp:term":[{"taxonomy":"product_brand","embeddable":true,"href":"https:\/\/www.chunghwashop.com\/de\/wp-json\/wp\/v2\/product_brand?post=810"},{"taxonomy":"product_cat","embeddable":true,"href":"https:\/\/www.chunghwashop.com\/de\/wp-json\/wp\/v2\/product_cat?post=810"},{"taxonomy":"product_tag","embeddable":true,"href":"https:\/\/www.chunghwashop.com\/de\/wp-json\/wp\/v2\/product_tag?post=810"}],"curies":[{"name":"wp","href":"https:\/\/api.w.org\/{rel}","templated":true}]}}