{"id":808,"date":"2026-04-16T14:20:17","date_gmt":"2026-04-16T06:20:17","guid":{"rendered":"https:\/\/www.chunghwashop.com\/?post_type=product&#038;p=808"},"modified":"2026-04-16T14:54:15","modified_gmt":"2026-04-16T06:54:15","slug":"airmez-fox-8-in-1","status":"publish","type":"product","link":"https:\/\/www.chunghwashop.com\/de\/produkt\/airmez-fox-8-in-1","title":{"rendered":"Airmez FOX 8 IN 1"},"content":{"rendered":"<p data-start=\"177\" data-end=\"466\"><strong data-start=\"177\" data-end=\"210\">Airmez FOX 8 IN 1 16000 Luftst\u00f6\u00dfe<\/strong> ist ein Einwegdampfer mit hoher Kapazit\u00e4t f\u00fcr Benutzer, die eine reibungslose Leistung, bequemes Aufladen und mehrere Geschmacksoptionen in einem Ger\u00e4t w\u00fcnschen. Mit seinem eleganten Design und praktischen Funktionen ist er eine gute Wahl f\u00fcr Einzel- und Gro\u00dfhandelskunden.<\/p>\n<p data-start=\"468\" data-end=\"772\">Dieses Modell ist ausgestattet mit <strong data-start=\"490\" data-end=\"511\">15ML \u00d7 4 e-Fl\u00fcssigkeit<\/strong>, a <strong data-start=\"515\" data-end=\"528\">Netzspule<\/strong>, a <strong data-start=\"532\" data-end=\"563\">650mAh wiederaufladbare Batterie<\/strong>, und eine <strong data-start=\"571\" data-end=\"595\">Typ-C-Ladeanschluss<\/strong> f\u00fcr ein reibungsloses und zuverl\u00e4ssiges Dampferlebnis. Mit bis zu <strong data-start=\"652\" data-end=\"667\">16000 Z\u00fcge<\/strong>, Er bietet eine l\u00e4ngere Nutzungsdauer und ein besseres Preis-Leistungs-Verh\u00e4ltnis f\u00fcr Kunden, die einen Einwegdampfer mit hoher Kapazit\u00e4t bevorzugen.<\/p>\n<h3 data-section-id=\"bfe9be\" data-start=\"774\" data-end=\"794\">Produktmerkmale<\/h3>\n<ul data-start=\"796\" data-end=\"1041\">\n<li data-section-id=\"18fzkuh\" data-start=\"796\" data-end=\"831\">Produktname: Airmez FOX 8 IN 1<\/li>\n<li data-section-id=\"1isooqd\" data-start=\"832\" data-end=\"859\">Anzahl der Puffs: 16000 Puffs<\/li>\n<li data-section-id=\"1x4v3us\" data-start=\"860\" data-end=\"891\">E-Fl\u00fcssigkeit Kapazit\u00e4t: 15ML \u00d7 4<\/li>\n<li data-section-id=\"8u54nt\" data-start=\"892\" data-end=\"916\">Typ der Spule: Mesh-Spule<\/li>\n<li data-section-id=\"znchb6\" data-start=\"917\" data-end=\"942\">Ladeanschluss: Typ-C<\/li>\n<li data-section-id=\"106p858\" data-start=\"943\" data-end=\"971\">Akku-Kapazit\u00e4t: 650mAh<\/li>\n<li data-section-id=\"bex9qa\" data-start=\"972\" data-end=\"1006\">Verpackung: 10 St\u00fcck pro Displaykarton<\/li>\n<li data-section-id=\"9y0ots\" data-start=\"1007\" data-end=\"1041\">Schachtel: Mix 100pcs jeder Karton<\/li>\n<\/ul>\n<h3 data-section-id=\"10ynmgm\" data-start=\"1043\" data-end=\"1061\">Geschmacksoptionen<\/h3>\n<ol data-start=\"1063\" data-end=\"1716\">\n<li data-section-id=\"1z0bia\" data-start=\"1063\" data-end=\"1124\">Bingo Crush, Dreifach-Mango, gemischte Beeren, Wassermeloneneis<\/li>\n<li data-section-id=\"10bh9e2\" data-start=\"1125\" data-end=\"1188\">Love 66, Strawberry Ice, Blue Razz Limonade, Pineapple Ice<\/li>\n<li data-section-id=\"hzvpf7\" data-start=\"1189\" data-end=\"1244\">Wassermelone Eis, Liebe 66, Doppelter Apfel, Mango Pfirsich<\/li>\n<li data-section-id=\"1h39415\" data-start=\"1245\" data-end=\"1310\">Gemischte Beeren, Heidelbeere-Himbeere, Wassermelone-Eis, Cola-Eis<\/li>\n<li data-section-id=\"1n0hzcj\" data-start=\"1311\" data-end=\"1382\">Mango-Pfirsich, Tropische Fr\u00fcchte, Beerenlimonade, Erdbeer-Wassermelone<\/li>\n<li data-section-id=\"ki1fag\" data-start=\"1383\" data-end=\"1448\">Cherry Ice, Erdbeer-Drachenfrucht, Triple Mango, Blue Razz<\/li>\n<li data-section-id=\"1xbhvun\" data-start=\"1449\" data-end=\"1515\">Drachenfruchteis, Bingo Crush, Love 66, Ananas-Mango-Pfirsich<\/li>\n<li data-section-id=\"fa9qbg\" data-start=\"1516\" data-end=\"1579\">Dr. Blue, Kirsche Beere, Erdbeere Wassermelone, Pfirsich Beere<\/li>\n<li data-section-id=\"1cg85o7\" data-start=\"1580\" data-end=\"1644\">Pfirsich-Eis, gemischte Beeren, Melone-Passionsfrucht, Dreifach-Mango<\/li>\n<li data-section-id=\"emmyr9\" data-start=\"1645\" data-end=\"1716\">Mango-Eis, Sprudel-Kirsch-Cola, Erdbeer-Himbeer, gemischte Beeren<\/li>\n<\/ol>\n<h3 data-section-id=\"d4iyiy\" data-start=\"1718\" data-end=\"1750\">Warum Airmez FOX 8 IN 1 w\u00e4hlen?<\/h3>\n<ul data-start=\"1752\" data-end=\"2015\">\n<li data-section-id=\"1lgb11u\" data-start=\"1752\" data-end=\"1788\">Bis zu 16000 Z\u00fcge f\u00fcr l\u00e4ngeren Gebrauch<\/li>\n<li data-section-id=\"ib0yw8\" data-start=\"1789\" data-end=\"1820\">Glatter Dampf mit Netzspule<\/li>\n<li data-section-id=\"1g8zwq1\" data-start=\"1821\" data-end=\"1866\">Wiederaufladbarer Akku mit Typ-C-Ladung<\/li>\n<li data-section-id=\"1mpnmyb\" data-start=\"1867\" data-end=\"1908\">Mehrere Geschmacksoptionen in einem Ger\u00e4t<\/li>\n<li data-section-id=\"uqqhx\" data-start=\"1909\" data-end=\"1961\">Geeignet f\u00fcr den Einzelhandel und den Gro\u00dfhandel<\/li>\n<li data-section-id=\"160n9vs\" data-start=\"1962\" data-end=\"2015\">Praktische Verpackung f\u00fcr Ladenverkauf und Gro\u00dfbestellungen<\/li>\n<\/ul>\n<h3 data-section-id=\"hwjiak\" data-start=\"2017\" data-end=\"2027\">Hinweis<\/h3>\n<p data-start=\"2029\" data-end=\"2106\">Der Preis f\u00fcr <strong data-start=\"2042\" data-end=\"2075\">Airmez FOX 8 IN 1 16000 Luftst\u00f6\u00dfe<\/strong> h\u00e4ngt von der Bestellmenge ab:<\/p>\n<ul data-start=\"2108\" data-end=\"2214\">\n<li data-section-id=\"l2x9i5\" data-start=\"2108\" data-end=\"2143\"><strong data-start=\"2110\" data-end=\"2123\">1-15 St\u00fcck:<\/strong> <strong data-start=\"2124\" data-end=\"2141\">US$28,99 pro St\u00fcck<\/strong><\/li>\n<li data-section-id=\"1r9nuet\" data-start=\"2144\" data-end=\"2181\"><strong data-start=\"2146\" data-end=\"2161\">16-199 St\u00fcck:<\/strong> <strong data-start=\"2162\" data-end=\"2179\">US$10,99 pro St\u00fcck<\/strong><\/li>\n<li data-section-id=\"1vgu9w0\" data-start=\"2182\" data-end=\"2214\"><strong data-start=\"2184\" data-end=\"2197\">200+ St\u00fcck:<\/strong> <strong data-start=\"2198\" data-end=\"2214\">US$8,99 pro St\u00fcck<\/strong><\/li>\n<\/ul>\n<p data-start=\"2216\" data-end=\"2322\"><strong data-start=\"2216\" data-end=\"2322\">Der Preis variiert je nach Bestellmenge. Bitte best\u00e4tigen Sie den Mengenbereich, bevor Sie Ihre Bestellung aufgeben.<\/strong><\/p>","protected":false},"excerpt":{"rendered":"<h3>Produktspezifikationen<\/h3>\n<p>\u2611 15ML*4 von E-Fl\u00fcssigkeit<br \/>\n\u2611 Maschenspule<br \/>\n\u2611 Typ-C-Anschluss<br \/>\n\u2611 650mAh<br \/>\n\u2611 10 St\u00fcck im Displaykarton<br \/>\n\u2611 Mix 100 St\u00fcck pro Karton<\/p>","protected":false},"featured_media":867,"comment_status":"open","ping_status":"closed","template":"","meta":{"_joinchat":[]},"product_brand":[],"product_cat":[87],"product_tag":[],"class_list":{"0":"post-808","1":"product","2":"type-product","3":"status-publish","4":"has-post-thumbnail","6":"product_cat-e-cigarettes-europe","8":"first","9":"instock","10":"shipping-taxable","11":"purchasable","12":"product-type-variable"},"_links":{"self":[{"href":"https:\/\/www.chunghwashop.com\/de\/wp-json\/wp\/v2\/product\/808","targetHints":{"allow":["GET"]}}],"collection":[{"href":"https:\/\/www.chunghwashop.com\/de\/wp-json\/wp\/v2\/product"}],"about":[{"href":"https:\/\/www.chunghwashop.com\/de\/wp-json\/wp\/v2\/types\/product"}],"replies":[{"embeddable":true,"href":"https:\/\/www.chunghwashop.com\/de\/wp-json\/wp\/v2\/comments?post=808"}],"wp:featuredmedia":[{"embeddable":true,"href":"https:\/\/www.chunghwashop.com\/de\/wp-json\/wp\/v2\/media\/867"}],"wp:attachment":[{"href":"https:\/\/www.chunghwashop.com\/de\/wp-json\/wp\/v2\/media?parent=808"}],"wp:term":[{"taxonomy":"product_brand","embeddable":true,"href":"https:\/\/www.chunghwashop.com\/de\/wp-json\/wp\/v2\/product_brand?post=808"},{"taxonomy":"product_cat","embeddable":true,"href":"https:\/\/www.chunghwashop.com\/de\/wp-json\/wp\/v2\/product_cat?post=808"},{"taxonomy":"product_tag","embeddable":true,"href":"https:\/\/www.chunghwashop.com\/de\/wp-json\/wp\/v2\/product_tag?post=808"}],"curies":[{"name":"wp","href":"https:\/\/api.w.org\/{rel}","templated":true}]}}