{"id":807,"date":"2026-04-16T14:20:17","date_gmt":"2026-04-16T06:20:17","guid":{"rendered":"https:\/\/www.chunghwashop.com\/?post_type=product&#038;p=807"},"modified":"2026-04-16T14:54:15","modified_gmt":"2026-04-16T06:54:15","slug":"airmez-fox-6-in-1","status":"publish","type":"product","link":"https:\/\/www.chunghwashop.com\/de\/produkt\/airmez-fox-6-in-1","title":{"rendered":"Airmez FOX 6 IN 1"},"content":{"rendered":"<p data-start=\"91\" data-end=\"386\">Airmez FOX 6 IN 1 14000 Puffs ist ein Einwegdampfer mit hoher Kapazit\u00e4t f\u00fcr Benutzer, die eine reibungslose Leistung, bequemes Aufladen und mehrere beliebte Geschmacksrichtungen in einem Ger\u00e4t w\u00fcnschen. Mit seinem praktischen Design und gemischten Geschmackskombinationen ist er eine gute Wahl sowohl f\u00fcr Einzel- als auch f\u00fcr Gro\u00dfhandelskunden.<\/p>\n<p data-start=\"388\" data-end=\"650\">Dieses Modell kommt mit 15ML \u00d7 3 e-Fl\u00fcssigkeit, einer Mesh-Spule, einem 650mAh-Akku und einem Typ-C-Ladeanschluss f\u00fcr ein reibungsloses und zuverl\u00e4ssiges Dampferlebnis. Es liefert bis zu 14000 Z\u00fcge, so dass es f\u00fcr Benutzer geeignet ist, die eine l\u00e4ngere Nutzungsdauer und einen besseren Wert w\u00fcnschen.<\/p>\n<h3 data-section-id=\"bfe9be\" data-start=\"652\" data-end=\"672\">Produktmerkmale<\/h3>\n<ul data-start=\"674\" data-end=\"903\">\n<li data-section-id=\"pczjev\" data-start=\"674\" data-end=\"707\">Produktname: Airmez FOX 6 IN 1<\/li>\n<li data-section-id=\"1rgexyv\" data-start=\"708\" data-end=\"733\">Anzahl der Puffs: 14000 Puffs<\/li>\n<li data-section-id=\"1drk5kz\" data-start=\"734\" data-end=\"763\">E-Fl\u00fcssigkeit Kapazit\u00e4t: 15ML \u00d7 3<\/li>\n<li data-section-id=\"x0g1cp\" data-start=\"764\" data-end=\"786\">Typ der Spule: Mesh-Spule<\/li>\n<li data-section-id=\"y0jxnm\" data-start=\"787\" data-end=\"810\">Ladeanschluss: Typ-C<\/li>\n<li data-section-id=\"mjatto\" data-start=\"811\" data-end=\"837\">Akku-Kapazit\u00e4t: 650mAh<\/li>\n<li data-section-id=\"18fgbgi\" data-start=\"838\" data-end=\"870\">Verpackung: 10 St\u00fcck pro Displaykarton<\/li>\n<li data-section-id=\"99rgz4\" data-start=\"871\" data-end=\"903\">Schachtel: Mix 100pcs jeder Karton<\/li>\n<\/ul>\n<h3 data-section-id=\"1qo24uk\" data-start=\"905\" data-end=\"928\">Geschmacks-Kombinationen<\/h3>\n<ol data-start=\"930\" data-end=\"1406\">\n<li data-section-id=\"19ikqnk\" data-start=\"930\" data-end=\"972\">Love 66, Beerenlimonade, Fizzy Cherry<\/li>\n<li data-section-id=\"5mbq4d\" data-start=\"973\" data-end=\"1025\">Gemischte Beeren, Blue Razz Limonade, Kirsche-Beere<\/li>\n<li data-section-id=\"f338eh\" data-start=\"1026\" data-end=\"1083\">Drachenfrucht-Eis, Fruity Fusion, Himbeer-Wassermelone<\/li>\n<li data-section-id=\"g1o5k3\" data-start=\"1084\" data-end=\"1116\">Kirsche, Cola-Eis, Mango-Eis<\/li>\n<li data-section-id=\"2yrmnh\" data-start=\"1117\" data-end=\"1152\">Pfirsich-Eis, Mango-Eis, Dr. Blau<\/li>\n<li data-section-id=\"1hrwql9\" data-start=\"1153\" data-end=\"1210\">Erdbeere-Banane, Vimto, Blaubeere-Kirsche-Cranberry<\/li>\n<li data-section-id=\"hhhicl\" data-start=\"1211\" data-end=\"1258\">Erdbeereis, Rosa Limonade, Bingo Crush<\/li>\n<li data-section-id=\"1oban9z\" data-start=\"1259\" data-end=\"1301\">Liebe 66, Erdbeer-Kiwi, Pfirsich-Mango<\/li>\n<li data-section-id=\"t7k3u6\" data-start=\"1302\" data-end=\"1357\">Erdbeer-Wassermelone, Dreifach-Melone, Blue Razz Ice<\/li>\n<li data-section-id=\"11hogoy\" data-start=\"1358\" data-end=\"1406\">Wassermeloneneis, Bingo Crush, gemischte Beeren<\/li>\n<\/ol>\n<h3 data-section-id=\"6nrxxg\" data-start=\"1408\" data-end=\"1440\">Warum Airmez FOX 6 IN 1 w\u00e4hlen?<\/h3>\n<ul data-start=\"1442\" data-end=\"1700\">\n<li data-section-id=\"141ppu8\" data-start=\"1442\" data-end=\"1476\">Bis zu 14000 Z\u00fcge f\u00fcr l\u00e4ngeren Gebrauch<\/li>\n<li data-section-id=\"lenhua\" data-start=\"1477\" data-end=\"1507\">Sanfter Geschmack mit Mesh-Spule<\/li>\n<li data-section-id=\"1h53rah\" data-start=\"1508\" data-end=\"1551\">Wiederaufladbarer Akku mit Typ-C-Ladung<\/li>\n<li data-section-id=\"1jubsp5\" data-start=\"1552\" data-end=\"1596\">Mehrere Geschmackskombinationen in einem Ger\u00e4t<\/li>\n<li data-section-id=\"okkd7v\" data-start=\"1597\" data-end=\"1647\">Geeignet f\u00fcr Einzelhandelsauslagen und Gro\u00dfhandelsauftr\u00e4ge<\/li>\n<li data-section-id=\"1ir3bm2\" data-start=\"1648\" data-end=\"1700\">Attraktive Verpackung f\u00fcr den Ladenverkauf und die Gro\u00dflieferung<\/li>\n<\/ul>\n<h3 data-section-id=\"hwjiak\" data-start=\"1702\" data-end=\"1712\">Hinweis<\/h3>\n<p data-start=\"1714\" data-end=\"1787\">Der Preis von Airmez FOX 6 IN 1 14000 Puffs h\u00e4ngt von der Bestellmenge ab:<\/p>\n<ul data-start=\"1789\" data-end=\"1867\">\n<li data-section-id=\"us7ftp\" data-start=\"1789\" data-end=\"1814\">1-15 St\u00fcck: US$28,99 pro St\u00fcck<\/li>\n<li data-section-id=\"4iw75h\" data-start=\"1815\" data-end=\"1842\">16-199 St\u00fcck: US$10,99 pro St\u00fcck<\/li>\n<li data-section-id=\"1f1g2s0\" data-start=\"1843\" data-end=\"1867\">200+ St\u00fcck: US$8.99 pro St\u00fcck<\/li>\n<\/ul>\n<p data-start=\"1869\" data-end=\"1971\">Der Preis variiert je nach Bestellmenge. Bitte best\u00e4tigen Sie den Mengenbereich, bevor Sie Ihre Bestellung aufgeben.<\/p>","protected":false},"excerpt":{"rendered":"<h3>Produktspezifikationen<\/h3>\n<p>\u2611 15ML*3 von E-Fl\u00fcssigkeit<br \/>\n\u2611 Maschenspule<br \/>\n\u2611 Typ-C-Anschluss<br \/>\n\u2611 650mAh<br \/>\n\u2611 10 St\u00fcck im Displaykarton<br \/>\n\u2611 Mix 100 St\u00fcck pro Karton<\/p>","protected":false},"featured_media":855,"comment_status":"open","ping_status":"closed","template":"","meta":{"_joinchat":[]},"product_brand":[],"product_cat":[87],"product_tag":[],"class_list":{"0":"post-807","1":"product","2":"type-product","3":"status-publish","4":"has-post-thumbnail","6":"product_cat-e-cigarettes-europe","8":"first","9":"instock","10":"shipping-taxable","11":"purchasable","12":"product-type-variable"},"_links":{"self":[{"href":"https:\/\/www.chunghwashop.com\/de\/wp-json\/wp\/v2\/product\/807","targetHints":{"allow":["GET"]}}],"collection":[{"href":"https:\/\/www.chunghwashop.com\/de\/wp-json\/wp\/v2\/product"}],"about":[{"href":"https:\/\/www.chunghwashop.com\/de\/wp-json\/wp\/v2\/types\/product"}],"replies":[{"embeddable":true,"href":"https:\/\/www.chunghwashop.com\/de\/wp-json\/wp\/v2\/comments?post=807"}],"wp:featuredmedia":[{"embeddable":true,"href":"https:\/\/www.chunghwashop.com\/de\/wp-json\/wp\/v2\/media\/855"}],"wp:attachment":[{"href":"https:\/\/www.chunghwashop.com\/de\/wp-json\/wp\/v2\/media?parent=807"}],"wp:term":[{"taxonomy":"product_brand","embeddable":true,"href":"https:\/\/www.chunghwashop.com\/de\/wp-json\/wp\/v2\/product_brand?post=807"},{"taxonomy":"product_cat","embeddable":true,"href":"https:\/\/www.chunghwashop.com\/de\/wp-json\/wp\/v2\/product_cat?post=807"},{"taxonomy":"product_tag","embeddable":true,"href":"https:\/\/www.chunghwashop.com\/de\/wp-json\/wp\/v2\/product_tag?post=807"}],"curies":[{"name":"wp","href":"https:\/\/api.w.org\/{rel}","templated":true}]}}