{"id":806,"date":"2026-04-16T14:20:17","date_gmt":"2026-04-16T06:20:17","guid":{"rendered":"https:\/\/www.chunghwashop.com\/?post_type=product&#038;p=806"},"modified":"2026-04-16T14:53:44","modified_gmt":"2026-04-16T06:53:44","slug":"airmez-fox-4-in-1","status":"publish","type":"product","link":"https:\/\/www.chunghwashop.com\/de\/produkt\/airmez-fox-4-in-1","title":{"rendered":"Airmez FOX 4 IN 1"},"content":{"rendered":"<p data-start=\"110\" data-end=\"372\"><strong data-start=\"110\" data-end=\"143\">Airmez FOX 4 IN 1 12000 Luftst\u00f6\u00dfe<\/strong> ist ein Einwegdampfer mit hoher Kapazit\u00e4t, der f\u00fcr Benutzer entwickelt wurde, die eine l\u00e4ngere Nutzungsdauer, einen sanften Geschmack und mehr Vielfalt in einem Ger\u00e4t w\u00fcnschen. Er kombiniert praktische Leistung mit einem stilvollen Design, wodurch er sowohl f\u00fcr den Einzelhandel als auch f\u00fcr den Gro\u00dfhandel geeignet ist.<\/p>\n<p data-start=\"374\" data-end=\"684\">Dieses Modell ist ausgestattet mit <strong data-start=\"396\" data-end=\"417\">15ML \u00d7 4 e-Fl\u00fcssigkeit<\/strong>, a <strong data-start=\"421\" data-end=\"434\">Netzspule<\/strong>, a <strong data-start=\"438\" data-end=\"469\">650mAh wiederaufladbare Batterie<\/strong>, und <strong data-start=\"475\" data-end=\"494\">Typ-C-Laden<\/strong> f\u00fcr ein reibungsloses und bequemes Dampferlebnis. Das 4-in-1-Aroma-Design bietet dem Nutzer mehr Auswahlm\u00f6glichkeiten in einem einzigen Ger\u00e4t, was es f\u00fcr Kunden, die unterschiedliche Geschm\u00e4cker m\u00f6gen, attraktiver macht.<\/p>\n<h3 data-section-id=\"bfe9be\" data-start=\"686\" data-end=\"706\">Produktmerkmale<\/h3>\n<ul data-start=\"708\" data-end=\"985\">\n<li data-section-id=\"hlldc5\" data-start=\"708\" data-end=\"747\"><strong data-start=\"710\" data-end=\"727\">Produktname:<\/strong> Airmez FOX 4 IN 1<\/li>\n<li data-section-id=\"1jko59t\" data-start=\"748\" data-end=\"779\"><strong data-start=\"750\" data-end=\"765\">Anzahl der Puffs:<\/strong> 12000 Puffs<\/li>\n<li data-section-id=\"abzjgk\" data-start=\"780\" data-end=\"815\"><strong data-start=\"782\" data-end=\"804\">E-Fl\u00fcssigkeit Kapazit\u00e4t:<\/strong> 15ML \u00d7 4<\/li>\n<li data-section-id=\"18s3gm1\" data-start=\"816\" data-end=\"844\"><strong data-start=\"818\" data-end=\"832\">Spulentyp:<\/strong> Maschenspule<\/li>\n<li data-section-id=\"13l8j6q\" data-start=\"845\" data-end=\"874\"><strong data-start=\"847\" data-end=\"865\">Anschluss zum Aufladen:<\/strong> Typ-C<\/li>\n<li data-section-id=\"1ykqfi4\" data-start=\"875\" data-end=\"907\"><strong data-start=\"877\" data-end=\"898\">Batteriekapazit\u00e4t:<\/strong> 650mAh<\/li>\n<li data-section-id=\"14onshu\" data-start=\"908\" data-end=\"946\"><strong data-start=\"910\" data-end=\"922\">Verpacken:<\/strong> 10St\u00fcck pro Displaykarton<\/li>\n<li data-section-id=\"gtsdgw\" data-start=\"947\" data-end=\"985\"><strong data-start=\"949\" data-end=\"960\">Schachtel:<\/strong> Mix 100 St\u00fcck pro Karton<\/li>\n<\/ul>\n<h3 data-section-id=\"1qo24uk\" data-start=\"987\" data-end=\"1010\">Geschmacks-Kombinationen<\/h3>\n<ol data-start=\"1012\" data-end=\"1715\">\n<li data-section-id=\"1c0rr3k\" data-start=\"1012\" data-end=\"1097\">Erdbeere-Himbeere \/ Erdbeer-Kiwi \/ Erdbeereis \/ Pfirsich-Mango-Wassermelone<\/li>\n<li data-section-id=\"o8dc9g\" data-start=\"1098\" data-end=\"1186\">Wassermeloneneis \/ Erdbeer-Wassermelone \/ Himbeer-Wassermelone \/ Heidelbeer-Himbeer<\/li>\n<li data-section-id=\"1gbggyg\" data-start=\"1187\" data-end=\"1251\">Pinke Limonade \/ Passionskuss \/ Gemischte Beeren \/ Dreifachbeere<\/li>\n<li data-section-id=\"rf3fnm\" data-start=\"1252\" data-end=\"1302\">Kirsche \/ Love 66 \/ Beerenlimonade \/ Traubeneis<\/li>\n<li data-section-id=\"1tlb9ml\" data-start=\"1303\" data-end=\"1371\">Mango-Pfirsich \/ Tropische Fr\u00fcchte \/ Pfirsich-Eis \/ Saure Mango-Ananas<\/li>\n<li data-section-id=\"1a1kye8\" data-start=\"1372\" data-end=\"1433\">Traubeneis \/ Love 66 \/ Heidelbeere auf Eis \/ Drachenfruchteis<\/li>\n<li data-section-id=\"f5i4yv\" data-start=\"1434\" data-end=\"1501\">Liebe 66 \/ Kirsche \/ Heidelbeere auf Eis \/ Kiwi Passionsfrucht Guave<\/li>\n<li data-section-id=\"b5klbg\" data-start=\"1502\" data-end=\"1560\">Pfirsich-Eis \/ Pinke Limonade \/ Wassermelonen-Eis \/ Dr. Blue<\/li>\n<li data-section-id=\"1m47zzg\" data-start=\"1561\" data-end=\"1626\">Roter Mojito \/ Liebe 66 \/ Gemischte Beeren \/ Erdbeer-Wassermelone<\/li>\n<li data-section-id=\"ms5egh\" data-start=\"1627\" data-end=\"1715\">Pfirsich-Mango-Wassermelone \/ Heidelbeere-Kirsche \/ Wassermelone-Drachenfrucht \/ Passionskuss<\/li>\n<\/ol>\n<h3 data-section-id=\"5d9epy\" data-start=\"1717\" data-end=\"1749\">Warum Airmez FOX 4 IN 1 w\u00e4hlen?<\/h3>\n<ul data-start=\"1751\" data-end=\"1951\">\n<li data-section-id=\"hccfoh\" data-start=\"1751\" data-end=\"1789\">Gro\u00dfe Puffkapazit\u00e4t f\u00fcr l\u00e4ngeren Gebrauch<\/li>\n<li data-section-id=\"ib0yw8\" data-start=\"1790\" data-end=\"1821\">Glatter Dampf mit Netzspule<\/li>\n<li data-section-id=\"1g8zwq1\" data-start=\"1822\" data-end=\"1867\">Wiederaufladbarer Akku mit Typ-C-Ladung<\/li>\n<li data-section-id=\"1o2cxww\" data-start=\"1868\" data-end=\"1902\">Mehrere Geschmacksrichtungen in einem Ger\u00e4t<\/li>\n<li data-section-id=\"1w7lcbd\" data-start=\"1903\" data-end=\"1951\">Gut geeignet f\u00fcr Einzelhandelsauslagen und Gro\u00dfhandelsauftr\u00e4ge<\/li>\n<\/ul>\n<h3 data-section-id=\"hwjiak\" data-start=\"1702\" data-end=\"1712\">Hinweis<\/h3>\n<p data-start=\"1714\" data-end=\"1787\">Der Preis von Airmez FOX 6 IN 1 14000 Puffs h\u00e4ngt von der Bestellmenge ab:<\/p>\n<ul data-start=\"1789\" data-end=\"1867\">\n<li data-section-id=\"us7ftp\" data-start=\"1789\" data-end=\"1814\">1-15 St\u00fcck: US$28,99 pro St\u00fcck<\/li>\n<li data-section-id=\"4iw75h\" data-start=\"1815\" data-end=\"1842\">16-199 St\u00fcck: US$10,99 pro St\u00fcck<\/li>\n<li data-section-id=\"1f1g2s0\" data-start=\"1843\" data-end=\"1867\">200+ St\u00fcck: US$8.99 pro St\u00fcck<\/li>\n<\/ul>\n<p data-start=\"1869\" data-end=\"1971\">Der Preis variiert je nach Bestellmenge. Bitte best\u00e4tigen Sie den Mengenbereich, bevor Sie Ihre Bestellung aufgeben.<\/p>\n<p data-start=\"1953\" data-end=\"2130\">Die <strong data-start=\"1957\" data-end=\"1990\">Airmez FOX 4 IN 1 12000 Luftst\u00f6\u00dfe<\/strong> ist eine gute Option f\u00fcr Verk\u00e4ufer, die einen Vape mit hoher Kapazit\u00e4t, gemischten Geschmackskombinationen, praktischen Funktionen und einer attraktiven Verpackung suchen.<\/p>","protected":false},"excerpt":{"rendered":"<h3>Produktspezifikationen<\/h3>\n<p>\u2611 15ML*4 von E-Fl\u00fcssigkeit<br \/>\n\u2611 Maschenspule<br \/>\n\u2611 Typ-C-Anschluss<br \/>\n\u2611 650mAh<br \/>\n\u2611 10 St\u00fcck im Displaykarton<br \/>\n\u2611 Mix 100 St\u00fcck pro Karton<\/p>","protected":false},"featured_media":844,"comment_status":"open","ping_status":"closed","template":"","meta":{"_joinchat":[]},"product_brand":[],"product_cat":[87],"product_tag":[],"class_list":{"0":"post-806","1":"product","2":"type-product","3":"status-publish","4":"has-post-thumbnail","6":"product_cat-e-cigarettes-europe","8":"first","9":"instock","10":"shipping-taxable","11":"purchasable","12":"product-type-variable"},"_links":{"self":[{"href":"https:\/\/www.chunghwashop.com\/de\/wp-json\/wp\/v2\/product\/806","targetHints":{"allow":["GET"]}}],"collection":[{"href":"https:\/\/www.chunghwashop.com\/de\/wp-json\/wp\/v2\/product"}],"about":[{"href":"https:\/\/www.chunghwashop.com\/de\/wp-json\/wp\/v2\/types\/product"}],"replies":[{"embeddable":true,"href":"https:\/\/www.chunghwashop.com\/de\/wp-json\/wp\/v2\/comments?post=806"}],"wp:featuredmedia":[{"embeddable":true,"href":"https:\/\/www.chunghwashop.com\/de\/wp-json\/wp\/v2\/media\/844"}],"wp:attachment":[{"href":"https:\/\/www.chunghwashop.com\/de\/wp-json\/wp\/v2\/media?parent=806"}],"wp:term":[{"taxonomy":"product_brand","embeddable":true,"href":"https:\/\/www.chunghwashop.com\/de\/wp-json\/wp\/v2\/product_brand?post=806"},{"taxonomy":"product_cat","embeddable":true,"href":"https:\/\/www.chunghwashop.com\/de\/wp-json\/wp\/v2\/product_cat?post=806"},{"taxonomy":"product_tag","embeddable":true,"href":"https:\/\/www.chunghwashop.com\/de\/wp-json\/wp\/v2\/product_tag?post=806"}],"curies":[{"name":"wp","href":"https:\/\/api.w.org\/{rel}","templated":true}]}}