{"id":198,"date":"2026-04-23T19:46:59","date_gmt":"2026-04-23T11:46:59","guid":{"rendered":"https:\/\/www.chunghwashop.com\/?post_type=product&#038;p=198"},"modified":"2026-04-28T18:39:47","modified_gmt":"2026-04-28T10:39:47","slug":"chunghwa-gold-demi-slim","status":"publish","type":"product","link":"https:\/\/www.chunghwashop.com\/de\/produkt\/chunghwa-gold-demi-slim","title":{"rendered":"Chunghwa Gold Demi Slim"},"content":{"rendered":"<h3>Zigaretten-Informationen<\/h3>\n<table data-path-to-node=\"2\">\n<thead>\n<tr>\n<td><strong>Kategorie<\/strong><\/td>\n<td><strong>Einzelheiten<\/strong><\/td>\n<\/tr>\n<\/thead>\n<tbody>\n<tr>\n<td><span data-path-to-node=\"2,1,0,0\"><b data-path-to-node=\"2,1,0,0\" data-index-in-node=\"0\">Marke<\/b><\/span><\/td>\n<td><span data-path-to-node=\"2,1,1,0\">Chunghwa<\/span><\/td>\n<\/tr>\n<tr>\n<td><span data-path-to-node=\"2,2,0,0\"><b data-path-to-node=\"2,2,0,0\" data-index-in-node=\"0\">Produktname<\/b><\/span><\/td>\n<td><span data-path-to-node=\"2,2,1,0\">Chunghwa Gold Demi Slim (mittlere Gr\u00f6\u00dfe)<\/span><\/td>\n<\/tr>\n<tr>\n<td><span data-path-to-node=\"2,3,0,0\"><b data-path-to-node=\"2,3,0,0\" data-index-in-node=\"0\">Typ<\/b><\/span><\/td>\n<td><span data-path-to-node=\"2,3,1,0\">Flue-cured-Tabak<\/span><\/td>\n<\/tr>\n<tr>\n<td><span data-path-to-node=\"2,4,0,0\"><b data-path-to-node=\"2,4,0,0\" data-index-in-node=\"0\">Format<\/b><\/span><\/td>\n<td><span data-path-to-node=\"2,4,1,0\">Demi Slim (Mittlere Gr\u00f6\u00dfe)<\/span><\/td>\n<\/tr>\n<tr>\n<td><span data-path-to-node=\"2,5,0,0\"><b data-path-to-node=\"2,5,0,0\" data-index-in-node=\"0\">Teergehalt<\/b><\/span><\/td>\n<td><span data-path-to-node=\"2,5,1,0\">10mg<\/span><\/td>\n<\/tr>\n<tr>\n<td><span data-path-to-node=\"2,6,0,0\"><b data-path-to-node=\"2,6,0,0\" data-index-in-node=\"0\">Nikotin<\/b><\/span><\/td>\n<td><span data-path-to-node=\"2,6,1,0\">0,9 mg<\/span><\/td>\n<\/tr>\n<tr>\n<td><span data-path-to-node=\"2,7,0,0\"><b data-path-to-node=\"2,7,0,0\" data-index-in-node=\"0\">Kohlenmonoxid<\/b><\/span><\/td>\n<td><span data-path-to-node=\"2,7,1,0\">10mg<\/span><\/td>\n<\/tr>\n<tr>\n<td><span data-path-to-node=\"2,8,0,0\"><b data-path-to-node=\"2,8,0,0\" data-index-in-node=\"0\">L\u00e4nge<\/b><\/span><\/td>\n<td><span data-path-to-node=\"2,8,1,0\">89mm<\/span><\/td>\n<\/tr>\n<tr>\n<td><span data-path-to-node=\"2,9,0,0\"><b data-path-to-node=\"2,9,0,0\" data-index-in-node=\"0\">Verpackungsart<\/b><\/span><\/td>\n<td><span data-path-to-node=\"2,9,1,0\">Hartes Pack<\/span><\/td>\n<\/tr>\n<tr>\n<td><span data-path-to-node=\"2,10,0,0\"><b data-path-to-node=\"2,10,0,0\" data-index-in-node=\"0\">Prim\u00e4rfarbe<\/b><\/span><\/td>\n<td><span data-path-to-node=\"2,10,1,0\">Rot<\/span><\/td>\n<\/tr>\n<tr>\n<td><span data-path-to-node=\"2,11,0,0\"><b data-path-to-node=\"2,11,0,0\" data-index-in-node=\"0\">Sekund\u00e4rfarbe<\/b><\/span><\/td>\n<td><span data-path-to-node=\"2,11,1,0\">Gold<\/span><\/td>\n<\/tr>\n<tr>\n<td><span data-path-to-node=\"2,12,0,0\"><b data-path-to-node=\"2,12,0,0\" data-index-in-node=\"0\">Menge pro Packung<\/b><\/span><\/td>\n<td><span data-path-to-node=\"2,12,1,0\">20 St\u00f6cke<\/span><\/td>\n<\/tr>\n<tr>\n<td><span data-path-to-node=\"2,13,0,0\"><b data-path-to-node=\"2,13,0,0\" data-index-in-node=\"0\">Verpackungseinheit<\/b><\/span><\/td>\n<td><span data-path-to-node=\"2,13,1,0\"><b data-path-to-node=\"2,13,1,0\" data-index-in-node=\"0\">Pro Stange 200 Zigaretten<\/b> (10 Packungen)<\/span><\/td>\n<\/tr>\n<\/tbody>\n<\/table>\n<h2 data-path-to-node=\"5\">Wichtige Informationen vor dem Kauf<\/h2>\n<h3 data-path-to-node=\"6\">Authentizit\u00e4t und Kompetenz<\/h3>\n<ul data-path-to-node=\"7\">\n<li>\n<p data-path-to-node=\"7,0,0\"><b data-path-to-node=\"7,0,0\" data-index-in-node=\"0\">100% Garantiert:<\/b> Alle Produkte stammen aus der <b data-path-to-node=\"7,0,0\" data-index-in-node=\"51\">Echtes Nationales Netzwerk f\u00fcr Tabakwaren<\/b>. Wir verfolgen eine Null-Toleranz-Politik gegen\u00fcber gef\u00e4lschten Waren.<\/p>\n<\/li>\n<li>\n<p data-path-to-node=\"7,1,0\"><b data-path-to-node=\"7,1,0\" data-index-in-node=\"0\">Globale Logistikexperten:<\/b> Mit jahrelanger Erfahrung in <b data-path-to-node=\"7,1,0\" data-index-in-node=\"54\">internationale Logistik<\/b>, Wir sind auf die sichere und diskrete Lieferung von \u201csensiblen Waren\u201d spezialisiert. Kunden aus \u00dcbersee k\u00f6nnen in aller Ruhe einkaufen.<\/p>\n<\/li>\n<li>\n<p data-path-to-node=\"7,2,0\"><b data-path-to-node=\"7,2,0\" data-index-in-node=\"0\">Gro\u00dfhandel und Einzelhandel:<\/b> Wir begr\u00fc\u00dfen chinesische Freunde aus \u00dcbersee und internationale K\u00e4ufer sowohl f\u00fcr Einzel- als auch f\u00fcr Gro\u00dfauftr\u00e4ge.<\/p>\n<\/li>\n<\/ul>\n<h3 data-path-to-node=\"8\">Versand &amp; Lieferung<\/h3>\n<ul data-path-to-node=\"9\">\n<li>\n<p data-path-to-node=\"9,0,0\"><b data-path-to-node=\"9,0,0\" data-index-in-node=\"0\">Preisgestaltung:<\/b> Alle aufgef\u00fchrten Preise sind <b data-path-to-node=\"9,0,0\" data-index-in-node=\"31\">Pro Karton<\/b>.<\/p>\n<\/li>\n<li>\n<p data-path-to-node=\"9,1,0\"><b data-path-to-node=\"9,1,0\" data-index-in-node=\"0\">Kostenloser Versand:<\/b> Genie\u00dfen Sie den kostenlosen internationalen Versand bei Bestellungen von <b data-path-to-node=\"9,1,0\" data-index-in-node=\"62\">ein oder mehrere Kartons<\/b>.<\/p>\n<\/li>\n<li>\n<p data-path-to-node=\"9,2,0\"><b data-path-to-node=\"9,2,0\" data-index-in-node=\"0\">Verfolgung:<\/b> Sobald die Zahlung best\u00e4tigt ist, werden wir Ihnen eine <b data-path-to-node=\"9,2,0\" data-index-in-node=\"55\">Trackingnummer<\/b> per WhatsApp oder E-Mail.<\/p>\n<\/li>\n<li>\n<p data-path-to-node=\"9,3,0\"><b data-path-to-node=\"9,3,0\" data-index-in-node=\"0\">Lieferfrist:<\/b> \u00dcber <b data-path-to-node=\"9,3,0\" data-index-in-node=\"20\">90% von EMS-Paketen<\/b> ankommen innerhalb <b data-path-to-node=\"9,3,0\" data-index-in-node=\"53\">12-20 Tage<\/b>.<\/p>\n<\/li>\n<\/ul>\n<h3 data-path-to-node=\"10\">Zahlungsanweisungen (Aktion erforderlich)<\/h3>\n<blockquote data-path-to-node=\"11\">\n<p data-path-to-node=\"11,0\">\u26a0\ufe0f <b data-path-to-node=\"11,0\" data-index-in-node=\"3\">WICHTIG!<\/b> Aufgrund des sensiblen Charakters von Tabakerzeugnissen, <b data-path-to-node=\"11,0\" data-index-in-node=\"63\">Online-Zahlungen \u00fcber den Einkaufswagen sind deaktiviert<\/b>.<\/p>\n<\/blockquote>\n<p data-path-to-node=\"12\"><b data-path-to-node=\"12\" data-index-in-node=\"0\">Folgen Sie diesen Schritten, um Ihre Bestellung abzuschlie\u00dfen:<\/b><\/p>\n<ol start=\"1\" data-path-to-node=\"13\">\n<li>\n<p data-path-to-node=\"13,0,0\">Geben Sie Ihre Bestellung auf der Website auf.<\/p>\n<\/li>\n<li>\n<p data-path-to-node=\"13,1,0\"><b data-path-to-node=\"13,1,0\" data-index-in-node=\"0\">Nicht<\/b> versuchen, \u00fcber den Warenkorb zu bezahlen.<\/p>\n<\/li>\n<li>\n<p data-path-to-node=\"13,2,0\">Senden Sie Ihr <b data-path-to-node=\"13,2,0\" data-index-in-node=\"10\">Bestellnummer<\/b> zu unserem <b data-path-to-node=\"13,2,0\" data-index-in-node=\"30\">WhatsApp (+44 7922 291211)<\/b>.<\/p>\n<\/li>\n<li>\n<p data-path-to-node=\"13,3,0\">Unser Team wird Ihre Lieferadresse best\u00e4tigen und Ihnen die Zahlungsdetails mitteilen.<\/p>\n<\/li>\n<\/ol>\n<ul data-path-to-node=\"14\">\n<li>\n<p data-path-to-node=\"14,0,0\"><b data-path-to-node=\"14,0,0\" data-index-in-node=\"0\">Akzeptierte Methoden:<\/b> PayPal, Stripe, Kreditkarten und Western Union.<\/p>\n<\/li>\n<li>\n<p data-path-to-node=\"14,1,0\"><b data-path-to-node=\"14,1,0\" data-index-in-node=\"0\">Wechselkurse:<\/b> Fremdw\u00e4hrungen werden zum Tageskurs umgerechnet.<\/p>\n<\/li>\n<\/ul>\n<h3 data-path-to-node=\"15\">Besteuerung (EU-Kunden)<\/h3>\n<ul data-path-to-node=\"16\">\n<li>\n<p data-path-to-node=\"16,0,0\"><b data-path-to-node=\"16,0,0\" data-index-in-node=\"0\">EU-Steuerreform:<\/b> Bitte beachten Sie, dass die EU seit Juli 2021 Steuern auf alle eingehenden Postpakete erhebt (in der Regel ein paar bis mehrere Dutzend Euro). Dies ist eine allgemeine Steuerpolitik und gilt nicht speziell f\u00fcr Tabakwaren.<\/p>\n<\/li>\n<\/ul>\n<h3 data-path-to-node=\"17\">Kontakt &amp; Unterst\u00fctzung<\/h3>\n<p data-path-to-node=\"18\">Bleiben Sie auf dem Laufenden \u00fcber die neuesten Lagerbest\u00e4nde und Gro\u00dfhandelspreise, indem Sie sich mit uns in Verbindung setzen:<\/p>\n<ul data-path-to-node=\"19\">\n<li>\n<p data-path-to-node=\"19,0,0\"><b data-path-to-node=\"19,0,0\" data-index-in-node=\"0\">WhatsApp:<\/b> <a class=\"ng-star-inserted\" href=\"https:\/\/www.google.com\/search?q=https:\/\/wa.me\/447922291211\" target=\"_blank\" rel=\"noopener\" data-hveid=\"0\" data-ved=\"0CAAQ_4QMahcKEwiLqbPG0IiTAxUAAAAAHQAAAAAQaw\">+44 7922 291211<\/a> (Prim\u00e4r)<\/p>\n<\/li>\n<li>\n<p data-path-to-node=\"19,1,0\"><b data-path-to-node=\"19,1,0\" data-index-in-node=\"0\">E-Mail:<\/b> Info@chunghwashop.com<\/p>\n<\/li>\n<\/ul>","protected":false},"excerpt":{"rendered":"<ul>\n<li>\n<p data-path-to-node=\"3,0,0\"><b data-path-to-node=\"3,0,0\" data-index-in-node=\"0\">Authentisches Chunghwa-Erlebnis<\/b>: Eine perfekt ausbalancierte \u201cDemi Slim\u201d (Mid-Size) Zigarette, die den kultigen, hochwertigen Geschmack und das Prestige der Marke Chunghwa bietet.<\/p>\n<\/li>\n<li>\n<p data-path-to-node=\"3,1,0\"><b data-path-to-node=\"3,1,0\" data-index-in-node=\"0\">Premium Flue-Cured-Tabak<\/b>: Fachm\u00e4nnisch hergestellt nach traditionellen Methoden der Flammentrocknung, um ein weiches, reichhaltiges und best\u00e4ndiges Aroma zu gew\u00e4hrleisten.<\/p>\n<\/li>\n<li>\n<p data-path-to-node=\"3,2,0\"><b data-path-to-node=\"3,2,0\" data-index-in-node=\"0\">Technisches Pr\u00e4zisionsprofil<\/b>: Entwickelt mit 10mg Teer, 0,9mg Nikotin und 10mg Kohlenmonoxid f\u00fcr einen raffinierten Rauch, der sich perfekt zwischen leicht und fett einordnet.<\/p>\n<\/li>\n<li>\n<p data-path-to-node=\"3,3,0\"><b data-path-to-node=\"3,3,0\" data-index-in-node=\"0\">Elegantes 89-mm-Format<\/b>: Das Design mit einer L\u00e4nge von 89 mm bietet ein anspruchsvolles Handgef\u00fchl und eine ideale Dauer f\u00fcr moderne Rauchvorlieben.<\/p>\n<\/li>\n<li>\n<p data-path-to-node=\"3,4,0\"><b data-path-to-node=\"3,4,0\" data-index-in-node=\"0\">Profi-Hardpack<\/b>: Hochwertige rot-goldene Hartpackung; 20 Sticks pro Packung, 10 Packungen pro Karton (<b data-path-to-node=\"3,4,0\" data-index-in-node=\"113\">Pro Stange 200 Zigaretten<\/b>).<\/p>\n<\/li>\n<\/ul>","protected":false},"featured_media":204,"comment_status":"open","ping_status":"closed","template":"","meta":{"_joinchat":[]},"product_brand":[],"product_cat":[16],"product_tag":[],"class_list":{"0":"post-198","1":"product","2":"type-product","3":"status-publish","4":"has-post-thumbnail","6":"product_cat-chunghwa","7":"pa_specs-box-of-200","8":"pa_specs-pack-of-20","10":"first","11":"instock","12":"shipping-taxable","13":"purchasable","14":"product-type-variable"},"_links":{"self":[{"href":"https:\/\/www.chunghwashop.com\/de\/wp-json\/wp\/v2\/product\/198","targetHints":{"allow":["GET"]}}],"collection":[{"href":"https:\/\/www.chunghwashop.com\/de\/wp-json\/wp\/v2\/product"}],"about":[{"href":"https:\/\/www.chunghwashop.com\/de\/wp-json\/wp\/v2\/types\/product"}],"replies":[{"embeddable":true,"href":"https:\/\/www.chunghwashop.com\/de\/wp-json\/wp\/v2\/comments?post=198"}],"wp:featuredmedia":[{"embeddable":true,"href":"https:\/\/www.chunghwashop.com\/de\/wp-json\/wp\/v2\/media\/204"}],"wp:attachment":[{"href":"https:\/\/www.chunghwashop.com\/de\/wp-json\/wp\/v2\/media?parent=198"}],"wp:term":[{"taxonomy":"product_brand","embeddable":true,"href":"https:\/\/www.chunghwashop.com\/de\/wp-json\/wp\/v2\/product_brand?post=198"},{"taxonomy":"product_cat","embeddable":true,"href":"https:\/\/www.chunghwashop.com\/de\/wp-json\/wp\/v2\/product_cat?post=198"},{"taxonomy":"product_tag","embeddable":true,"href":"https:\/\/www.chunghwashop.com\/de\/wp-json\/wp\/v2\/product_tag?post=198"}],"curies":[{"name":"wp","href":"https:\/\/api.w.org\/{rel}","templated":true}]}}