{"id":1187,"date":"2026-04-22T15:51:22","date_gmt":"2026-04-22T07:51:22","guid":{"rendered":"https:\/\/www.chunghwashop.com\/?post_type=product&#038;p=1187"},"modified":"2026-04-23T18:17:11","modified_gmt":"2026-04-23T10:17:11","slug":"peony-mudan-333-soft","status":"publish","type":"product","link":"https:\/\/www.chunghwashop.com\/de\/produkt\/peony-mudan-333-soft","title":{"rendered":"Pfingstrose Mudan 333 Soft"},"content":{"rendered":"<h3>Zigaretten-Informationen<\/h3>\n<table>\n<thead>\n<tr>\n<th>Attribut<\/th>\n<th>Spezifikation<\/th>\n<\/tr>\n<\/thead>\n<tbody>\n<tr>\n<td>Marke<\/td>\n<td>Pfingstrose<\/td>\n<\/tr>\n<tr>\n<td>Teer<\/td>\n<td>10mg<\/td>\n<\/tr>\n<tr>\n<td>Kohlenmonoxid<\/td>\n<td>12mg<\/td>\n<\/tr>\n<tr>\n<td>Filter L\u00e4nge<\/td>\n<td>20mm<\/td>\n<\/tr>\n<tr>\n<td>Verpackung<\/td>\n<td>Weiches Papierpaket<\/td>\n<\/tr>\n<tr>\n<td>Sekund\u00e4rfarbe<\/td>\n<td>Gr\u00fcn<\/td>\n<\/tr>\n<tr>\n<td>Anzahl der Boxen<\/td>\n<td>10<\/td>\n<\/tr>\n<tr>\n<td>Typ<\/td>\n<td>Flue-Cured-Tabak<\/td>\n<\/tr>\n<tr>\n<td>Nikotin<\/td>\n<td>0,9 mg<\/td>\n<\/tr>\n<tr>\n<td>L\u00e4nge<\/td>\n<td>84mm<\/td>\n<\/tr>\n<tr>\n<td>Umfang<\/td>\n<td>25mm<\/td>\n<\/tr>\n<tr>\n<td>Hauptfarbe<\/td>\n<td>Rot<\/td>\n<\/tr>\n<tr>\n<td>Menge pro Packung<\/td>\n<td>20<\/td>\n<\/tr>\n<tr>\n<td>Pro Karton<\/td>\n<td>200 Zigaretten<\/td>\n<\/tr>\n<\/tbody>\n<\/table>\n<h3 data-start=\"137\" data-end=\"176\"><strong data-start=\"137\" data-end=\"176\">Wichtige Informationen vor dem Kauf:<\/strong><\/h3>\n<ul data-start=\"178\" data-end=\"781\">\n<li data-start=\"178\" data-end=\"502\">\n<p data-start=\"180\" data-end=\"502\"><strong data-start=\"180\" data-end=\"207\">Garantierte Echtheit<\/strong>: Genuine National Tobacco Network gew\u00e4hrleistet den Verkauf von ausschlie\u00dflich authentischen Produkten. Gef\u00e4lschte Waren sind streng verboten. Chinesische Freunde aus \u00dcbersee sind willkommen, Bestellungen f\u00fcr beide zu platzieren\u00a0<strong data-start=\"392\" data-end=\"405\">Gro\u00dfhandel<\/strong>\u00a0und\u00a0<strong data-start=\"410\" data-end=\"420\">Einzelhandel<\/strong>. Interessierte K\u00e4ufer k\u00f6nnen\u00a0<strong data-start=\"444\" data-end=\"464\">unser WhatsApp hinzuf\u00fcgen<\/strong>\u00a0(+447922291211) f\u00fcr weitere Informationen.<\/p>\n<\/li>\n<li data-start=\"503\" data-end=\"781\">\n<p data-start=\"505\" data-end=\"781\"><strong data-start=\"505\" data-end=\"529\">Erfahrener Operator<\/strong>: Der Betreiber dieses Online-Shops verf\u00fcgt \u00fcber jahrelange Erfahrung in der internationalen Logistik- und Expressversandbranche, mit umfangreichem Fachwissen und Strategien f\u00fcr den Versand international sensibler Waren. Kunden aus \u00dcbersee k\u00f6nnen mit Vertrauen einkaufen!<\/p>\n<\/li>\n<\/ul>\n<h3 data-start=\"783\" data-end=\"803\"><strong data-start=\"783\" data-end=\"803\">Versandpolitik:<\/strong><\/h3>\n<ul data-start=\"805\" data-end=\"1004\">\n<li data-start=\"805\" data-end=\"1004\">\n<p data-start=\"807\" data-end=\"1004\"><strong data-start=\"807\" data-end=\"825\">Preisgestaltung im Karton<\/strong>: Alle auf der Website angegebenen Preise verstehen sich pro Karton.\u00a0<strong data-start=\"876\" data-end=\"893\">Kostenloser Versand<\/strong>\u00a0gilt f\u00fcr Bestellungen von einem Karton oder mehr. F\u00fcr detaillierte Anfragen kontaktieren Sie bitte unseren WhatsApp-Kundenservice.<\/p>\n<\/li>\n<\/ul>\n<h3 data-start=\"1006\" data-end=\"1026\"><strong data-start=\"1006\" data-end=\"1026\">Zahlungsarten:<\/strong><\/h3>\n<ul data-start=\"1028\" data-end=\"1611\">\n<li data-start=\"1028\" data-end=\"1359\">\n<p data-start=\"1030\" data-end=\"1359\"><strong data-start=\"1030\" data-end=\"1049\">Zahlungsprozess<\/strong>: Aufgrund der empfindlichen Natur unserer Produkte,\u00a0<strong data-start=\"1096\" data-end=\"1160\">Online-Zahlungen \u00fcber den Einkaufswagen sind derzeit deaktiviert<\/strong>. Bitte\u00a0<strong data-start=\"1169\" data-end=\"1221\">keine Online-Zahlungen \u00fcber den Warenkorb vornehmen<\/strong>. Geben Sie nach der Bestellung die\u00a0<strong data-start=\"1259\" data-end=\"1275\">Bestellnummer<\/strong>\u00a0zu unserem\u00a0<strong data-start=\"1283\" data-end=\"1312\">WhatsApp-Kundendienst<\/strong>\u00a0f\u00fcr eine genauere Erfassung der Lieferadresse.<\/p>\n<\/li>\n<li data-start=\"1360\" data-end=\"1611\">\n<p data-start=\"1362\" data-end=\"1398\">Unsere wichtigsten Zahlungsmethoden sind:<\/p>\n<ul data-start=\"1401\" data-end=\"1611\">\n<li data-start=\"1401\" data-end=\"1413\">\n<p data-start=\"1403\" data-end=\"1413\"><strong data-start=\"1403\" data-end=\"1413\">PayPal<\/strong><\/p>\n<\/li>\n<li data-start=\"1416\" data-end=\"1428\">\n<p data-start=\"1418\" data-end=\"1428\"><strong data-start=\"1418\" data-end=\"1428\">Streifen<\/strong><\/p>\n<\/li>\n<li data-start=\"1431\" data-end=\"1449\">\n<p data-start=\"1433\" data-end=\"1449\"><strong data-start=\"1433\" data-end=\"1449\">Kreditkarten<\/strong><\/p>\n<\/li>\n<li data-start=\"1452\" data-end=\"1471\">\n<p data-start=\"1454\" data-end=\"1471\"><strong data-start=\"1454\" data-end=\"1471\">Western Union<\/strong><\/p>\n<\/li>\n<li data-start=\"1474\" data-end=\"1611\">\n<p data-start=\"1476\" data-end=\"1611\">Die Umrechnung von Fremdw\u00e4hrungen erfolgt zum\u00a0<strong data-start=\"1516\" data-end=\"1539\">Tageskurs<\/strong>. F\u00fcr weitere Einzelheiten wenden Sie sich bitte an unser\u00a0<strong data-start=\"1581\" data-end=\"1610\">WhatsApp-Kundendienst<\/strong>.<\/p>\n<\/li>\n<\/ul>\n<\/li>\n<\/ul>\n<h3 data-start=\"1613\" data-end=\"1637\"><strong data-start=\"1613\" data-end=\"1637\">Kundendienst:<\/strong><\/h3>\n<ul data-start=\"1639\" data-end=\"2122\">\n<li data-start=\"1639\" data-end=\"1867\">\n<p data-start=\"1641\" data-end=\"1867\"><strong data-start=\"1641\" data-end=\"1658\">In Kontakt bleiben<\/strong>: Den Kunden wird empfohlen\u00a0<strong data-start=\"1685\" data-end=\"1722\">unseren WhatsApp-Kundenservice hinzuf\u00fcgen<\/strong>\u00a0vor dem Kauf, um die neuesten Informationen zu erhalten. Wenn Sie kein WhatsApp haben, k\u00f6nnen Sie uns kontaktieren \u00fcber\u00a0<strong data-start=\"1827\" data-end=\"1836\">E-Mail<\/strong>\u00a0unter\u00a0<strong data-start=\"1840\" data-end=\"1865\"><a class=\"decorated-link cursor-pointer\" rel=\"noopener\" data-start=\"1842\" data-end=\"1863\">Info@chunghwashop.com<\/a><\/strong>.<\/p>\n<\/li>\n<li data-start=\"1868\" data-end=\"2122\">\n<p data-start=\"1870\" data-end=\"2122\"><strong data-start=\"1870\" data-end=\"1903\">Auftragsbest\u00e4tigung &amp; Sendungsverfolgung<\/strong>: Sobald die Zahlung best\u00e4tigt ist, werden wir sofort den Versand veranlassen und die\u00a0<strong data-start=\"1982\" data-end=\"2001\">Trackingnummer<\/strong>\u00a0auf Ihr WhatsApp oder Ihre E-Mail. Bitte schauen Sie nach Updates! \u00dcber\u00a0<strong data-start=\"2060\" data-end=\"2121\">90% der internationalen EMS-Pakete kommen innerhalb von 12-20 Tagen an.<\/strong>.<\/p>\n<\/li>\n<\/ul>\n<h3 data-start=\"2124\" data-end=\"2145\"><strong data-start=\"2124\" data-end=\"2145\">Steuerangelegenheiten:<\/strong><\/h3>\n<ul data-start=\"2147\" data-end=\"2405\">\n<li data-start=\"2147\" data-end=\"2405\">\n<p data-start=\"2149\" data-end=\"2405\"><strong data-start=\"2149\" data-end=\"2167\">EU-Steuerreformen<\/strong>: Die EU hat die Steuerreformen in\u00a0<strong data-start=\"2201\" data-end=\"2214\">Juli 2021<\/strong>, und erhebt nun Steuern auf Pakete, die von einigen Euro bis zu mehreren Dutzend Euro reichen. Diese Besteuerung gilt f\u00fcr alle Postpakete, die in diese L\u00e4nder gelangen, und nicht speziell f\u00fcr Tabakwaren.<\/p>\n<\/li>\n<\/ul>\n<h3 data-start=\"2407\" data-end=\"2428\"><strong data-start=\"2407\" data-end=\"2428\">Gro\u00dfhandelsbestellungen:<\/strong><\/h3>\n<ul data-start=\"2430\" data-end=\"2600\">\n<li data-start=\"2430\" data-end=\"2600\">\n<p data-start=\"2432\" data-end=\"2600\"><strong data-start=\"2432\" data-end=\"2460\">Gro\u00dfhandelsbestellungen willkommen<\/strong>: Wir akzeptieren\u00a0<strong data-start=\"2472\" data-end=\"2492\">Gro\u00dfhandelsauftr\u00e4ge<\/strong>. F\u00fcr Einzelheiten wenden Sie sich bitte an unser\u00a0<strong data-start=\"2526\" data-end=\"2555\">WhatsApp-Kundendienst<\/strong>\u00a0f\u00fcr weitere Informationen und die neuesten Updates.<\/p>\n<\/li>\n<\/ul>","protected":false},"excerpt":{"rendered":"<ul>\n<li data-section-id=\"15ytudl\" data-start=\"0\" data-end=\"176\"><strong data-start=\"3\" data-end=\"38\" data-is-only-node=\"\">Pfingstrose Mudan 333 Soft Zigaretten<\/strong> haben ein klassisches rotes Weichpapierpackungsdesign mit gr\u00fcnen Sekund\u00e4rdetails, die dem Produkt ein traditionelles chinesisches Zigarettenbild verleihen.<\/li>\n<li data-section-id=\"xn8ut6\" data-start=\"178\" data-end=\"303\">Hergestellt in einem <strong data-start=\"191\" data-end=\"213\">Flue-Cured-Tabak<\/strong> Stil bietet dieses Produkt ein Standardprofil chinesischen Tabaks f\u00fcr erwachsene Zigarettenk\u00e4ufer.<\/li>\n<li data-section-id=\"1db7phm\" data-start=\"305\" data-end=\"450\">Jede Zigarette misst <strong data-start=\"332\" data-end=\"350\">84 mm L\u00e4nge<\/strong> mit einer <strong data-start=\"358\" data-end=\"380\">25mm Umfang<\/strong> und eine <strong data-start=\"387\" data-end=\"402\">20-mm-Filter<\/strong>, die einem regul\u00e4ren Zigarettenformat in voller Gr\u00f6\u00dfe entsprechen.<\/li>\n<li data-section-id=\"crhv0q\" data-start=\"452\" data-end=\"598\">Die Spezifikation umfasst <strong data-start=\"482\" data-end=\"494\">10mg Teer<\/strong>, <strong data-start=\"496\" data-end=\"514\">0,9 mg Nikotin<\/strong>, und <strong data-start=\"520\" data-end=\"544\">12mg Kohlenmonoxid<\/strong>, und macht die Produktinformationen f\u00fcr den Vergleich \u00fcbersichtlich.<\/li>\n<li data-section-id=\"1v9rro1\" data-start=\"600\" data-end=\"755\" data-is-last-node=\"\">Jede Packung enth\u00e4lt <strong data-start=\"622\" data-end=\"639\">20 Zigaretten<\/strong>, mit <strong data-start=\"646\" data-end=\"669\">10 Packungen pro Karton<\/strong>, in H\u00f6he von insgesamt <strong data-start=\"680\" data-end=\"709\">200 Zigaretten pro Stange<\/strong> f\u00fcr den kartonbasierten Einkauf oder Gro\u00dfhandelsbedarf.<\/li>\n<\/ul>","protected":false},"featured_media":1188,"comment_status":"open","ping_status":"closed","template":"","meta":{"_joinchat":[]},"product_brand":[],"product_cat":[101],"product_tag":[],"class_list":{"0":"post-1187","1":"product","2":"type-product","3":"status-publish","4":"has-post-thumbnail","6":"product_cat-mudan-peony","8":"first","9":"instock","10":"shipping-taxable","11":"purchasable","12":"product-type-simple"},"_links":{"self":[{"href":"https:\/\/www.chunghwashop.com\/de\/wp-json\/wp\/v2\/product\/1187","targetHints":{"allow":["GET"]}}],"collection":[{"href":"https:\/\/www.chunghwashop.com\/de\/wp-json\/wp\/v2\/product"}],"about":[{"href":"https:\/\/www.chunghwashop.com\/de\/wp-json\/wp\/v2\/types\/product"}],"replies":[{"embeddable":true,"href":"https:\/\/www.chunghwashop.com\/de\/wp-json\/wp\/v2\/comments?post=1187"}],"wp:featuredmedia":[{"embeddable":true,"href":"https:\/\/www.chunghwashop.com\/de\/wp-json\/wp\/v2\/media\/1188"}],"wp:attachment":[{"href":"https:\/\/www.chunghwashop.com\/de\/wp-json\/wp\/v2\/media?parent=1187"}],"wp:term":[{"taxonomy":"product_brand","embeddable":true,"href":"https:\/\/www.chunghwashop.com\/de\/wp-json\/wp\/v2\/product_brand?post=1187"},{"taxonomy":"product_cat","embeddable":true,"href":"https:\/\/www.chunghwashop.com\/de\/wp-json\/wp\/v2\/product_cat?post=1187"},{"taxonomy":"product_tag","embeddable":true,"href":"https:\/\/www.chunghwashop.com\/de\/wp-json\/wp\/v2\/product_tag?post=1187"}],"curies":[{"name":"wp","href":"https:\/\/api.w.org\/{rel}","templated":true}]}}