{"id":544,"date":"2026-03-12T16:19:10","date_gmt":"2026-03-12T08:19:10","guid":{"rendered":"https:\/\/www.chunghwashop.com\/?page_id=544"},"modified":"2026-03-12T16:19:15","modified_gmt":"2026-03-12T08:19:15","slug":"shipping-policy","status":"publish","type":"page","link":"https:\/\/www.chunghwashop.com\/de\/shipping-policy","title":{"rendered":"Versandpolitik"},"content":{"rendered":"<h2 class=\"wp-block-heading\">Produkt-Probleme<\/h2>\n\n\n\n<p>Sollte es ein Problem mit den erhaltenen Zigaretten geben, wenden Sie sich bitte an unsere <strong>WhatsApp-Unterst\u00fctzung<\/strong> oder <strong>Live-Chat-Kundendienst<\/strong> so schnell wie m\u00f6glich.<\/p>\n\n\n\n<p>Aufgrund der Zeitverschiebung ist es m\u00f6glich, dass wir nicht immer sofort antworten k\u00f6nnen, insbesondere w\u00e4hrend der sp\u00e4ten Nachtstunden in Ihrer Region. Sobald unser Team jedoch online ist, werden wir so schnell wie m\u00f6glich antworten und gemeinsam mit Ihnen eine geeignete L\u00f6sung finden.<\/p>\n\n\n\n<p><strong>WhatsApp:<\/strong> +44 7922291211<\/p>\n\n\n\n<h2 class=\"wp-block-heading\">Bearbeitungszeit der Bestellung<\/h2>\n\n\n\n<p>In der Regel bearbeiten und versenden wir Bestellungen nach dem folgenden Zeitplan:<\/p>\n\n\n\n<ol class=\"wp-block-list\">\n<li><strong>Bestellungen werden normalerweise innerhalb von 48 Stunden nach Zahlungsbest\u00e4tigung versandt.<\/strong><\/li>\n\n\n\n<li>Einige <strong>Die meistverkauften Zigarettenprodukte m\u00fcssen m\u00f6glicherweise vorbestellt werden.<\/strong>, und diese Artikel werden normalerweise innerhalb von <strong>2-5 Arbeitstage<\/strong>.<\/li>\n\n\n\n<li>Bei Zigaretten, die im Voraus reserviert werden m\u00fcssen, wenden Sie sich bitte zun\u00e4chst an unseren Online-Kundendienst, um die Verf\u00fcgbarkeit zu pr\u00fcfen. Wenn der Artikel vor\u00fcbergehend nicht auf Lager ist, wird er normalerweise innerhalb von <strong>5 Arbeitstage<\/strong>.<\/li>\n\n\n\n<li>W\u00e4hrend <strong>Feiertage oder besondere Spitzenzeiten<\/strong>, kann sich der Versand entsprechend verz\u00f6gern.<\/li>\n\n\n\n<li><strong>Alle Bestellungen werden mit einer Tracking-Nummer versehen<\/strong>, so dass Sie den Versandstatus jederzeit \u00fcberpr\u00fcfen k\u00f6nnen.<\/li>\n<\/ol>\n\n\n\n<p><strong>Tracking-Website:<\/strong> <a href=\"http:\/\/www.17track.net\" target=\"_blank\" rel=\"noopener\">www.17track.net<\/a><\/p>\n\n\n\n<h2 class=\"wp-block-heading\">Gesch\u00e4tzte Lieferfrist<\/h2>\n\n\n\n<p>Die Lieferzeiten variieren je nach Zielland oder -region. Die folgenden Sch\u00e4tzungen sind nur als Referenz:<\/p>\n\n\n\n<h3 class=\"wp-block-heading\">Japanische Zigaretten \/ Koreanische Zigaretten \/ Chinesische Zigaretten (zollfrei)<\/h3>\n\n\n\n<ul class=\"wp-block-list\">\n<li><strong>Vereinigte Staaten:<\/strong> um <strong>5-10 Tage<\/strong> nach der Verschiffung<\/li>\n\n\n\n<li><strong>Inl\u00e4ndische Aktien der Vereinigten Staaten:<\/strong> um <strong>2-4 Tage<\/strong><\/li>\n\n\n\n<li><strong>Kanada:<\/strong> um <strong>7-12 Tage<\/strong> nach der Verschiffung<\/li>\n\n\n\n<li><strong>Vereinigtes K\u00f6nigreich \/ Frankreich:<\/strong> um <strong>10-12 Tage<\/strong> nach der Verschiffung<\/li>\n\n\n\n<li><strong>Neuseeland:<\/strong> um <strong>10-12 Tage<\/strong> nach der Verschiffung<\/li>\n\n\n\n<li><strong>Hongkong \/ Malaysia \/ Vietnam \/ Kambodscha:<\/strong> um <strong>3-8 Tage<\/strong> nach der Verschiffung<\/li>\n<\/ul>\n\n\n\n<p>Wenn Ihr Land <strong>oben nicht aufgef\u00fchrt<\/strong>, Wenden Sie sich bitte an den Kundendienst, bevor Sie eine Bestellung aufgeben, um zu erfahren, ob ein Versand m\u00f6glich ist.<\/p>\n\n\n\n<p><strong>WhatsApp:<\/strong> +44 7922291211<\/p>\n\n\n\n<h2 class=\"wp-block-heading\">Informationen zur Verfolgung<\/h2>\n\n\n\n<p>Sobald Ihre Bestellung versandt wurde, erhalten Sie eine <strong>Trackingnummer<\/strong>. Sie k\u00f6nnen diese Nummer verwenden, um den Status Ihres Pakets online zu verfolgen.<\/p>\n\n\n\n<p>Bitte beachten:<\/p>\n\n\n\n<ul class=\"wp-block-list\">\n<li>Die Aktualisierung der Sendungsverfolgung kann nach dem Versand eine kurze Zeit dauern.<\/li>\n\n\n\n<li>Die Versandzeiten sind <strong>sch\u00e4tzt<\/strong>, keine garantierten Liefertermine<\/li>\n\n\n\n<li>Verz\u00f6gerungen k\u00f6nnen aufgrund von Zollkontrollen, \u00f6rtlicher Kurierdienste, Wetter, Feiertagen oder anderen unerwarteten Faktoren auftreten.<\/li>\n<\/ul>\n\n\n\n<h2 class=\"wp-block-heading\">Zollabfertigung<\/h2>\n\n\n\n<p>Dank unserer langj\u00e4hrigen Erfahrung im Versand haben wir unsere eigenen Logistikkan\u00e4le und Zollabfertigungsverfahren entwickelt.<\/p>\n\n\n\n<p>Beim internationalen Versand von Zigaretten richten wir uns nach den Zollbestimmungen und Versandpraktiken der verschiedenen L\u00e4nder und Regionen, um unn\u00f6tige Abfertigungsprobleme so weit wie m\u00f6glich zu vermeiden. <strong>in dem nach den \u00f6rtlichen Vorschriften zul\u00e4ssigen Umfang<\/strong>.<\/p>\n\n\n\n<p>Bitte beachten:<\/p>\n\n\n\n<ul class=\"wp-block-list\">\n<li>Die Zollpolitik ist von Land zu Land unterschiedlich<\/li>\n\n\n\n<li>Die Einfuhrbestimmungen f\u00fcr Tabakerzeugnisse k\u00f6nnen von einem Bestimmungsort zum anderen unterschiedlich sein<\/li>\n\n\n\n<li>Alle Fragen zu Zollkontrollen, Einfuhrbeschr\u00e4nkungen, Steuern oder lokalen Vorschriften unterliegen den Bestimmungen des Ziellandes.<\/li>\n<\/ul>\n\n\n\n<p>Wir empfehlen unseren Kunden, sich vor der Bestellung \u00fcber die Einfuhrbestimmungen ihres Landes zu informieren.<\/p>\n\n\n\n<h2 class=\"wp-block-heading\">Kundenbetreuung<\/h2>\n\n\n\n<p>Wenn Sie Fragen zum Versand, zur Lagerverf\u00fcgbarkeit, zur Sendungsverfolgung oder zu den Liefergebieten haben, kontaktieren Sie uns bitte vor oder nach Ihrer Bestellung.<\/p>\n\n\n\n<p>Aufgrund der Zeitverschiebung kann es sein, dass die Antwort nicht immer sofort erfolgt, aber unser Team wird sich so schnell wie m\u00f6glich bei Ihnen melden.<\/p>\n\n\n\n<p><strong>WhatsApp:<\/strong> +44 7922291211<\/p>","protected":false},"excerpt":{"rendered":"<p>Product Issues If there is any problem with the cigarettes you received, please contact our WhatsApp support or live chat customer service as soon as possible. Because of the time difference, we may not always be able to reply immediately, especially during late-night hours in your region. However, once our team is online, we will [&hellip;]<\/p>\n","protected":false},"author":1,"featured_media":0,"parent":0,"menu_order":0,"comment_status":"closed","ping_status":"closed","template":"","meta":{"_joinchat":[],"footnotes":""},"class_list":["post-544","page","type-page","status-publish","hentry"],"_links":{"self":[{"href":"https:\/\/www.chunghwashop.com\/de\/wp-json\/wp\/v2\/pages\/544","targetHints":{"allow":["GET"]}}],"collection":[{"href":"https:\/\/www.chunghwashop.com\/de\/wp-json\/wp\/v2\/pages"}],"about":[{"href":"https:\/\/www.chunghwashop.com\/de\/wp-json\/wp\/v2\/types\/page"}],"author":[{"embeddable":true,"href":"https:\/\/www.chunghwashop.com\/de\/wp-json\/wp\/v2\/users\/1"}],"replies":[{"embeddable":true,"href":"https:\/\/www.chunghwashop.com\/de\/wp-json\/wp\/v2\/comments?post=544"}],"version-history":[{"count":1,"href":"https:\/\/www.chunghwashop.com\/de\/wp-json\/wp\/v2\/pages\/544\/revisions"}],"predecessor-version":[{"id":556,"href":"https:\/\/www.chunghwashop.com\/de\/wp-json\/wp\/v2\/pages\/544\/revisions\/556"}],"wp:attachment":[{"href":"https:\/\/www.chunghwashop.com\/de\/wp-json\/wp\/v2\/media?parent=544"}],"curies":[{"name":"wp","href":"https:\/\/api.w.org\/{rel}","templated":true}]}}