{"id":426,"date":"2026-03-07T12:45:09","date_gmt":"2026-03-07T04:45:09","guid":{"rendered":"https:\/\/www.chunghwashop.com\/?page_id=426"},"modified":"2026-03-16T11:15:55","modified_gmt":"2026-03-16T03:15:55","slug":"refund-policy","status":"publish","type":"page","link":"https:\/\/www.chunghwashop.com\/de\/refund-policy","title":{"rendered":"Erstattungspolitik"},"content":{"rendered":"<p><strong>Erstattungspolitik<\/strong><br><strong>Datum des Inkrafttretens:<\/strong> 1. Januar 2026<br><strong>Zuletzt aktualisiert:<\/strong> 1. Januar 2026<\/p>\n\n\n\n<p>Unter <strong>ChunghwaShop<\/strong>, Wir sind bestrebt, allen Besuchern und Kunden ein reibungsloses und transparentes Einkaufserlebnis zu bieten. Diese R\u00fcckerstattungsrichtlinie beschreibt die Bedingungen, unter denen R\u00fcckerstattungen, Ersatz oder Bestellungsanpassungen in Betracht gezogen werden k\u00f6nnen.<\/p>\n\n\n\n<p>Indem Sie eine Bestellung \u00fcber unsere Website aufgeben, best\u00e4tigen Sie, dass Sie die in dieser Richtlinie beschriebenen Bedingungen gelesen haben und ihnen zustimmen.<\/p>\n\n\n\n<h2 class=\"wp-block-heading\">1. \u00dcberpr\u00fcfung und Bearbeitung der Bestellung<\/h2>\n\n\n\n<p>Bestellungen, die \u00fcber die Website aufgegeben werden, unterliegen der \u00dcberpr\u00fcfung und Best\u00e4tigung. Sobald die Zahlung abgeschlossen ist, kann die Bestellung in den Bearbeitungsstatus \u00fcbergehen. Bestellungen, die bereits bearbeitet oder f\u00fcr den Versand vorbereitet wurden, k\u00f6nnen nicht immer storniert werden.<\/p>\n\n\n\n<p>Wenn Sie \u00c4nderungen oder Stornierungen w\u00fcnschen, setzen Sie sich bitte so schnell wie m\u00f6glich nach Ihrer Bestellung mit uns in Verbindung.<\/p>\n\n\n\n<h2 class=\"wp-block-heading\">2. Stornierung der Bestellung<\/h2>\n\n\n\n<p>Die Kunden k\u00f6nnen innerhalb eines begrenzten Zeitraums nach Aufgabe der Bestellung die Stornierung der Bestellung beantragen. Wenn die Bestellung noch nicht bearbeitet oder versandt wurde, k\u00f6nnen wir versuchen, die Bestellung zu stornieren.<\/p>\n\n\n\n<p>Sobald die Bestellung jedoch in den Versandprozess eingetreten ist, ist eine Stornierung m\u00f6glicherweise nicht mehr m\u00f6glich.<\/p>\n\n\n\n<p>Erstattungen im Zusammenhang mit Stornierungen werden gem\u00e4\u00df den Richtlinien und Fristen des Zahlungsanbieters bearbeitet.<\/p>\n\n\n\n<h2 class=\"wp-block-heading\">3. Besch\u00e4digte oder fehlerhafte Artikel<\/h2>\n\n\n\n<p>Wenn Sie einen Artikel erhalten, der w\u00e4hrend des Versands besch\u00e4digt wurde oder sich erheblich von dem unterscheidet, was auf der Website beschrieben wurde, kontaktieren Sie uns bitte innerhalb von <strong>48 Stunden nach der Lieferung<\/strong>.<\/p>\n\n\n\n<p>Bitte geben Sie bei der Einreichung einer Anfrage an:<\/p>\n\n\n\n<ul class=\"wp-block-list\">\n<li>Bestellnummer<\/li>\n\n\n\n<li>Fotos von der Verpackung und dem Produkt<\/li>\n\n\n\n<li>Beschreibung des Themas<\/li>\n<\/ul>\n\n\n\n<p>Nach der \u00dcberpr\u00fcfung k\u00f6nnen wir eine angemessene L\u00f6sung anbieten, die je nach den Umst\u00e4nden einen Ersatz, eine Gutschrift oder eine R\u00fcckerstattung umfassen kann.<\/p>\n\n\n\n<h2 class=\"wp-block-heading\">4. Verlorene oder versp\u00e4tete Sendungen<\/h2>\n\n\n\n<p>Die Lieferfristen k\u00f6nnen je nach Leistung des Spediteurs, der Zollabwicklung, der Wetterbedingungen und anderer externer Faktoren variieren. Obwohl wir mit unseren Versandpartnern zusammenarbeiten, um eine p\u00fcnktliche Lieferung zu gew\u00e4hrleisten, kann es gelegentlich zu Verz\u00f6gerungen kommen.<\/p>\n\n\n\n<p>Sollte eine Sendung verloren gehen oder sich erheblich verz\u00f6gern, setzen Sie sich bitte mit uns in Verbindung, damit wir den Status der Sendung mit dem Spediteur \u00fcberpr\u00fcfen k\u00f6nnen.<\/p>\n\n\n\n<p>Der Anspruch auf Erstattung kann in diesen F\u00e4llen vom Ergebnis der Untersuchung der Schifffahrt abh\u00e4ngen.<\/p>\n\n\n\n<h2 class=\"wp-block-heading\">5. Bearbeitungszeit f\u00fcr Erstattungen<\/h2>\n\n\n\n<p>Wenn ein R\u00fcckerstattungsantrag genehmigt wird, werden R\u00fcckerstattungen in der Regel an die urspr\u00fcngliche Zahlungsmethode zur\u00fcck\u00fcberwiesen.<\/p>\n\n\n\n<p>Die Bearbeitungszeiten k\u00f6nnen je nach Zahlungsanbieter variieren, in der Regel werden Erstattungen jedoch innerhalb von <strong>5-10 Arbeitstage<\/strong> nach der Genehmigung. Bei einigen Zahlungsanbietern kann es l\u00e4nger dauern, bis der Betrag auf Ihrem Konto erscheint.<\/p>\n\n\n\n<h2 class=\"wp-block-heading\">6. Nicht erstattungsf\u00e4hige Sachverhalte<\/h2>\n\n\n\n<p>Erstattungen k\u00f6nnen unter bestimmten Umst\u00e4nden nicht gew\u00e4hrt werden, unter anderem in folgenden F\u00e4llen<\/p>\n\n\n\n<ul class=\"wp-block-list\">\n<li>vom Kunden angegebene falsche Lieferadresse<\/li>\n\n\n\n<li>Lieferverz\u00f6gerungen aufgrund von Zoll, Wetter oder Spediteuren<\/li>\n\n\n\n<li>Verweigerung der Zustellung durch den Empf\u00e4nger<\/li>\n\n\n\n<li>Nichtbeibringung der erforderlichen Unterlagen f\u00fcr einen Anspruch<\/li>\n\n\n\n<li>missbr\u00e4uchliche Verwendung oder Ver\u00e4nderung des Produkts nach der Lieferung<\/li>\n<\/ul>\n\n\n\n<p>Jeder Antrag wird einzeln gepr\u00fcft.<\/p>\n\n\n\n<h2 class=\"wp-block-heading\">7. Verantwortung des Kunden<\/h2>\n\n\n\n<p>Die Kunden sind daf\u00fcr verantwortlich, genaue Versandangaben zu machen und sicherzustellen, dass ihr Standort Lieferungen von internationalen Spediteuren empfangen kann.<\/p>\n\n\n\n<p>Falsche Angaben w\u00e4hrend der Kaufabwicklung k\u00f6nnen zu Lieferverz\u00f6gerungen oder fehlgeschlagenen Lieferversuchen f\u00fchren.<\/p>\n\n\n\n<h2 class=\"wp-block-heading\">8. Politische Aktualisierungen<\/h2>\n\n\n\n<p>Wir behalten uns das Recht vor, diese R\u00fcckerstattungsrichtlinie jederzeit zu \u00e4ndern oder zu aktualisieren, um \u00c4nderungen im Gesch\u00e4ftsbetrieb, in den Versandverfahren oder in den gesetzlichen Bestimmungen zu ber\u00fccksichtigen.<\/p>\n\n\n\n<p>Alle \u00c4nderungen werden auf dieser Seite ver\u00f6ffentlicht und treten unmittelbar nach der Ver\u00f6ffentlichung in Kraft.<\/p>\n\n\n\n<h2 class=\"wp-block-heading\">9. Kontakt f\u00fcr Erstattungsantr\u00e4ge<\/h2>\n\n\n\n<p>Wenn Sie Fragen zu einer Bestellung haben oder Hilfe bei einem Erstattungsantrag ben\u00f6tigen, wenden Sie sich bitte an unser Support-Team.<\/p>\n\n\n\n<h2 class=\"wp-block-heading\">10. die R\u00fccksendeadresse 1 (Vereinigtes K\u00f6nigreich)<\/h2>\n\n\n\n<p>Daniel Banner<\/p>\n\n\n\n<p>Suite 12<\/p>\n\n\n\n<p>Hohe Stra\u00dfe 48<\/p>\n\n\n\n<p>Birmingham, B4 7SR<\/p>\n\n\n\n<p>Vereinigtes K\u00f6nigreich<\/p>\n\n\n\n<p><strong>Telefon\/WhatsApp:<\/strong>\u00a0+44 7922291211<\/p>\n\n\n\n<p><strong>E-Mail<\/strong>:\u00a0<a href=\"mailto:info@chunghwashop.com\">info@chunghwashop.com<\/a><\/p>\n\n\n\n<p><strong>ChunghwaShop<\/strong><br>E-Mail:<a href=\"https:\/\/www.chunghwashop.com\/de\/contact-us\/\"> <strong>info@chungwhashop.com<\/strong><\/a><br>Kontakt Seite: Verf\u00fcgbar auf unserer Website<\/p>\n\n\n\n<p>Unser Team wird Ihre Anfrage pr\u00fcfen und Ihnen so schnell wie m\u00f6glich antworten.<\/p>","protected":false},"excerpt":{"rendered":"<p>Refund PolicyEffective Date: January 1, 2026Last Updated: January 1, 2026 At ChunghwaShop, we aim to provide a smooth and transparent shopping experience for all visitors and customers. This Refund Policy outlines the conditions under which refunds, replacements, or order adjustments may be considered. By placing an order through our website, you acknowledge that you have [&hellip;]<\/p>\n","protected":false},"author":1,"featured_media":0,"parent":0,"menu_order":0,"comment_status":"closed","ping_status":"closed","template":"","meta":{"_joinchat":[],"footnotes":""},"class_list":["post-426","page","type-page","status-publish","hentry"],"_links":{"self":[{"href":"https:\/\/www.chunghwashop.com\/de\/wp-json\/wp\/v2\/pages\/426","targetHints":{"allow":["GET"]}}],"collection":[{"href":"https:\/\/www.chunghwashop.com\/de\/wp-json\/wp\/v2\/pages"}],"about":[{"href":"https:\/\/www.chunghwashop.com\/de\/wp-json\/wp\/v2\/types\/page"}],"author":[{"embeddable":true,"href":"https:\/\/www.chunghwashop.com\/de\/wp-json\/wp\/v2\/users\/1"}],"replies":[{"embeddable":true,"href":"https:\/\/www.chunghwashop.com\/de\/wp-json\/wp\/v2\/comments?post=426"}],"version-history":[{"count":2,"href":"https:\/\/www.chunghwashop.com\/de\/wp-json\/wp\/v2\/pages\/426\/revisions"}],"predecessor-version":[{"id":616,"href":"https:\/\/www.chunghwashop.com\/de\/wp-json\/wp\/v2\/pages\/426\/revisions\/616"}],"wp:attachment":[{"href":"https:\/\/www.chunghwashop.com\/de\/wp-json\/wp\/v2\/media?parent=426"}],"curies":[{"name":"wp","href":"https:\/\/api.w.org\/{rel}","templated":true}]}}