{"id":1078,"date":"2026-04-17T17:24:00","date_gmt":"2026-04-17T09:24:00","guid":{"rendered":"https:\/\/www.chunghwashop.com\/?page_id=1078"},"modified":"2026-05-04T16:15:30","modified_gmt":"2026-05-04T08:15:30","slug":"payments","status":"publish","type":"page","link":"https:\/\/www.chunghwashop.com\/de\/payments","title":{"rendered":"Zahlungen"},"content":{"rendered":"<h2 class=\"wp-block-heading\">Zahlungsarten<\/h2>\n\n\n\n<p>Unter <strong><a href=\"https:\/\/www.chunghwashop.com\/de\/\">ChunghwaShop<\/a><\/strong>, wollen wir die Kaufabwicklung f\u00fcr Kunden weltweit einfach und bequem gestalten. Wir unterst\u00fctzen mehrere Zahlungsarten, so dass Sie die Option w\u00e4hlen k\u00f6nnen, die f\u00fcr Sie am besten funktioniert.<\/p>\n\n\n\n<h3 class=\"wp-block-heading\">Akzeptierte Zahlungsarten<\/h3>\n\n\n\n<p>Wir akzeptieren derzeit die folgenden Zahlungsm\u00f6glichkeiten:<\/p>\n\n\n\n<ul class=\"wp-block-list\">\n<li>PayPal<\/li>\n\n\n\n<li>Streifen<\/li>\n\n\n\n<li>Alipay<\/li>\n\n\n\n<li>WeChat Pay<\/li>\n\n\n\n<li>Western Union<\/li>\n\n\n\n<li>Visum<\/li>\n\n\n\n<li>Mastercard<\/li>\n\n\n\n<li>American Express<\/li>\n\n\n\n<li>Entdecken Sie<\/li>\n\n\n\n<li>UnionPay<\/li>\n\n\n\n<li>JCB<\/li>\n\n\n\n<li><strong>USDT (TRC20)<\/strong><\/li>\n<\/ul>\n\n\n\n<p>Je nach Region und Ger\u00e4t k\u00f6nnen die an der Kasse angezeigten Zahlungsm\u00f6glichkeiten variieren.<\/p>\n\n\n\n<h2 class=\"wp-block-heading\">USDT-Zahlungsanweisungen<\/h2>\n\n\n\n<p>Wir akzeptieren auch <strong>USDT (nur TRC20)<\/strong> f\u00fcr Kunden, die Zahlungen in Kryptow\u00e4hrungen bevorzugen.<\/p>\n\n\n\n<p><strong>Adresse der empfangenden Brieftasche:<\/strong><br><code>TRvad4RPeXfMCSWjmrNs2c6rStC3Wiq7s2<\/code><\/p>\n\n\n\n<h3 class=\"wp-block-heading\">Wie man mit USDT bezahlt<\/h3>\n\n\n\n<ol class=\"wp-block-list\">\n<li>W\u00e4hlen Sie <strong>USDT-Zahlung<\/strong> an der Kasse.<\/li>\n\n\n\n<li>Gesamtbetrag Ihrer Bestellung in <strong>USD<\/strong> wird in das \u00c4quivalent <strong>USDT-Betrag<\/strong>.<\/li>\n\n\n\n<li>Bitte stellen Sie sicher, dass Sie die Zahlung \u00fcber die <strong>Nur TRC20-Netzwerk<\/strong>.<\/li>\n\n\n\n<li>Senden Sie den genauen USDT-Betrag an die unten angegebene Wallet-Adresse:<br><code>TRvad4RPeXfMCSWjmrNs2c6rStC3Wiq7s2<\/code><\/li>\n\n\n\n<li>Nach der Bezahlung senden Sie bitte Ihre <strong>Auftragsnummer + TXID (Transaktionshash)<\/strong> zu unserem <strong>WhatsApp<\/strong>:<br><strong>+44 7922 291211<\/strong><\/li>\n\n\n\n<li>Wir best\u00e4tigen die Zahlung in der Regel innerhalb von <strong>30 Minuten<\/strong>.<\/li>\n\n\n\n<li>Erfolgt die Zahlung nicht innerhalb von <strong>1 Stunde<\/strong>, wird die Bestellung automatisch storniert.<\/li>\n<\/ol>\n\n\n\n<h3 class=\"wp-block-heading\">Wichtige Hinweise<\/h3>\n\n\n\n<ul class=\"wp-block-list\">\n<li><strong>Es wird nur USDT-TRC20 akzeptiert.<\/strong><\/li>\n\n\n\n<li>Do <strong>nicht<\/strong> andere M\u00fcnzen zu senden oder ein anderes Netzwerk zu verwenden, sonst kann das Geld verloren gehen.<\/li>\n\n\n\n<li>Bitte senden Sie die <strong>genauer Zahlungsbetrag<\/strong> an der Kasse angezeigt.<\/li>\n\n\n\n<li>Um die \u00dcberpr\u00fcfung zu beschleunigen, senden Sie bitte Ihre <strong>Bestellnummer und TXID<\/strong> unmittelbar nach der Zahlung.<\/li>\n<\/ul>","protected":false},"excerpt":{"rendered":"<p>Payment Methods At ChunghwaShop, we aim to make checkout simple and convenient for customers worldwide. We support multiple payment methods so you can choose the option that works best for you. Accepted Payment Methods We currently accept the following payment options: Depending on your region and device, the available payment methods shown at checkout may [&hellip;]<\/p>\n","protected":false},"author":1,"featured_media":0,"parent":0,"menu_order":0,"comment_status":"closed","ping_status":"closed","template":"","meta":{"_joinchat":[],"footnotes":""},"class_list":["post-1078","page","type-page","status-publish","hentry"],"_links":{"self":[{"href":"https:\/\/www.chunghwashop.com\/de\/wp-json\/wp\/v2\/pages\/1078","targetHints":{"allow":["GET"]}}],"collection":[{"href":"https:\/\/www.chunghwashop.com\/de\/wp-json\/wp\/v2\/pages"}],"about":[{"href":"https:\/\/www.chunghwashop.com\/de\/wp-json\/wp\/v2\/types\/page"}],"author":[{"embeddable":true,"href":"https:\/\/www.chunghwashop.com\/de\/wp-json\/wp\/v2\/users\/1"}],"replies":[{"embeddable":true,"href":"https:\/\/www.chunghwashop.com\/de\/wp-json\/wp\/v2\/comments?post=1078"}],"version-history":[{"count":2,"href":"https:\/\/www.chunghwashop.com\/de\/wp-json\/wp\/v2\/pages\/1078\/revisions"}],"predecessor-version":[{"id":1268,"href":"https:\/\/www.chunghwashop.com\/de\/wp-json\/wp\/v2\/pages\/1078\/revisions\/1268"}],"wp:attachment":[{"href":"https:\/\/www.chunghwashop.com\/de\/wp-json\/wp\/v2\/media?parent=1078"}],"curies":[{"name":"wp","href":"https:\/\/api.w.org\/{rel}","templated":true}]}}