{"id":1029,"date":"2026-04-16T15:25:26","date_gmt":"2026-04-16T07:25:26","guid":{"rendered":"https:\/\/www.chunghwashop.com\/?page_id=1029"},"modified":"2026-04-16T15:25:30","modified_gmt":"2026-04-16T07:25:30","slug":"become-a-distributor","status":"publish","type":"page","link":"https:\/\/www.chunghwashop.com\/de\/become-a-distributor","title":{"rendered":"Vertriebspartner werden"},"content":{"rendered":"<h2 class=\"wp-block-heading\"><strong>Suchen Sie nach einer schnelleren Lieferung in Europa und Australien?<\/strong><\/h2>\n\n\n\n<p>ChunghwaShop bietet lokale Lagervertriebsl\u00f6sungen f\u00fcr Wiederverk\u00e4ufer, Dropshipper und Gro\u00dfhandelspartner. Mit flexiblen Bestellmengen, schneller Versandunterst\u00fctzung und ausgew\u00e4hlter Marktabdeckung helfen wir Ihnen, Ihre Kunden noch effizienter zu bedienen.<\/p>\n\n\n\n<h2 class=\"wp-block-heading\">Warum mit PandaSmoking arbeiten?<\/h2>\n\n\n\n<ul class=\"wp-block-list\">\n<li><strong>Unterst\u00fctzung f\u00fcr lokale Lager in Europa und Australien<\/strong><\/li>\n\n\n\n<li><strong>Dropshipping bereits ab 1 St\u00fcck m\u00f6glich<\/strong><\/li>\n\n\n\n<li><strong>Empfohlene Erstbestellung: 15 St\u00fcck<\/strong><\/li>\n\n\n\n<li>Schnellere \u00f6rtliche Erledigung<\/li>\n\n\n\n<li>Flexible Mengenoptionen f\u00fcr kleine und gro\u00dfe Abnehmer<\/li>\n\n\n\n<li>Geeignet f\u00fcr Einzelh\u00e4ndler, Online-Verk\u00e4ufer und Vertriebspartner<\/li>\n<\/ul>\n\n\n\n<h2 class=\"wp-block-heading\">Abdeckung von Lagern in \u00dcbersee<\/h2>\n\n\n\n<h3 class=\"wp-block-heading\">Europa-Lagerhaus<\/h3>\n\n\n\n<p>Das Europa-Lager unterst\u00fctzt&nbsp;<strong>Dropshipping<\/strong>&nbsp;und kann in die folgenden L\u00e4nder liefern:<\/p>\n\n\n\n<ul class=\"wp-block-list\">\n<li>Spanien<\/li>\n\n\n\n<li>Portugal<\/li>\n\n\n\n<li>Frankreich<\/li>\n\n\n\n<li>Deutschland<\/li>\n\n\n\n<li>Italien<\/li>\n\n\n\n<li>\u00d6sterreich<\/li>\n\n\n\n<li>Luxemburg<\/li>\n\n\n\n<li>Niederlande<\/li>\n\n\n\n<li>Belgien<\/li>\n\n\n\n<li>D\u00e4nemark<\/li>\n\n\n\n<li>Polen<\/li>\n\n\n\n<li>Slowenien<\/li>\n\n\n\n<li>Slowakei<\/li>\n\n\n\n<li>Estland<\/li>\n\n\n\n<li>Lettland<\/li>\n\n\n\n<li>Litauen<\/li>\n\n\n\n<li>Bulgarien<\/li>\n\n\n\n<li>Kroatien<\/li>\n\n\n\n<li>Finnland<\/li>\n\n\n\n<li>Rum\u00e4nien<\/li>\n\n\n\n<li>Schweden<\/li>\n\n\n\n<li>Tschechische Republik<\/li>\n\n\n\n<li>Ungarn<\/li>\n\n\n\n<li>Griechenland<\/li>\n\n\n\n<li>Irland<\/li>\n<\/ul>\n\n\n\n<h3 class=\"wp-block-heading\">Australien Lagerhaus<\/h3>\n\n\n\n<p>Das australische Lagerhaus unterst\u00fctzt auch&nbsp;<strong>Dropshipping ab 1 St\u00fcck<\/strong>.<br>Bitte setzen Sie sich mit uns in Verbindung, bevor Sie eine gr\u00f6\u00dfere Bestellung aufgeben, um die Verf\u00fcgbarkeit der Produkte in Ihrem Lager und die Lieferbedingungen zu erfahren.<\/p>\n\n\n\n<h2 class=\"wp-block-heading\">Bestellmengenpolitik<\/h2>\n\n\n\n<ul class=\"wp-block-list\">\n<li><strong>Mindestmenge f\u00fcr Dropshipping:<\/strong>\u00a01 St\u00fcck<\/li>\n\n\n\n<li><strong>Empfohlene Ausgangsmenge:<\/strong>\u00a015 St\u00fcck<\/li>\n<\/ul>\n\n\n\n<p>Die empfohlene Bestellmenge tr\u00e4gt dazu bei, die Effizienz der Auftragsabwicklung zu verbessern, und bietet den Wiederverk\u00e4ufern und Distributoren mehr Flexibilit\u00e4t.<\/p>\n\n\n\n<h2 class=\"wp-block-heading\">Wichtige Versandhinweise<\/h2>\n\n\n\n<p>Bitte lesen Sie das Folgende sorgf\u00e4ltig durch. Bestellungen, die \u00fcber den Versand aus dem \u00dcbersee-Lager aufgegeben werden, gelten standardm\u00e4\u00dfig als Annahme dieser Bedingungen.<\/p>\n\n\n\n<h3 class=\"wp-block-heading\">F\u00e4lle, die nicht vom Kundendienst abgedeckt werden<\/h3>\n\n\n\n<p>Wir sind nicht in der Lage, den Kundendienst f\u00fcr logistische Probleme zu \u00fcbernehmen, die durch die folgenden Situationen verursacht werden:<\/p>\n\n\n\n<ol class=\"wp-block-list\">\n<li>Falsche vom Kunden angegebene Versandinformationen, die zum Verlust des Pakets oder zur erfolglosen Zustellung f\u00fchren<\/li>\n\n\n\n<li>Unterbrechung der Verfolgung durch sekund\u00e4re Zollabfertigung<\/li>\n\n\n\n<li>Verlust von Paketen durch Abwesenheit des Empf\u00e4ngers w\u00e4hrend der Zustellung<\/li>\n\n\n\n<li>Teilweiser Produktverlust, der w\u00e4hrend der Lieferung im Paket entdeckt wurde<\/li>\n\n\n\n<li>Verlust von Paketen durch \u00c4nderung der Lieferadresse oder Telefonnummer nach dem Versand<\/li>\n<\/ol>\n\n\n\n<h2 class=\"wp-block-heading\">Zuschlag f\u00fcr abgelegene Gebiete<\/h2>\n\n\n\n<p>Befindet sich die Lieferadresse in einem&nbsp;<strong>abgelegenes Gebiet<\/strong>, Es k\u00f6nnen zus\u00e4tzliche Versandgeb\u00fchren anfallen.<br>Bitte kontaktieren Sie uns im Voraus mit der Lieferadresse zur Best\u00e4tigung. Wir danken Ihnen f\u00fcr Ihr Verst\u00e4ndnis.<\/p>\n\n\n\n<h2 class=\"wp-block-heading\">Hinweis zur Versandart<\/h2>\n\n\n\n<p>Die Preise f\u00fcr unsere \u00dcberseelager basieren auf&nbsp;<strong>Standard-Expresslieferung<\/strong>&nbsp;standardm\u00e4\u00dfig.<\/p>\n\n\n\n<p>Wenn Sie andere Zustellungsmethoden w\u00fcnschen, wie zum Beispiel&nbsp;<strong>Lkw-Anlieferung<\/strong>&nbsp;oder&nbsp;<strong>lokale Kartenlieferdienste<\/strong>, Die Versandkosten werden gesondert auf der Grundlage des tats\u00e4chlichen Arrangements berechnet.<\/p>\n\n\n\n<h2 class=\"wp-block-heading\">Partner mit uns<\/h2>\n\n\n\n<p>Wenn Sie auf der Suche nach einem zuverl\u00e4ssigen Partner f\u00fcr Vape-Zubeh\u00f6r sind, der\u00a0<strong>Unterst\u00fctzung f\u00fcr lokale Lager in Europa und Australien<\/strong>, <strong>ChunghwaShop<\/strong> ist bereit, Sie bei Ihrem Wachstum mit flexibleren Fulfillment-L\u00f6sungen zu unterst\u00fctzen.<\/p>\n\n\n\n<p>F\u00fcr Produktanfragen, Lagerbest\u00e4tigungen, Gro\u00dfhandelskooperationen oder Dropshipping-Unterst\u00fctzung kontaktieren Sie uns bitte direkt.<\/p>\n\n\n\n<h2 class=\"wp-block-heading\">Kontakt<\/h2>\n\n\n\n<p><strong>WhatsApp:<\/strong>\u00a0+44 7922291211<br><strong>E-Mail:<\/strong>\u00a0info@chunghwashop.com<\/p>","protected":false},"excerpt":{"rendered":"<p>Looking for faster vape fulfillment in Europe and Australia? ChunghwaShop offers local warehouse distribution solutions for resellers, dropshippers, and wholesale partners. With flexible order quantities, fast dispatch support, and selected market coverage, we help you serve your customers more efficiently. Why Work With PandaSmoking Overseas Warehouse Coverage Europe Warehouse The Europe warehouse supports&nbsp;dropshipping&nbsp;and can ship [&hellip;]<\/p>\n","protected":false},"author":1,"featured_media":0,"parent":0,"menu_order":0,"comment_status":"closed","ping_status":"closed","template":"","meta":{"_joinchat":[],"footnotes":""},"class_list":["post-1029","page","type-page","status-publish","hentry"],"_links":{"self":[{"href":"https:\/\/www.chunghwashop.com\/de\/wp-json\/wp\/v2\/pages\/1029","targetHints":{"allow":["GET"]}}],"collection":[{"href":"https:\/\/www.chunghwashop.com\/de\/wp-json\/wp\/v2\/pages"}],"about":[{"href":"https:\/\/www.chunghwashop.com\/de\/wp-json\/wp\/v2\/types\/page"}],"author":[{"embeddable":true,"href":"https:\/\/www.chunghwashop.com\/de\/wp-json\/wp\/v2\/users\/1"}],"replies":[{"embeddable":true,"href":"https:\/\/www.chunghwashop.com\/de\/wp-json\/wp\/v2\/comments?post=1029"}],"version-history":[{"count":1,"href":"https:\/\/www.chunghwashop.com\/de\/wp-json\/wp\/v2\/pages\/1029\/revisions"}],"predecessor-version":[{"id":1053,"href":"https:\/\/www.chunghwashop.com\/de\/wp-json\/wp\/v2\/pages\/1029\/revisions\/1053"}],"wp:attachment":[{"href":"https:\/\/www.chunghwashop.com\/de\/wp-json\/wp\/v2\/media?parent=1029"}],"curies":[{"name":"wp","href":"https:\/\/api.w.org\/{rel}","templated":true}]}}